{"id":10490,"date":"2025-06-04T10:46:30","date_gmt":"2025-06-04T09:46:31","guid":{"rendered":"https:\/\/piecesalpinea110.com\/?post_type=product&#038;p=10490"},"modified":"2025-06-07T02:07:53","modified_gmt":"2025-06-07T01:07:53","slug":"axe-chape-cable-embrayage-2","status":"publish","type":"product","link":"https:\/\/piecesalpinea110.com\/fr\/produit\/axe-chape-cable-embrayage-2\/","title":{"rendered":"Axe chape cable embrayage"},"content":{"rendered":"<p><strong>Reference<\/strong>: AXCABLE1600REF<br \/>\nAxe chape cable d&#8217;embrayage, sur la fourchette de s\u00e9lection<\/p>\n<p><strong>Compatible avec:<\/strong><br \/>\nRenault 4, 5, 12, 16 \/ Alpine A110 1600S<\/p>\n<p><strong>Description:<\/strong><br \/>\nBas\u00e9 sur la ref 06 08 169 000<br \/>\nUsin\u00e9 dans de l&rsquo;acier chrome-moly trait\u00e9 thermiquement, zingu\u00e9<br \/>\nPlus large que l&rsquo;original (longueur totale 26 mm \u00e0 la place de 22, diam\u00e8tre maxi 14 mm plut\u00f4t que 11)<br \/>\nAxes ronds de 6 mm renforc\u00e9s par un rayon \u00e0 leur base<br \/>\nRenforc\u00e9 autour du trou pour le passage du c\u00e2ble<br \/>\nFourni avec un blocage pour le c\u00e2ble (2 \u00e9crous M6 et une rondelle Nordloc interm\u00e9diaire)<\/p>\n<p><strong>Contient:<\/strong><br \/>\n1 pi\u00e8ce<\/p>\n","protected":false},"excerpt":{"rendered":"<p>Reference: AXCABLE1600REF Axe chape cable d&#8217;embrayage, sur la fourchette de s\u00e9lection Compatible avec: Renault 4, 5, 12, 16 \/ Alpine A110 1600S Description: Bas\u00e9 sur la ref 06 08 169 000 Usin\u00e9 dans de l&rsquo;acier chrome-moly trait\u00e9 thermiquement, zingu\u00e9 Plus large que l&rsquo;original (longueur totale 26 mm \u00e0 la place de 22, diam\u00e8tre maxi 14 [&hellip;]<\/p>\n","protected":false},"featured_media":10492,"template":"","meta":{"_et_pb_use_builder":"","_et_pb_old_content":"","_et_gb_content_width":"","_exactmetrics_skip_tracking":false,"_exactmetrics_sitenote_active":false,"_exactmetrics_sitenote_note":"","_exactmetrics_sitenote_category":0},"product_brand":[],"product_cat":[128,58,33],"product_tag":[],"class_list":{"0":"post-10490","1":"product","2":"type-product","3":"status-publish","4":"has-post-thumbnail","6":"product_cat-dacia-revival-2-fr","7":"product_cat-produits-exclusifs","8":"product_cat-transmission-fr","10":"first","11":"instock","12":"taxable","13":"shipping-taxable","14":"purchasable","15":"product-type-simple"},"yoast_head":"<!-- This site is optimized with the Yoast SEO plugin v27.2 - https:\/\/yoast.com\/product\/yoast-seo-wordpress\/ -->\n<title>Axe chape cable embrayage - Pieces Alpine A110<\/title>\n<meta name=\"robots\" content=\"index, follow, max-snippet:-1, max-image-preview:large, max-video-preview:-1\" \/>\n<link rel=\"canonical\" href=\"https:\/\/piecesalpinea110.com\/fr\/produit\/axe-chape-cable-embrayage-2\/\" \/>\n<meta property=\"og:locale\" content=\"fr_FR\" \/>\n<meta property=\"og:type\" content=\"article\" \/>\n<meta property=\"og:title\" content=\"Axe chape cable embrayage - Pieces Alpine A110\" \/>\n<meta property=\"og:description\" content=\"Reference: AXCABLE1600REF Axe chape cable d&#8217;embrayage, sur la fourchette de s\u00e9lection Compatible avec: Renault 4, 5, 12, 16 \/ Alpine A110 1600S Description: Bas\u00e9 sur la ref 06 08 169 000 Usin\u00e9 dans de l&rsquo;acier chrome-moly trait\u00e9 thermiquement, zingu\u00e9 Plus large que l&rsquo;original (longueur totale 26 mm \u00e0 la place de 22, diam\u00e8tre maxi 14 [&hellip;]\" \/>\n<meta property=\"og:url\" content=\"https:\/\/piecesalpinea110.com\/fr\/produit\/axe-chape-cable-embrayage-2\/\" \/>\n<meta property=\"og:site_name\" content=\"Pieces Alpine A110\" \/>\n<meta property=\"article:modified_time\" content=\"2025-06-07T01:07:53+00:00\" \/>\n<meta property=\"og:image\" content=\"https:\/\/piecesalpinea110.com\/wp-content\/uploads\/2025\/06\/2025-06-03_234415.jpg\" \/>\n\t<meta property=\"og:image:width\" content=\"200\" \/>\n\t<meta property=\"og:image:height\" content=\"200\" \/>\n\t<meta property=\"og:image:type\" content=\"image\/jpeg\" \/>\n<meta name=\"twitter:card\" content=\"summary_large_image\" \/>\n<meta name=\"twitter:label1\" content=\"Dur\u00e9e de lecture estim\u00e9e\" \/>\n\t<meta name=\"twitter:data1\" content=\"1 minute\" \/>\n<script type=\"application\/ld+json\" class=\"yoast-schema-graph\">{\"@context\":\"https:\/\/schema.org\",\"@graph\":[{\"@type\":\"WebPage\",\"@id\":\"https:\/\/piecesalpinea110.com\/fr\/produit\/axe-chape-cable-embrayage-2\/\",\"url\":\"https:\/\/piecesalpinea110.com\/fr\/produit\/axe-chape-cable-embrayage-2\/\",\"name\":\"Axe chape cable embrayage - Pieces Alpine A110\",\"isPartOf\":{\"@id\":\"https:\/\/piecesalpinea110.com\/#website\"},\"primaryImageOfPage\":{\"@id\":\"https:\/\/piecesalpinea110.com\/fr\/produit\/axe-chape-cable-embrayage-2\/#primaryimage\"},\"image\":{\"@id\":\"https:\/\/piecesalpinea110.com\/fr\/produit\/axe-chape-cable-embrayage-2\/#primaryimage\"},\"thumbnailUrl\":\"https:\/\/piecesalpinea110.com\/wp-content\/uploads\/2025\/06\/2025-06-03_234415.jpg\",\"datePublished\":\"2025-06-04T09:46:31+00:00\",\"dateModified\":\"2025-06-07T01:07:53+00:00\",\"breadcrumb\":{\"@id\":\"https:\/\/piecesalpinea110.com\/fr\/produit\/axe-chape-cable-embrayage-2\/#breadcrumb\"},\"inLanguage\":\"fr-FR\",\"potentialAction\":[{\"@type\":\"ReadAction\",\"target\":[\"https:\/\/piecesalpinea110.com\/fr\/produit\/axe-chape-cable-embrayage-2\/\"]}]},{\"@type\":\"ImageObject\",\"inLanguage\":\"fr-FR\",\"@id\":\"https:\/\/piecesalpinea110.com\/fr\/produit\/axe-chape-cable-embrayage-2\/#primaryimage\",\"url\":\"https:\/\/piecesalpinea110.com\/wp-content\/uploads\/2025\/06\/2025-06-03_234415.jpg\",\"contentUrl\":\"https:\/\/piecesalpinea110.com\/wp-content\/uploads\/2025\/06\/2025-06-03_234415.jpg\",\"width\":200,\"height\":200},{\"@type\":\"BreadcrumbList\",\"@id\":\"https:\/\/piecesalpinea110.com\/fr\/produit\/axe-chape-cable-embrayage-2\/#breadcrumb\",\"itemListElement\":[{\"@type\":\"ListItem\",\"position\":1,\"name\":\"Home\",\"item\":\"https:\/\/piecesalpinea110.com\/fr\/\"},{\"@type\":\"ListItem\",\"position\":2,\"name\":\"Boutique\",\"item\":\"https:\/\/piecesalpinea110.com\/fr\/boutique\/\"},{\"@type\":\"ListItem\",\"position\":3,\"name\":\"Axe chape cable embrayage\"}]},{\"@type\":\"WebSite\",\"@id\":\"https:\/\/piecesalpinea110.com\/#website\",\"url\":\"https:\/\/piecesalpinea110.com\/\",\"name\":\"Pieces Alpine A110\",\"description\":\"Pieces for Alpine A110\",\"potentialAction\":[{\"@type\":\"SearchAction\",\"target\":{\"@type\":\"EntryPoint\",\"urlTemplate\":\"https:\/\/piecesalpinea110.com\/?s={search_term_string}\"},\"query-input\":{\"@type\":\"PropertyValueSpecification\",\"valueRequired\":true,\"valueName\":\"search_term_string\"}}],\"inLanguage\":\"fr-FR\"}]}<\/script>\n<!-- \/ Yoast SEO plugin. -->","yoast_head_json":{"title":"Axe chape cable embrayage - Pieces Alpine A110","robots":{"index":"index","follow":"follow","max-snippet":"max-snippet:-1","max-image-preview":"max-image-preview:large","max-video-preview":"max-video-preview:-1"},"canonical":"https:\/\/piecesalpinea110.com\/fr\/produit\/axe-chape-cable-embrayage-2\/","og_locale":"fr_FR","og_type":"article","og_title":"Axe chape cable embrayage - Pieces Alpine A110","og_description":"Reference: AXCABLE1600REF Axe chape cable d&#8217;embrayage, sur la fourchette de s\u00e9lection Compatible avec: Renault 4, 5, 12, 16 \/ Alpine A110 1600S Description: Bas\u00e9 sur la ref 06 08 169 000 Usin\u00e9 dans de l&rsquo;acier chrome-moly trait\u00e9 thermiquement, zingu\u00e9 Plus large que l&rsquo;original (longueur totale 26 mm \u00e0 la place de 22, diam\u00e8tre maxi 14 [&hellip;]","og_url":"https:\/\/piecesalpinea110.com\/fr\/produit\/axe-chape-cable-embrayage-2\/","og_site_name":"Pieces Alpine A110","article_modified_time":"2025-06-07T01:07:53+00:00","og_image":[{"width":200,"height":200,"url":"https:\/\/piecesalpinea110.com\/wp-content\/uploads\/2025\/06\/2025-06-03_234415.jpg","type":"image\/jpeg"}],"twitter_card":"summary_large_image","twitter_misc":{"Dur\u00e9e de lecture estim\u00e9e":"1 minute"},"schema":{"@context":"https:\/\/schema.org","@graph":[{"@type":"WebPage","@id":"https:\/\/piecesalpinea110.com\/fr\/produit\/axe-chape-cable-embrayage-2\/","url":"https:\/\/piecesalpinea110.com\/fr\/produit\/axe-chape-cable-embrayage-2\/","name":"Axe chape cable embrayage - Pieces Alpine A110","isPartOf":{"@id":"https:\/\/piecesalpinea110.com\/#website"},"primaryImageOfPage":{"@id":"https:\/\/piecesalpinea110.com\/fr\/produit\/axe-chape-cable-embrayage-2\/#primaryimage"},"image":{"@id":"https:\/\/piecesalpinea110.com\/fr\/produit\/axe-chape-cable-embrayage-2\/#primaryimage"},"thumbnailUrl":"https:\/\/piecesalpinea110.com\/wp-content\/uploads\/2025\/06\/2025-06-03_234415.jpg","datePublished":"2025-06-04T09:46:31+00:00","dateModified":"2025-06-07T01:07:53+00:00","breadcrumb":{"@id":"https:\/\/piecesalpinea110.com\/fr\/produit\/axe-chape-cable-embrayage-2\/#breadcrumb"},"inLanguage":"fr-FR","potentialAction":[{"@type":"ReadAction","target":["https:\/\/piecesalpinea110.com\/fr\/produit\/axe-chape-cable-embrayage-2\/"]}]},{"@type":"ImageObject","inLanguage":"fr-FR","@id":"https:\/\/piecesalpinea110.com\/fr\/produit\/axe-chape-cable-embrayage-2\/#primaryimage","url":"https:\/\/piecesalpinea110.com\/wp-content\/uploads\/2025\/06\/2025-06-03_234415.jpg","contentUrl":"https:\/\/piecesalpinea110.com\/wp-content\/uploads\/2025\/06\/2025-06-03_234415.jpg","width":200,"height":200},{"@type":"BreadcrumbList","@id":"https:\/\/piecesalpinea110.com\/fr\/produit\/axe-chape-cable-embrayage-2\/#breadcrumb","itemListElement":[{"@type":"ListItem","position":1,"name":"Home","item":"https:\/\/piecesalpinea110.com\/fr\/"},{"@type":"ListItem","position":2,"name":"Boutique","item":"https:\/\/piecesalpinea110.com\/fr\/boutique\/"},{"@type":"ListItem","position":3,"name":"Axe chape cable embrayage"}]},{"@type":"WebSite","@id":"https:\/\/piecesalpinea110.com\/#website","url":"https:\/\/piecesalpinea110.com\/","name":"Pieces Alpine A110","description":"Pieces for Alpine A110","potentialAction":[{"@type":"SearchAction","target":{"@type":"EntryPoint","urlTemplate":"https:\/\/piecesalpinea110.com\/?s={search_term_string}"},"query-input":{"@type":"PropertyValueSpecification","valueRequired":true,"valueName":"search_term_string"}}],"inLanguage":"fr-FR"}]}},"_links":{"self":[{"href":"https:\/\/piecesalpinea110.com\/fr\/wp-json\/wp\/v2\/product\/10490","targetHints":{"allow":["GET"]}}],"collection":[{"href":"https:\/\/piecesalpinea110.com\/fr\/wp-json\/wp\/v2\/product"}],"about":[{"href":"https:\/\/piecesalpinea110.com\/fr\/wp-json\/wp\/v2\/types\/product"}],"wp:featuredmedia":[{"embeddable":true,"href":"https:\/\/piecesalpinea110.com\/fr\/wp-json\/wp\/v2\/media\/10492"}],"wp:attachment":[{"href":"https:\/\/piecesalpinea110.com\/fr\/wp-json\/wp\/v2\/media?parent=10490"}],"wp:term":[{"taxonomy":"product_brand","embeddable":true,"href":"https:\/\/piecesalpinea110.com\/fr\/wp-json\/wp\/v2\/product_brand?post=10490"},{"taxonomy":"product_cat","embeddable":true,"href":"https:\/\/piecesalpinea110.com\/fr\/wp-json\/wp\/v2\/product_cat?post=10490"},{"taxonomy":"product_tag","embeddable":true,"href":"https:\/\/piecesalpinea110.com\/fr\/wp-json\/wp\/v2\/product_tag?post=10490"}],"curies":[{"name":"wp","href":"https:\/\/api.w.org\/{rel}","templated":true}]}}