{"id":1136,"date":"2018-03-24T20:27:01","date_gmt":"2018-03-24T19:27:01","guid":{"rendered":"https:\/\/piecesalpinea110.com\/product\/entretoise-anti-vibration-pour-carburateurs-weber-dcoe-40\/"},"modified":"2023-03-18T21:26:28","modified_gmt":"2023-03-18T20:26:28","slug":"entretoise-anti-vibration-pour-carburateurs-weber-dcoe-40","status":"publish","type":"product","link":"https:\/\/piecesalpinea110.com\/fr\/produit\/entretoise-anti-vibration-pour-carburateurs-weber-dcoe-40\/","title":{"rendered":"Entretoise anti-vibration pour carburateurs Weber DCOE 40"},"content":{"rendered":"<p><strong>Reference<\/strong>: ENTRDCOE40<\/p>\n<p><strong>Compatible\u00a0<\/strong>avec les mod\u00e8les suivants de carburateurs:<\/p>\n<ul>\n<li>Weber DCOE<\/li>\n<li>Dellorto DHLA<\/li>\n<\/ul>\n<p><strong>Description:<\/strong><\/p>\n<ul>\n<li>r\u00e9alis\u00e9e en aluminium 6082 T6 anodis\u00e9, \u00e9pais. 5mm<\/li>\n<li>avec 2 O-rings NBR 70 shore<\/li>\n<li>remplace les brides en plastique<\/li>\n<li>\u00e9limine le risque d\u2019aspiration de restes de plastique\/caoutchouc dans la pipe d\u2019admission<\/li>\n<\/ul>\n<p><strong>Contenu (pour un carburateur):<\/strong><\/p>\n<ul>\n<li>2 brides en aluminium; 4 joints toriques<\/li>\n<\/ul>\n","protected":false},"excerpt":{"rendered":"<p>Reference: ENTRDCOE40 Compatible\u00a0avec les mod\u00e8les suivants de carburateurs: Weber DCOE Dellorto DHLA Description: r\u00e9alis\u00e9e en aluminium 6082 T6 anodis\u00e9, \u00e9pais. 5mm avec 2 O-rings NBR 70 shore remplace les brides en plastique \u00e9limine le risque d\u2019aspiration de restes de plastique\/caoutchouc dans la pipe d\u2019admission Contenu (pour un carburateur): 2 brides en aluminium; 4 joints toriques<\/p>\n","protected":false},"featured_media":1134,"template":"","meta":{"_et_pb_use_builder":"","_et_pb_old_content":"","_et_gb_content_width":"","_exactmetrics_skip_tracking":false,"_exactmetrics_sitenote_active":false,"_exactmetrics_sitenote_note":"","_exactmetrics_sitenote_category":0},"product_brand":[],"product_cat":[58,31],"product_tag":[],"class_list":{"0":"post-1136","1":"product","2":"type-product","3":"status-publish","4":"has-post-thumbnail","6":"product_cat-produits-exclusifs","7":"product_cat-fuel-system-fr","9":"first","10":"instock","11":"taxable","12":"shipping-taxable","13":"purchasable","14":"product-type-simple"},"yoast_head":"<!-- This site is optimized with the Yoast SEO plugin v27.2 - https:\/\/yoast.com\/product\/yoast-seo-wordpress\/ -->\n<title>Entretoise anti-vibration pour carburateurs Weber DCOE 40 - Pieces Alpine A110<\/title>\n<meta name=\"robots\" content=\"index, follow, max-snippet:-1, max-image-preview:large, max-video-preview:-1\" \/>\n<link rel=\"canonical\" href=\"https:\/\/piecesalpinea110.com\/fr\/produit\/entretoise-anti-vibration-pour-carburateurs-weber-dcoe-40\/\" \/>\n<meta property=\"og:locale\" content=\"fr_FR\" \/>\n<meta property=\"og:type\" content=\"article\" \/>\n<meta property=\"og:title\" content=\"Entretoise anti-vibration pour carburateurs Weber DCOE 40 - Pieces Alpine A110\" \/>\n<meta property=\"og:description\" content=\"Reference: ENTRDCOE40 Compatible\u00a0avec les mod\u00e8les suivants de carburateurs: Weber DCOE Dellorto DHLA Description: r\u00e9alis\u00e9e en aluminium 6082 T6 anodis\u00e9, \u00e9pais. 5mm avec 2 O-rings NBR 70 shore remplace les brides en plastique \u00e9limine le risque d\u2019aspiration de restes de plastique\/caoutchouc dans la pipe d\u2019admission Contenu (pour un carburateur): 2 brides en aluminium; 4 joints toriques\" \/>\n<meta property=\"og:url\" content=\"https:\/\/piecesalpinea110.com\/fr\/produit\/entretoise-anti-vibration-pour-carburateurs-weber-dcoe-40\/\" \/>\n<meta property=\"og:site_name\" content=\"Pieces Alpine A110\" \/>\n<meta property=\"article:modified_time\" content=\"2023-03-18T20:26:28+00:00\" \/>\n<meta property=\"og:image\" content=\"https:\/\/piecesalpinea110.com\/wp-content\/uploads\/2018\/03\/WEBER-DCOE-40-CARBURETTOR-TO-MANIFOLD-SPACER-MOUNT.jpg\" \/>\n\t<meta property=\"og:image:width\" content=\"900\" \/>\n\t<meta property=\"og:image:height\" content=\"737\" \/>\n\t<meta property=\"og:image:type\" content=\"image\/jpeg\" \/>\n<meta name=\"twitter:card\" content=\"summary_large_image\" \/>\n<script type=\"application\/ld+json\" class=\"yoast-schema-graph\">{\"@context\":\"https:\/\/schema.org\",\"@graph\":[{\"@type\":\"WebPage\",\"@id\":\"https:\/\/piecesalpinea110.com\/fr\/produit\/entretoise-anti-vibration-pour-carburateurs-weber-dcoe-40\/\",\"url\":\"https:\/\/piecesalpinea110.com\/fr\/produit\/entretoise-anti-vibration-pour-carburateurs-weber-dcoe-40\/\",\"name\":\"Entretoise anti-vibration pour carburateurs Weber DCOE 40 - Pieces Alpine A110\",\"isPartOf\":{\"@id\":\"https:\/\/piecesalpinea110.com\/#website\"},\"primaryImageOfPage\":{\"@id\":\"https:\/\/piecesalpinea110.com\/fr\/produit\/entretoise-anti-vibration-pour-carburateurs-weber-dcoe-40\/#primaryimage\"},\"image\":{\"@id\":\"https:\/\/piecesalpinea110.com\/fr\/produit\/entretoise-anti-vibration-pour-carburateurs-weber-dcoe-40\/#primaryimage\"},\"thumbnailUrl\":\"https:\/\/piecesalpinea110.com\/wp-content\/uploads\/2018\/03\/WEBER-DCOE-40-CARBURETTOR-TO-MANIFOLD-SPACER-MOUNT.jpg\",\"datePublished\":\"2018-03-24T19:27:01+00:00\",\"dateModified\":\"2023-03-18T20:26:28+00:00\",\"breadcrumb\":{\"@id\":\"https:\/\/piecesalpinea110.com\/fr\/produit\/entretoise-anti-vibration-pour-carburateurs-weber-dcoe-40\/#breadcrumb\"},\"inLanguage\":\"fr-FR\",\"potentialAction\":[{\"@type\":\"ReadAction\",\"target\":[\"https:\/\/piecesalpinea110.com\/fr\/produit\/entretoise-anti-vibration-pour-carburateurs-weber-dcoe-40\/\"]}]},{\"@type\":\"ImageObject\",\"inLanguage\":\"fr-FR\",\"@id\":\"https:\/\/piecesalpinea110.com\/fr\/produit\/entretoise-anti-vibration-pour-carburateurs-weber-dcoe-40\/#primaryimage\",\"url\":\"https:\/\/piecesalpinea110.com\/wp-content\/uploads\/2018\/03\/WEBER-DCOE-40-CARBURETTOR-TO-MANIFOLD-SPACER-MOUNT.jpg\",\"contentUrl\":\"https:\/\/piecesalpinea110.com\/wp-content\/uploads\/2018\/03\/WEBER-DCOE-40-CARBURETTOR-TO-MANIFOLD-SPACER-MOUNT.jpg\",\"width\":900,\"height\":737},{\"@type\":\"BreadcrumbList\",\"@id\":\"https:\/\/piecesalpinea110.com\/fr\/produit\/entretoise-anti-vibration-pour-carburateurs-weber-dcoe-40\/#breadcrumb\",\"itemListElement\":[{\"@type\":\"ListItem\",\"position\":1,\"name\":\"Home\",\"item\":\"https:\/\/piecesalpinea110.com\/fr\/\"},{\"@type\":\"ListItem\",\"position\":2,\"name\":\"Boutique\",\"item\":\"https:\/\/piecesalpinea110.com\/fr\/boutique\/\"},{\"@type\":\"ListItem\",\"position\":3,\"name\":\"Entretoise anti-vibration pour carburateurs Weber DCOE 40\"}]},{\"@type\":\"WebSite\",\"@id\":\"https:\/\/piecesalpinea110.com\/#website\",\"url\":\"https:\/\/piecesalpinea110.com\/\",\"name\":\"Pieces Alpine A110\",\"description\":\"Pieces for Alpine A110\",\"potentialAction\":[{\"@type\":\"SearchAction\",\"target\":{\"@type\":\"EntryPoint\",\"urlTemplate\":\"https:\/\/piecesalpinea110.com\/?s={search_term_string}\"},\"query-input\":{\"@type\":\"PropertyValueSpecification\",\"valueRequired\":true,\"valueName\":\"search_term_string\"}}],\"inLanguage\":\"fr-FR\"}]}<\/script>\n<!-- \/ Yoast SEO plugin. -->","yoast_head_json":{"title":"Entretoise anti-vibration pour carburateurs Weber DCOE 40 - Pieces Alpine A110","robots":{"index":"index","follow":"follow","max-snippet":"max-snippet:-1","max-image-preview":"max-image-preview:large","max-video-preview":"max-video-preview:-1"},"canonical":"https:\/\/piecesalpinea110.com\/fr\/produit\/entretoise-anti-vibration-pour-carburateurs-weber-dcoe-40\/","og_locale":"fr_FR","og_type":"article","og_title":"Entretoise anti-vibration pour carburateurs Weber DCOE 40 - Pieces Alpine A110","og_description":"Reference: ENTRDCOE40 Compatible\u00a0avec les mod\u00e8les suivants de carburateurs: Weber DCOE Dellorto DHLA Description: r\u00e9alis\u00e9e en aluminium 6082 T6 anodis\u00e9, \u00e9pais. 5mm avec 2 O-rings NBR 70 shore remplace les brides en plastique \u00e9limine le risque d\u2019aspiration de restes de plastique\/caoutchouc dans la pipe d\u2019admission Contenu (pour un carburateur): 2 brides en aluminium; 4 joints toriques","og_url":"https:\/\/piecesalpinea110.com\/fr\/produit\/entretoise-anti-vibration-pour-carburateurs-weber-dcoe-40\/","og_site_name":"Pieces Alpine A110","article_modified_time":"2023-03-18T20:26:28+00:00","og_image":[{"width":900,"height":737,"url":"https:\/\/piecesalpinea110.com\/wp-content\/uploads\/2018\/03\/WEBER-DCOE-40-CARBURETTOR-TO-MANIFOLD-SPACER-MOUNT.jpg","type":"image\/jpeg"}],"twitter_card":"summary_large_image","schema":{"@context":"https:\/\/schema.org","@graph":[{"@type":"WebPage","@id":"https:\/\/piecesalpinea110.com\/fr\/produit\/entretoise-anti-vibration-pour-carburateurs-weber-dcoe-40\/","url":"https:\/\/piecesalpinea110.com\/fr\/produit\/entretoise-anti-vibration-pour-carburateurs-weber-dcoe-40\/","name":"Entretoise anti-vibration pour carburateurs Weber DCOE 40 - Pieces Alpine A110","isPartOf":{"@id":"https:\/\/piecesalpinea110.com\/#website"},"primaryImageOfPage":{"@id":"https:\/\/piecesalpinea110.com\/fr\/produit\/entretoise-anti-vibration-pour-carburateurs-weber-dcoe-40\/#primaryimage"},"image":{"@id":"https:\/\/piecesalpinea110.com\/fr\/produit\/entretoise-anti-vibration-pour-carburateurs-weber-dcoe-40\/#primaryimage"},"thumbnailUrl":"https:\/\/piecesalpinea110.com\/wp-content\/uploads\/2018\/03\/WEBER-DCOE-40-CARBURETTOR-TO-MANIFOLD-SPACER-MOUNT.jpg","datePublished":"2018-03-24T19:27:01+00:00","dateModified":"2023-03-18T20:26:28+00:00","breadcrumb":{"@id":"https:\/\/piecesalpinea110.com\/fr\/produit\/entretoise-anti-vibration-pour-carburateurs-weber-dcoe-40\/#breadcrumb"},"inLanguage":"fr-FR","potentialAction":[{"@type":"ReadAction","target":["https:\/\/piecesalpinea110.com\/fr\/produit\/entretoise-anti-vibration-pour-carburateurs-weber-dcoe-40\/"]}]},{"@type":"ImageObject","inLanguage":"fr-FR","@id":"https:\/\/piecesalpinea110.com\/fr\/produit\/entretoise-anti-vibration-pour-carburateurs-weber-dcoe-40\/#primaryimage","url":"https:\/\/piecesalpinea110.com\/wp-content\/uploads\/2018\/03\/WEBER-DCOE-40-CARBURETTOR-TO-MANIFOLD-SPACER-MOUNT.jpg","contentUrl":"https:\/\/piecesalpinea110.com\/wp-content\/uploads\/2018\/03\/WEBER-DCOE-40-CARBURETTOR-TO-MANIFOLD-SPACER-MOUNT.jpg","width":900,"height":737},{"@type":"BreadcrumbList","@id":"https:\/\/piecesalpinea110.com\/fr\/produit\/entretoise-anti-vibration-pour-carburateurs-weber-dcoe-40\/#breadcrumb","itemListElement":[{"@type":"ListItem","position":1,"name":"Home","item":"https:\/\/piecesalpinea110.com\/fr\/"},{"@type":"ListItem","position":2,"name":"Boutique","item":"https:\/\/piecesalpinea110.com\/fr\/boutique\/"},{"@type":"ListItem","position":3,"name":"Entretoise anti-vibration pour carburateurs Weber DCOE 40"}]},{"@type":"WebSite","@id":"https:\/\/piecesalpinea110.com\/#website","url":"https:\/\/piecesalpinea110.com\/","name":"Pieces Alpine A110","description":"Pieces for Alpine A110","potentialAction":[{"@type":"SearchAction","target":{"@type":"EntryPoint","urlTemplate":"https:\/\/piecesalpinea110.com\/?s={search_term_string}"},"query-input":{"@type":"PropertyValueSpecification","valueRequired":true,"valueName":"search_term_string"}}],"inLanguage":"fr-FR"}]}},"_links":{"self":[{"href":"https:\/\/piecesalpinea110.com\/fr\/wp-json\/wp\/v2\/product\/1136","targetHints":{"allow":["GET"]}}],"collection":[{"href":"https:\/\/piecesalpinea110.com\/fr\/wp-json\/wp\/v2\/product"}],"about":[{"href":"https:\/\/piecesalpinea110.com\/fr\/wp-json\/wp\/v2\/types\/product"}],"wp:featuredmedia":[{"embeddable":true,"href":"https:\/\/piecesalpinea110.com\/fr\/wp-json\/wp\/v2\/media\/1134"}],"wp:attachment":[{"href":"https:\/\/piecesalpinea110.com\/fr\/wp-json\/wp\/v2\/media?parent=1136"}],"wp:term":[{"taxonomy":"product_brand","embeddable":true,"href":"https:\/\/piecesalpinea110.com\/fr\/wp-json\/wp\/v2\/product_brand?post=1136"},{"taxonomy":"product_cat","embeddable":true,"href":"https:\/\/piecesalpinea110.com\/fr\/wp-json\/wp\/v2\/product_cat?post=1136"},{"taxonomy":"product_tag","embeddable":true,"href":"https:\/\/piecesalpinea110.com\/fr\/wp-json\/wp\/v2\/product_tag?post=1136"}],"curies":[{"name":"wp","href":"https:\/\/api.w.org\/{rel}","templated":true}]}}