{"id":1152,"date":"2018-03-24T20:32:25","date_gmt":"2018-03-24T19:32:25","guid":{"rendered":"https:\/\/piecesalpinea110.com\/product\/kit-de-montage-des-jantes-gotti\/"},"modified":"2021-11-19T14:06:10","modified_gmt":"2021-11-19T13:06:10","slug":"kit-de-montage-des-jantes-gotti","status":"publish","type":"product","link":"https:\/\/piecesalpinea110.com\/fr\/produit\/kit-de-montage-des-jantes-gotti\/","title":{"rendered":"Kit de montage jante Gotti"},"content":{"rendered":"<p>Copie parfaite des boulons d&rsquo;\u00e9poque mont\u00e9s sur les jantes du service comp\u00e9tition Alpine, diff\u00e9rents du mod\u00e8le utilis\u00e9 sur les jantes refabriqu\u00e9es<\/p>\n<p><strong>Compatible avec\u00a0<\/strong><\/p>\n<ul>\n<li>les jantes Gotti mod\u00e8les 073R et X13<\/li>\n<\/ul>\n<p><strong>Description:<\/strong><\/p>\n<ul>\n<li>boulonne le moyeu avec les voiles des jantes en 3 parties.<\/li>\n<\/ul>\n<p><strong>Contenu:<\/strong><\/p>\n<ul>\n<li>12 vis M6*37 \u00e0 haute galvanisation, dur. 12.9 acier \u00e0 lamelles de zinc<\/li>\n<li>12 \u00e9crous autobloquants en en acier \u00e0 haute galvanisation<\/li>\n<li>24 rondelles en acier inoxydable<\/li>\n<li>12 rondelles\/cuvettes en aluminium 6082 anodis\u00e9<\/li>\n<\/ul>\n<p>&nbsp;<\/p>\n<p>*Prix pour 1 kit pour jante avec 12 boulons<br \/>\nSi vous souhaitez une autre composition (mod\u00e8le de jante avec plus de 12 boulons&#8230;), merci de nous contacter.<br \/>\nAttention : \u00e9vitez tout produit de nettoyage de jante acide, ceci peut provoquer une corrosion pr\u00e9coce des boulons et un risque de rupture.<\/p>\n","protected":false},"excerpt":{"rendered":"<p>Copie parfaite des boulons d&rsquo;\u00e9poque mont\u00e9s sur les jantes du service comp\u00e9tition Alpine, diff\u00e9rents du mod\u00e8le utilis\u00e9 sur les jantes refabriqu\u00e9es Compatible avec\u00a0 les jantes Gotti mod\u00e8les 073R et X13 Description: boulonne le moyeu avec les voiles des jantes en 3 parties. Contenu: 12 vis M6*37 \u00e0 haute galvanisation, dur. 12.9 acier \u00e0 lamelles de [&hellip;]<\/p>\n","protected":false},"featured_media":1144,"template":"","meta":{"_et_pb_use_builder":"","_et_pb_old_content":"","_et_gb_content_width":"","_exactmetrics_skip_tracking":false,"_exactmetrics_sitenote_active":false,"_exactmetrics_sitenote_note":"","_exactmetrics_sitenote_category":0},"product_brand":[],"product_cat":[45],"product_tag":[],"class_list":{"0":"post-1152","1":"product","2":"type-product","3":"status-publish","4":"has-post-thumbnail","6":"product_cat-carrosserie","8":"first","9":"instock","10":"taxable","11":"shipping-taxable","12":"purchasable","13":"product-type-simple"},"yoast_head":"<!-- This site is optimized with the Yoast SEO plugin v27.2 - https:\/\/yoast.com\/product\/yoast-seo-wordpress\/ -->\n<title>Kit de montage jante Gotti - Pieces Alpine A110<\/title>\n<meta name=\"robots\" content=\"index, follow, max-snippet:-1, max-image-preview:large, max-video-preview:-1\" \/>\n<link rel=\"canonical\" href=\"https:\/\/piecesalpinea110.com\/fr\/produit\/kit-de-montage-des-jantes-gotti\/\" \/>\n<meta property=\"og:locale\" content=\"fr_FR\" \/>\n<meta property=\"og:type\" content=\"article\" \/>\n<meta property=\"og:title\" content=\"Kit de montage jante Gotti - Pieces Alpine A110\" \/>\n<meta property=\"og:description\" content=\"Copie parfaite des boulons d&rsquo;\u00e9poque mont\u00e9s sur les jantes du service comp\u00e9tition Alpine, diff\u00e9rents du mod\u00e8le utilis\u00e9 sur les jantes refabriqu\u00e9es Compatible avec\u00a0 les jantes Gotti mod\u00e8les 073R et X13 Description: boulonne le moyeu avec les voiles des jantes en 3 parties. Contenu: 12 vis M6*37 \u00e0 haute galvanisation, dur. 12.9 acier \u00e0 lamelles de [&hellip;]\" \/>\n<meta property=\"og:url\" content=\"https:\/\/piecesalpinea110.com\/fr\/produit\/kit-de-montage-des-jantes-gotti\/\" \/>\n<meta property=\"og:site_name\" content=\"Pieces Alpine A110\" \/>\n<meta property=\"article:modified_time\" content=\"2021-11-19T13:06:10+00:00\" \/>\n<meta property=\"og:image\" content=\"https:\/\/piecesalpinea110.com\/wp-content\/uploads\/2018\/03\/RIM-STUD-KIT-FOR-GOTTI-WHEELS-3.jpg\" \/>\n\t<meta property=\"og:image:width\" content=\"990\" \/>\n\t<meta property=\"og:image:height\" content=\"739\" \/>\n\t<meta property=\"og:image:type\" content=\"image\/jpeg\" \/>\n<meta name=\"twitter:card\" content=\"summary_large_image\" \/>\n<meta name=\"twitter:label1\" content=\"Dur\u00e9e de lecture estim\u00e9e\" \/>\n\t<meta name=\"twitter:data1\" content=\"1 minute\" \/>\n<script type=\"application\/ld+json\" class=\"yoast-schema-graph\">{\"@context\":\"https:\/\/schema.org\",\"@graph\":[{\"@type\":\"WebPage\",\"@id\":\"https:\/\/piecesalpinea110.com\/fr\/produit\/kit-de-montage-des-jantes-gotti\/\",\"url\":\"https:\/\/piecesalpinea110.com\/fr\/produit\/kit-de-montage-des-jantes-gotti\/\",\"name\":\"Kit de montage jante Gotti - Pieces Alpine A110\",\"isPartOf\":{\"@id\":\"https:\/\/piecesalpinea110.com\/#website\"},\"primaryImageOfPage\":{\"@id\":\"https:\/\/piecesalpinea110.com\/fr\/produit\/kit-de-montage-des-jantes-gotti\/#primaryimage\"},\"image\":{\"@id\":\"https:\/\/piecesalpinea110.com\/fr\/produit\/kit-de-montage-des-jantes-gotti\/#primaryimage\"},\"thumbnailUrl\":\"https:\/\/piecesalpinea110.com\/wp-content\/uploads\/2018\/03\/RIM-STUD-KIT-FOR-GOTTI-WHEELS-3.jpg\",\"datePublished\":\"2018-03-24T19:32:25+00:00\",\"dateModified\":\"2021-11-19T13:06:10+00:00\",\"breadcrumb\":{\"@id\":\"https:\/\/piecesalpinea110.com\/fr\/produit\/kit-de-montage-des-jantes-gotti\/#breadcrumb\"},\"inLanguage\":\"fr-FR\",\"potentialAction\":[{\"@type\":\"ReadAction\",\"target\":[\"https:\/\/piecesalpinea110.com\/fr\/produit\/kit-de-montage-des-jantes-gotti\/\"]}]},{\"@type\":\"ImageObject\",\"inLanguage\":\"fr-FR\",\"@id\":\"https:\/\/piecesalpinea110.com\/fr\/produit\/kit-de-montage-des-jantes-gotti\/#primaryimage\",\"url\":\"https:\/\/piecesalpinea110.com\/wp-content\/uploads\/2018\/03\/RIM-STUD-KIT-FOR-GOTTI-WHEELS-3.jpg\",\"contentUrl\":\"https:\/\/piecesalpinea110.com\/wp-content\/uploads\/2018\/03\/RIM-STUD-KIT-FOR-GOTTI-WHEELS-3.jpg\",\"width\":990,\"height\":739},{\"@type\":\"BreadcrumbList\",\"@id\":\"https:\/\/piecesalpinea110.com\/fr\/produit\/kit-de-montage-des-jantes-gotti\/#breadcrumb\",\"itemListElement\":[{\"@type\":\"ListItem\",\"position\":1,\"name\":\"Home\",\"item\":\"https:\/\/piecesalpinea110.com\/fr\/\"},{\"@type\":\"ListItem\",\"position\":2,\"name\":\"Boutique\",\"item\":\"https:\/\/piecesalpinea110.com\/fr\/boutique\/\"},{\"@type\":\"ListItem\",\"position\":3,\"name\":\"Kit de montage jante Gotti\"}]},{\"@type\":\"WebSite\",\"@id\":\"https:\/\/piecesalpinea110.com\/#website\",\"url\":\"https:\/\/piecesalpinea110.com\/\",\"name\":\"Pieces Alpine A110\",\"description\":\"Pieces for Alpine A110\",\"potentialAction\":[{\"@type\":\"SearchAction\",\"target\":{\"@type\":\"EntryPoint\",\"urlTemplate\":\"https:\/\/piecesalpinea110.com\/?s={search_term_string}\"},\"query-input\":{\"@type\":\"PropertyValueSpecification\",\"valueRequired\":true,\"valueName\":\"search_term_string\"}}],\"inLanguage\":\"fr-FR\"}]}<\/script>\n<!-- \/ Yoast SEO plugin. -->","yoast_head_json":{"title":"Kit de montage jante Gotti - Pieces Alpine A110","robots":{"index":"index","follow":"follow","max-snippet":"max-snippet:-1","max-image-preview":"max-image-preview:large","max-video-preview":"max-video-preview:-1"},"canonical":"https:\/\/piecesalpinea110.com\/fr\/produit\/kit-de-montage-des-jantes-gotti\/","og_locale":"fr_FR","og_type":"article","og_title":"Kit de montage jante Gotti - Pieces Alpine A110","og_description":"Copie parfaite des boulons d&rsquo;\u00e9poque mont\u00e9s sur les jantes du service comp\u00e9tition Alpine, diff\u00e9rents du mod\u00e8le utilis\u00e9 sur les jantes refabriqu\u00e9es Compatible avec\u00a0 les jantes Gotti mod\u00e8les 073R et X13 Description: boulonne le moyeu avec les voiles des jantes en 3 parties. Contenu: 12 vis M6*37 \u00e0 haute galvanisation, dur. 12.9 acier \u00e0 lamelles de [&hellip;]","og_url":"https:\/\/piecesalpinea110.com\/fr\/produit\/kit-de-montage-des-jantes-gotti\/","og_site_name":"Pieces Alpine A110","article_modified_time":"2021-11-19T13:06:10+00:00","og_image":[{"width":990,"height":739,"url":"https:\/\/piecesalpinea110.com\/wp-content\/uploads\/2018\/03\/RIM-STUD-KIT-FOR-GOTTI-WHEELS-3.jpg","type":"image\/jpeg"}],"twitter_card":"summary_large_image","twitter_misc":{"Dur\u00e9e de lecture estim\u00e9e":"1 minute"},"schema":{"@context":"https:\/\/schema.org","@graph":[{"@type":"WebPage","@id":"https:\/\/piecesalpinea110.com\/fr\/produit\/kit-de-montage-des-jantes-gotti\/","url":"https:\/\/piecesalpinea110.com\/fr\/produit\/kit-de-montage-des-jantes-gotti\/","name":"Kit de montage jante Gotti - Pieces Alpine A110","isPartOf":{"@id":"https:\/\/piecesalpinea110.com\/#website"},"primaryImageOfPage":{"@id":"https:\/\/piecesalpinea110.com\/fr\/produit\/kit-de-montage-des-jantes-gotti\/#primaryimage"},"image":{"@id":"https:\/\/piecesalpinea110.com\/fr\/produit\/kit-de-montage-des-jantes-gotti\/#primaryimage"},"thumbnailUrl":"https:\/\/piecesalpinea110.com\/wp-content\/uploads\/2018\/03\/RIM-STUD-KIT-FOR-GOTTI-WHEELS-3.jpg","datePublished":"2018-03-24T19:32:25+00:00","dateModified":"2021-11-19T13:06:10+00:00","breadcrumb":{"@id":"https:\/\/piecesalpinea110.com\/fr\/produit\/kit-de-montage-des-jantes-gotti\/#breadcrumb"},"inLanguage":"fr-FR","potentialAction":[{"@type":"ReadAction","target":["https:\/\/piecesalpinea110.com\/fr\/produit\/kit-de-montage-des-jantes-gotti\/"]}]},{"@type":"ImageObject","inLanguage":"fr-FR","@id":"https:\/\/piecesalpinea110.com\/fr\/produit\/kit-de-montage-des-jantes-gotti\/#primaryimage","url":"https:\/\/piecesalpinea110.com\/wp-content\/uploads\/2018\/03\/RIM-STUD-KIT-FOR-GOTTI-WHEELS-3.jpg","contentUrl":"https:\/\/piecesalpinea110.com\/wp-content\/uploads\/2018\/03\/RIM-STUD-KIT-FOR-GOTTI-WHEELS-3.jpg","width":990,"height":739},{"@type":"BreadcrumbList","@id":"https:\/\/piecesalpinea110.com\/fr\/produit\/kit-de-montage-des-jantes-gotti\/#breadcrumb","itemListElement":[{"@type":"ListItem","position":1,"name":"Home","item":"https:\/\/piecesalpinea110.com\/fr\/"},{"@type":"ListItem","position":2,"name":"Boutique","item":"https:\/\/piecesalpinea110.com\/fr\/boutique\/"},{"@type":"ListItem","position":3,"name":"Kit de montage jante Gotti"}]},{"@type":"WebSite","@id":"https:\/\/piecesalpinea110.com\/#website","url":"https:\/\/piecesalpinea110.com\/","name":"Pieces Alpine A110","description":"Pieces for Alpine A110","potentialAction":[{"@type":"SearchAction","target":{"@type":"EntryPoint","urlTemplate":"https:\/\/piecesalpinea110.com\/?s={search_term_string}"},"query-input":{"@type":"PropertyValueSpecification","valueRequired":true,"valueName":"search_term_string"}}],"inLanguage":"fr-FR"}]}},"_links":{"self":[{"href":"https:\/\/piecesalpinea110.com\/fr\/wp-json\/wp\/v2\/product\/1152","targetHints":{"allow":["GET"]}}],"collection":[{"href":"https:\/\/piecesalpinea110.com\/fr\/wp-json\/wp\/v2\/product"}],"about":[{"href":"https:\/\/piecesalpinea110.com\/fr\/wp-json\/wp\/v2\/types\/product"}],"wp:featuredmedia":[{"embeddable":true,"href":"https:\/\/piecesalpinea110.com\/fr\/wp-json\/wp\/v2\/media\/1144"}],"wp:attachment":[{"href":"https:\/\/piecesalpinea110.com\/fr\/wp-json\/wp\/v2\/media?parent=1152"}],"wp:term":[{"taxonomy":"product_brand","embeddable":true,"href":"https:\/\/piecesalpinea110.com\/fr\/wp-json\/wp\/v2\/product_brand?post=1152"},{"taxonomy":"product_cat","embeddable":true,"href":"https:\/\/piecesalpinea110.com\/fr\/wp-json\/wp\/v2\/product_cat?post=1152"},{"taxonomy":"product_tag","embeddable":true,"href":"https:\/\/piecesalpinea110.com\/fr\/wp-json\/wp\/v2\/product_tag?post=1152"}],"curies":[{"name":"wp","href":"https:\/\/api.w.org\/{rel}","templated":true}]}}