{"id":1627,"date":"2018-03-29T18:31:29","date_gmt":"2018-03-29T17:31:30","guid":{"rendered":"https:\/\/piecesalpinea110.com\/?post_type=product&#038;p=1627"},"modified":"2024-01-19T20:18:27","modified_gmt":"2024-01-19T19:18:27","slug":"adaptateur-pour-filtre-a-huile-deporte-a110-gr4-orig","status":"publish","type":"product","link":"https:\/\/piecesalpinea110.com\/fr\/produit\/adaptateur-pour-filtre-a-huile-deporte-a110-gr4-orig\/","title":{"rendered":"Adaptateur pour filtre \u00e0 huile d\u00e9port\u00e9 A110 Gr4 orig."},"content":{"rendered":"<div class=\"portfolio-item-desc\">\n<div class=\"portfolio-item-desc-inner \" data-collapse-at=\"150\">\n<p><strong>R\u00e9f\u00e9rence:<\/strong> CHAPCHIN<\/p>\n<p><strong>Compatible avec les mod\u00e8les suivants:<\/strong><\/p>\n<ul>\n<li>Alpine A110 1600 &#038; 1800<\/li>\n<li>Renault 16 TX, TS<\/li>\n<li>Lotus Europa \u00e0 moteur Renault<\/li>\n<li>peut \u00e9galement s\u2019adapter \u00e0 d\u2019autres mod\u00e8les ayant des filetages de 3\/4 \u00e0 16 UNF dans le bloc et un diam\u00e8tre du joint du filtre \u00e0 huile d\u2019au moins 72 mm<\/li>\n<\/ul>\n<p><strong>\u00a0<\/strong><\/p>\n<p><strong>Description:<\/strong><\/p>\n<ul>\n<li>permet de repositionner le filtre \u00e0 huile dans le compartiment moteur<\/li>\n<li>doit \u00eatre utilis\u00e9 avec un porte-filtre<\/li>\n<li>r\u00e9alis\u00e9 en acier galvanis\u00e9<\/li>\n<\/ul>\n<p><strong>Contenu:<\/strong><\/p>\n<ul>\n<li>1 pi\u00e8ce de d\u00e9localisation du filtre \u00e0 huile (\u00ab\u00a0chapeau chinois\u00a0\u00bb) avec filetage M22 x 1,5 mm pour le raccordement du tuyau d\u2019huile<\/li>\n<li>1 adaptateur filet\u00e9 3\/4-16 UNF pour maintenir la d\u00e9rivation sur le bloc moteur et M22x1,5 pour connecter une durite d&rsquo;huile<\/li>\n<li>1 joint acier avec caoutchouc vulcanis\u00e9 r\u00e9sistant \u00e0 l&rsquo;huile<\/li>\n<li>1 joint caoutchouc r\u00e9sistant \u00e0 l&rsquo;huile<\/li>\n<\/ul>\n<\/div>\n<\/div>\n","protected":false},"excerpt":{"rendered":"<p>R\u00e9f\u00e9rence: CHAPCHIN Compatible avec les mod\u00e8les suivants: Alpine A110 1600 &#038; 1800 Renault 16 TX, TS Lotus Europa \u00e0 moteur Renault peut \u00e9galement s\u2019adapter \u00e0 d\u2019autres mod\u00e8les ayant des filetages de 3\/4 \u00e0 16 UNF dans le bloc et un diam\u00e8tre du joint du filtre \u00e0 huile d\u2019au moins 72 mm \u00a0 Description: permet de [&hellip;]<\/p>\n","protected":false},"featured_media":1624,"template":"","meta":{"_et_pb_use_builder":"","_et_pb_old_content":"","_et_gb_content_width":"","_exactmetrics_skip_tracking":false,"_exactmetrics_sitenote_active":false,"_exactmetrics_sitenote_note":"","_exactmetrics_sitenote_category":0},"product_brand":[],"product_cat":[51,35,58],"product_tag":[],"class_list":{"0":"post-1627","1":"product","2":"type-product","3":"status-publish","4":"has-post-thumbnail","6":"product_cat-1600-fr","7":"product_cat-moteur","8":"product_cat-produits-exclusifs","10":"first","11":"instock","12":"taxable","13":"shipping-taxable","14":"purchasable","15":"product-type-simple"},"yoast_head":"<!-- This site is optimized with the Yoast SEO plugin v27.2 - https:\/\/yoast.com\/product\/yoast-seo-wordpress\/ -->\n<title>Adaptateur pour filtre \u00e0 huile d\u00e9port\u00e9 A110 Gr4 orig. - Pieces Alpine A110<\/title>\n<meta name=\"robots\" content=\"index, follow, max-snippet:-1, max-image-preview:large, max-video-preview:-1\" \/>\n<link rel=\"canonical\" href=\"https:\/\/piecesalpinea110.com\/fr\/produit\/adaptateur-pour-filtre-a-huile-deporte-a110-gr4-orig\/\" \/>\n<meta property=\"og:locale\" content=\"fr_FR\" \/>\n<meta property=\"og:type\" content=\"article\" \/>\n<meta property=\"og:title\" content=\"Adaptateur pour filtre \u00e0 huile d\u00e9port\u00e9 A110 Gr4 orig. - Pieces Alpine A110\" \/>\n<meta property=\"og:description\" content=\"R\u00e9f\u00e9rence: CHAPCHIN Compatible avec les mod\u00e8les suivants: Alpine A110 1600 &#038; 1800 Renault 16 TX, TS Lotus Europa \u00e0 moteur Renault peut \u00e9galement s\u2019adapter \u00e0 d\u2019autres mod\u00e8les ayant des filetages de 3\/4 \u00e0 16 UNF dans le bloc et un diam\u00e8tre du joint du filtre \u00e0 huile d\u2019au moins 72 mm \u00a0 Description: permet de [&hellip;]\" \/>\n<meta property=\"og:url\" content=\"https:\/\/piecesalpinea110.com\/fr\/produit\/adaptateur-pour-filtre-a-huile-deporte-a110-gr4-orig\/\" \/>\n<meta property=\"og:site_name\" content=\"Pieces Alpine A110\" \/>\n<meta property=\"article:modified_time\" content=\"2024-01-19T19:18:27+00:00\" \/>\n<meta property=\"og:image\" content=\"https:\/\/piecesalpinea110.com\/wp-content\/uploads\/2018\/02\/Oil-filter-deviation-kit-Renaut-5-Alpine.jpg\" \/>\n\t<meta property=\"og:image:width\" content=\"977\" \/>\n\t<meta property=\"og:image:height\" content=\"952\" \/>\n\t<meta property=\"og:image:type\" content=\"image\/jpeg\" \/>\n<meta name=\"twitter:card\" content=\"summary_large_image\" \/>\n<meta name=\"twitter:label1\" content=\"Dur\u00e9e de lecture estim\u00e9e\" \/>\n\t<meta name=\"twitter:data1\" content=\"1 minute\" \/>\n<script type=\"application\/ld+json\" class=\"yoast-schema-graph\">{\"@context\":\"https:\/\/schema.org\",\"@graph\":[{\"@type\":\"WebPage\",\"@id\":\"https:\/\/piecesalpinea110.com\/fr\/produit\/adaptateur-pour-filtre-a-huile-deporte-a110-gr4-orig\/\",\"url\":\"https:\/\/piecesalpinea110.com\/fr\/produit\/adaptateur-pour-filtre-a-huile-deporte-a110-gr4-orig\/\",\"name\":\"Adaptateur pour filtre \u00e0 huile d\u00e9port\u00e9 A110 Gr4 orig. - Pieces Alpine A110\",\"isPartOf\":{\"@id\":\"https:\/\/piecesalpinea110.com\/#website\"},\"primaryImageOfPage\":{\"@id\":\"https:\/\/piecesalpinea110.com\/fr\/produit\/adaptateur-pour-filtre-a-huile-deporte-a110-gr4-orig\/#primaryimage\"},\"image\":{\"@id\":\"https:\/\/piecesalpinea110.com\/fr\/produit\/adaptateur-pour-filtre-a-huile-deporte-a110-gr4-orig\/#primaryimage\"},\"thumbnailUrl\":\"https:\/\/piecesalpinea110.com\/wp-content\/uploads\/2018\/02\/Oil-filter-deviation-kit-Renaut-5-Alpine.jpg\",\"datePublished\":\"2018-03-29T17:31:30+00:00\",\"dateModified\":\"2024-01-19T19:18:27+00:00\",\"breadcrumb\":{\"@id\":\"https:\/\/piecesalpinea110.com\/fr\/produit\/adaptateur-pour-filtre-a-huile-deporte-a110-gr4-orig\/#breadcrumb\"},\"inLanguage\":\"fr-FR\",\"potentialAction\":[{\"@type\":\"ReadAction\",\"target\":[\"https:\/\/piecesalpinea110.com\/fr\/produit\/adaptateur-pour-filtre-a-huile-deporte-a110-gr4-orig\/\"]}]},{\"@type\":\"ImageObject\",\"inLanguage\":\"fr-FR\",\"@id\":\"https:\/\/piecesalpinea110.com\/fr\/produit\/adaptateur-pour-filtre-a-huile-deporte-a110-gr4-orig\/#primaryimage\",\"url\":\"https:\/\/piecesalpinea110.com\/wp-content\/uploads\/2018\/02\/Oil-filter-deviation-kit-Renaut-5-Alpine.jpg\",\"contentUrl\":\"https:\/\/piecesalpinea110.com\/wp-content\/uploads\/2018\/02\/Oil-filter-deviation-kit-Renaut-5-Alpine.jpg\",\"width\":977,\"height\":952},{\"@type\":\"BreadcrumbList\",\"@id\":\"https:\/\/piecesalpinea110.com\/fr\/produit\/adaptateur-pour-filtre-a-huile-deporte-a110-gr4-orig\/#breadcrumb\",\"itemListElement\":[{\"@type\":\"ListItem\",\"position\":1,\"name\":\"Home\",\"item\":\"https:\/\/piecesalpinea110.com\/fr\/\"},{\"@type\":\"ListItem\",\"position\":2,\"name\":\"Boutique\",\"item\":\"https:\/\/piecesalpinea110.com\/fr\/boutique\/\"},{\"@type\":\"ListItem\",\"position\":3,\"name\":\"Adaptateur pour filtre \u00e0 huile d\u00e9port\u00e9 A110 Gr4 orig.\"}]},{\"@type\":\"WebSite\",\"@id\":\"https:\/\/piecesalpinea110.com\/#website\",\"url\":\"https:\/\/piecesalpinea110.com\/\",\"name\":\"Pieces Alpine A110\",\"description\":\"Pieces for Alpine A110\",\"potentialAction\":[{\"@type\":\"SearchAction\",\"target\":{\"@type\":\"EntryPoint\",\"urlTemplate\":\"https:\/\/piecesalpinea110.com\/?s={search_term_string}\"},\"query-input\":{\"@type\":\"PropertyValueSpecification\",\"valueRequired\":true,\"valueName\":\"search_term_string\"}}],\"inLanguage\":\"fr-FR\"}]}<\/script>\n<!-- \/ Yoast SEO plugin. -->","yoast_head_json":{"title":"Adaptateur pour filtre \u00e0 huile d\u00e9port\u00e9 A110 Gr4 orig. - Pieces Alpine A110","robots":{"index":"index","follow":"follow","max-snippet":"max-snippet:-1","max-image-preview":"max-image-preview:large","max-video-preview":"max-video-preview:-1"},"canonical":"https:\/\/piecesalpinea110.com\/fr\/produit\/adaptateur-pour-filtre-a-huile-deporte-a110-gr4-orig\/","og_locale":"fr_FR","og_type":"article","og_title":"Adaptateur pour filtre \u00e0 huile d\u00e9port\u00e9 A110 Gr4 orig. - Pieces Alpine A110","og_description":"R\u00e9f\u00e9rence: CHAPCHIN Compatible avec les mod\u00e8les suivants: Alpine A110 1600 &#038; 1800 Renault 16 TX, TS Lotus Europa \u00e0 moteur Renault peut \u00e9galement s\u2019adapter \u00e0 d\u2019autres mod\u00e8les ayant des filetages de 3\/4 \u00e0 16 UNF dans le bloc et un diam\u00e8tre du joint du filtre \u00e0 huile d\u2019au moins 72 mm \u00a0 Description: permet de [&hellip;]","og_url":"https:\/\/piecesalpinea110.com\/fr\/produit\/adaptateur-pour-filtre-a-huile-deporte-a110-gr4-orig\/","og_site_name":"Pieces Alpine A110","article_modified_time":"2024-01-19T19:18:27+00:00","og_image":[{"width":977,"height":952,"url":"https:\/\/piecesalpinea110.com\/wp-content\/uploads\/2018\/02\/Oil-filter-deviation-kit-Renaut-5-Alpine.jpg","type":"image\/jpeg"}],"twitter_card":"summary_large_image","twitter_misc":{"Dur\u00e9e de lecture estim\u00e9e":"1 minute"},"schema":{"@context":"https:\/\/schema.org","@graph":[{"@type":"WebPage","@id":"https:\/\/piecesalpinea110.com\/fr\/produit\/adaptateur-pour-filtre-a-huile-deporte-a110-gr4-orig\/","url":"https:\/\/piecesalpinea110.com\/fr\/produit\/adaptateur-pour-filtre-a-huile-deporte-a110-gr4-orig\/","name":"Adaptateur pour filtre \u00e0 huile d\u00e9port\u00e9 A110 Gr4 orig. - Pieces Alpine A110","isPartOf":{"@id":"https:\/\/piecesalpinea110.com\/#website"},"primaryImageOfPage":{"@id":"https:\/\/piecesalpinea110.com\/fr\/produit\/adaptateur-pour-filtre-a-huile-deporte-a110-gr4-orig\/#primaryimage"},"image":{"@id":"https:\/\/piecesalpinea110.com\/fr\/produit\/adaptateur-pour-filtre-a-huile-deporte-a110-gr4-orig\/#primaryimage"},"thumbnailUrl":"https:\/\/piecesalpinea110.com\/wp-content\/uploads\/2018\/02\/Oil-filter-deviation-kit-Renaut-5-Alpine.jpg","datePublished":"2018-03-29T17:31:30+00:00","dateModified":"2024-01-19T19:18:27+00:00","breadcrumb":{"@id":"https:\/\/piecesalpinea110.com\/fr\/produit\/adaptateur-pour-filtre-a-huile-deporte-a110-gr4-orig\/#breadcrumb"},"inLanguage":"fr-FR","potentialAction":[{"@type":"ReadAction","target":["https:\/\/piecesalpinea110.com\/fr\/produit\/adaptateur-pour-filtre-a-huile-deporte-a110-gr4-orig\/"]}]},{"@type":"ImageObject","inLanguage":"fr-FR","@id":"https:\/\/piecesalpinea110.com\/fr\/produit\/adaptateur-pour-filtre-a-huile-deporte-a110-gr4-orig\/#primaryimage","url":"https:\/\/piecesalpinea110.com\/wp-content\/uploads\/2018\/02\/Oil-filter-deviation-kit-Renaut-5-Alpine.jpg","contentUrl":"https:\/\/piecesalpinea110.com\/wp-content\/uploads\/2018\/02\/Oil-filter-deviation-kit-Renaut-5-Alpine.jpg","width":977,"height":952},{"@type":"BreadcrumbList","@id":"https:\/\/piecesalpinea110.com\/fr\/produit\/adaptateur-pour-filtre-a-huile-deporte-a110-gr4-orig\/#breadcrumb","itemListElement":[{"@type":"ListItem","position":1,"name":"Home","item":"https:\/\/piecesalpinea110.com\/fr\/"},{"@type":"ListItem","position":2,"name":"Boutique","item":"https:\/\/piecesalpinea110.com\/fr\/boutique\/"},{"@type":"ListItem","position":3,"name":"Adaptateur pour filtre \u00e0 huile d\u00e9port\u00e9 A110 Gr4 orig."}]},{"@type":"WebSite","@id":"https:\/\/piecesalpinea110.com\/#website","url":"https:\/\/piecesalpinea110.com\/","name":"Pieces Alpine A110","description":"Pieces for Alpine A110","potentialAction":[{"@type":"SearchAction","target":{"@type":"EntryPoint","urlTemplate":"https:\/\/piecesalpinea110.com\/?s={search_term_string}"},"query-input":{"@type":"PropertyValueSpecification","valueRequired":true,"valueName":"search_term_string"}}],"inLanguage":"fr-FR"}]}},"_links":{"self":[{"href":"https:\/\/piecesalpinea110.com\/fr\/wp-json\/wp\/v2\/product\/1627","targetHints":{"allow":["GET"]}}],"collection":[{"href":"https:\/\/piecesalpinea110.com\/fr\/wp-json\/wp\/v2\/product"}],"about":[{"href":"https:\/\/piecesalpinea110.com\/fr\/wp-json\/wp\/v2\/types\/product"}],"wp:featuredmedia":[{"embeddable":true,"href":"https:\/\/piecesalpinea110.com\/fr\/wp-json\/wp\/v2\/media\/1624"}],"wp:attachment":[{"href":"https:\/\/piecesalpinea110.com\/fr\/wp-json\/wp\/v2\/media?parent=1627"}],"wp:term":[{"taxonomy":"product_brand","embeddable":true,"href":"https:\/\/piecesalpinea110.com\/fr\/wp-json\/wp\/v2\/product_brand?post=1627"},{"taxonomy":"product_cat","embeddable":true,"href":"https:\/\/piecesalpinea110.com\/fr\/wp-json\/wp\/v2\/product_cat?post=1627"},{"taxonomy":"product_tag","embeddable":true,"href":"https:\/\/piecesalpinea110.com\/fr\/wp-json\/wp\/v2\/product_tag?post=1627"}],"curies":[{"name":"wp","href":"https:\/\/api.w.org\/{rel}","templated":true}]}}