{"id":2608,"date":"2018-04-24T11:25:33","date_gmt":"2018-04-24T10:25:33","guid":{"rendered":"https:\/\/piecesalpinea110.com\/product\/buselure-de-pedale\/"},"modified":"2019-09-01T23:21:43","modified_gmt":"2019-09-01T22:21:43","slug":"buselure-de-pedale","status":"publish","type":"product","link":"https:\/\/piecesalpinea110.com\/fr\/produit\/buselure-de-pedale\/","title":{"rendered":"Buselure de p\u00e9dale"},"content":{"rendered":"<div><strong>Reference<\/strong>: BAGPED1<\/div>\n<div><\/div>\n<p>&nbsp;<\/p>\n<div><strong>Compatible :<\/strong><\/div>\n<ul>\n<li>A110<\/li>\n<li>Renault 8 &amp; 10<\/li>\n<li>Dauphine, Caravelle<\/li>\n<\/ul>\n<div><strong>Description:<\/strong><\/div>\n<ul>\n<li>Buselure bronze, enduit PTFE<\/li>\n<li>Diam\u00e8tre exterieur 18 mm, int\u00e9rieur 16 mm, hauteur 25 mm<\/li>\n<li>Sans entretien, peut \u00eatre utilis\u00e9 sur un axe graiss\u00e9<\/li>\n<li>Ideal pour p\u00e9dales avec du jeu<\/li>\n<\/ul>\n<div><\/div>\n<div>Si vous souhaitez d&rsquo;autres dimensions, merci de nous contacter<\/div>\n<p>&nbsp;<\/p>\n<div>*Prix pour une pi\u00e8ce<\/div>\n","protected":false},"excerpt":{"rendered":"<p>Reference: BAGPED1 &nbsp; Compatible : A110 Renault 8 &amp; 10 Dauphine, Caravelle Description: Buselure bronze, enduit PTFE Diam\u00e8tre exterieur 18 mm, int\u00e9rieur 16 mm, hauteur 25 mm Sans entretien, peut \u00eatre utilis\u00e9 sur un axe graiss\u00e9 Ideal pour p\u00e9dales avec du jeu Si vous souhaitez d&rsquo;autres dimensions, merci de nous contacter &nbsp; *Prix pour une [&hellip;]<\/p>\n","protected":false},"featured_media":2424,"template":"","meta":{"_et_pb_use_builder":"","_et_pb_old_content":"","_et_gb_content_width":"","_exactmetrics_skip_tracking":false,"_exactmetrics_sitenote_active":false,"_exactmetrics_sitenote_note":"","_exactmetrics_sitenote_category":0},"product_brand":[],"product_cat":[158,125,101],"product_tag":[],"class_list":{"0":"post-2608","1":"product","2":"type-product","3":"status-publish","4":"has-post-thumbnail","6":"product_cat-chassis-fr-2","7":"product_cat-eriks-fr","8":"product_cat-pieces","10":"first","11":"instock","12":"taxable","13":"shipping-taxable","14":"purchasable","15":"product-type-simple"},"yoast_head":"<!-- This site is optimized with the Yoast SEO plugin v27.2 - https:\/\/yoast.com\/product\/yoast-seo-wordpress\/ -->\n<title>Buselure de p\u00e9dale - Pieces Alpine A110<\/title>\n<meta name=\"robots\" content=\"index, follow, max-snippet:-1, max-image-preview:large, max-video-preview:-1\" \/>\n<link rel=\"canonical\" href=\"https:\/\/piecesalpinea110.com\/fr\/produit\/buselure-de-pedale\/\" \/>\n<meta property=\"og:locale\" content=\"fr_FR\" \/>\n<meta property=\"og:type\" content=\"article\" \/>\n<meta property=\"og:title\" content=\"Buselure de p\u00e9dale - Pieces Alpine A110\" \/>\n<meta property=\"og:description\" content=\"Reference: BAGPED1 &nbsp; Compatible : A110 Renault 8 &amp; 10 Dauphine, Caravelle Description: Buselure bronze, enduit PTFE Diam\u00e8tre exterieur 18 mm, int\u00e9rieur 16 mm, hauteur 25 mm Sans entretien, peut \u00eatre utilis\u00e9 sur un axe graiss\u00e9 Ideal pour p\u00e9dales avec du jeu Si vous souhaitez d&rsquo;autres dimensions, merci de nous contacter &nbsp; *Prix pour une [&hellip;]\" \/>\n<meta property=\"og:url\" content=\"https:\/\/piecesalpinea110.com\/fr\/produit\/buselure-de-pedale\/\" \/>\n<meta property=\"og:site_name\" content=\"Pieces Alpine A110\" \/>\n<meta property=\"article:modified_time\" content=\"2019-09-01T22:21:43+00:00\" \/>\n<meta property=\"og:image\" content=\"https:\/\/piecesalpinea110.com\/wp-content\/uploads\/2018\/04\/pedal-bush-1-1.jpg\" \/>\n\t<meta property=\"og:image:width\" content=\"465\" \/>\n\t<meta property=\"og:image:height\" content=\"465\" \/>\n\t<meta property=\"og:image:type\" content=\"image\/jpeg\" \/>\n<meta name=\"twitter:card\" content=\"summary_large_image\" \/>\n<script type=\"application\/ld+json\" class=\"yoast-schema-graph\">{\"@context\":\"https:\/\/schema.org\",\"@graph\":[{\"@type\":\"WebPage\",\"@id\":\"https:\/\/piecesalpinea110.com\/fr\/produit\/buselure-de-pedale\/\",\"url\":\"https:\/\/piecesalpinea110.com\/fr\/produit\/buselure-de-pedale\/\",\"name\":\"Buselure de p\u00e9dale - Pieces Alpine A110\",\"isPartOf\":{\"@id\":\"https:\/\/piecesalpinea110.com\/#website\"},\"primaryImageOfPage\":{\"@id\":\"https:\/\/piecesalpinea110.com\/fr\/produit\/buselure-de-pedale\/#primaryimage\"},\"image\":{\"@id\":\"https:\/\/piecesalpinea110.com\/fr\/produit\/buselure-de-pedale\/#primaryimage\"},\"thumbnailUrl\":\"https:\/\/piecesalpinea110.com\/wp-content\/uploads\/2018\/04\/pedal-bush-1-1.jpg\",\"datePublished\":\"2018-04-24T10:25:33+00:00\",\"dateModified\":\"2019-09-01T22:21:43+00:00\",\"breadcrumb\":{\"@id\":\"https:\/\/piecesalpinea110.com\/fr\/produit\/buselure-de-pedale\/#breadcrumb\"},\"inLanguage\":\"fr-FR\",\"potentialAction\":[{\"@type\":\"ReadAction\",\"target\":[\"https:\/\/piecesalpinea110.com\/fr\/produit\/buselure-de-pedale\/\"]}]},{\"@type\":\"ImageObject\",\"inLanguage\":\"fr-FR\",\"@id\":\"https:\/\/piecesalpinea110.com\/fr\/produit\/buselure-de-pedale\/#primaryimage\",\"url\":\"https:\/\/piecesalpinea110.com\/wp-content\/uploads\/2018\/04\/pedal-bush-1-1.jpg\",\"contentUrl\":\"https:\/\/piecesalpinea110.com\/wp-content\/uploads\/2018\/04\/pedal-bush-1-1.jpg\",\"width\":465,\"height\":465},{\"@type\":\"BreadcrumbList\",\"@id\":\"https:\/\/piecesalpinea110.com\/fr\/produit\/buselure-de-pedale\/#breadcrumb\",\"itemListElement\":[{\"@type\":\"ListItem\",\"position\":1,\"name\":\"Home\",\"item\":\"https:\/\/piecesalpinea110.com\/fr\/\"},{\"@type\":\"ListItem\",\"position\":2,\"name\":\"Boutique\",\"item\":\"https:\/\/piecesalpinea110.com\/fr\/boutique\/\"},{\"@type\":\"ListItem\",\"position\":3,\"name\":\"Buselure de p\u00e9dale\"}]},{\"@type\":\"WebSite\",\"@id\":\"https:\/\/piecesalpinea110.com\/#website\",\"url\":\"https:\/\/piecesalpinea110.com\/\",\"name\":\"Pieces Alpine A110\",\"description\":\"Pieces for Alpine A110\",\"potentialAction\":[{\"@type\":\"SearchAction\",\"target\":{\"@type\":\"EntryPoint\",\"urlTemplate\":\"https:\/\/piecesalpinea110.com\/?s={search_term_string}\"},\"query-input\":{\"@type\":\"PropertyValueSpecification\",\"valueRequired\":true,\"valueName\":\"search_term_string\"}}],\"inLanguage\":\"fr-FR\"}]}<\/script>\n<!-- \/ Yoast SEO plugin. -->","yoast_head_json":{"title":"Buselure de p\u00e9dale - Pieces Alpine A110","robots":{"index":"index","follow":"follow","max-snippet":"max-snippet:-1","max-image-preview":"max-image-preview:large","max-video-preview":"max-video-preview:-1"},"canonical":"https:\/\/piecesalpinea110.com\/fr\/produit\/buselure-de-pedale\/","og_locale":"fr_FR","og_type":"article","og_title":"Buselure de p\u00e9dale - Pieces Alpine A110","og_description":"Reference: BAGPED1 &nbsp; Compatible : A110 Renault 8 &amp; 10 Dauphine, Caravelle Description: Buselure bronze, enduit PTFE Diam\u00e8tre exterieur 18 mm, int\u00e9rieur 16 mm, hauteur 25 mm Sans entretien, peut \u00eatre utilis\u00e9 sur un axe graiss\u00e9 Ideal pour p\u00e9dales avec du jeu Si vous souhaitez d&rsquo;autres dimensions, merci de nous contacter &nbsp; *Prix pour une [&hellip;]","og_url":"https:\/\/piecesalpinea110.com\/fr\/produit\/buselure-de-pedale\/","og_site_name":"Pieces Alpine A110","article_modified_time":"2019-09-01T22:21:43+00:00","og_image":[{"width":465,"height":465,"url":"https:\/\/piecesalpinea110.com\/wp-content\/uploads\/2018\/04\/pedal-bush-1-1.jpg","type":"image\/jpeg"}],"twitter_card":"summary_large_image","schema":{"@context":"https:\/\/schema.org","@graph":[{"@type":"WebPage","@id":"https:\/\/piecesalpinea110.com\/fr\/produit\/buselure-de-pedale\/","url":"https:\/\/piecesalpinea110.com\/fr\/produit\/buselure-de-pedale\/","name":"Buselure de p\u00e9dale - Pieces Alpine A110","isPartOf":{"@id":"https:\/\/piecesalpinea110.com\/#website"},"primaryImageOfPage":{"@id":"https:\/\/piecesalpinea110.com\/fr\/produit\/buselure-de-pedale\/#primaryimage"},"image":{"@id":"https:\/\/piecesalpinea110.com\/fr\/produit\/buselure-de-pedale\/#primaryimage"},"thumbnailUrl":"https:\/\/piecesalpinea110.com\/wp-content\/uploads\/2018\/04\/pedal-bush-1-1.jpg","datePublished":"2018-04-24T10:25:33+00:00","dateModified":"2019-09-01T22:21:43+00:00","breadcrumb":{"@id":"https:\/\/piecesalpinea110.com\/fr\/produit\/buselure-de-pedale\/#breadcrumb"},"inLanguage":"fr-FR","potentialAction":[{"@type":"ReadAction","target":["https:\/\/piecesalpinea110.com\/fr\/produit\/buselure-de-pedale\/"]}]},{"@type":"ImageObject","inLanguage":"fr-FR","@id":"https:\/\/piecesalpinea110.com\/fr\/produit\/buselure-de-pedale\/#primaryimage","url":"https:\/\/piecesalpinea110.com\/wp-content\/uploads\/2018\/04\/pedal-bush-1-1.jpg","contentUrl":"https:\/\/piecesalpinea110.com\/wp-content\/uploads\/2018\/04\/pedal-bush-1-1.jpg","width":465,"height":465},{"@type":"BreadcrumbList","@id":"https:\/\/piecesalpinea110.com\/fr\/produit\/buselure-de-pedale\/#breadcrumb","itemListElement":[{"@type":"ListItem","position":1,"name":"Home","item":"https:\/\/piecesalpinea110.com\/fr\/"},{"@type":"ListItem","position":2,"name":"Boutique","item":"https:\/\/piecesalpinea110.com\/fr\/boutique\/"},{"@type":"ListItem","position":3,"name":"Buselure de p\u00e9dale"}]},{"@type":"WebSite","@id":"https:\/\/piecesalpinea110.com\/#website","url":"https:\/\/piecesalpinea110.com\/","name":"Pieces Alpine A110","description":"Pieces for Alpine A110","potentialAction":[{"@type":"SearchAction","target":{"@type":"EntryPoint","urlTemplate":"https:\/\/piecesalpinea110.com\/?s={search_term_string}"},"query-input":{"@type":"PropertyValueSpecification","valueRequired":true,"valueName":"search_term_string"}}],"inLanguage":"fr-FR"}]}},"_links":{"self":[{"href":"https:\/\/piecesalpinea110.com\/fr\/wp-json\/wp\/v2\/product\/2608","targetHints":{"allow":["GET"]}}],"collection":[{"href":"https:\/\/piecesalpinea110.com\/fr\/wp-json\/wp\/v2\/product"}],"about":[{"href":"https:\/\/piecesalpinea110.com\/fr\/wp-json\/wp\/v2\/types\/product"}],"wp:featuredmedia":[{"embeddable":true,"href":"https:\/\/piecesalpinea110.com\/fr\/wp-json\/wp\/v2\/media\/2424"}],"wp:attachment":[{"href":"https:\/\/piecesalpinea110.com\/fr\/wp-json\/wp\/v2\/media?parent=2608"}],"wp:term":[{"taxonomy":"product_brand","embeddable":true,"href":"https:\/\/piecesalpinea110.com\/fr\/wp-json\/wp\/v2\/product_brand?post=2608"},{"taxonomy":"product_cat","embeddable":true,"href":"https:\/\/piecesalpinea110.com\/fr\/wp-json\/wp\/v2\/product_cat?post=2608"},{"taxonomy":"product_tag","embeddable":true,"href":"https:\/\/piecesalpinea110.com\/fr\/wp-json\/wp\/v2\/product_tag?post=2608"}],"curies":[{"name":"wp","href":"https:\/\/api.w.org\/{rel}","templated":true}]}}