{"id":2615,"date":"2018-05-13T00:01:14","date_gmt":"2018-05-12T23:01:14","guid":{"rendered":"https:\/\/piecesalpinea110.com\/product\/rotule-unibal-filetee\/"},"modified":"2023-03-09T16:27:09","modified_gmt":"2023-03-09T15:27:09","slug":"rotule-unibal-filetee","status":"publish","type":"product","link":"https:\/\/piecesalpinea110.com\/fr\/produit\/rotule-unibal-filetee\/","title":{"rendered":"Rotule unibal filet\u00e9e"},"content":{"rendered":"<div><strong>Reference:<\/strong> ROTUACCEL<\/div>\n<div><\/div>\n<p>&nbsp;<\/p>\n<div><strong>Description: <\/strong>Filetage M5, acier zingu\u00e9.<br \/>\nTr\u00e8s utile \u00e0 la fabrication de tiges de commande carbu, ou pour remplacer une pi\u00e8ce en plastic.<\/div>\n<div>Disponible en filet \u00e0 pas droit ou gauche, la boule est s\u00e9curis\u00e9e par un clip qui la maintient dans son r\u00e9ceptacle.<\/div>\n","protected":false},"excerpt":{"rendered":"<p>Reference: ROTUACCEL &nbsp; Description: Filetage M5, acier zingu\u00e9. Tr\u00e8s utile \u00e0 la fabrication de tiges de commande carbu, ou pour remplacer une pi\u00e8ce en plastic. Disponible en filet \u00e0 pas droit ou gauche, la boule est s\u00e9curis\u00e9e par un clip qui la maintient dans son r\u00e9ceptacle.<\/p>\n","protected":false},"featured_media":6299,"template":"","meta":{"_et_pb_use_builder":"","_et_pb_old_content":"","_et_gb_content_width":"","_exactmetrics_skip_tracking":false,"_exactmetrics_sitenote_active":false,"_exactmetrics_sitenote_note":"","_exactmetrics_sitenote_category":0},"product_brand":[],"product_cat":[122,160,101],"product_tag":[],"class_list":{"0":"post-2615","1":"product","2":"type-product","3":"status-publish","4":"has-post-thumbnail","6":"product_cat-fabory-fr","7":"product_cat-moteur-et-accessoires","8":"product_cat-pieces","10":"first","11":"instock","12":"taxable","13":"shipping-taxable","14":"purchasable","15":"product-type-variable"},"yoast_head":"<!-- This site is optimized with the Yoast SEO plugin v27.2 - https:\/\/yoast.com\/product\/yoast-seo-wordpress\/ -->\n<title>Rotule unibal filet\u00e9e - Pieces Alpine A110<\/title>\n<meta name=\"robots\" content=\"index, follow, max-snippet:-1, max-image-preview:large, max-video-preview:-1\" \/>\n<link rel=\"canonical\" href=\"https:\/\/piecesalpinea110.com\/fr\/produit\/rotule-unibal-filetee\/\" \/>\n<meta property=\"og:locale\" content=\"fr_FR\" \/>\n<meta property=\"og:type\" content=\"article\" \/>\n<meta property=\"og:title\" content=\"Rotule unibal filet\u00e9e - Pieces Alpine A110\" \/>\n<meta property=\"og:description\" content=\"Reference: ROTUACCEL &nbsp; Description: Filetage M5, acier zingu\u00e9. Tr\u00e8s utile \u00e0 la fabrication de tiges de commande carbu, ou pour remplacer une pi\u00e8ce en plastic. Disponible en filet \u00e0 pas droit ou gauche, la boule est s\u00e9curis\u00e9e par un clip qui la maintient dans son r\u00e9ceptacle.\" \/>\n<meta property=\"og:url\" content=\"https:\/\/piecesalpinea110.com\/fr\/produit\/rotule-unibal-filetee\/\" \/>\n<meta property=\"og:site_name\" content=\"Pieces Alpine A110\" \/>\n<meta property=\"article:modified_time\" content=\"2023-03-09T15:27:09+00:00\" \/>\n<meta property=\"og:image\" content=\"https:\/\/piecesalpinea110.com\/wp-content\/uploads\/2018\/05\/2020-06-14_030056.png\" \/>\n\t<meta property=\"og:image:width\" content=\"200\" \/>\n\t<meta property=\"og:image:height\" content=\"200\" \/>\n\t<meta property=\"og:image:type\" content=\"image\/png\" \/>\n<meta name=\"twitter:card\" content=\"summary_large_image\" \/>\n<script type=\"application\/ld+json\" class=\"yoast-schema-graph\">{\"@context\":\"https:\/\/schema.org\",\"@graph\":[{\"@type\":\"WebPage\",\"@id\":\"https:\/\/piecesalpinea110.com\/fr\/produit\/rotule-unibal-filetee\/\",\"url\":\"https:\/\/piecesalpinea110.com\/fr\/produit\/rotule-unibal-filetee\/\",\"name\":\"Rotule unibal filet\u00e9e - Pieces Alpine A110\",\"isPartOf\":{\"@id\":\"https:\/\/piecesalpinea110.com\/#website\"},\"primaryImageOfPage\":{\"@id\":\"https:\/\/piecesalpinea110.com\/fr\/produit\/rotule-unibal-filetee\/#primaryimage\"},\"image\":{\"@id\":\"https:\/\/piecesalpinea110.com\/fr\/produit\/rotule-unibal-filetee\/#primaryimage\"},\"thumbnailUrl\":\"https:\/\/piecesalpinea110.com\/wp-content\/uploads\/2018\/05\/2020-06-14_030056.png\",\"datePublished\":\"2018-05-12T23:01:14+00:00\",\"dateModified\":\"2023-03-09T15:27:09+00:00\",\"breadcrumb\":{\"@id\":\"https:\/\/piecesalpinea110.com\/fr\/produit\/rotule-unibal-filetee\/#breadcrumb\"},\"inLanguage\":\"fr-FR\",\"potentialAction\":[{\"@type\":\"ReadAction\",\"target\":[\"https:\/\/piecesalpinea110.com\/fr\/produit\/rotule-unibal-filetee\/\"]}]},{\"@type\":\"ImageObject\",\"inLanguage\":\"fr-FR\",\"@id\":\"https:\/\/piecesalpinea110.com\/fr\/produit\/rotule-unibal-filetee\/#primaryimage\",\"url\":\"https:\/\/piecesalpinea110.com\/wp-content\/uploads\/2018\/05\/2020-06-14_030056.png\",\"contentUrl\":\"https:\/\/piecesalpinea110.com\/wp-content\/uploads\/2018\/05\/2020-06-14_030056.png\",\"width\":200,\"height\":200},{\"@type\":\"BreadcrumbList\",\"@id\":\"https:\/\/piecesalpinea110.com\/fr\/produit\/rotule-unibal-filetee\/#breadcrumb\",\"itemListElement\":[{\"@type\":\"ListItem\",\"position\":1,\"name\":\"Home\",\"item\":\"https:\/\/piecesalpinea110.com\/fr\/\"},{\"@type\":\"ListItem\",\"position\":2,\"name\":\"Boutique\",\"item\":\"https:\/\/piecesalpinea110.com\/fr\/boutique\/\"},{\"@type\":\"ListItem\",\"position\":3,\"name\":\"Rotule unibal filet\u00e9e\"}]},{\"@type\":\"WebSite\",\"@id\":\"https:\/\/piecesalpinea110.com\/#website\",\"url\":\"https:\/\/piecesalpinea110.com\/\",\"name\":\"Pieces Alpine A110\",\"description\":\"Pieces for Alpine A110\",\"potentialAction\":[{\"@type\":\"SearchAction\",\"target\":{\"@type\":\"EntryPoint\",\"urlTemplate\":\"https:\/\/piecesalpinea110.com\/?s={search_term_string}\"},\"query-input\":{\"@type\":\"PropertyValueSpecification\",\"valueRequired\":true,\"valueName\":\"search_term_string\"}}],\"inLanguage\":\"fr-FR\"}]}<\/script>\n<!-- \/ Yoast SEO plugin. -->","yoast_head_json":{"title":"Rotule unibal filet\u00e9e - Pieces Alpine A110","robots":{"index":"index","follow":"follow","max-snippet":"max-snippet:-1","max-image-preview":"max-image-preview:large","max-video-preview":"max-video-preview:-1"},"canonical":"https:\/\/piecesalpinea110.com\/fr\/produit\/rotule-unibal-filetee\/","og_locale":"fr_FR","og_type":"article","og_title":"Rotule unibal filet\u00e9e - Pieces Alpine A110","og_description":"Reference: ROTUACCEL &nbsp; Description: Filetage M5, acier zingu\u00e9. Tr\u00e8s utile \u00e0 la fabrication de tiges de commande carbu, ou pour remplacer une pi\u00e8ce en plastic. Disponible en filet \u00e0 pas droit ou gauche, la boule est s\u00e9curis\u00e9e par un clip qui la maintient dans son r\u00e9ceptacle.","og_url":"https:\/\/piecesalpinea110.com\/fr\/produit\/rotule-unibal-filetee\/","og_site_name":"Pieces Alpine A110","article_modified_time":"2023-03-09T15:27:09+00:00","og_image":[{"width":200,"height":200,"url":"https:\/\/piecesalpinea110.com\/wp-content\/uploads\/2018\/05\/2020-06-14_030056.png","type":"image\/png"}],"twitter_card":"summary_large_image","schema":{"@context":"https:\/\/schema.org","@graph":[{"@type":"WebPage","@id":"https:\/\/piecesalpinea110.com\/fr\/produit\/rotule-unibal-filetee\/","url":"https:\/\/piecesalpinea110.com\/fr\/produit\/rotule-unibal-filetee\/","name":"Rotule unibal filet\u00e9e - Pieces Alpine A110","isPartOf":{"@id":"https:\/\/piecesalpinea110.com\/#website"},"primaryImageOfPage":{"@id":"https:\/\/piecesalpinea110.com\/fr\/produit\/rotule-unibal-filetee\/#primaryimage"},"image":{"@id":"https:\/\/piecesalpinea110.com\/fr\/produit\/rotule-unibal-filetee\/#primaryimage"},"thumbnailUrl":"https:\/\/piecesalpinea110.com\/wp-content\/uploads\/2018\/05\/2020-06-14_030056.png","datePublished":"2018-05-12T23:01:14+00:00","dateModified":"2023-03-09T15:27:09+00:00","breadcrumb":{"@id":"https:\/\/piecesalpinea110.com\/fr\/produit\/rotule-unibal-filetee\/#breadcrumb"},"inLanguage":"fr-FR","potentialAction":[{"@type":"ReadAction","target":["https:\/\/piecesalpinea110.com\/fr\/produit\/rotule-unibal-filetee\/"]}]},{"@type":"ImageObject","inLanguage":"fr-FR","@id":"https:\/\/piecesalpinea110.com\/fr\/produit\/rotule-unibal-filetee\/#primaryimage","url":"https:\/\/piecesalpinea110.com\/wp-content\/uploads\/2018\/05\/2020-06-14_030056.png","contentUrl":"https:\/\/piecesalpinea110.com\/wp-content\/uploads\/2018\/05\/2020-06-14_030056.png","width":200,"height":200},{"@type":"BreadcrumbList","@id":"https:\/\/piecesalpinea110.com\/fr\/produit\/rotule-unibal-filetee\/#breadcrumb","itemListElement":[{"@type":"ListItem","position":1,"name":"Home","item":"https:\/\/piecesalpinea110.com\/fr\/"},{"@type":"ListItem","position":2,"name":"Boutique","item":"https:\/\/piecesalpinea110.com\/fr\/boutique\/"},{"@type":"ListItem","position":3,"name":"Rotule unibal filet\u00e9e"}]},{"@type":"WebSite","@id":"https:\/\/piecesalpinea110.com\/#website","url":"https:\/\/piecesalpinea110.com\/","name":"Pieces Alpine A110","description":"Pieces for Alpine A110","potentialAction":[{"@type":"SearchAction","target":{"@type":"EntryPoint","urlTemplate":"https:\/\/piecesalpinea110.com\/?s={search_term_string}"},"query-input":{"@type":"PropertyValueSpecification","valueRequired":true,"valueName":"search_term_string"}}],"inLanguage":"fr-FR"}]}},"_links":{"self":[{"href":"https:\/\/piecesalpinea110.com\/fr\/wp-json\/wp\/v2\/product\/2615","targetHints":{"allow":["GET"]}}],"collection":[{"href":"https:\/\/piecesalpinea110.com\/fr\/wp-json\/wp\/v2\/product"}],"about":[{"href":"https:\/\/piecesalpinea110.com\/fr\/wp-json\/wp\/v2\/types\/product"}],"wp:featuredmedia":[{"embeddable":true,"href":"https:\/\/piecesalpinea110.com\/fr\/wp-json\/wp\/v2\/media\/6299"}],"wp:attachment":[{"href":"https:\/\/piecesalpinea110.com\/fr\/wp-json\/wp\/v2\/media?parent=2615"}],"wp:term":[{"taxonomy":"product_brand","embeddable":true,"href":"https:\/\/piecesalpinea110.com\/fr\/wp-json\/wp\/v2\/product_brand?post=2615"},{"taxonomy":"product_cat","embeddable":true,"href":"https:\/\/piecesalpinea110.com\/fr\/wp-json\/wp\/v2\/product_cat?post=2615"},{"taxonomy":"product_tag","embeddable":true,"href":"https:\/\/piecesalpinea110.com\/fr\/wp-json\/wp\/v2\/product_tag?post=2615"}],"curies":[{"name":"wp","href":"https:\/\/api.w.org\/{rel}","templated":true}]}}