{"id":2625,"date":"2018-05-06T23:06:06","date_gmt":"2018-05-06T22:06:06","guid":{"rendered":"https:\/\/piecesalpinea110.com\/product\/tetes-de-distributeurs\/"},"modified":"2018-05-06T23:06:06","modified_gmt":"2018-05-06T22:06:06","slug":"tetes-de-distributeurs","status":"publish","type":"product","link":"https:\/\/piecesalpinea110.com\/fr\/produit\/tetes-de-distributeurs\/","title":{"rendered":"T\u00eates de distributeurs"},"content":{"rendered":"<p>Facet stock d&rsquo;\u00e9poque, certaines r\u00e9f\u00e9rences plus dispo. Le fichier sera actualis\u00e9 tous les mois, premier arriv\u00e9 premier servi<\/p>\n<p><a href=\"https:\/\/piecesalpinea110.com\/wp-content\/uploads\/2018\/05\/Distributor-caps.pdf\"><img loading=\"lazy\" decoding=\"async\" class=\"alignleft size-full wp-image-1532\" src=\"https:\/\/piecesalpinea110.com\/wp-content\/uploads\/2018\/03\/pdf-1.png\" alt=\"\" width=\"75\" height=\"75\" \/><\/a><\/p>\n","protected":false},"excerpt":{"rendered":"<p>Facet stock d&rsquo;\u00e9poque, certaines r\u00e9f\u00e9rences plus dispo. Le fichier sera actualis\u00e9 tous les mois, premier arriv\u00e9 premier servi<\/p>\n","protected":false},"featured_media":2334,"template":"","meta":{"_et_pb_use_builder":"","_et_pb_old_content":"","_et_gb_content_width":"","_exactmetrics_skip_tracking":false,"_exactmetrics_sitenote_active":false,"_exactmetrics_sitenote_note":"","_exactmetrics_sitenote_category":0},"product_brand":[],"product_cat":[60],"product_tag":[],"class_list":{"0":"post-2625","1":"product","2":"type-product","3":"status-publish","4":"has-post-thumbnail","6":"product_cat-autre-fr","8":"first","9":"instock","10":"taxable","11":"shipping-taxable","12":"product-type-simple"},"yoast_head":"<!-- This site is optimized with the Yoast SEO plugin v27.2 - https:\/\/yoast.com\/product\/yoast-seo-wordpress\/ -->\n<title>T\u00eates de distributeurs - Pieces Alpine A110<\/title>\n<meta name=\"robots\" content=\"index, follow, max-snippet:-1, max-image-preview:large, max-video-preview:-1\" \/>\n<link rel=\"canonical\" href=\"https:\/\/piecesalpinea110.com\/fr\/produit\/tetes-de-distributeurs\/\" \/>\n<meta property=\"og:locale\" content=\"fr_FR\" \/>\n<meta property=\"og:type\" content=\"article\" \/>\n<meta property=\"og:title\" content=\"T\u00eates de distributeurs - Pieces Alpine A110\" \/>\n<meta property=\"og:description\" content=\"Facet stock d&rsquo;\u00e9poque, certaines r\u00e9f\u00e9rences plus dispo. Le fichier sera actualis\u00e9 tous les mois, premier arriv\u00e9 premier servi\" \/>\n<meta property=\"og:url\" content=\"https:\/\/piecesalpinea110.com\/fr\/produit\/tetes-de-distributeurs\/\" \/>\n<meta property=\"og:site_name\" content=\"Pieces Alpine A110\" \/>\n<meta property=\"og:image\" content=\"https:\/\/piecesalpinea110.com\/wp-content\/uploads\/2018\/05\/Distributor-caps.jpg\" \/>\n\t<meta property=\"og:image:width\" content=\"492\" \/>\n\t<meta property=\"og:image:height\" content=\"451\" \/>\n\t<meta property=\"og:image:type\" content=\"image\/jpeg\" \/>\n<meta name=\"twitter:card\" content=\"summary_large_image\" \/>\n<script type=\"application\/ld+json\" class=\"yoast-schema-graph\">{\"@context\":\"https:\/\/schema.org\",\"@graph\":[{\"@type\":\"WebPage\",\"@id\":\"https:\/\/piecesalpinea110.com\/fr\/produit\/tetes-de-distributeurs\/\",\"url\":\"https:\/\/piecesalpinea110.com\/fr\/produit\/tetes-de-distributeurs\/\",\"name\":\"T\u00eates de distributeurs - Pieces Alpine A110\",\"isPartOf\":{\"@id\":\"https:\/\/piecesalpinea110.com\/#website\"},\"primaryImageOfPage\":{\"@id\":\"https:\/\/piecesalpinea110.com\/fr\/produit\/tetes-de-distributeurs\/#primaryimage\"},\"image\":{\"@id\":\"https:\/\/piecesalpinea110.com\/fr\/produit\/tetes-de-distributeurs\/#primaryimage\"},\"thumbnailUrl\":\"https:\/\/piecesalpinea110.com\/wp-content\/uploads\/2018\/05\/Distributor-caps.jpg\",\"datePublished\":\"2018-05-06T22:06:06+00:00\",\"breadcrumb\":{\"@id\":\"https:\/\/piecesalpinea110.com\/fr\/produit\/tetes-de-distributeurs\/#breadcrumb\"},\"inLanguage\":\"fr-FR\",\"potentialAction\":[{\"@type\":\"ReadAction\",\"target\":[\"https:\/\/piecesalpinea110.com\/fr\/produit\/tetes-de-distributeurs\/\"]}]},{\"@type\":\"ImageObject\",\"inLanguage\":\"fr-FR\",\"@id\":\"https:\/\/piecesalpinea110.com\/fr\/produit\/tetes-de-distributeurs\/#primaryimage\",\"url\":\"https:\/\/piecesalpinea110.com\/wp-content\/uploads\/2018\/05\/Distributor-caps.jpg\",\"contentUrl\":\"https:\/\/piecesalpinea110.com\/wp-content\/uploads\/2018\/05\/Distributor-caps.jpg\",\"width\":492,\"height\":451},{\"@type\":\"BreadcrumbList\",\"@id\":\"https:\/\/piecesalpinea110.com\/fr\/produit\/tetes-de-distributeurs\/#breadcrumb\",\"itemListElement\":[{\"@type\":\"ListItem\",\"position\":1,\"name\":\"Home\",\"item\":\"https:\/\/piecesalpinea110.com\/fr\/\"},{\"@type\":\"ListItem\",\"position\":2,\"name\":\"Boutique\",\"item\":\"https:\/\/piecesalpinea110.com\/fr\/boutique\/\"},{\"@type\":\"ListItem\",\"position\":3,\"name\":\"T\u00eates de distributeurs\"}]},{\"@type\":\"WebSite\",\"@id\":\"https:\/\/piecesalpinea110.com\/#website\",\"url\":\"https:\/\/piecesalpinea110.com\/\",\"name\":\"Pieces Alpine A110\",\"description\":\"Pieces for Alpine A110\",\"potentialAction\":[{\"@type\":\"SearchAction\",\"target\":{\"@type\":\"EntryPoint\",\"urlTemplate\":\"https:\/\/piecesalpinea110.com\/?s={search_term_string}\"},\"query-input\":{\"@type\":\"PropertyValueSpecification\",\"valueRequired\":true,\"valueName\":\"search_term_string\"}}],\"inLanguage\":\"fr-FR\"}]}<\/script>\n<!-- \/ Yoast SEO plugin. -->","yoast_head_json":{"title":"T\u00eates de distributeurs - Pieces Alpine A110","robots":{"index":"index","follow":"follow","max-snippet":"max-snippet:-1","max-image-preview":"max-image-preview:large","max-video-preview":"max-video-preview:-1"},"canonical":"https:\/\/piecesalpinea110.com\/fr\/produit\/tetes-de-distributeurs\/","og_locale":"fr_FR","og_type":"article","og_title":"T\u00eates de distributeurs - Pieces Alpine A110","og_description":"Facet stock d&rsquo;\u00e9poque, certaines r\u00e9f\u00e9rences plus dispo. Le fichier sera actualis\u00e9 tous les mois, premier arriv\u00e9 premier servi","og_url":"https:\/\/piecesalpinea110.com\/fr\/produit\/tetes-de-distributeurs\/","og_site_name":"Pieces Alpine A110","og_image":[{"width":492,"height":451,"url":"https:\/\/piecesalpinea110.com\/wp-content\/uploads\/2018\/05\/Distributor-caps.jpg","type":"image\/jpeg"}],"twitter_card":"summary_large_image","schema":{"@context":"https:\/\/schema.org","@graph":[{"@type":"WebPage","@id":"https:\/\/piecesalpinea110.com\/fr\/produit\/tetes-de-distributeurs\/","url":"https:\/\/piecesalpinea110.com\/fr\/produit\/tetes-de-distributeurs\/","name":"T\u00eates de distributeurs - Pieces Alpine A110","isPartOf":{"@id":"https:\/\/piecesalpinea110.com\/#website"},"primaryImageOfPage":{"@id":"https:\/\/piecesalpinea110.com\/fr\/produit\/tetes-de-distributeurs\/#primaryimage"},"image":{"@id":"https:\/\/piecesalpinea110.com\/fr\/produit\/tetes-de-distributeurs\/#primaryimage"},"thumbnailUrl":"https:\/\/piecesalpinea110.com\/wp-content\/uploads\/2018\/05\/Distributor-caps.jpg","datePublished":"2018-05-06T22:06:06+00:00","breadcrumb":{"@id":"https:\/\/piecesalpinea110.com\/fr\/produit\/tetes-de-distributeurs\/#breadcrumb"},"inLanguage":"fr-FR","potentialAction":[{"@type":"ReadAction","target":["https:\/\/piecesalpinea110.com\/fr\/produit\/tetes-de-distributeurs\/"]}]},{"@type":"ImageObject","inLanguage":"fr-FR","@id":"https:\/\/piecesalpinea110.com\/fr\/produit\/tetes-de-distributeurs\/#primaryimage","url":"https:\/\/piecesalpinea110.com\/wp-content\/uploads\/2018\/05\/Distributor-caps.jpg","contentUrl":"https:\/\/piecesalpinea110.com\/wp-content\/uploads\/2018\/05\/Distributor-caps.jpg","width":492,"height":451},{"@type":"BreadcrumbList","@id":"https:\/\/piecesalpinea110.com\/fr\/produit\/tetes-de-distributeurs\/#breadcrumb","itemListElement":[{"@type":"ListItem","position":1,"name":"Home","item":"https:\/\/piecesalpinea110.com\/fr\/"},{"@type":"ListItem","position":2,"name":"Boutique","item":"https:\/\/piecesalpinea110.com\/fr\/boutique\/"},{"@type":"ListItem","position":3,"name":"T\u00eates de distributeurs"}]},{"@type":"WebSite","@id":"https:\/\/piecesalpinea110.com\/#website","url":"https:\/\/piecesalpinea110.com\/","name":"Pieces Alpine A110","description":"Pieces for Alpine A110","potentialAction":[{"@type":"SearchAction","target":{"@type":"EntryPoint","urlTemplate":"https:\/\/piecesalpinea110.com\/?s={search_term_string}"},"query-input":{"@type":"PropertyValueSpecification","valueRequired":true,"valueName":"search_term_string"}}],"inLanguage":"fr-FR"}]}},"_links":{"self":[{"href":"https:\/\/piecesalpinea110.com\/fr\/wp-json\/wp\/v2\/product\/2625","targetHints":{"allow":["GET"]}}],"collection":[{"href":"https:\/\/piecesalpinea110.com\/fr\/wp-json\/wp\/v2\/product"}],"about":[{"href":"https:\/\/piecesalpinea110.com\/fr\/wp-json\/wp\/v2\/types\/product"}],"wp:featuredmedia":[{"embeddable":true,"href":"https:\/\/piecesalpinea110.com\/fr\/wp-json\/wp\/v2\/media\/2334"}],"wp:attachment":[{"href":"https:\/\/piecesalpinea110.com\/fr\/wp-json\/wp\/v2\/media?parent=2625"}],"wp:term":[{"taxonomy":"product_brand","embeddable":true,"href":"https:\/\/piecesalpinea110.com\/fr\/wp-json\/wp\/v2\/product_brand?post=2625"},{"taxonomy":"product_cat","embeddable":true,"href":"https:\/\/piecesalpinea110.com\/fr\/wp-json\/wp\/v2\/product_cat?post=2625"},{"taxonomy":"product_tag","embeddable":true,"href":"https:\/\/piecesalpinea110.com\/fr\/wp-json\/wp\/v2\/product_tag?post=2625"}],"curies":[{"name":"wp","href":"https:\/\/api.w.org\/{rel}","templated":true}]}}