{"id":2626,"date":"2018-05-05T15:55:19","date_gmt":"2018-05-05T14:55:19","guid":{"rendered":"https:\/\/piecesalpinea110.com\/product\/clavettes-maintien-etriers-gros-freins\/"},"modified":"2020-10-11T11:41:31","modified_gmt":"2020-10-11T10:41:31","slug":"clavettes-maintien-etriers-gros-freins","status":"publish","type":"product","link":"https:\/\/piecesalpinea110.com\/fr\/produit\/clavettes-maintien-etriers-gros-freins\/","title":{"rendered":"Clavettes maintien \u00e9triers gros freins A110"},"content":{"rendered":"<p><strong>Reference:<\/strong> CLAVGF<br \/>\nClavettes support \u00e9trier type Renault 16, montage gros freins A110<\/p>\n<p><strong>Description:<\/strong><\/p>\n<ul>\n<li>Maintient l&rsquo;\u00e9trier dans la chappe<\/li>\n<li>Longueur : 51 mm, pour un \u00e9trier Bendix type III A avec piston 48 mm, accoupl\u00e9 \u00e0 un disque de frein \u00e9p. 12 mm, dia. ext. 254 mm<\/li>\n<li>Fabrication inox, copie exacte du mod\u00e8le original R16 (un clip de s\u00e9curit\u00e9)<\/li>\n<\/ul>\n<div><\/div>\n<p><strong>Compatible avec les montages suivants:<\/strong><\/p>\n<ul>\n<li>Alpine A110 avec \u00e9triers Renault 16<\/li>\n<li>Alpine A110 1600 SC AV &#038; ARR<\/li>\n<li>Alpine A110 competition avec \u00e9triers 48 \/ 45 mm<\/li>\n<li>Etriers avant Renault 16 (chappe fonte)<\/li>\n<li>Alpine A310 1600 avec \u00e9triers AV piston 48 mm (VE n\u00b0 910 ->, VF, VG)<br \/>\n&#038; ARR<\/li>\n<\/li>\n<li>A310 V6 premier mod\u00e8le (jantes 3 trous) AV &#038; ARR<\/li>\n<\/ul>\n<p>Prix pour 2 pi\u00e8ces (sup\u00e9rieure et inf\u00e9rieure pour 1 \u00e9trier)<\/p>\n<p>&nbsp;<\/p>\n","protected":false},"excerpt":{"rendered":"<p>Reference: CLAVGF Clavettes support \u00e9trier type Renault 16, montage gros freins A110 Description: Maintient l&rsquo;\u00e9trier dans la chappe Longueur : 51 mm, pour un \u00e9trier Bendix type III A avec piston 48 mm, accoupl\u00e9 \u00e0 un disque de frein \u00e9p. 12 mm, dia. ext. 254 mm Fabrication inox, copie exacte du mod\u00e8le original R16 (un [&hellip;]<\/p>\n","protected":false},"featured_media":2898,"template":"","meta":{"_et_pb_use_builder":"","_et_pb_old_content":"","_et_gb_content_width":"","_exactmetrics_skip_tracking":false,"_exactmetrics_sitenote_active":false,"_exactmetrics_sitenote_note":"","_exactmetrics_sitenote_category":0},"product_brand":[],"product_cat":[27],"product_tag":[],"class_list":{"0":"post-2626","1":"product","2":"type-product","3":"status-publish","4":"has-post-thumbnail","6":"product_cat-systeme-de-freinage","8":"first","9":"instock","10":"taxable","11":"shipping-taxable","12":"purchasable","13":"product-type-simple"},"yoast_head":"<!-- This site is optimized with the Yoast SEO plugin v27.2 - https:\/\/yoast.com\/product\/yoast-seo-wordpress\/ -->\n<title>Clavettes maintien \u00e9triers gros freins A110 - Pieces Alpine A110<\/title>\n<meta name=\"robots\" content=\"index, follow, max-snippet:-1, max-image-preview:large, max-video-preview:-1\" \/>\n<link rel=\"canonical\" href=\"https:\/\/piecesalpinea110.com\/fr\/produit\/clavettes-maintien-etriers-gros-freins\/\" \/>\n<meta property=\"og:locale\" content=\"fr_FR\" \/>\n<meta property=\"og:type\" content=\"article\" \/>\n<meta property=\"og:title\" content=\"Clavettes maintien \u00e9triers gros freins A110 - Pieces Alpine A110\" \/>\n<meta property=\"og:description\" content=\"Reference: CLAVGF Clavettes support \u00e9trier type Renault 16, montage gros freins A110 Description: Maintient l&rsquo;\u00e9trier dans la chappe Longueur : 51 mm, pour un \u00e9trier Bendix type III A avec piston 48 mm, accoupl\u00e9 \u00e0 un disque de frein \u00e9p. 12 mm, dia. ext. 254 mm Fabrication inox, copie exacte du mod\u00e8le original R16 (un [&hellip;]\" \/>\n<meta property=\"og:url\" content=\"https:\/\/piecesalpinea110.com\/fr\/produit\/clavettes-maintien-etriers-gros-freins\/\" \/>\n<meta property=\"og:site_name\" content=\"Pieces Alpine A110\" \/>\n<meta property=\"article:modified_time\" content=\"2020-10-11T10:41:31+00:00\" \/>\n<meta property=\"og:image\" content=\"https:\/\/piecesalpinea110.com\/wp-content\/uploads\/2018\/05\/DSC4538-scaled.jpg\" \/>\n\t<meta property=\"og:image:width\" content=\"2560\" \/>\n\t<meta property=\"og:image:height\" content=\"1375\" \/>\n\t<meta property=\"og:image:type\" content=\"image\/jpeg\" \/>\n<meta name=\"twitter:card\" content=\"summary_large_image\" \/>\n<meta name=\"twitter:label1\" content=\"Dur\u00e9e de lecture estim\u00e9e\" \/>\n\t<meta name=\"twitter:data1\" content=\"1 minute\" \/>\n<script type=\"application\/ld+json\" class=\"yoast-schema-graph\">{\"@context\":\"https:\/\/schema.org\",\"@graph\":[{\"@type\":\"WebPage\",\"@id\":\"https:\/\/piecesalpinea110.com\/fr\/produit\/clavettes-maintien-etriers-gros-freins\/\",\"url\":\"https:\/\/piecesalpinea110.com\/fr\/produit\/clavettes-maintien-etriers-gros-freins\/\",\"name\":\"Clavettes maintien \u00e9triers gros freins A110 - Pieces Alpine A110\",\"isPartOf\":{\"@id\":\"https:\/\/piecesalpinea110.com\/#website\"},\"primaryImageOfPage\":{\"@id\":\"https:\/\/piecesalpinea110.com\/fr\/produit\/clavettes-maintien-etriers-gros-freins\/#primaryimage\"},\"image\":{\"@id\":\"https:\/\/piecesalpinea110.com\/fr\/produit\/clavettes-maintien-etriers-gros-freins\/#primaryimage\"},\"thumbnailUrl\":\"https:\/\/piecesalpinea110.com\/wp-content\/uploads\/2018\/05\/DSC4538-scaled.jpg\",\"datePublished\":\"2018-05-05T14:55:19+00:00\",\"dateModified\":\"2020-10-11T10:41:31+00:00\",\"breadcrumb\":{\"@id\":\"https:\/\/piecesalpinea110.com\/fr\/produit\/clavettes-maintien-etriers-gros-freins\/#breadcrumb\"},\"inLanguage\":\"fr-FR\",\"potentialAction\":[{\"@type\":\"ReadAction\",\"target\":[\"https:\/\/piecesalpinea110.com\/fr\/produit\/clavettes-maintien-etriers-gros-freins\/\"]}]},{\"@type\":\"ImageObject\",\"inLanguage\":\"fr-FR\",\"@id\":\"https:\/\/piecesalpinea110.com\/fr\/produit\/clavettes-maintien-etriers-gros-freins\/#primaryimage\",\"url\":\"https:\/\/piecesalpinea110.com\/wp-content\/uploads\/2018\/05\/DSC4538-scaled.jpg\",\"contentUrl\":\"https:\/\/piecesalpinea110.com\/wp-content\/uploads\/2018\/05\/DSC4538-scaled.jpg\",\"width\":2560,\"height\":1375},{\"@type\":\"BreadcrumbList\",\"@id\":\"https:\/\/piecesalpinea110.com\/fr\/produit\/clavettes-maintien-etriers-gros-freins\/#breadcrumb\",\"itemListElement\":[{\"@type\":\"ListItem\",\"position\":1,\"name\":\"Home\",\"item\":\"https:\/\/piecesalpinea110.com\/fr\/\"},{\"@type\":\"ListItem\",\"position\":2,\"name\":\"Boutique\",\"item\":\"https:\/\/piecesalpinea110.com\/fr\/boutique\/\"},{\"@type\":\"ListItem\",\"position\":3,\"name\":\"Clavettes maintien \u00e9triers gros freins A110\"}]},{\"@type\":\"WebSite\",\"@id\":\"https:\/\/piecesalpinea110.com\/#website\",\"url\":\"https:\/\/piecesalpinea110.com\/\",\"name\":\"Pieces Alpine A110\",\"description\":\"Pieces for Alpine A110\",\"potentialAction\":[{\"@type\":\"SearchAction\",\"target\":{\"@type\":\"EntryPoint\",\"urlTemplate\":\"https:\/\/piecesalpinea110.com\/?s={search_term_string}\"},\"query-input\":{\"@type\":\"PropertyValueSpecification\",\"valueRequired\":true,\"valueName\":\"search_term_string\"}}],\"inLanguage\":\"fr-FR\"}]}<\/script>\n<!-- \/ Yoast SEO plugin. -->","yoast_head_json":{"title":"Clavettes maintien \u00e9triers gros freins A110 - Pieces Alpine A110","robots":{"index":"index","follow":"follow","max-snippet":"max-snippet:-1","max-image-preview":"max-image-preview:large","max-video-preview":"max-video-preview:-1"},"canonical":"https:\/\/piecesalpinea110.com\/fr\/produit\/clavettes-maintien-etriers-gros-freins\/","og_locale":"fr_FR","og_type":"article","og_title":"Clavettes maintien \u00e9triers gros freins A110 - Pieces Alpine A110","og_description":"Reference: CLAVGF Clavettes support \u00e9trier type Renault 16, montage gros freins A110 Description: Maintient l&rsquo;\u00e9trier dans la chappe Longueur : 51 mm, pour un \u00e9trier Bendix type III A avec piston 48 mm, accoupl\u00e9 \u00e0 un disque de frein \u00e9p. 12 mm, dia. ext. 254 mm Fabrication inox, copie exacte du mod\u00e8le original R16 (un [&hellip;]","og_url":"https:\/\/piecesalpinea110.com\/fr\/produit\/clavettes-maintien-etriers-gros-freins\/","og_site_name":"Pieces Alpine A110","article_modified_time":"2020-10-11T10:41:31+00:00","og_image":[{"width":2560,"height":1375,"url":"https:\/\/piecesalpinea110.com\/wp-content\/uploads\/2018\/05\/DSC4538-scaled.jpg","type":"image\/jpeg"}],"twitter_card":"summary_large_image","twitter_misc":{"Dur\u00e9e de lecture estim\u00e9e":"1 minute"},"schema":{"@context":"https:\/\/schema.org","@graph":[{"@type":"WebPage","@id":"https:\/\/piecesalpinea110.com\/fr\/produit\/clavettes-maintien-etriers-gros-freins\/","url":"https:\/\/piecesalpinea110.com\/fr\/produit\/clavettes-maintien-etriers-gros-freins\/","name":"Clavettes maintien \u00e9triers gros freins A110 - Pieces Alpine A110","isPartOf":{"@id":"https:\/\/piecesalpinea110.com\/#website"},"primaryImageOfPage":{"@id":"https:\/\/piecesalpinea110.com\/fr\/produit\/clavettes-maintien-etriers-gros-freins\/#primaryimage"},"image":{"@id":"https:\/\/piecesalpinea110.com\/fr\/produit\/clavettes-maintien-etriers-gros-freins\/#primaryimage"},"thumbnailUrl":"https:\/\/piecesalpinea110.com\/wp-content\/uploads\/2018\/05\/DSC4538-scaled.jpg","datePublished":"2018-05-05T14:55:19+00:00","dateModified":"2020-10-11T10:41:31+00:00","breadcrumb":{"@id":"https:\/\/piecesalpinea110.com\/fr\/produit\/clavettes-maintien-etriers-gros-freins\/#breadcrumb"},"inLanguage":"fr-FR","potentialAction":[{"@type":"ReadAction","target":["https:\/\/piecesalpinea110.com\/fr\/produit\/clavettes-maintien-etriers-gros-freins\/"]}]},{"@type":"ImageObject","inLanguage":"fr-FR","@id":"https:\/\/piecesalpinea110.com\/fr\/produit\/clavettes-maintien-etriers-gros-freins\/#primaryimage","url":"https:\/\/piecesalpinea110.com\/wp-content\/uploads\/2018\/05\/DSC4538-scaled.jpg","contentUrl":"https:\/\/piecesalpinea110.com\/wp-content\/uploads\/2018\/05\/DSC4538-scaled.jpg","width":2560,"height":1375},{"@type":"BreadcrumbList","@id":"https:\/\/piecesalpinea110.com\/fr\/produit\/clavettes-maintien-etriers-gros-freins\/#breadcrumb","itemListElement":[{"@type":"ListItem","position":1,"name":"Home","item":"https:\/\/piecesalpinea110.com\/fr\/"},{"@type":"ListItem","position":2,"name":"Boutique","item":"https:\/\/piecesalpinea110.com\/fr\/boutique\/"},{"@type":"ListItem","position":3,"name":"Clavettes maintien \u00e9triers gros freins A110"}]},{"@type":"WebSite","@id":"https:\/\/piecesalpinea110.com\/#website","url":"https:\/\/piecesalpinea110.com\/","name":"Pieces Alpine A110","description":"Pieces for Alpine A110","potentialAction":[{"@type":"SearchAction","target":{"@type":"EntryPoint","urlTemplate":"https:\/\/piecesalpinea110.com\/?s={search_term_string}"},"query-input":{"@type":"PropertyValueSpecification","valueRequired":true,"valueName":"search_term_string"}}],"inLanguage":"fr-FR"}]}},"_links":{"self":[{"href":"https:\/\/piecesalpinea110.com\/fr\/wp-json\/wp\/v2\/product\/2626","targetHints":{"allow":["GET"]}}],"collection":[{"href":"https:\/\/piecesalpinea110.com\/fr\/wp-json\/wp\/v2\/product"}],"about":[{"href":"https:\/\/piecesalpinea110.com\/fr\/wp-json\/wp\/v2\/types\/product"}],"wp:featuredmedia":[{"embeddable":true,"href":"https:\/\/piecesalpinea110.com\/fr\/wp-json\/wp\/v2\/media\/2898"}],"wp:attachment":[{"href":"https:\/\/piecesalpinea110.com\/fr\/wp-json\/wp\/v2\/media?parent=2626"}],"wp:term":[{"taxonomy":"product_brand","embeddable":true,"href":"https:\/\/piecesalpinea110.com\/fr\/wp-json\/wp\/v2\/product_brand?post=2626"},{"taxonomy":"product_cat","embeddable":true,"href":"https:\/\/piecesalpinea110.com\/fr\/wp-json\/wp\/v2\/product_cat?post=2626"},{"taxonomy":"product_tag","embeddable":true,"href":"https:\/\/piecesalpinea110.com\/fr\/wp-json\/wp\/v2\/product_tag?post=2626"}],"curies":[{"name":"wp","href":"https:\/\/api.w.org\/{rel}","templated":true}]}}