{"id":2783,"date":"2018-07-31T07:39:39","date_gmt":"2018-07-31T06:39:39","guid":{"rendered":"https:\/\/piecesalpinea110.com\/product\/kit-reparation-de-filets-baercoil-kit-m7-x-10\/"},"modified":"2018-10-03T00:03:07","modified_gmt":"2018-10-02T23:03:07","slug":"kit-reparation-de-filets-baercoil-kit-m7-x-10","status":"publish","type":"product","link":"https:\/\/piecesalpinea110.com\/fr\/produit\/kit-reparation-de-filets-baercoil-kit-m7-x-10\/","title":{"rendered":"Kit r\u00e9paration de filets BaerCoil M7 x 1,0"},"content":{"rendered":"<p><strong>Reference:<\/strong> BAERB4011<\/p>\n<p><strong>Description:<\/strong> Renault a utilis\u00e9 beaucoup de goujons M7 x 1 sur les culasses. Ceux-ci sont souvent en piteux \u00e9tat ou soud\u00e9s par la rouille dans l&rsquo;aluminium. Pour r\u00e9installer des goujons d&rsquo;origine sans \u00eatre oblig\u00e9 de passer en M8 ou M10, ce kit (de qualit\u00e9 allemande) fera le boulot.<\/p>\n<p>Le kit complet comprend :<\/p>\n<ul>\n<li>1 x m\u00e8che standard HSSG<\/li>\n<li>1 x HSSG BaerCoil Tap &gt; ISO1-4H<\/li>\n<li>1 x outil d&rsquo;insertion<\/li>\n<li>1 x Tang Break Tool<\/li>\n<li>+ BaerCoil Wire-Thread-Inserts \u00ab\u00a0free running\u00a0\u00bb, stainless steel (ASIS 304)<br \/>\n20 pcs. lenght: 1,5 x D<\/li>\n<\/ul>\n<p>&#8211; Thread Repair of damaged or worn-out threads<br \/>\n&#8211; Recovery of rejected items<br \/>\n&#8211; Thread Armour Plating. For material with low shear strenght eg. aluminium alloys and magnesium alloys.<\/p>\n<p>Extra inserts, different lenghts, different threads available, please contact us<\/p>\n","protected":false},"excerpt":{"rendered":"<p>Reference: BAERB4011 Description: Renault a utilis\u00e9 beaucoup de goujons M7 x 1 sur les culasses. Ceux-ci sont souvent en piteux \u00e9tat ou soud\u00e9s par la rouille dans l&rsquo;aluminium. Pour r\u00e9installer des goujons d&rsquo;origine sans \u00eatre oblig\u00e9 de passer en M8 ou M10, ce kit (de qualit\u00e9 allemande) fera le boulot. Le kit complet comprend : [&hellip;]<\/p>\n","protected":false},"featured_media":2751,"template":"","meta":{"_et_pb_use_builder":"","_et_pb_old_content":"","_et_gb_content_width":"","_exactmetrics_skip_tracking":false,"_exactmetrics_sitenote_active":false,"_exactmetrics_sitenote_note":"","_exactmetrics_sitenote_category":0},"product_brand":[],"product_cat":[64],"product_tag":[],"class_list":{"0":"post-2783","1":"product","2":"type-product","3":"status-publish","4":"has-post-thumbnail","6":"product_cat-uncategorized-fr","8":"first","9":"outofstock","10":"taxable","11":"shipping-taxable","12":"purchasable","13":"product-type-simple"},"yoast_head":"<!-- This site is optimized with the Yoast SEO plugin v27.2 - https:\/\/yoast.com\/product\/yoast-seo-wordpress\/ -->\n<title>Kit r\u00e9paration de filets BaerCoil M7 x 1,0 - Pieces Alpine A110<\/title>\n<meta name=\"robots\" content=\"index, follow, max-snippet:-1, max-image-preview:large, max-video-preview:-1\" \/>\n<link rel=\"canonical\" href=\"https:\/\/piecesalpinea110.com\/fr\/produit\/kit-reparation-de-filets-baercoil-kit-m7-x-10\/\" \/>\n<meta property=\"og:locale\" content=\"fr_FR\" \/>\n<meta property=\"og:type\" content=\"article\" \/>\n<meta property=\"og:title\" content=\"Kit r\u00e9paration de filets BaerCoil M7 x 1,0 - Pieces Alpine A110\" \/>\n<meta property=\"og:description\" content=\"Reference: BAERB4011 Description: Renault a utilis\u00e9 beaucoup de goujons M7 x 1 sur les culasses. Ceux-ci sont souvent en piteux \u00e9tat ou soud\u00e9s par la rouille dans l&rsquo;aluminium. Pour r\u00e9installer des goujons d&rsquo;origine sans \u00eatre oblig\u00e9 de passer en M8 ou M10, ce kit (de qualit\u00e9 allemande) fera le boulot. Le kit complet comprend : [&hellip;]\" \/>\n<meta property=\"og:url\" content=\"https:\/\/piecesalpinea110.com\/fr\/produit\/kit-reparation-de-filets-baercoil-kit-m7-x-10\/\" \/>\n<meta property=\"og:site_name\" content=\"Pieces Alpine A110\" \/>\n<meta property=\"article:modified_time\" content=\"2018-10-02T23:03:07+00:00\" \/>\n<meta property=\"og:image\" content=\"https:\/\/piecesalpinea110.com\/wp-content\/uploads\/2018\/07\/baer1.jpg\" \/>\n\t<meta property=\"og:image:width\" content=\"372\" \/>\n\t<meta property=\"og:image:height\" content=\"372\" \/>\n\t<meta property=\"og:image:type\" content=\"image\/jpeg\" \/>\n<meta name=\"twitter:card\" content=\"summary_large_image\" \/>\n<meta name=\"twitter:label1\" content=\"Dur\u00e9e de lecture estim\u00e9e\" \/>\n\t<meta name=\"twitter:data1\" content=\"1 minute\" \/>\n<script type=\"application\/ld+json\" class=\"yoast-schema-graph\">{\"@context\":\"https:\/\/schema.org\",\"@graph\":[{\"@type\":\"WebPage\",\"@id\":\"https:\/\/piecesalpinea110.com\/fr\/produit\/kit-reparation-de-filets-baercoil-kit-m7-x-10\/\",\"url\":\"https:\/\/piecesalpinea110.com\/fr\/produit\/kit-reparation-de-filets-baercoil-kit-m7-x-10\/\",\"name\":\"Kit r\u00e9paration de filets BaerCoil M7 x 1,0 - Pieces Alpine A110\",\"isPartOf\":{\"@id\":\"https:\/\/piecesalpinea110.com\/#website\"},\"primaryImageOfPage\":{\"@id\":\"https:\/\/piecesalpinea110.com\/fr\/produit\/kit-reparation-de-filets-baercoil-kit-m7-x-10\/#primaryimage\"},\"image\":{\"@id\":\"https:\/\/piecesalpinea110.com\/fr\/produit\/kit-reparation-de-filets-baercoil-kit-m7-x-10\/#primaryimage\"},\"thumbnailUrl\":\"https:\/\/piecesalpinea110.com\/wp-content\/uploads\/2018\/07\/baer1.jpg\",\"datePublished\":\"2018-07-31T06:39:39+00:00\",\"dateModified\":\"2018-10-02T23:03:07+00:00\",\"breadcrumb\":{\"@id\":\"https:\/\/piecesalpinea110.com\/fr\/produit\/kit-reparation-de-filets-baercoil-kit-m7-x-10\/#breadcrumb\"},\"inLanguage\":\"fr-FR\",\"potentialAction\":[{\"@type\":\"ReadAction\",\"target\":[\"https:\/\/piecesalpinea110.com\/fr\/produit\/kit-reparation-de-filets-baercoil-kit-m7-x-10\/\"]}]},{\"@type\":\"ImageObject\",\"inLanguage\":\"fr-FR\",\"@id\":\"https:\/\/piecesalpinea110.com\/fr\/produit\/kit-reparation-de-filets-baercoil-kit-m7-x-10\/#primaryimage\",\"url\":\"https:\/\/piecesalpinea110.com\/wp-content\/uploads\/2018\/07\/baer1.jpg\",\"contentUrl\":\"https:\/\/piecesalpinea110.com\/wp-content\/uploads\/2018\/07\/baer1.jpg\",\"width\":372,\"height\":372},{\"@type\":\"BreadcrumbList\",\"@id\":\"https:\/\/piecesalpinea110.com\/fr\/produit\/kit-reparation-de-filets-baercoil-kit-m7-x-10\/#breadcrumb\",\"itemListElement\":[{\"@type\":\"ListItem\",\"position\":1,\"name\":\"Home\",\"item\":\"https:\/\/piecesalpinea110.com\/fr\/\"},{\"@type\":\"ListItem\",\"position\":2,\"name\":\"Boutique\",\"item\":\"https:\/\/piecesalpinea110.com\/fr\/boutique\/\"},{\"@type\":\"ListItem\",\"position\":3,\"name\":\"Kit r\u00e9paration de filets BaerCoil M7 x 1,0\"}]},{\"@type\":\"WebSite\",\"@id\":\"https:\/\/piecesalpinea110.com\/#website\",\"url\":\"https:\/\/piecesalpinea110.com\/\",\"name\":\"Pieces Alpine A110\",\"description\":\"Pieces for Alpine A110\",\"potentialAction\":[{\"@type\":\"SearchAction\",\"target\":{\"@type\":\"EntryPoint\",\"urlTemplate\":\"https:\/\/piecesalpinea110.com\/?s={search_term_string}\"},\"query-input\":{\"@type\":\"PropertyValueSpecification\",\"valueRequired\":true,\"valueName\":\"search_term_string\"}}],\"inLanguage\":\"fr-FR\"}]}<\/script>\n<!-- \/ Yoast SEO plugin. -->","yoast_head_json":{"title":"Kit r\u00e9paration de filets BaerCoil M7 x 1,0 - Pieces Alpine A110","robots":{"index":"index","follow":"follow","max-snippet":"max-snippet:-1","max-image-preview":"max-image-preview:large","max-video-preview":"max-video-preview:-1"},"canonical":"https:\/\/piecesalpinea110.com\/fr\/produit\/kit-reparation-de-filets-baercoil-kit-m7-x-10\/","og_locale":"fr_FR","og_type":"article","og_title":"Kit r\u00e9paration de filets BaerCoil M7 x 1,0 - Pieces Alpine A110","og_description":"Reference: BAERB4011 Description: Renault a utilis\u00e9 beaucoup de goujons M7 x 1 sur les culasses. Ceux-ci sont souvent en piteux \u00e9tat ou soud\u00e9s par la rouille dans l&rsquo;aluminium. Pour r\u00e9installer des goujons d&rsquo;origine sans \u00eatre oblig\u00e9 de passer en M8 ou M10, ce kit (de qualit\u00e9 allemande) fera le boulot. Le kit complet comprend : [&hellip;]","og_url":"https:\/\/piecesalpinea110.com\/fr\/produit\/kit-reparation-de-filets-baercoil-kit-m7-x-10\/","og_site_name":"Pieces Alpine A110","article_modified_time":"2018-10-02T23:03:07+00:00","og_image":[{"width":372,"height":372,"url":"https:\/\/piecesalpinea110.com\/wp-content\/uploads\/2018\/07\/baer1.jpg","type":"image\/jpeg"}],"twitter_card":"summary_large_image","twitter_misc":{"Dur\u00e9e de lecture estim\u00e9e":"1 minute"},"schema":{"@context":"https:\/\/schema.org","@graph":[{"@type":"WebPage","@id":"https:\/\/piecesalpinea110.com\/fr\/produit\/kit-reparation-de-filets-baercoil-kit-m7-x-10\/","url":"https:\/\/piecesalpinea110.com\/fr\/produit\/kit-reparation-de-filets-baercoil-kit-m7-x-10\/","name":"Kit r\u00e9paration de filets BaerCoil M7 x 1,0 - Pieces Alpine A110","isPartOf":{"@id":"https:\/\/piecesalpinea110.com\/#website"},"primaryImageOfPage":{"@id":"https:\/\/piecesalpinea110.com\/fr\/produit\/kit-reparation-de-filets-baercoil-kit-m7-x-10\/#primaryimage"},"image":{"@id":"https:\/\/piecesalpinea110.com\/fr\/produit\/kit-reparation-de-filets-baercoil-kit-m7-x-10\/#primaryimage"},"thumbnailUrl":"https:\/\/piecesalpinea110.com\/wp-content\/uploads\/2018\/07\/baer1.jpg","datePublished":"2018-07-31T06:39:39+00:00","dateModified":"2018-10-02T23:03:07+00:00","breadcrumb":{"@id":"https:\/\/piecesalpinea110.com\/fr\/produit\/kit-reparation-de-filets-baercoil-kit-m7-x-10\/#breadcrumb"},"inLanguage":"fr-FR","potentialAction":[{"@type":"ReadAction","target":["https:\/\/piecesalpinea110.com\/fr\/produit\/kit-reparation-de-filets-baercoil-kit-m7-x-10\/"]}]},{"@type":"ImageObject","inLanguage":"fr-FR","@id":"https:\/\/piecesalpinea110.com\/fr\/produit\/kit-reparation-de-filets-baercoil-kit-m7-x-10\/#primaryimage","url":"https:\/\/piecesalpinea110.com\/wp-content\/uploads\/2018\/07\/baer1.jpg","contentUrl":"https:\/\/piecesalpinea110.com\/wp-content\/uploads\/2018\/07\/baer1.jpg","width":372,"height":372},{"@type":"BreadcrumbList","@id":"https:\/\/piecesalpinea110.com\/fr\/produit\/kit-reparation-de-filets-baercoil-kit-m7-x-10\/#breadcrumb","itemListElement":[{"@type":"ListItem","position":1,"name":"Home","item":"https:\/\/piecesalpinea110.com\/fr\/"},{"@type":"ListItem","position":2,"name":"Boutique","item":"https:\/\/piecesalpinea110.com\/fr\/boutique\/"},{"@type":"ListItem","position":3,"name":"Kit r\u00e9paration de filets BaerCoil M7 x 1,0"}]},{"@type":"WebSite","@id":"https:\/\/piecesalpinea110.com\/#website","url":"https:\/\/piecesalpinea110.com\/","name":"Pieces Alpine A110","description":"Pieces for Alpine A110","potentialAction":[{"@type":"SearchAction","target":{"@type":"EntryPoint","urlTemplate":"https:\/\/piecesalpinea110.com\/?s={search_term_string}"},"query-input":{"@type":"PropertyValueSpecification","valueRequired":true,"valueName":"search_term_string"}}],"inLanguage":"fr-FR"}]}},"_links":{"self":[{"href":"https:\/\/piecesalpinea110.com\/fr\/wp-json\/wp\/v2\/product\/2783","targetHints":{"allow":["GET"]}}],"collection":[{"href":"https:\/\/piecesalpinea110.com\/fr\/wp-json\/wp\/v2\/product"}],"about":[{"href":"https:\/\/piecesalpinea110.com\/fr\/wp-json\/wp\/v2\/types\/product"}],"wp:featuredmedia":[{"embeddable":true,"href":"https:\/\/piecesalpinea110.com\/fr\/wp-json\/wp\/v2\/media\/2751"}],"wp:attachment":[{"href":"https:\/\/piecesalpinea110.com\/fr\/wp-json\/wp\/v2\/media?parent=2783"}],"wp:term":[{"taxonomy":"product_brand","embeddable":true,"href":"https:\/\/piecesalpinea110.com\/fr\/wp-json\/wp\/v2\/product_brand?post=2783"},{"taxonomy":"product_cat","embeddable":true,"href":"https:\/\/piecesalpinea110.com\/fr\/wp-json\/wp\/v2\/product_cat?post=2783"},{"taxonomy":"product_tag","embeddable":true,"href":"https:\/\/piecesalpinea110.com\/fr\/wp-json\/wp\/v2\/product_tag?post=2783"}],"curies":[{"name":"wp","href":"https:\/\/api.w.org\/{rel}","templated":true}]}}