{"id":2960,"date":"2018-04-14T20:02:25","date_gmt":"2018-04-14T19:02:25","guid":{"rendered":"https:\/\/piecesalpinea110.com\/product\/coupelle-maintien-joint-tube-de-bougie-culasse-gordini\/"},"modified":"2026-03-27T22:48:25","modified_gmt":"2026-03-27T21:48:25","slug":"coupelle-maintien-joint-tube-de-bougie-culasse-gordini","status":"publish","type":"product","link":"https:\/\/piecesalpinea110.com\/fr\/produit\/coupelle-maintien-joint-tube-de-bougie-culasse-gordini\/","title":{"rendered":"Coupelle maintien joint, tube de bougie culasse Gordini"},"content":{"rendered":"<p><strong>Reference:<\/strong> COUPBOUG1600<\/p>\n<p><strong>Description:<\/strong><\/p>\n<ul>\n<li>Maintient le joint de tube de bougie contre l&rsquo;int\u00e9rieur du cache-culbuteurs<\/li>\n<li>Fabriqu\u00e9 en acier embouti<\/li>\n<li>Diam\u00e8tre int\u00e9rieur (trou) 29,70 mm, diam ext 42,30 mm<\/li>\n<\/ul>\n<p>&nbsp;<\/p>\n<p><strong>Compatible avec les mod\u00e8les suivants:<\/strong><\/p>\n<ul>\n<li>R12 Gordini, A110 1565, 1596 &amp; 1605 cc<\/li>\n<li>Toutes les culasses 1600 Gordini et d\u00e9riv\u00e9s<\/li>\n<\/ul>\n<div><\/div>\n<p>*Prix \u00e0 la pi\u00e8ce<\/p>\n","protected":false},"excerpt":{"rendered":"<p>Reference: COUPBOUG1600 Description: Maintient le joint de tube de bougie contre l&rsquo;int\u00e9rieur du cache-culbuteurs Fabriqu\u00e9 en acier embouti Diam\u00e8tre int\u00e9rieur (trou) 29,70 mm, diam ext 42,30 mm &nbsp; Compatible avec les mod\u00e8les suivants: R12 Gordini, A110 1565, 1596 &amp; 1605 cc Toutes les culasses 1600 Gordini et d\u00e9riv\u00e9s *Prix \u00e0 la pi\u00e8ce<\/p>\n","protected":false},"featured_media":1959,"template":"","meta":{"_et_pb_use_builder":"","_et_pb_old_content":"","_et_gb_content_width":"","_exactmetrics_skip_tracking":false,"_exactmetrics_sitenote_active":false,"_exactmetrics_sitenote_note":"","_exactmetrics_sitenote_category":0},"product_brand":[],"product_cat":[51,35,58],"product_tag":[],"class_list":{"0":"post-2960","1":"product","2":"type-product","3":"status-publish","4":"has-post-thumbnail","6":"product_cat-1600-fr","7":"product_cat-moteur","8":"product_cat-produits-exclusifs","10":"first","11":"instock","12":"taxable","13":"shipping-taxable","14":"purchasable","15":"product-type-simple"},"yoast_head":"<!-- This site is optimized with the Yoast SEO plugin v27.2 - https:\/\/yoast.com\/product\/yoast-seo-wordpress\/ -->\n<title>Coupelle maintien joint, tube de bougie culasse Gordini - Pieces Alpine A110<\/title>\n<meta name=\"robots\" content=\"index, follow, max-snippet:-1, max-image-preview:large, max-video-preview:-1\" \/>\n<link rel=\"canonical\" href=\"https:\/\/piecesalpinea110.com\/fr\/produit\/coupelle-maintien-joint-tube-de-bougie-culasse-gordini\/\" \/>\n<meta property=\"og:locale\" content=\"fr_FR\" \/>\n<meta property=\"og:type\" content=\"article\" \/>\n<meta property=\"og:title\" content=\"Coupelle maintien joint, tube de bougie culasse Gordini - Pieces Alpine A110\" \/>\n<meta property=\"og:description\" content=\"Reference: COUPBOUG1600 Description: Maintient le joint de tube de bougie contre l&rsquo;int\u00e9rieur du cache-culbuteurs Fabriqu\u00e9 en acier embouti Diam\u00e8tre int\u00e9rieur (trou) 29,70 mm, diam ext 42,30 mm &nbsp; Compatible avec les mod\u00e8les suivants: R12 Gordini, A110 1565, 1596 &amp; 1605 cc Toutes les culasses 1600 Gordini et d\u00e9riv\u00e9s *Prix \u00e0 la pi\u00e8ce\" \/>\n<meta property=\"og:url\" content=\"https:\/\/piecesalpinea110.com\/fr\/produit\/coupelle-maintien-joint-tube-de-bougie-culasse-gordini\/\" \/>\n<meta property=\"og:site_name\" content=\"Pieces Alpine A110\" \/>\n<meta property=\"article:modified_time\" content=\"2026-03-27T21:48:25+00:00\" \/>\n<meta property=\"og:image\" content=\"https:\/\/piecesalpinea110.com\/wp-content\/uploads\/2018\/04\/tubeshim1300-1-1.jpg\" \/>\n\t<meta property=\"og:image:width\" content=\"513\" \/>\n\t<meta property=\"og:image:height\" content=\"513\" \/>\n\t<meta property=\"og:image:type\" content=\"image\/jpeg\" \/>\n<meta name=\"twitter:card\" content=\"summary_large_image\" \/>\n<script type=\"application\/ld+json\" class=\"yoast-schema-graph\">{\"@context\":\"https:\/\/schema.org\",\"@graph\":[{\"@type\":\"WebPage\",\"@id\":\"https:\/\/piecesalpinea110.com\/fr\/produit\/coupelle-maintien-joint-tube-de-bougie-culasse-gordini\/\",\"url\":\"https:\/\/piecesalpinea110.com\/fr\/produit\/coupelle-maintien-joint-tube-de-bougie-culasse-gordini\/\",\"name\":\"Coupelle maintien joint, tube de bougie culasse Gordini - Pieces Alpine A110\",\"isPartOf\":{\"@id\":\"https:\/\/piecesalpinea110.com\/#website\"},\"primaryImageOfPage\":{\"@id\":\"https:\/\/piecesalpinea110.com\/fr\/produit\/coupelle-maintien-joint-tube-de-bougie-culasse-gordini\/#primaryimage\"},\"image\":{\"@id\":\"https:\/\/piecesalpinea110.com\/fr\/produit\/coupelle-maintien-joint-tube-de-bougie-culasse-gordini\/#primaryimage\"},\"thumbnailUrl\":\"https:\/\/piecesalpinea110.com\/wp-content\/uploads\/2018\/04\/tubeshim1300-1-1.jpg\",\"datePublished\":\"2018-04-14T19:02:25+00:00\",\"dateModified\":\"2026-03-27T21:48:25+00:00\",\"breadcrumb\":{\"@id\":\"https:\/\/piecesalpinea110.com\/fr\/produit\/coupelle-maintien-joint-tube-de-bougie-culasse-gordini\/#breadcrumb\"},\"inLanguage\":\"fr-FR\",\"potentialAction\":[{\"@type\":\"ReadAction\",\"target\":[\"https:\/\/piecesalpinea110.com\/fr\/produit\/coupelle-maintien-joint-tube-de-bougie-culasse-gordini\/\"]}]},{\"@type\":\"ImageObject\",\"inLanguage\":\"fr-FR\",\"@id\":\"https:\/\/piecesalpinea110.com\/fr\/produit\/coupelle-maintien-joint-tube-de-bougie-culasse-gordini\/#primaryimage\",\"url\":\"https:\/\/piecesalpinea110.com\/wp-content\/uploads\/2018\/04\/tubeshim1300-1-1.jpg\",\"contentUrl\":\"https:\/\/piecesalpinea110.com\/wp-content\/uploads\/2018\/04\/tubeshim1300-1-1.jpg\",\"width\":513,\"height\":513},{\"@type\":\"BreadcrumbList\",\"@id\":\"https:\/\/piecesalpinea110.com\/fr\/produit\/coupelle-maintien-joint-tube-de-bougie-culasse-gordini\/#breadcrumb\",\"itemListElement\":[{\"@type\":\"ListItem\",\"position\":1,\"name\":\"Home\",\"item\":\"https:\/\/piecesalpinea110.com\/fr\/\"},{\"@type\":\"ListItem\",\"position\":2,\"name\":\"Boutique\",\"item\":\"https:\/\/piecesalpinea110.com\/fr\/boutique\/\"},{\"@type\":\"ListItem\",\"position\":3,\"name\":\"Coupelle maintien joint, tube de bougie culasse Gordini\"}]},{\"@type\":\"WebSite\",\"@id\":\"https:\/\/piecesalpinea110.com\/#website\",\"url\":\"https:\/\/piecesalpinea110.com\/\",\"name\":\"Pieces Alpine A110\",\"description\":\"Pieces for Alpine A110\",\"potentialAction\":[{\"@type\":\"SearchAction\",\"target\":{\"@type\":\"EntryPoint\",\"urlTemplate\":\"https:\/\/piecesalpinea110.com\/?s={search_term_string}\"},\"query-input\":{\"@type\":\"PropertyValueSpecification\",\"valueRequired\":true,\"valueName\":\"search_term_string\"}}],\"inLanguage\":\"fr-FR\"}]}<\/script>\n<!-- \/ Yoast SEO plugin. -->","yoast_head_json":{"title":"Coupelle maintien joint, tube de bougie culasse Gordini - Pieces Alpine A110","robots":{"index":"index","follow":"follow","max-snippet":"max-snippet:-1","max-image-preview":"max-image-preview:large","max-video-preview":"max-video-preview:-1"},"canonical":"https:\/\/piecesalpinea110.com\/fr\/produit\/coupelle-maintien-joint-tube-de-bougie-culasse-gordini\/","og_locale":"fr_FR","og_type":"article","og_title":"Coupelle maintien joint, tube de bougie culasse Gordini - Pieces Alpine A110","og_description":"Reference: COUPBOUG1600 Description: Maintient le joint de tube de bougie contre l&rsquo;int\u00e9rieur du cache-culbuteurs Fabriqu\u00e9 en acier embouti Diam\u00e8tre int\u00e9rieur (trou) 29,70 mm, diam ext 42,30 mm &nbsp; Compatible avec les mod\u00e8les suivants: R12 Gordini, A110 1565, 1596 &amp; 1605 cc Toutes les culasses 1600 Gordini et d\u00e9riv\u00e9s *Prix \u00e0 la pi\u00e8ce","og_url":"https:\/\/piecesalpinea110.com\/fr\/produit\/coupelle-maintien-joint-tube-de-bougie-culasse-gordini\/","og_site_name":"Pieces Alpine A110","article_modified_time":"2026-03-27T21:48:25+00:00","og_image":[{"width":513,"height":513,"url":"https:\/\/piecesalpinea110.com\/wp-content\/uploads\/2018\/04\/tubeshim1300-1-1.jpg","type":"image\/jpeg"}],"twitter_card":"summary_large_image","schema":{"@context":"https:\/\/schema.org","@graph":[{"@type":"WebPage","@id":"https:\/\/piecesalpinea110.com\/fr\/produit\/coupelle-maintien-joint-tube-de-bougie-culasse-gordini\/","url":"https:\/\/piecesalpinea110.com\/fr\/produit\/coupelle-maintien-joint-tube-de-bougie-culasse-gordini\/","name":"Coupelle maintien joint, tube de bougie culasse Gordini - Pieces Alpine A110","isPartOf":{"@id":"https:\/\/piecesalpinea110.com\/#website"},"primaryImageOfPage":{"@id":"https:\/\/piecesalpinea110.com\/fr\/produit\/coupelle-maintien-joint-tube-de-bougie-culasse-gordini\/#primaryimage"},"image":{"@id":"https:\/\/piecesalpinea110.com\/fr\/produit\/coupelle-maintien-joint-tube-de-bougie-culasse-gordini\/#primaryimage"},"thumbnailUrl":"https:\/\/piecesalpinea110.com\/wp-content\/uploads\/2018\/04\/tubeshim1300-1-1.jpg","datePublished":"2018-04-14T19:02:25+00:00","dateModified":"2026-03-27T21:48:25+00:00","breadcrumb":{"@id":"https:\/\/piecesalpinea110.com\/fr\/produit\/coupelle-maintien-joint-tube-de-bougie-culasse-gordini\/#breadcrumb"},"inLanguage":"fr-FR","potentialAction":[{"@type":"ReadAction","target":["https:\/\/piecesalpinea110.com\/fr\/produit\/coupelle-maintien-joint-tube-de-bougie-culasse-gordini\/"]}]},{"@type":"ImageObject","inLanguage":"fr-FR","@id":"https:\/\/piecesalpinea110.com\/fr\/produit\/coupelle-maintien-joint-tube-de-bougie-culasse-gordini\/#primaryimage","url":"https:\/\/piecesalpinea110.com\/wp-content\/uploads\/2018\/04\/tubeshim1300-1-1.jpg","contentUrl":"https:\/\/piecesalpinea110.com\/wp-content\/uploads\/2018\/04\/tubeshim1300-1-1.jpg","width":513,"height":513},{"@type":"BreadcrumbList","@id":"https:\/\/piecesalpinea110.com\/fr\/produit\/coupelle-maintien-joint-tube-de-bougie-culasse-gordini\/#breadcrumb","itemListElement":[{"@type":"ListItem","position":1,"name":"Home","item":"https:\/\/piecesalpinea110.com\/fr\/"},{"@type":"ListItem","position":2,"name":"Boutique","item":"https:\/\/piecesalpinea110.com\/fr\/boutique\/"},{"@type":"ListItem","position":3,"name":"Coupelle maintien joint, tube de bougie culasse Gordini"}]},{"@type":"WebSite","@id":"https:\/\/piecesalpinea110.com\/#website","url":"https:\/\/piecesalpinea110.com\/","name":"Pieces Alpine A110","description":"Pieces for Alpine A110","potentialAction":[{"@type":"SearchAction","target":{"@type":"EntryPoint","urlTemplate":"https:\/\/piecesalpinea110.com\/?s={search_term_string}"},"query-input":{"@type":"PropertyValueSpecification","valueRequired":true,"valueName":"search_term_string"}}],"inLanguage":"fr-FR"}]}},"_links":{"self":[{"href":"https:\/\/piecesalpinea110.com\/fr\/wp-json\/wp\/v2\/product\/2960","targetHints":{"allow":["GET"]}}],"collection":[{"href":"https:\/\/piecesalpinea110.com\/fr\/wp-json\/wp\/v2\/product"}],"about":[{"href":"https:\/\/piecesalpinea110.com\/fr\/wp-json\/wp\/v2\/types\/product"}],"wp:featuredmedia":[{"embeddable":true,"href":"https:\/\/piecesalpinea110.com\/fr\/wp-json\/wp\/v2\/media\/1959"}],"wp:attachment":[{"href":"https:\/\/piecesalpinea110.com\/fr\/wp-json\/wp\/v2\/media?parent=2960"}],"wp:term":[{"taxonomy":"product_brand","embeddable":true,"href":"https:\/\/piecesalpinea110.com\/fr\/wp-json\/wp\/v2\/product_brand?post=2960"},{"taxonomy":"product_cat","embeddable":true,"href":"https:\/\/piecesalpinea110.com\/fr\/wp-json\/wp\/v2\/product_cat?post=2960"},{"taxonomy":"product_tag","embeddable":true,"href":"https:\/\/piecesalpinea110.com\/fr\/wp-json\/wp\/v2\/product_tag?post=2960"}],"curies":[{"name":"wp","href":"https:\/\/api.w.org\/{rel}","templated":true}]}}