{"id":2962,"date":"2018-04-13T21:02:21","date_gmt":"2018-04-13T20:02:21","guid":{"rendered":"https:\/\/piecesalpinea110.com\/product\/plaques-de-renfort-entre-bloc-moteur-et-boite-de-vitesse\/"},"modified":"2018-09-25T22:02:49","modified_gmt":"2018-09-25T21:02:49","slug":"plaques-de-renfort-entre-bloc-moteur-et-boite-de-vitesse","status":"publish","type":"product","link":"https:\/\/piecesalpinea110.com\/fr\/produit\/plaques-de-renfort-entre-bloc-moteur-et-boite-de-vitesse\/","title":{"rendered":"Plaques de renfort entre bloc moteur et bo\u00eete de vitesse"},"content":{"rendered":"<p><strong>Reference<\/strong>:\u00a0RENFMOT1300<\/p>\n<p>&nbsp;<\/p>\n<p><strong>Description<\/strong>:<\/p>\n<ul>\n<li>Plaques de 4 mm d&rsquo;acier<\/li>\n<li>Copie de 60 00 001 138 and 60 00 001 224, avec d\u00e9coupe pour utilisation de carter d&rsquo;huile aluminium (en T), sans compromettre la r\u00e9sistance (peut donc \u00eatre utilis\u00e9 avec un carter t\u00f4le modifi\u00e9 ou non).<\/li>\n<li>Plaque \u00e0 droite avec entraxe 60,05 +\/- 5,00 mm , \u00e0 gauche avec entraxe de 63 mm.<\/li>\n<li>Renforce l&rsquo;attache du bloc moteur au carter d&#8217;embrayage, pour \u00e9viter les f\u00ealures au niveau des boulons de liaison sur le carter<\/li>\n<\/ul>\n<div><strong>Compatible avec les mod\u00e8les suivants:<\/strong><\/div>\n<ul>\n<li>Alpine A110 ou R8 avec bloc moteur Gordini  (second type, le plus courant) et les blocs 1108 \/ 1289 cc (premier mod\u00e8le), v\u00e9rifiez les entraxes des filets de fixation sur le bloc.<\/li>\n<\/ul>\n","protected":false},"excerpt":{"rendered":"<p>Reference:\u00a0RENFMOT1300 &nbsp; Description: Plaques de 4 mm d&rsquo;acier Copie de 60 00 001 138 and 60 00 001 224, avec d\u00e9coupe pour utilisation de carter d&rsquo;huile aluminium (en T), sans compromettre la r\u00e9sistance (peut donc \u00eatre utilis\u00e9 avec un carter t\u00f4le modifi\u00e9 ou non). Plaque \u00e0 droite avec entraxe 60,05 +\/- 5,00 mm , \u00e0 [&hellip;]<\/p>\n","protected":false},"featured_media":3605,"template":"","meta":{"_et_pb_use_builder":"","_et_pb_old_content":"","_et_gb_content_width":"","_exactmetrics_skip_tracking":false,"_exactmetrics_sitenote_active":false,"_exactmetrics_sitenote_note":"","_exactmetrics_sitenote_category":0},"product_brand":[],"product_cat":[64],"product_tag":[],"class_list":{"0":"post-2962","1":"product","2":"type-product","3":"status-publish","4":"has-post-thumbnail","6":"product_cat-uncategorized-fr","8":"first","9":"outofstock","10":"taxable","11":"shipping-taxable","12":"purchasable","13":"product-type-simple"},"yoast_head":"<!-- This site is optimized with the Yoast SEO plugin v27.2 - https:\/\/yoast.com\/product\/yoast-seo-wordpress\/ -->\n<title>Plaques de renfort entre bloc moteur et bo\u00eete de vitesse - Pieces Alpine A110<\/title>\n<meta name=\"robots\" content=\"index, follow, max-snippet:-1, max-image-preview:large, max-video-preview:-1\" \/>\n<link rel=\"canonical\" href=\"https:\/\/piecesalpinea110.com\/fr\/produit\/plaques-de-renfort-entre-bloc-moteur-et-boite-de-vitesse\/\" \/>\n<meta property=\"og:locale\" content=\"fr_FR\" \/>\n<meta property=\"og:type\" content=\"article\" \/>\n<meta property=\"og:title\" content=\"Plaques de renfort entre bloc moteur et bo\u00eete de vitesse - Pieces Alpine A110\" \/>\n<meta property=\"og:description\" content=\"Reference:\u00a0RENFMOT1300 &nbsp; Description: Plaques de 4 mm d&rsquo;acier Copie de 60 00 001 138 and 60 00 001 224, avec d\u00e9coupe pour utilisation de carter d&rsquo;huile aluminium (en T), sans compromettre la r\u00e9sistance (peut donc \u00eatre utilis\u00e9 avec un carter t\u00f4le modifi\u00e9 ou non). Plaque \u00e0 droite avec entraxe 60,05 +\/- 5,00 mm , \u00e0 [&hellip;]\" \/>\n<meta property=\"og:url\" content=\"https:\/\/piecesalpinea110.com\/fr\/produit\/plaques-de-renfort-entre-bloc-moteur-et-boite-de-vitesse\/\" \/>\n<meta property=\"og:site_name\" content=\"Pieces Alpine A110\" \/>\n<meta property=\"article:modified_time\" content=\"2018-09-25T21:02:49+00:00\" \/>\n<meta property=\"og:image\" content=\"https:\/\/piecesalpinea110.com\/wp-content\/uploads\/2018\/04\/2018-11-01_083428.jpg\" \/>\n\t<meta property=\"og:image:width\" content=\"415\" \/>\n\t<meta property=\"og:image:height\" content=\"458\" \/>\n\t<meta property=\"og:image:type\" content=\"image\/jpeg\" \/>\n<meta name=\"twitter:card\" content=\"summary_large_image\" \/>\n<meta name=\"twitter:label1\" content=\"Dur\u00e9e de lecture estim\u00e9e\" \/>\n\t<meta name=\"twitter:data1\" content=\"1 minute\" \/>\n<script type=\"application\/ld+json\" class=\"yoast-schema-graph\">{\"@context\":\"https:\/\/schema.org\",\"@graph\":[{\"@type\":\"WebPage\",\"@id\":\"https:\/\/piecesalpinea110.com\/fr\/produit\/plaques-de-renfort-entre-bloc-moteur-et-boite-de-vitesse\/\",\"url\":\"https:\/\/piecesalpinea110.com\/fr\/produit\/plaques-de-renfort-entre-bloc-moteur-et-boite-de-vitesse\/\",\"name\":\"Plaques de renfort entre bloc moteur et bo\u00eete de vitesse - Pieces Alpine A110\",\"isPartOf\":{\"@id\":\"https:\/\/piecesalpinea110.com\/#website\"},\"primaryImageOfPage\":{\"@id\":\"https:\/\/piecesalpinea110.com\/fr\/produit\/plaques-de-renfort-entre-bloc-moteur-et-boite-de-vitesse\/#primaryimage\"},\"image\":{\"@id\":\"https:\/\/piecesalpinea110.com\/fr\/produit\/plaques-de-renfort-entre-bloc-moteur-et-boite-de-vitesse\/#primaryimage\"},\"thumbnailUrl\":\"https:\/\/piecesalpinea110.com\/wp-content\/uploads\/2018\/04\/2018-11-01_083428.jpg\",\"datePublished\":\"2018-04-13T20:02:21+00:00\",\"dateModified\":\"2018-09-25T21:02:49+00:00\",\"breadcrumb\":{\"@id\":\"https:\/\/piecesalpinea110.com\/fr\/produit\/plaques-de-renfort-entre-bloc-moteur-et-boite-de-vitesse\/#breadcrumb\"},\"inLanguage\":\"fr-FR\",\"potentialAction\":[{\"@type\":\"ReadAction\",\"target\":[\"https:\/\/piecesalpinea110.com\/fr\/produit\/plaques-de-renfort-entre-bloc-moteur-et-boite-de-vitesse\/\"]}]},{\"@type\":\"ImageObject\",\"inLanguage\":\"fr-FR\",\"@id\":\"https:\/\/piecesalpinea110.com\/fr\/produit\/plaques-de-renfort-entre-bloc-moteur-et-boite-de-vitesse\/#primaryimage\",\"url\":\"https:\/\/piecesalpinea110.com\/wp-content\/uploads\/2018\/04\/2018-11-01_083428.jpg\",\"contentUrl\":\"https:\/\/piecesalpinea110.com\/wp-content\/uploads\/2018\/04\/2018-11-01_083428.jpg\",\"width\":415,\"height\":458},{\"@type\":\"BreadcrumbList\",\"@id\":\"https:\/\/piecesalpinea110.com\/fr\/produit\/plaques-de-renfort-entre-bloc-moteur-et-boite-de-vitesse\/#breadcrumb\",\"itemListElement\":[{\"@type\":\"ListItem\",\"position\":1,\"name\":\"Home\",\"item\":\"https:\/\/piecesalpinea110.com\/fr\/\"},{\"@type\":\"ListItem\",\"position\":2,\"name\":\"Boutique\",\"item\":\"https:\/\/piecesalpinea110.com\/fr\/boutique\/\"},{\"@type\":\"ListItem\",\"position\":3,\"name\":\"Plaques de renfort entre bloc moteur et bo\u00eete de vitesse\"}]},{\"@type\":\"WebSite\",\"@id\":\"https:\/\/piecesalpinea110.com\/#website\",\"url\":\"https:\/\/piecesalpinea110.com\/\",\"name\":\"Pieces Alpine A110\",\"description\":\"Pieces for Alpine A110\",\"potentialAction\":[{\"@type\":\"SearchAction\",\"target\":{\"@type\":\"EntryPoint\",\"urlTemplate\":\"https:\/\/piecesalpinea110.com\/?s={search_term_string}\"},\"query-input\":{\"@type\":\"PropertyValueSpecification\",\"valueRequired\":true,\"valueName\":\"search_term_string\"}}],\"inLanguage\":\"fr-FR\"}]}<\/script>\n<!-- \/ Yoast SEO plugin. -->","yoast_head_json":{"title":"Plaques de renfort entre bloc moteur et bo\u00eete de vitesse - Pieces Alpine A110","robots":{"index":"index","follow":"follow","max-snippet":"max-snippet:-1","max-image-preview":"max-image-preview:large","max-video-preview":"max-video-preview:-1"},"canonical":"https:\/\/piecesalpinea110.com\/fr\/produit\/plaques-de-renfort-entre-bloc-moteur-et-boite-de-vitesse\/","og_locale":"fr_FR","og_type":"article","og_title":"Plaques de renfort entre bloc moteur et bo\u00eete de vitesse - Pieces Alpine A110","og_description":"Reference:\u00a0RENFMOT1300 &nbsp; Description: Plaques de 4 mm d&rsquo;acier Copie de 60 00 001 138 and 60 00 001 224, avec d\u00e9coupe pour utilisation de carter d&rsquo;huile aluminium (en T), sans compromettre la r\u00e9sistance (peut donc \u00eatre utilis\u00e9 avec un carter t\u00f4le modifi\u00e9 ou non). Plaque \u00e0 droite avec entraxe 60,05 +\/- 5,00 mm , \u00e0 [&hellip;]","og_url":"https:\/\/piecesalpinea110.com\/fr\/produit\/plaques-de-renfort-entre-bloc-moteur-et-boite-de-vitesse\/","og_site_name":"Pieces Alpine A110","article_modified_time":"2018-09-25T21:02:49+00:00","og_image":[{"width":415,"height":458,"url":"https:\/\/piecesalpinea110.com\/wp-content\/uploads\/2018\/04\/2018-11-01_083428.jpg","type":"image\/jpeg"}],"twitter_card":"summary_large_image","twitter_misc":{"Dur\u00e9e de lecture estim\u00e9e":"1 minute"},"schema":{"@context":"https:\/\/schema.org","@graph":[{"@type":"WebPage","@id":"https:\/\/piecesalpinea110.com\/fr\/produit\/plaques-de-renfort-entre-bloc-moteur-et-boite-de-vitesse\/","url":"https:\/\/piecesalpinea110.com\/fr\/produit\/plaques-de-renfort-entre-bloc-moteur-et-boite-de-vitesse\/","name":"Plaques de renfort entre bloc moteur et bo\u00eete de vitesse - Pieces Alpine A110","isPartOf":{"@id":"https:\/\/piecesalpinea110.com\/#website"},"primaryImageOfPage":{"@id":"https:\/\/piecesalpinea110.com\/fr\/produit\/plaques-de-renfort-entre-bloc-moteur-et-boite-de-vitesse\/#primaryimage"},"image":{"@id":"https:\/\/piecesalpinea110.com\/fr\/produit\/plaques-de-renfort-entre-bloc-moteur-et-boite-de-vitesse\/#primaryimage"},"thumbnailUrl":"https:\/\/piecesalpinea110.com\/wp-content\/uploads\/2018\/04\/2018-11-01_083428.jpg","datePublished":"2018-04-13T20:02:21+00:00","dateModified":"2018-09-25T21:02:49+00:00","breadcrumb":{"@id":"https:\/\/piecesalpinea110.com\/fr\/produit\/plaques-de-renfort-entre-bloc-moteur-et-boite-de-vitesse\/#breadcrumb"},"inLanguage":"fr-FR","potentialAction":[{"@type":"ReadAction","target":["https:\/\/piecesalpinea110.com\/fr\/produit\/plaques-de-renfort-entre-bloc-moteur-et-boite-de-vitesse\/"]}]},{"@type":"ImageObject","inLanguage":"fr-FR","@id":"https:\/\/piecesalpinea110.com\/fr\/produit\/plaques-de-renfort-entre-bloc-moteur-et-boite-de-vitesse\/#primaryimage","url":"https:\/\/piecesalpinea110.com\/wp-content\/uploads\/2018\/04\/2018-11-01_083428.jpg","contentUrl":"https:\/\/piecesalpinea110.com\/wp-content\/uploads\/2018\/04\/2018-11-01_083428.jpg","width":415,"height":458},{"@type":"BreadcrumbList","@id":"https:\/\/piecesalpinea110.com\/fr\/produit\/plaques-de-renfort-entre-bloc-moteur-et-boite-de-vitesse\/#breadcrumb","itemListElement":[{"@type":"ListItem","position":1,"name":"Home","item":"https:\/\/piecesalpinea110.com\/fr\/"},{"@type":"ListItem","position":2,"name":"Boutique","item":"https:\/\/piecesalpinea110.com\/fr\/boutique\/"},{"@type":"ListItem","position":3,"name":"Plaques de renfort entre bloc moteur et bo\u00eete de vitesse"}]},{"@type":"WebSite","@id":"https:\/\/piecesalpinea110.com\/#website","url":"https:\/\/piecesalpinea110.com\/","name":"Pieces Alpine A110","description":"Pieces for Alpine A110","potentialAction":[{"@type":"SearchAction","target":{"@type":"EntryPoint","urlTemplate":"https:\/\/piecesalpinea110.com\/?s={search_term_string}"},"query-input":{"@type":"PropertyValueSpecification","valueRequired":true,"valueName":"search_term_string"}}],"inLanguage":"fr-FR"}]}},"_links":{"self":[{"href":"https:\/\/piecesalpinea110.com\/fr\/wp-json\/wp\/v2\/product\/2962","targetHints":{"allow":["GET"]}}],"collection":[{"href":"https:\/\/piecesalpinea110.com\/fr\/wp-json\/wp\/v2\/product"}],"about":[{"href":"https:\/\/piecesalpinea110.com\/fr\/wp-json\/wp\/v2\/types\/product"}],"wp:featuredmedia":[{"embeddable":true,"href":"https:\/\/piecesalpinea110.com\/fr\/wp-json\/wp\/v2\/media\/3605"}],"wp:attachment":[{"href":"https:\/\/piecesalpinea110.com\/fr\/wp-json\/wp\/v2\/media?parent=2962"}],"wp:term":[{"taxonomy":"product_brand","embeddable":true,"href":"https:\/\/piecesalpinea110.com\/fr\/wp-json\/wp\/v2\/product_brand?post=2962"},{"taxonomy":"product_cat","embeddable":true,"href":"https:\/\/piecesalpinea110.com\/fr\/wp-json\/wp\/v2\/product_cat?post=2962"},{"taxonomy":"product_tag","embeddable":true,"href":"https:\/\/piecesalpinea110.com\/fr\/wp-json\/wp\/v2\/product_tag?post=2962"}],"curies":[{"name":"wp","href":"https:\/\/api.w.org\/{rel}","templated":true}]}}