{"id":2978,"date":"2018-03-28T18:15:40","date_gmt":"2018-03-28T17:15:40","guid":{"rendered":"https:\/\/piecesalpinea110.com\/product\/butoirs-avant-alpine-a110-a-partir-de-1973\/"},"modified":"2018-03-28T18:15:40","modified_gmt":"2018-03-28T17:15:40","slug":"butoirs-avant-alpine-a110-a-partir-de-1973","status":"publish","type":"product","link":"https:\/\/piecesalpinea110.com\/fr\/produit\/butoirs-avant-alpine-a110-a-partir-de-1973\/","title":{"rendered":"Butoirs avant, Alpine A110 \u00e0 partir de 1973"},"content":{"rendered":"<p><strong>Reference:<\/strong> BUT1973<\/p>\n<div><strong>Compatible avec<\/strong>:<\/div>\n<ul>\n<li>A110 coque type AM 1973 et suivantes, 1300 and 1600 cc avec boutons poussoirs sur les portes<\/li>\n<\/ul>\n<div><\/div>\n<div><strong>Specification<\/strong>:<\/div>\n<ul>\n<li>Tir\u00e9s d&rsquo;un nouveau moule r\u00e9alis\u00e9 sur pi\u00e8ces d&rsquo;origine<\/li>\n<li>Plaquette et vis en inox incorpor\u00e9s dans le caoutchouc<\/li>\n<li>Nous sommes les seuls \u00e0 avoir refait cette pi\u00e8ce en neuf<\/li>\n<\/ul>\n<div><\/div>\n<div>*Prix pour une paire<\/div>\n","protected":false},"excerpt":{"rendered":"<p>Reference: BUT1973 Compatible avec: A110 coque type AM 1973 et suivantes, 1300 and 1600 cc avec boutons poussoirs sur les portes Specification: Tir\u00e9s d&rsquo;un nouveau moule r\u00e9alis\u00e9 sur pi\u00e8ces d&rsquo;origine Plaquette et vis en inox incorpor\u00e9s dans le caoutchouc Nous sommes les seuls \u00e0 avoir refait cette pi\u00e8ce en neuf *Prix pour une paire<\/p>\n","protected":false},"featured_media":1482,"template":"","meta":{"_et_pb_use_builder":"on","_et_pb_old_content":"<strong>Reference:<\/strong> BUT1973\r\n\r\n<div><\/div>\r\n<div><strong>Compatible with<\/strong>:<\/div>\r\n<ul>\r\n \t<li>A110 bodywork type 1973 onwards, 1300 and 1600 cc with door buttons<\/li>\r\n<\/ul>\r\n<div><\/div>\r\n<div><strong>Specification<\/strong>:<\/div>\r\n<ul>\r\n \t<li>Made from a bespoke mould based on an original unit<\/li>\r\n \t<li>Plate with screw in stainless carefully inserted into the rubber<\/li>\r\n \t<li>We are the sole source for this part (in new condition)<\/li>\r\n<\/ul>\r\n<div><\/div>\r\n<div>*Price is for a pair<\/div>","_et_gb_content_width":"","_exactmetrics_skip_tracking":false,"_exactmetrics_sitenote_active":false,"_exactmetrics_sitenote_note":"","_exactmetrics_sitenote_category":0},"product_brand":[],"product_cat":[45],"product_tag":[],"class_list":{"0":"post-2978","1":"product","2":"type-product","3":"status-publish","4":"has-post-thumbnail","6":"product_cat-carrosserie","8":"first","9":"instock","10":"taxable","11":"shipping-taxable","12":"purchasable","13":"product-type-simple"},"yoast_head":"<!-- This site is optimized with the Yoast SEO plugin v27.2 - https:\/\/yoast.com\/product\/yoast-seo-wordpress\/ -->\n<title>Butoirs avant, Alpine A110 \u00e0 partir de 1973 - Pieces Alpine A110<\/title>\n<meta name=\"robots\" content=\"index, follow, max-snippet:-1, max-image-preview:large, max-video-preview:-1\" \/>\n<link rel=\"canonical\" href=\"https:\/\/piecesalpinea110.com\/fr\/produit\/butoirs-avant-alpine-a110-a-partir-de-1973\/\" \/>\n<meta property=\"og:locale\" content=\"fr_FR\" \/>\n<meta property=\"og:type\" content=\"article\" \/>\n<meta property=\"og:title\" content=\"Butoirs avant, Alpine A110 \u00e0 partir de 1973 - Pieces Alpine A110\" \/>\n<meta property=\"og:description\" content=\"Reference: BUT1973 Compatible avec: A110 coque type AM 1973 et suivantes, 1300 and 1600 cc avec boutons poussoirs sur les portes Specification: Tir\u00e9s d&#039;un nouveau moule r\u00e9alis\u00e9 sur pi\u00e8ces d&#039;origine Plaquette et vis en inox incorpor\u00e9s dans le caoutchouc Nous sommes les seuls \u00e0 avoir refait cette pi\u00e8ce en neuf *Prix pour une paire\" \/>\n<meta property=\"og:url\" content=\"https:\/\/piecesalpinea110.com\/fr\/produit\/butoirs-avant-alpine-a110-a-partir-de-1973\/\" \/>\n<meta property=\"og:site_name\" content=\"Pieces Alpine A110\" \/>\n<meta property=\"og:image\" content=\"https:\/\/piecesalpinea110.com\/wp-content\/uploads\/2018\/03\/BUTOIR-2.jpg\" \/>\n\t<meta property=\"og:image:width\" content=\"1296\" \/>\n\t<meta property=\"og:image:height\" content=\"972\" \/>\n\t<meta property=\"og:image:type\" content=\"image\/jpeg\" \/>\n<meta name=\"twitter:card\" content=\"summary_large_image\" \/>\n<script type=\"application\/ld+json\" class=\"yoast-schema-graph\">{\"@context\":\"https:\/\/schema.org\",\"@graph\":[{\"@type\":\"WebPage\",\"@id\":\"https:\/\/piecesalpinea110.com\/fr\/produit\/butoirs-avant-alpine-a110-a-partir-de-1973\/\",\"url\":\"https:\/\/piecesalpinea110.com\/fr\/produit\/butoirs-avant-alpine-a110-a-partir-de-1973\/\",\"name\":\"Butoirs avant, Alpine A110 \u00e0 partir de 1973 - Pieces Alpine A110\",\"isPartOf\":{\"@id\":\"https:\/\/piecesalpinea110.com\/#website\"},\"primaryImageOfPage\":{\"@id\":\"https:\/\/piecesalpinea110.com\/fr\/produit\/butoirs-avant-alpine-a110-a-partir-de-1973\/#primaryimage\"},\"image\":{\"@id\":\"https:\/\/piecesalpinea110.com\/fr\/produit\/butoirs-avant-alpine-a110-a-partir-de-1973\/#primaryimage\"},\"thumbnailUrl\":\"https:\/\/piecesalpinea110.com\/wp-content\/uploads\/2018\/03\/BUTOIR-2.jpg\",\"datePublished\":\"2018-03-28T17:15:40+00:00\",\"breadcrumb\":{\"@id\":\"https:\/\/piecesalpinea110.com\/fr\/produit\/butoirs-avant-alpine-a110-a-partir-de-1973\/#breadcrumb\"},\"inLanguage\":\"fr-FR\",\"potentialAction\":[{\"@type\":\"ReadAction\",\"target\":[\"https:\/\/piecesalpinea110.com\/fr\/produit\/butoirs-avant-alpine-a110-a-partir-de-1973\/\"]}]},{\"@type\":\"ImageObject\",\"inLanguage\":\"fr-FR\",\"@id\":\"https:\/\/piecesalpinea110.com\/fr\/produit\/butoirs-avant-alpine-a110-a-partir-de-1973\/#primaryimage\",\"url\":\"https:\/\/piecesalpinea110.com\/wp-content\/uploads\/2018\/03\/BUTOIR-2.jpg\",\"contentUrl\":\"https:\/\/piecesalpinea110.com\/wp-content\/uploads\/2018\/03\/BUTOIR-2.jpg\",\"width\":1296,\"height\":972},{\"@type\":\"BreadcrumbList\",\"@id\":\"https:\/\/piecesalpinea110.com\/fr\/produit\/butoirs-avant-alpine-a110-a-partir-de-1973\/#breadcrumb\",\"itemListElement\":[{\"@type\":\"ListItem\",\"position\":1,\"name\":\"Home\",\"item\":\"https:\/\/piecesalpinea110.com\/fr\/\"},{\"@type\":\"ListItem\",\"position\":2,\"name\":\"Boutique\",\"item\":\"https:\/\/piecesalpinea110.com\/fr\/boutique\/\"},{\"@type\":\"ListItem\",\"position\":3,\"name\":\"Butoirs avant, Alpine A110 \u00e0 partir de 1973\"}]},{\"@type\":\"WebSite\",\"@id\":\"https:\/\/piecesalpinea110.com\/#website\",\"url\":\"https:\/\/piecesalpinea110.com\/\",\"name\":\"Pieces Alpine A110\",\"description\":\"Pieces for Alpine A110\",\"potentialAction\":[{\"@type\":\"SearchAction\",\"target\":{\"@type\":\"EntryPoint\",\"urlTemplate\":\"https:\/\/piecesalpinea110.com\/?s={search_term_string}\"},\"query-input\":{\"@type\":\"PropertyValueSpecification\",\"valueRequired\":true,\"valueName\":\"search_term_string\"}}],\"inLanguage\":\"fr-FR\"}]}<\/script>\n<!-- \/ Yoast SEO plugin. -->","yoast_head_json":{"title":"Butoirs avant, Alpine A110 \u00e0 partir de 1973 - Pieces Alpine A110","robots":{"index":"index","follow":"follow","max-snippet":"max-snippet:-1","max-image-preview":"max-image-preview:large","max-video-preview":"max-video-preview:-1"},"canonical":"https:\/\/piecesalpinea110.com\/fr\/produit\/butoirs-avant-alpine-a110-a-partir-de-1973\/","og_locale":"fr_FR","og_type":"article","og_title":"Butoirs avant, Alpine A110 \u00e0 partir de 1973 - Pieces Alpine A110","og_description":"Reference: BUT1973 Compatible avec: A110 coque type AM 1973 et suivantes, 1300 and 1600 cc avec boutons poussoirs sur les portes Specification: Tir\u00e9s d'un nouveau moule r\u00e9alis\u00e9 sur pi\u00e8ces d'origine Plaquette et vis en inox incorpor\u00e9s dans le caoutchouc Nous sommes les seuls \u00e0 avoir refait cette pi\u00e8ce en neuf *Prix pour une paire","og_url":"https:\/\/piecesalpinea110.com\/fr\/produit\/butoirs-avant-alpine-a110-a-partir-de-1973\/","og_site_name":"Pieces Alpine A110","og_image":[{"width":1296,"height":972,"url":"https:\/\/piecesalpinea110.com\/wp-content\/uploads\/2018\/03\/BUTOIR-2.jpg","type":"image\/jpeg"}],"twitter_card":"summary_large_image","schema":{"@context":"https:\/\/schema.org","@graph":[{"@type":"WebPage","@id":"https:\/\/piecesalpinea110.com\/fr\/produit\/butoirs-avant-alpine-a110-a-partir-de-1973\/","url":"https:\/\/piecesalpinea110.com\/fr\/produit\/butoirs-avant-alpine-a110-a-partir-de-1973\/","name":"Butoirs avant, Alpine A110 \u00e0 partir de 1973 - Pieces Alpine A110","isPartOf":{"@id":"https:\/\/piecesalpinea110.com\/#website"},"primaryImageOfPage":{"@id":"https:\/\/piecesalpinea110.com\/fr\/produit\/butoirs-avant-alpine-a110-a-partir-de-1973\/#primaryimage"},"image":{"@id":"https:\/\/piecesalpinea110.com\/fr\/produit\/butoirs-avant-alpine-a110-a-partir-de-1973\/#primaryimage"},"thumbnailUrl":"https:\/\/piecesalpinea110.com\/wp-content\/uploads\/2018\/03\/BUTOIR-2.jpg","datePublished":"2018-03-28T17:15:40+00:00","breadcrumb":{"@id":"https:\/\/piecesalpinea110.com\/fr\/produit\/butoirs-avant-alpine-a110-a-partir-de-1973\/#breadcrumb"},"inLanguage":"fr-FR","potentialAction":[{"@type":"ReadAction","target":["https:\/\/piecesalpinea110.com\/fr\/produit\/butoirs-avant-alpine-a110-a-partir-de-1973\/"]}]},{"@type":"ImageObject","inLanguage":"fr-FR","@id":"https:\/\/piecesalpinea110.com\/fr\/produit\/butoirs-avant-alpine-a110-a-partir-de-1973\/#primaryimage","url":"https:\/\/piecesalpinea110.com\/wp-content\/uploads\/2018\/03\/BUTOIR-2.jpg","contentUrl":"https:\/\/piecesalpinea110.com\/wp-content\/uploads\/2018\/03\/BUTOIR-2.jpg","width":1296,"height":972},{"@type":"BreadcrumbList","@id":"https:\/\/piecesalpinea110.com\/fr\/produit\/butoirs-avant-alpine-a110-a-partir-de-1973\/#breadcrumb","itemListElement":[{"@type":"ListItem","position":1,"name":"Home","item":"https:\/\/piecesalpinea110.com\/fr\/"},{"@type":"ListItem","position":2,"name":"Boutique","item":"https:\/\/piecesalpinea110.com\/fr\/boutique\/"},{"@type":"ListItem","position":3,"name":"Butoirs avant, Alpine A110 \u00e0 partir de 1973"}]},{"@type":"WebSite","@id":"https:\/\/piecesalpinea110.com\/#website","url":"https:\/\/piecesalpinea110.com\/","name":"Pieces Alpine A110","description":"Pieces for Alpine A110","potentialAction":[{"@type":"SearchAction","target":{"@type":"EntryPoint","urlTemplate":"https:\/\/piecesalpinea110.com\/?s={search_term_string}"},"query-input":{"@type":"PropertyValueSpecification","valueRequired":true,"valueName":"search_term_string"}}],"inLanguage":"fr-FR"}]}},"_links":{"self":[{"href":"https:\/\/piecesalpinea110.com\/fr\/wp-json\/wp\/v2\/product\/2978","targetHints":{"allow":["GET"]}}],"collection":[{"href":"https:\/\/piecesalpinea110.com\/fr\/wp-json\/wp\/v2\/product"}],"about":[{"href":"https:\/\/piecesalpinea110.com\/fr\/wp-json\/wp\/v2\/types\/product"}],"wp:featuredmedia":[{"embeddable":true,"href":"https:\/\/piecesalpinea110.com\/fr\/wp-json\/wp\/v2\/media\/1482"}],"wp:attachment":[{"href":"https:\/\/piecesalpinea110.com\/fr\/wp-json\/wp\/v2\/media?parent=2978"}],"wp:term":[{"taxonomy":"product_brand","embeddable":true,"href":"https:\/\/piecesalpinea110.com\/fr\/wp-json\/wp\/v2\/product_brand?post=2978"},{"taxonomy":"product_cat","embeddable":true,"href":"https:\/\/piecesalpinea110.com\/fr\/wp-json\/wp\/v2\/product_cat?post=2978"},{"taxonomy":"product_tag","embeddable":true,"href":"https:\/\/piecesalpinea110.com\/fr\/wp-json\/wp\/v2\/product_tag?post=2978"}],"curies":[{"name":"wp","href":"https:\/\/api.w.org\/{rel}","templated":true}]}}