{"id":2979,"date":"2018-03-28T17:03:45","date_gmt":"2018-03-28T16:03:45","guid":{"rendered":"https:\/\/piecesalpinea110.com\/product\/tiges-de-culbuteurs-1600\/"},"modified":"2021-06-09T15:06:49","modified_gmt":"2021-06-09T14:06:49","slug":"tiges-de-culbuteurs-1600","status":"publish","type":"product","link":"https:\/\/piecesalpinea110.com\/fr\/produit\/tiges-de-culbuteurs-1600\/","title":{"rendered":"Tiges de culbuteurs 1600"},"content":{"rendered":"<div class=\"portfolio-item-desc\">\n<div class=\"portfolio-item-desc-inner \" data-collapse-at=\"150\"><strong>Reference: <\/strong>TIGCULB1600 Tiges culbutteurs pour moteur 1600 Gordini <strong><span lang=\"FR\">Description: <\/span><\/strong><\/p>\n<ul>\n<li><span lang=\"FR\">Longueurs 80.50 et 112 mm <\/span><\/li>\n<li><span lang=\"FR\">2 mm plus longues que l&rsquo;original (pour les AAC sport)<\/span><\/li>\n<li><span lang=\"FR\">Fabriqu\u00e9s en acier En-8D<\/span><\/li>\n<li><span lang=\"FR\">Duret\u00e9 55 HRC (plus r\u00e9sistant et plus l\u00e9ger que l&rsquo;origine)<\/span><\/li>\n<\/ul>\n<p><strong><span lang=\"FR\">Contient: <\/span><\/strong><br \/>\nUn jeu de 8<\/div>\n<\/div>\n","protected":false},"excerpt":{"rendered":"<p>Reference: TIGCULB1600 Tiges culbutteurs pour moteur 1600 Gordini Description: Longueurs 80.50 et 112 mm 2 mm plus longues que l&rsquo;original (pour les AAC sport) Fabriqu\u00e9s en acier En-8D Duret\u00e9 55 HRC (plus r\u00e9sistant et plus l\u00e9ger que l&rsquo;origine) Contient: Un jeu de 8<\/p>\n","protected":false},"featured_media":1462,"template":"","meta":{"_et_pb_use_builder":"","_et_pb_old_content":"","_et_gb_content_width":"","_exactmetrics_skip_tracking":false,"_exactmetrics_sitenote_active":false,"_exactmetrics_sitenote_note":"","_exactmetrics_sitenote_category":0},"product_brand":[],"product_cat":[51,58],"product_tag":[],"class_list":{"0":"post-2979","1":"product","2":"type-product","3":"status-publish","4":"has-post-thumbnail","6":"product_cat-1600-fr","7":"product_cat-produits-exclusifs","9":"first","10":"instock","11":"taxable","12":"shipping-taxable","13":"purchasable","14":"product-type-variable","15":"has-default-attributes"},"yoast_head":"<!-- This site is optimized with the Yoast SEO plugin v27.2 - https:\/\/yoast.com\/product\/yoast-seo-wordpress\/ -->\n<title>Tiges de culbuteurs 1600 - Pieces Alpine A110<\/title>\n<meta name=\"robots\" content=\"index, follow, max-snippet:-1, max-image-preview:large, max-video-preview:-1\" \/>\n<link rel=\"canonical\" href=\"https:\/\/piecesalpinea110.com\/fr\/produit\/tiges-de-culbuteurs-1600\/\" \/>\n<meta property=\"og:locale\" content=\"fr_FR\" \/>\n<meta property=\"og:type\" content=\"article\" \/>\n<meta property=\"og:title\" content=\"Tiges de culbuteurs 1600 - Pieces Alpine A110\" \/>\n<meta property=\"og:description\" content=\"Reference: TIGCULB1600 Tiges culbutteurs pour moteur 1600 Gordini Description: Longueurs 80.50 et 112 mm 2 mm plus longues que l&rsquo;original (pour les AAC sport) Fabriqu\u00e9s en acier En-8D Duret\u00e9 55 HRC (plus r\u00e9sistant et plus l\u00e9ger que l&rsquo;origine) Contient: Un jeu de 8\" \/>\n<meta property=\"og:url\" content=\"https:\/\/piecesalpinea110.com\/fr\/produit\/tiges-de-culbuteurs-1600\/\" \/>\n<meta property=\"og:site_name\" content=\"Pieces Alpine A110\" \/>\n<meta property=\"article:modified_time\" content=\"2021-06-09T14:06:49+00:00\" \/>\n<meta property=\"og:image\" content=\"https:\/\/piecesalpinea110.com\/wp-content\/uploads\/2018\/03\/1600pushro2-1.jpg\" \/>\n\t<meta property=\"og:image:width\" content=\"559\" \/>\n\t<meta property=\"og:image:height\" content=\"559\" \/>\n\t<meta property=\"og:image:type\" content=\"image\/jpeg\" \/>\n<meta name=\"twitter:card\" content=\"summary_large_image\" \/>\n<script type=\"application\/ld+json\" class=\"yoast-schema-graph\">{\"@context\":\"https:\/\/schema.org\",\"@graph\":[{\"@type\":\"WebPage\",\"@id\":\"https:\/\/piecesalpinea110.com\/fr\/produit\/tiges-de-culbuteurs-1600\/\",\"url\":\"https:\/\/piecesalpinea110.com\/fr\/produit\/tiges-de-culbuteurs-1600\/\",\"name\":\"Tiges de culbuteurs 1600 - Pieces Alpine A110\",\"isPartOf\":{\"@id\":\"https:\/\/piecesalpinea110.com\/#website\"},\"primaryImageOfPage\":{\"@id\":\"https:\/\/piecesalpinea110.com\/fr\/produit\/tiges-de-culbuteurs-1600\/#primaryimage\"},\"image\":{\"@id\":\"https:\/\/piecesalpinea110.com\/fr\/produit\/tiges-de-culbuteurs-1600\/#primaryimage\"},\"thumbnailUrl\":\"https:\/\/piecesalpinea110.com\/wp-content\/uploads\/2018\/03\/1600pushro2-1.jpg\",\"datePublished\":\"2018-03-28T16:03:45+00:00\",\"dateModified\":\"2021-06-09T14:06:49+00:00\",\"breadcrumb\":{\"@id\":\"https:\/\/piecesalpinea110.com\/fr\/produit\/tiges-de-culbuteurs-1600\/#breadcrumb\"},\"inLanguage\":\"fr-FR\",\"potentialAction\":[{\"@type\":\"ReadAction\",\"target\":[\"https:\/\/piecesalpinea110.com\/fr\/produit\/tiges-de-culbuteurs-1600\/\"]}]},{\"@type\":\"ImageObject\",\"inLanguage\":\"fr-FR\",\"@id\":\"https:\/\/piecesalpinea110.com\/fr\/produit\/tiges-de-culbuteurs-1600\/#primaryimage\",\"url\":\"https:\/\/piecesalpinea110.com\/wp-content\/uploads\/2018\/03\/1600pushro2-1.jpg\",\"contentUrl\":\"https:\/\/piecesalpinea110.com\/wp-content\/uploads\/2018\/03\/1600pushro2-1.jpg\",\"width\":559,\"height\":559},{\"@type\":\"BreadcrumbList\",\"@id\":\"https:\/\/piecesalpinea110.com\/fr\/produit\/tiges-de-culbuteurs-1600\/#breadcrumb\",\"itemListElement\":[{\"@type\":\"ListItem\",\"position\":1,\"name\":\"Home\",\"item\":\"https:\/\/piecesalpinea110.com\/fr\/\"},{\"@type\":\"ListItem\",\"position\":2,\"name\":\"Boutique\",\"item\":\"https:\/\/piecesalpinea110.com\/fr\/boutique\/\"},{\"@type\":\"ListItem\",\"position\":3,\"name\":\"Tiges de culbuteurs 1600\"}]},{\"@type\":\"WebSite\",\"@id\":\"https:\/\/piecesalpinea110.com\/#website\",\"url\":\"https:\/\/piecesalpinea110.com\/\",\"name\":\"Pieces Alpine A110\",\"description\":\"Pieces for Alpine A110\",\"potentialAction\":[{\"@type\":\"SearchAction\",\"target\":{\"@type\":\"EntryPoint\",\"urlTemplate\":\"https:\/\/piecesalpinea110.com\/?s={search_term_string}\"},\"query-input\":{\"@type\":\"PropertyValueSpecification\",\"valueRequired\":true,\"valueName\":\"search_term_string\"}}],\"inLanguage\":\"fr-FR\"}]}<\/script>\n<!-- \/ Yoast SEO plugin. -->","yoast_head_json":{"title":"Tiges de culbuteurs 1600 - Pieces Alpine A110","robots":{"index":"index","follow":"follow","max-snippet":"max-snippet:-1","max-image-preview":"max-image-preview:large","max-video-preview":"max-video-preview:-1"},"canonical":"https:\/\/piecesalpinea110.com\/fr\/produit\/tiges-de-culbuteurs-1600\/","og_locale":"fr_FR","og_type":"article","og_title":"Tiges de culbuteurs 1600 - Pieces Alpine A110","og_description":"Reference: TIGCULB1600 Tiges culbutteurs pour moteur 1600 Gordini Description: Longueurs 80.50 et 112 mm 2 mm plus longues que l&rsquo;original (pour les AAC sport) Fabriqu\u00e9s en acier En-8D Duret\u00e9 55 HRC (plus r\u00e9sistant et plus l\u00e9ger que l&rsquo;origine) Contient: Un jeu de 8","og_url":"https:\/\/piecesalpinea110.com\/fr\/produit\/tiges-de-culbuteurs-1600\/","og_site_name":"Pieces Alpine A110","article_modified_time":"2021-06-09T14:06:49+00:00","og_image":[{"width":559,"height":559,"url":"https:\/\/piecesalpinea110.com\/wp-content\/uploads\/2018\/03\/1600pushro2-1.jpg","type":"image\/jpeg"}],"twitter_card":"summary_large_image","schema":{"@context":"https:\/\/schema.org","@graph":[{"@type":"WebPage","@id":"https:\/\/piecesalpinea110.com\/fr\/produit\/tiges-de-culbuteurs-1600\/","url":"https:\/\/piecesalpinea110.com\/fr\/produit\/tiges-de-culbuteurs-1600\/","name":"Tiges de culbuteurs 1600 - Pieces Alpine A110","isPartOf":{"@id":"https:\/\/piecesalpinea110.com\/#website"},"primaryImageOfPage":{"@id":"https:\/\/piecesalpinea110.com\/fr\/produit\/tiges-de-culbuteurs-1600\/#primaryimage"},"image":{"@id":"https:\/\/piecesalpinea110.com\/fr\/produit\/tiges-de-culbuteurs-1600\/#primaryimage"},"thumbnailUrl":"https:\/\/piecesalpinea110.com\/wp-content\/uploads\/2018\/03\/1600pushro2-1.jpg","datePublished":"2018-03-28T16:03:45+00:00","dateModified":"2021-06-09T14:06:49+00:00","breadcrumb":{"@id":"https:\/\/piecesalpinea110.com\/fr\/produit\/tiges-de-culbuteurs-1600\/#breadcrumb"},"inLanguage":"fr-FR","potentialAction":[{"@type":"ReadAction","target":["https:\/\/piecesalpinea110.com\/fr\/produit\/tiges-de-culbuteurs-1600\/"]}]},{"@type":"ImageObject","inLanguage":"fr-FR","@id":"https:\/\/piecesalpinea110.com\/fr\/produit\/tiges-de-culbuteurs-1600\/#primaryimage","url":"https:\/\/piecesalpinea110.com\/wp-content\/uploads\/2018\/03\/1600pushro2-1.jpg","contentUrl":"https:\/\/piecesalpinea110.com\/wp-content\/uploads\/2018\/03\/1600pushro2-1.jpg","width":559,"height":559},{"@type":"BreadcrumbList","@id":"https:\/\/piecesalpinea110.com\/fr\/produit\/tiges-de-culbuteurs-1600\/#breadcrumb","itemListElement":[{"@type":"ListItem","position":1,"name":"Home","item":"https:\/\/piecesalpinea110.com\/fr\/"},{"@type":"ListItem","position":2,"name":"Boutique","item":"https:\/\/piecesalpinea110.com\/fr\/boutique\/"},{"@type":"ListItem","position":3,"name":"Tiges de culbuteurs 1600"}]},{"@type":"WebSite","@id":"https:\/\/piecesalpinea110.com\/#website","url":"https:\/\/piecesalpinea110.com\/","name":"Pieces Alpine A110","description":"Pieces for Alpine A110","potentialAction":[{"@type":"SearchAction","target":{"@type":"EntryPoint","urlTemplate":"https:\/\/piecesalpinea110.com\/?s={search_term_string}"},"query-input":{"@type":"PropertyValueSpecification","valueRequired":true,"valueName":"search_term_string"}}],"inLanguage":"fr-FR"}]}},"_links":{"self":[{"href":"https:\/\/piecesalpinea110.com\/fr\/wp-json\/wp\/v2\/product\/2979","targetHints":{"allow":["GET"]}}],"collection":[{"href":"https:\/\/piecesalpinea110.com\/fr\/wp-json\/wp\/v2\/product"}],"about":[{"href":"https:\/\/piecesalpinea110.com\/fr\/wp-json\/wp\/v2\/types\/product"}],"wp:featuredmedia":[{"embeddable":true,"href":"https:\/\/piecesalpinea110.com\/fr\/wp-json\/wp\/v2\/media\/1462"}],"wp:attachment":[{"href":"https:\/\/piecesalpinea110.com\/fr\/wp-json\/wp\/v2\/media?parent=2979"}],"wp:term":[{"taxonomy":"product_brand","embeddable":true,"href":"https:\/\/piecesalpinea110.com\/fr\/wp-json\/wp\/v2\/product_brand?post=2979"},{"taxonomy":"product_cat","embeddable":true,"href":"https:\/\/piecesalpinea110.com\/fr\/wp-json\/wp\/v2\/product_cat?post=2979"},{"taxonomy":"product_tag","embeddable":true,"href":"https:\/\/piecesalpinea110.com\/fr\/wp-json\/wp\/v2\/product_tag?post=2979"}],"curies":[{"name":"wp","href":"https:\/\/api.w.org\/{rel}","templated":true}]}}