{"id":2989,"date":"2018-03-27T22:56:26","date_gmt":"2018-03-27T21:56:26","guid":{"rendered":"https:\/\/piecesalpinea110.com\/product\/jeu-4-durites-petits-freins\/"},"modified":"2019-03-30T02:33:22","modified_gmt":"2019-03-30T01:33:22","slug":"jeu-4-durites-petits-freins","status":"publish","type":"product","link":"https:\/\/piecesalpinea110.com\/fr\/produit\/jeu-4-durites-petits-freins\/","title":{"rendered":"Jeu 4 durites, petits freins"},"content":{"rendered":"<div><strong>Reference<br \/>\n<\/strong>FLGOODR8<\/div>\n<div><strong>Compatible avec:<br \/>\n<\/strong><\/div>\n<ul>\n<li>A110 \u00e9triers 38 mm avant et 32\/38 mm arri\u00e8re<\/li>\n<li>R8, R8 Gordini, R10<\/li>\n<li>Dauphine avec freins \u00e0 disque<\/li>\n<\/ul>\n<div><\/div>\n<div><strong>Description<\/strong><\/div>\n<ul>\n<li>composants Goodrige<\/li>\n<li>embouts inox et acier zingu\u00e9<\/li>\n<li>durite vintage VBX (finition matte, diam\u00e8tre ext\u00e9rieur plus large)<\/li>\n<li>pas de marquage<\/li>\n<li>satisfait \u00e0 tout contr\u00f4le technique<\/li>\n<\/ul>\n<p><strong>Note<\/strong><\/p>\n<p>Nous pouvons, en temps que repr\u00e9sentant Goodridge officiel via Olson Engineering, fabriquer n&rsquo;importe quelle durite (frein, embrayage, essence) \u00e0 la demande.<\/p>\n","protected":false},"excerpt":{"rendered":"<p>Reference FLGOODR8 Compatible avec: A110 \u00e9triers 38 mm avant et 32\/38 mm arri\u00e8re R8, R8 Gordini, R10 Dauphine avec freins \u00e0 disque Description composants Goodrige embouts inox et acier zingu\u00e9 durite vintage VBX (finition matte, diam\u00e8tre ext\u00e9rieur plus large) pas de marquage satisfait \u00e0 tout contr\u00f4le technique Note Nous pouvons, en temps que repr\u00e9sentant Goodridge [&hellip;]<\/p>\n","protected":false},"featured_media":1343,"template":"","meta":{"_et_pb_use_builder":"","_et_pb_old_content":"","_et_gb_content_width":"","_exactmetrics_skip_tracking":false,"_exactmetrics_sitenote_active":false,"_exactmetrics_sitenote_note":"","_exactmetrics_sitenote_category":0},"product_brand":[],"product_cat":[64],"product_tag":[],"class_list":{"0":"post-2989","1":"product","2":"type-product","3":"status-publish","4":"has-post-thumbnail","6":"product_cat-uncategorized-fr","8":"first","9":"outofstock","10":"taxable","11":"shipping-taxable","12":"purchasable","13":"product-type-simple"},"yoast_head":"<!-- This site is optimized with the Yoast SEO plugin v27.2 - https:\/\/yoast.com\/product\/yoast-seo-wordpress\/ -->\n<title>Jeu 4 durites, petits freins - Pieces Alpine A110<\/title>\n<meta name=\"robots\" content=\"index, follow, max-snippet:-1, max-image-preview:large, max-video-preview:-1\" \/>\n<link rel=\"canonical\" href=\"https:\/\/piecesalpinea110.com\/fr\/produit\/jeu-4-durites-petits-freins\/\" \/>\n<meta property=\"og:locale\" content=\"fr_FR\" \/>\n<meta property=\"og:type\" content=\"article\" \/>\n<meta property=\"og:title\" content=\"Jeu 4 durites, petits freins - Pieces Alpine A110\" \/>\n<meta property=\"og:description\" content=\"Reference FLGOODR8 Compatible avec: A110 \u00e9triers 38 mm avant et 32\/38 mm arri\u00e8re R8, R8 Gordini, R10 Dauphine avec freins \u00e0 disque Description composants Goodrige embouts inox et acier zingu\u00e9 durite vintage VBX (finition matte, diam\u00e8tre ext\u00e9rieur plus large) pas de marquage satisfait \u00e0 tout contr\u00f4le technique Note Nous pouvons, en temps que repr\u00e9sentant Goodridge [&hellip;]\" \/>\n<meta property=\"og:url\" content=\"https:\/\/piecesalpinea110.com\/fr\/produit\/jeu-4-durites-petits-freins\/\" \/>\n<meta property=\"og:site_name\" content=\"Pieces Alpine A110\" \/>\n<meta property=\"article:modified_time\" content=\"2019-03-30T01:33:22+00:00\" \/>\n<meta property=\"og:image\" content=\"https:\/\/piecesalpinea110.com\/wp-content\/uploads\/2018\/03\/goodclassic.jpg\" \/>\n\t<meta property=\"og:image:width\" content=\"400\" \/>\n\t<meta property=\"og:image:height\" content=\"400\" \/>\n\t<meta property=\"og:image:type\" content=\"image\/jpeg\" \/>\n<meta name=\"twitter:card\" content=\"summary_large_image\" \/>\n<script type=\"application\/ld+json\" class=\"yoast-schema-graph\">{\"@context\":\"https:\/\/schema.org\",\"@graph\":[{\"@type\":\"WebPage\",\"@id\":\"https:\/\/piecesalpinea110.com\/fr\/produit\/jeu-4-durites-petits-freins\/\",\"url\":\"https:\/\/piecesalpinea110.com\/fr\/produit\/jeu-4-durites-petits-freins\/\",\"name\":\"Jeu 4 durites, petits freins - Pieces Alpine A110\",\"isPartOf\":{\"@id\":\"https:\/\/piecesalpinea110.com\/#website\"},\"primaryImageOfPage\":{\"@id\":\"https:\/\/piecesalpinea110.com\/fr\/produit\/jeu-4-durites-petits-freins\/#primaryimage\"},\"image\":{\"@id\":\"https:\/\/piecesalpinea110.com\/fr\/produit\/jeu-4-durites-petits-freins\/#primaryimage\"},\"thumbnailUrl\":\"https:\/\/piecesalpinea110.com\/wp-content\/uploads\/2018\/03\/goodclassic.jpg\",\"datePublished\":\"2018-03-27T21:56:26+00:00\",\"dateModified\":\"2019-03-30T01:33:22+00:00\",\"breadcrumb\":{\"@id\":\"https:\/\/piecesalpinea110.com\/fr\/produit\/jeu-4-durites-petits-freins\/#breadcrumb\"},\"inLanguage\":\"fr-FR\",\"potentialAction\":[{\"@type\":\"ReadAction\",\"target\":[\"https:\/\/piecesalpinea110.com\/fr\/produit\/jeu-4-durites-petits-freins\/\"]}]},{\"@type\":\"ImageObject\",\"inLanguage\":\"fr-FR\",\"@id\":\"https:\/\/piecesalpinea110.com\/fr\/produit\/jeu-4-durites-petits-freins\/#primaryimage\",\"url\":\"https:\/\/piecesalpinea110.com\/wp-content\/uploads\/2018\/03\/goodclassic.jpg\",\"contentUrl\":\"https:\/\/piecesalpinea110.com\/wp-content\/uploads\/2018\/03\/goodclassic.jpg\",\"width\":400,\"height\":400},{\"@type\":\"BreadcrumbList\",\"@id\":\"https:\/\/piecesalpinea110.com\/fr\/produit\/jeu-4-durites-petits-freins\/#breadcrumb\",\"itemListElement\":[{\"@type\":\"ListItem\",\"position\":1,\"name\":\"Home\",\"item\":\"https:\/\/piecesalpinea110.com\/fr\/\"},{\"@type\":\"ListItem\",\"position\":2,\"name\":\"Boutique\",\"item\":\"https:\/\/piecesalpinea110.com\/fr\/boutique\/\"},{\"@type\":\"ListItem\",\"position\":3,\"name\":\"Jeu 4 durites, petits freins\"}]},{\"@type\":\"WebSite\",\"@id\":\"https:\/\/piecesalpinea110.com\/#website\",\"url\":\"https:\/\/piecesalpinea110.com\/\",\"name\":\"Pieces Alpine A110\",\"description\":\"Pieces for Alpine A110\",\"potentialAction\":[{\"@type\":\"SearchAction\",\"target\":{\"@type\":\"EntryPoint\",\"urlTemplate\":\"https:\/\/piecesalpinea110.com\/?s={search_term_string}\"},\"query-input\":{\"@type\":\"PropertyValueSpecification\",\"valueRequired\":true,\"valueName\":\"search_term_string\"}}],\"inLanguage\":\"fr-FR\"}]}<\/script>\n<!-- \/ Yoast SEO plugin. -->","yoast_head_json":{"title":"Jeu 4 durites, petits freins - Pieces Alpine A110","robots":{"index":"index","follow":"follow","max-snippet":"max-snippet:-1","max-image-preview":"max-image-preview:large","max-video-preview":"max-video-preview:-1"},"canonical":"https:\/\/piecesalpinea110.com\/fr\/produit\/jeu-4-durites-petits-freins\/","og_locale":"fr_FR","og_type":"article","og_title":"Jeu 4 durites, petits freins - Pieces Alpine A110","og_description":"Reference FLGOODR8 Compatible avec: A110 \u00e9triers 38 mm avant et 32\/38 mm arri\u00e8re R8, R8 Gordini, R10 Dauphine avec freins \u00e0 disque Description composants Goodrige embouts inox et acier zingu\u00e9 durite vintage VBX (finition matte, diam\u00e8tre ext\u00e9rieur plus large) pas de marquage satisfait \u00e0 tout contr\u00f4le technique Note Nous pouvons, en temps que repr\u00e9sentant Goodridge [&hellip;]","og_url":"https:\/\/piecesalpinea110.com\/fr\/produit\/jeu-4-durites-petits-freins\/","og_site_name":"Pieces Alpine A110","article_modified_time":"2019-03-30T01:33:22+00:00","og_image":[{"width":400,"height":400,"url":"https:\/\/piecesalpinea110.com\/wp-content\/uploads\/2018\/03\/goodclassic.jpg","type":"image\/jpeg"}],"twitter_card":"summary_large_image","schema":{"@context":"https:\/\/schema.org","@graph":[{"@type":"WebPage","@id":"https:\/\/piecesalpinea110.com\/fr\/produit\/jeu-4-durites-petits-freins\/","url":"https:\/\/piecesalpinea110.com\/fr\/produit\/jeu-4-durites-petits-freins\/","name":"Jeu 4 durites, petits freins - Pieces Alpine A110","isPartOf":{"@id":"https:\/\/piecesalpinea110.com\/#website"},"primaryImageOfPage":{"@id":"https:\/\/piecesalpinea110.com\/fr\/produit\/jeu-4-durites-petits-freins\/#primaryimage"},"image":{"@id":"https:\/\/piecesalpinea110.com\/fr\/produit\/jeu-4-durites-petits-freins\/#primaryimage"},"thumbnailUrl":"https:\/\/piecesalpinea110.com\/wp-content\/uploads\/2018\/03\/goodclassic.jpg","datePublished":"2018-03-27T21:56:26+00:00","dateModified":"2019-03-30T01:33:22+00:00","breadcrumb":{"@id":"https:\/\/piecesalpinea110.com\/fr\/produit\/jeu-4-durites-petits-freins\/#breadcrumb"},"inLanguage":"fr-FR","potentialAction":[{"@type":"ReadAction","target":["https:\/\/piecesalpinea110.com\/fr\/produit\/jeu-4-durites-petits-freins\/"]}]},{"@type":"ImageObject","inLanguage":"fr-FR","@id":"https:\/\/piecesalpinea110.com\/fr\/produit\/jeu-4-durites-petits-freins\/#primaryimage","url":"https:\/\/piecesalpinea110.com\/wp-content\/uploads\/2018\/03\/goodclassic.jpg","contentUrl":"https:\/\/piecesalpinea110.com\/wp-content\/uploads\/2018\/03\/goodclassic.jpg","width":400,"height":400},{"@type":"BreadcrumbList","@id":"https:\/\/piecesalpinea110.com\/fr\/produit\/jeu-4-durites-petits-freins\/#breadcrumb","itemListElement":[{"@type":"ListItem","position":1,"name":"Home","item":"https:\/\/piecesalpinea110.com\/fr\/"},{"@type":"ListItem","position":2,"name":"Boutique","item":"https:\/\/piecesalpinea110.com\/fr\/boutique\/"},{"@type":"ListItem","position":3,"name":"Jeu 4 durites, petits freins"}]},{"@type":"WebSite","@id":"https:\/\/piecesalpinea110.com\/#website","url":"https:\/\/piecesalpinea110.com\/","name":"Pieces Alpine A110","description":"Pieces for Alpine A110","potentialAction":[{"@type":"SearchAction","target":{"@type":"EntryPoint","urlTemplate":"https:\/\/piecesalpinea110.com\/?s={search_term_string}"},"query-input":{"@type":"PropertyValueSpecification","valueRequired":true,"valueName":"search_term_string"}}],"inLanguage":"fr-FR"}]}},"_links":{"self":[{"href":"https:\/\/piecesalpinea110.com\/fr\/wp-json\/wp\/v2\/product\/2989","targetHints":{"allow":["GET"]}}],"collection":[{"href":"https:\/\/piecesalpinea110.com\/fr\/wp-json\/wp\/v2\/product"}],"about":[{"href":"https:\/\/piecesalpinea110.com\/fr\/wp-json\/wp\/v2\/types\/product"}],"wp:featuredmedia":[{"embeddable":true,"href":"https:\/\/piecesalpinea110.com\/fr\/wp-json\/wp\/v2\/media\/1343"}],"wp:attachment":[{"href":"https:\/\/piecesalpinea110.com\/fr\/wp-json\/wp\/v2\/media?parent=2989"}],"wp:term":[{"taxonomy":"product_brand","embeddable":true,"href":"https:\/\/piecesalpinea110.com\/fr\/wp-json\/wp\/v2\/product_brand?post=2989"},{"taxonomy":"product_cat","embeddable":true,"href":"https:\/\/piecesalpinea110.com\/fr\/wp-json\/wp\/v2\/product_cat?post=2989"},{"taxonomy":"product_tag","embeddable":true,"href":"https:\/\/piecesalpinea110.com\/fr\/wp-json\/wp\/v2\/product_tag?post=2989"}],"curies":[{"name":"wp","href":"https:\/\/api.w.org\/{rel}","templated":true}]}}