{"id":2991,"date":"2018-03-26T00:34:40","date_gmt":"2018-03-25T23:34:40","guid":{"rendered":"https:\/\/piecesalpinea110.com\/product\/poulie-aac-1600s\/"},"modified":"2020-07-21T22:19:48","modified_gmt":"2020-07-21T21:19:48","slug":"poulie-aac-1600s","status":"publish","type":"product","link":"https:\/\/piecesalpinea110.com\/fr\/produit\/poulie-aac-1600s\/","title":{"rendered":"Poulie vilebrequin 1600S"},"content":{"rendered":"<p><strong>Description:<\/strong><\/p>\n<ul>\n<li>copie de <span lang=\"FR\">77 00 546 542 utilis\u00e9e sur les Alpine A110 1600 VD &#038; A310 1600 VE\/VF (moteur type 844)<\/span><\/li>\n<li><span lang=\"FR\">utilis\u00e9e sur moteur 1600S pour calage de la distribution <\/span><\/li>\n<li><span lang=\"FR\">aluminium peint en noir<\/span><\/li>\n<li><span lang=\"FR\">plus l\u00e9ger (202 gr) que l&rsquo;original (332 gr)<\/span><\/li>\n<li><span lang=\"FR\">d\u00e9port ext\u00e9rieur suppl\u00e9mentaire d&rsquo;un 1 mm pour \u00e9carter la courroie des t\u00eates de boulons du cache de distribution, si montage de l&rsquo;alternateur \u00e0 l&rsquo;ARR droit, comme sur les versions comp\u00e9tition et Gr.4<\/span><\/li>\n<li><span lang=\"FR\">Pour la vis sp\u00e9ciale \u00ab\u00a0dent de loup\u00a0\u00bb, svp consultez Derniers ajouts \/ AVP<\/li>\n<\/ul>\n","protected":false},"excerpt":{"rendered":"<p>Description: copie de 77 00 546 542 utilis\u00e9e sur les Alpine A110 1600 VD &#038; A310 1600 VE\/VF (moteur type 844) utilis\u00e9e sur moteur 1600S pour calage de la distribution aluminium peint en noir plus l\u00e9ger (202 gr) que l&rsquo;original (332 gr) d\u00e9port ext\u00e9rieur suppl\u00e9mentaire d&rsquo;un 1 mm pour \u00e9carter la courroie des t\u00eates de [&hellip;]<\/p>\n","protected":false},"featured_media":1283,"template":"","meta":{"_et_pb_use_builder":"","_et_pb_old_content":"","_et_gb_content_width":"","_exactmetrics_skip_tracking":false,"_exactmetrics_sitenote_active":false,"_exactmetrics_sitenote_note":"","_exactmetrics_sitenote_category":0},"product_brand":[],"product_cat":[51,58],"product_tag":[],"class_list":{"0":"post-2991","1":"product","2":"type-product","3":"status-publish","4":"has-post-thumbnail","6":"product_cat-1600-fr","7":"product_cat-produits-exclusifs","9":"first","10":"instock","11":"taxable","12":"shipping-taxable","13":"purchasable","14":"product-type-simple"},"yoast_head":"<!-- This site is optimized with the Yoast SEO plugin v27.2 - https:\/\/yoast.com\/product\/yoast-seo-wordpress\/ -->\n<title>Poulie vilebrequin 1600S - Pieces Alpine A110<\/title>\n<meta name=\"robots\" content=\"index, follow, max-snippet:-1, max-image-preview:large, max-video-preview:-1\" \/>\n<link rel=\"canonical\" href=\"https:\/\/piecesalpinea110.com\/fr\/produit\/poulie-aac-1600s\/\" \/>\n<meta property=\"og:locale\" content=\"fr_FR\" \/>\n<meta property=\"og:type\" content=\"article\" \/>\n<meta property=\"og:title\" content=\"Poulie vilebrequin 1600S - Pieces Alpine A110\" \/>\n<meta property=\"og:description\" content=\"Description: copie de 77 00 546 542 utilis\u00e9e sur les Alpine A110 1600 VD &#038; A310 1600 VE\/VF (moteur type 844) utilis\u00e9e sur moteur 1600S pour calage de la distribution aluminium peint en noir plus l\u00e9ger (202 gr) que l&rsquo;original (332 gr) d\u00e9port ext\u00e9rieur suppl\u00e9mentaire d&rsquo;un 1 mm pour \u00e9carter la courroie des t\u00eates de [&hellip;]\" \/>\n<meta property=\"og:url\" content=\"https:\/\/piecesalpinea110.com\/fr\/produit\/poulie-aac-1600s\/\" \/>\n<meta property=\"og:site_name\" content=\"Pieces Alpine A110\" \/>\n<meta property=\"article:modified_time\" content=\"2020-07-21T21:19:48+00:00\" \/>\n<meta property=\"og:image\" content=\"https:\/\/piecesalpinea110.com\/wp-content\/uploads\/2018\/03\/pul2.jpg\" \/>\n\t<meta property=\"og:image:width\" content=\"484\" \/>\n\t<meta property=\"og:image:height\" content=\"464\" \/>\n\t<meta property=\"og:image:type\" content=\"image\/jpeg\" \/>\n<meta name=\"twitter:card\" content=\"summary_large_image\" \/>\n<script type=\"application\/ld+json\" class=\"yoast-schema-graph\">{\"@context\":\"https:\/\/schema.org\",\"@graph\":[{\"@type\":\"WebPage\",\"@id\":\"https:\/\/piecesalpinea110.com\/fr\/produit\/poulie-aac-1600s\/\",\"url\":\"https:\/\/piecesalpinea110.com\/fr\/produit\/poulie-aac-1600s\/\",\"name\":\"Poulie vilebrequin 1600S - Pieces Alpine A110\",\"isPartOf\":{\"@id\":\"https:\/\/piecesalpinea110.com\/#website\"},\"primaryImageOfPage\":{\"@id\":\"https:\/\/piecesalpinea110.com\/fr\/produit\/poulie-aac-1600s\/#primaryimage\"},\"image\":{\"@id\":\"https:\/\/piecesalpinea110.com\/fr\/produit\/poulie-aac-1600s\/#primaryimage\"},\"thumbnailUrl\":\"https:\/\/piecesalpinea110.com\/wp-content\/uploads\/2018\/03\/pul2.jpg\",\"datePublished\":\"2018-03-25T23:34:40+00:00\",\"dateModified\":\"2020-07-21T21:19:48+00:00\",\"breadcrumb\":{\"@id\":\"https:\/\/piecesalpinea110.com\/fr\/produit\/poulie-aac-1600s\/#breadcrumb\"},\"inLanguage\":\"fr-FR\",\"potentialAction\":[{\"@type\":\"ReadAction\",\"target\":[\"https:\/\/piecesalpinea110.com\/fr\/produit\/poulie-aac-1600s\/\"]}]},{\"@type\":\"ImageObject\",\"inLanguage\":\"fr-FR\",\"@id\":\"https:\/\/piecesalpinea110.com\/fr\/produit\/poulie-aac-1600s\/#primaryimage\",\"url\":\"https:\/\/piecesalpinea110.com\/wp-content\/uploads\/2018\/03\/pul2.jpg\",\"contentUrl\":\"https:\/\/piecesalpinea110.com\/wp-content\/uploads\/2018\/03\/pul2.jpg\",\"width\":484,\"height\":464},{\"@type\":\"BreadcrumbList\",\"@id\":\"https:\/\/piecesalpinea110.com\/fr\/produit\/poulie-aac-1600s\/#breadcrumb\",\"itemListElement\":[{\"@type\":\"ListItem\",\"position\":1,\"name\":\"Home\",\"item\":\"https:\/\/piecesalpinea110.com\/fr\/\"},{\"@type\":\"ListItem\",\"position\":2,\"name\":\"Boutique\",\"item\":\"https:\/\/piecesalpinea110.com\/fr\/boutique\/\"},{\"@type\":\"ListItem\",\"position\":3,\"name\":\"Poulie vilebrequin 1600S\"}]},{\"@type\":\"WebSite\",\"@id\":\"https:\/\/piecesalpinea110.com\/#website\",\"url\":\"https:\/\/piecesalpinea110.com\/\",\"name\":\"Pieces Alpine A110\",\"description\":\"Pieces for Alpine A110\",\"potentialAction\":[{\"@type\":\"SearchAction\",\"target\":{\"@type\":\"EntryPoint\",\"urlTemplate\":\"https:\/\/piecesalpinea110.com\/?s={search_term_string}\"},\"query-input\":{\"@type\":\"PropertyValueSpecification\",\"valueRequired\":true,\"valueName\":\"search_term_string\"}}],\"inLanguage\":\"fr-FR\"}]}<\/script>\n<!-- \/ Yoast SEO plugin. -->","yoast_head_json":{"title":"Poulie vilebrequin 1600S - Pieces Alpine A110","robots":{"index":"index","follow":"follow","max-snippet":"max-snippet:-1","max-image-preview":"max-image-preview:large","max-video-preview":"max-video-preview:-1"},"canonical":"https:\/\/piecesalpinea110.com\/fr\/produit\/poulie-aac-1600s\/","og_locale":"fr_FR","og_type":"article","og_title":"Poulie vilebrequin 1600S - Pieces Alpine A110","og_description":"Description: copie de 77 00 546 542 utilis\u00e9e sur les Alpine A110 1600 VD &#038; A310 1600 VE\/VF (moteur type 844) utilis\u00e9e sur moteur 1600S pour calage de la distribution aluminium peint en noir plus l\u00e9ger (202 gr) que l&rsquo;original (332 gr) d\u00e9port ext\u00e9rieur suppl\u00e9mentaire d&rsquo;un 1 mm pour \u00e9carter la courroie des t\u00eates de [&hellip;]","og_url":"https:\/\/piecesalpinea110.com\/fr\/produit\/poulie-aac-1600s\/","og_site_name":"Pieces Alpine A110","article_modified_time":"2020-07-21T21:19:48+00:00","og_image":[{"width":484,"height":464,"url":"https:\/\/piecesalpinea110.com\/wp-content\/uploads\/2018\/03\/pul2.jpg","type":"image\/jpeg"}],"twitter_card":"summary_large_image","schema":{"@context":"https:\/\/schema.org","@graph":[{"@type":"WebPage","@id":"https:\/\/piecesalpinea110.com\/fr\/produit\/poulie-aac-1600s\/","url":"https:\/\/piecesalpinea110.com\/fr\/produit\/poulie-aac-1600s\/","name":"Poulie vilebrequin 1600S - Pieces Alpine A110","isPartOf":{"@id":"https:\/\/piecesalpinea110.com\/#website"},"primaryImageOfPage":{"@id":"https:\/\/piecesalpinea110.com\/fr\/produit\/poulie-aac-1600s\/#primaryimage"},"image":{"@id":"https:\/\/piecesalpinea110.com\/fr\/produit\/poulie-aac-1600s\/#primaryimage"},"thumbnailUrl":"https:\/\/piecesalpinea110.com\/wp-content\/uploads\/2018\/03\/pul2.jpg","datePublished":"2018-03-25T23:34:40+00:00","dateModified":"2020-07-21T21:19:48+00:00","breadcrumb":{"@id":"https:\/\/piecesalpinea110.com\/fr\/produit\/poulie-aac-1600s\/#breadcrumb"},"inLanguage":"fr-FR","potentialAction":[{"@type":"ReadAction","target":["https:\/\/piecesalpinea110.com\/fr\/produit\/poulie-aac-1600s\/"]}]},{"@type":"ImageObject","inLanguage":"fr-FR","@id":"https:\/\/piecesalpinea110.com\/fr\/produit\/poulie-aac-1600s\/#primaryimage","url":"https:\/\/piecesalpinea110.com\/wp-content\/uploads\/2018\/03\/pul2.jpg","contentUrl":"https:\/\/piecesalpinea110.com\/wp-content\/uploads\/2018\/03\/pul2.jpg","width":484,"height":464},{"@type":"BreadcrumbList","@id":"https:\/\/piecesalpinea110.com\/fr\/produit\/poulie-aac-1600s\/#breadcrumb","itemListElement":[{"@type":"ListItem","position":1,"name":"Home","item":"https:\/\/piecesalpinea110.com\/fr\/"},{"@type":"ListItem","position":2,"name":"Boutique","item":"https:\/\/piecesalpinea110.com\/fr\/boutique\/"},{"@type":"ListItem","position":3,"name":"Poulie vilebrequin 1600S"}]},{"@type":"WebSite","@id":"https:\/\/piecesalpinea110.com\/#website","url":"https:\/\/piecesalpinea110.com\/","name":"Pieces Alpine A110","description":"Pieces for Alpine A110","potentialAction":[{"@type":"SearchAction","target":{"@type":"EntryPoint","urlTemplate":"https:\/\/piecesalpinea110.com\/?s={search_term_string}"},"query-input":{"@type":"PropertyValueSpecification","valueRequired":true,"valueName":"search_term_string"}}],"inLanguage":"fr-FR"}]}},"_links":{"self":[{"href":"https:\/\/piecesalpinea110.com\/fr\/wp-json\/wp\/v2\/product\/2991","targetHints":{"allow":["GET"]}}],"collection":[{"href":"https:\/\/piecesalpinea110.com\/fr\/wp-json\/wp\/v2\/product"}],"about":[{"href":"https:\/\/piecesalpinea110.com\/fr\/wp-json\/wp\/v2\/types\/product"}],"wp:featuredmedia":[{"embeddable":true,"href":"https:\/\/piecesalpinea110.com\/fr\/wp-json\/wp\/v2\/media\/1283"}],"wp:attachment":[{"href":"https:\/\/piecesalpinea110.com\/fr\/wp-json\/wp\/v2\/media?parent=2991"}],"wp:term":[{"taxonomy":"product_brand","embeddable":true,"href":"https:\/\/piecesalpinea110.com\/fr\/wp-json\/wp\/v2\/product_brand?post=2991"},{"taxonomy":"product_cat","embeddable":true,"href":"https:\/\/piecesalpinea110.com\/fr\/wp-json\/wp\/v2\/product_cat?post=2991"},{"taxonomy":"product_tag","embeddable":true,"href":"https:\/\/piecesalpinea110.com\/fr\/wp-json\/wp\/v2\/product_tag?post=2991"}],"curies":[{"name":"wp","href":"https:\/\/api.w.org\/{rel}","templated":true}]}}