{"id":2998,"date":"2018-03-29T06:31:39","date_gmt":"2018-03-29T05:31:39","guid":{"rendered":"https:\/\/piecesalpinea110.com\/product\/tiges-de-culbuteurs-version-atmo\/"},"modified":"2019-06-11T09:24:17","modified_gmt":"2019-06-11T08:24:17","slug":"tiges-de-culbuteurs-version-atmo","status":"publish","type":"product","link":"https:\/\/piecesalpinea110.com\/fr\/produit\/tiges-de-culbuteurs-version-atmo\/","title":{"rendered":"Tiges de culbuteurs version R5A atmo"},"content":{"rendered":"<div><strong>Reference:<\/strong> TIGCULATMO<\/div>\n<p>Tiges de culbutteurs pour moteur Renault 5 Alpine<\/p>\n<div><\/div>\n<div><strong>Description:<\/strong><\/div>\n<ul>\n<li>longueur 177 et 204,5 mm (1 mm plus long que l&rsquo;origine)<\/li>\n<li>diametre 6,3 mm (plus \u00e9pais que l&rsquo;origine)<\/li>\n<li>traitement thermique 60 HRV sur acier forg\u00e9 EN-31<\/li>\n<\/ul>\n<div><\/div>\n<div><strong>Compatibilit\u00e9:<\/strong><\/div>\n<ul>\n<li>Renault 5 Alpine atmo<\/li>\n<\/ul>\n<div><\/div>\n<div><strong>Note<\/strong>: les poussoirs, tiges et vis de culbuteurs ont \u00e9t\u00e9 fabriqu\u00e9s ensemble afin de garantir le meilleur ajustement possible des diff\u00e9rentes pi\u00e8ces<\/div>\n<div><\/div>\n<div><\/div>\n<p>&nbsp;<\/p>\n<div>*Prix pour un jeu de 4 (specifier admission ou \u00e9chappement)<\/div>\n","protected":false},"excerpt":{"rendered":"<p>Reference: TIGCULATMO Tiges de culbutteurs pour moteur Renault 5 Alpine Description: longueur 177 et 204,5 mm (1 mm plus long que l&rsquo;origine) diametre 6,3 mm (plus \u00e9pais que l&rsquo;origine) traitement thermique 60 HRV sur acier forg\u00e9 EN-31 Compatibilit\u00e9: Renault 5 Alpine atmo Note: les poussoirs, tiges et vis de culbuteurs ont \u00e9t\u00e9 fabriqu\u00e9s ensemble afin [&hellip;]<\/p>\n","protected":false},"featured_media":1581,"template":"","meta":{"_et_pb_use_builder":"","_et_pb_old_content":"","_et_gb_content_width":"","_exactmetrics_skip_tracking":false,"_exactmetrics_sitenote_active":false,"_exactmetrics_sitenote_note":"","_exactmetrics_sitenote_category":0},"product_brand":[],"product_cat":[64],"product_tag":[],"class_list":{"0":"post-2998","1":"product","2":"type-product","3":"status-publish","4":"has-post-thumbnail","6":"product_cat-uncategorized-fr","8":"first","9":"outofstock","10":"taxable","11":"shipping-taxable","12":"purchasable","13":"product-type-variable"},"yoast_head":"<!-- This site is optimized with the Yoast SEO plugin v27.2 - https:\/\/yoast.com\/product\/yoast-seo-wordpress\/ -->\n<title>Tiges de culbuteurs version R5A atmo - Pieces Alpine A110<\/title>\n<meta name=\"robots\" content=\"index, follow, max-snippet:-1, max-image-preview:large, max-video-preview:-1\" \/>\n<link rel=\"canonical\" href=\"https:\/\/piecesalpinea110.com\/fr\/produit\/tiges-de-culbuteurs-version-atmo\/\" \/>\n<meta property=\"og:locale\" content=\"fr_FR\" \/>\n<meta property=\"og:type\" content=\"article\" \/>\n<meta property=\"og:title\" content=\"Tiges de culbuteurs version R5A atmo - Pieces Alpine A110\" \/>\n<meta property=\"og:description\" content=\"Reference: TIGCULATMO Tiges de culbutteurs pour moteur Renault 5 Alpine Description: longueur 177 et 204,5 mm (1 mm plus long que l&rsquo;origine) diametre 6,3 mm (plus \u00e9pais que l&rsquo;origine) traitement thermique 60 HRV sur acier forg\u00e9 EN-31 Compatibilit\u00e9: Renault 5 Alpine atmo Note: les poussoirs, tiges et vis de culbuteurs ont \u00e9t\u00e9 fabriqu\u00e9s ensemble afin [&hellip;]\" \/>\n<meta property=\"og:url\" content=\"https:\/\/piecesalpinea110.com\/fr\/produit\/tiges-de-culbuteurs-version-atmo\/\" \/>\n<meta property=\"og:site_name\" content=\"Pieces Alpine A110\" \/>\n<meta property=\"article:modified_time\" content=\"2019-06-11T08:24:17+00:00\" \/>\n<meta property=\"og:image\" content=\"https:\/\/piecesalpinea110.com\/wp-content\/uploads\/2018\/03\/1400pushro1.jpg\" \/>\n\t<meta property=\"og:image:width\" content=\"353\" \/>\n\t<meta property=\"og:image:height\" content=\"353\" \/>\n\t<meta property=\"og:image:type\" content=\"image\/jpeg\" \/>\n<meta name=\"twitter:card\" content=\"summary_large_image\" \/>\n<script type=\"application\/ld+json\" class=\"yoast-schema-graph\">{\"@context\":\"https:\/\/schema.org\",\"@graph\":[{\"@type\":\"WebPage\",\"@id\":\"https:\/\/piecesalpinea110.com\/fr\/produit\/tiges-de-culbuteurs-version-atmo\/\",\"url\":\"https:\/\/piecesalpinea110.com\/fr\/produit\/tiges-de-culbuteurs-version-atmo\/\",\"name\":\"Tiges de culbuteurs version R5A atmo - Pieces Alpine A110\",\"isPartOf\":{\"@id\":\"https:\/\/piecesalpinea110.com\/#website\"},\"primaryImageOfPage\":{\"@id\":\"https:\/\/piecesalpinea110.com\/fr\/produit\/tiges-de-culbuteurs-version-atmo\/#primaryimage\"},\"image\":{\"@id\":\"https:\/\/piecesalpinea110.com\/fr\/produit\/tiges-de-culbuteurs-version-atmo\/#primaryimage\"},\"thumbnailUrl\":\"https:\/\/piecesalpinea110.com\/wp-content\/uploads\/2018\/03\/1400pushro1.jpg\",\"datePublished\":\"2018-03-29T05:31:39+00:00\",\"dateModified\":\"2019-06-11T08:24:17+00:00\",\"breadcrumb\":{\"@id\":\"https:\/\/piecesalpinea110.com\/fr\/produit\/tiges-de-culbuteurs-version-atmo\/#breadcrumb\"},\"inLanguage\":\"fr-FR\",\"potentialAction\":[{\"@type\":\"ReadAction\",\"target\":[\"https:\/\/piecesalpinea110.com\/fr\/produit\/tiges-de-culbuteurs-version-atmo\/\"]}]},{\"@type\":\"ImageObject\",\"inLanguage\":\"fr-FR\",\"@id\":\"https:\/\/piecesalpinea110.com\/fr\/produit\/tiges-de-culbuteurs-version-atmo\/#primaryimage\",\"url\":\"https:\/\/piecesalpinea110.com\/wp-content\/uploads\/2018\/03\/1400pushro1.jpg\",\"contentUrl\":\"https:\/\/piecesalpinea110.com\/wp-content\/uploads\/2018\/03\/1400pushro1.jpg\",\"width\":353,\"height\":353},{\"@type\":\"BreadcrumbList\",\"@id\":\"https:\/\/piecesalpinea110.com\/fr\/produit\/tiges-de-culbuteurs-version-atmo\/#breadcrumb\",\"itemListElement\":[{\"@type\":\"ListItem\",\"position\":1,\"name\":\"Home\",\"item\":\"https:\/\/piecesalpinea110.com\/fr\/\"},{\"@type\":\"ListItem\",\"position\":2,\"name\":\"Boutique\",\"item\":\"https:\/\/piecesalpinea110.com\/fr\/boutique\/\"},{\"@type\":\"ListItem\",\"position\":3,\"name\":\"Tiges de culbuteurs version R5A atmo\"}]},{\"@type\":\"WebSite\",\"@id\":\"https:\/\/piecesalpinea110.com\/#website\",\"url\":\"https:\/\/piecesalpinea110.com\/\",\"name\":\"Pieces Alpine A110\",\"description\":\"Pieces for Alpine A110\",\"potentialAction\":[{\"@type\":\"SearchAction\",\"target\":{\"@type\":\"EntryPoint\",\"urlTemplate\":\"https:\/\/piecesalpinea110.com\/?s={search_term_string}\"},\"query-input\":{\"@type\":\"PropertyValueSpecification\",\"valueRequired\":true,\"valueName\":\"search_term_string\"}}],\"inLanguage\":\"fr-FR\"}]}<\/script>\n<!-- \/ Yoast SEO plugin. -->","yoast_head_json":{"title":"Tiges de culbuteurs version R5A atmo - Pieces Alpine A110","robots":{"index":"index","follow":"follow","max-snippet":"max-snippet:-1","max-image-preview":"max-image-preview:large","max-video-preview":"max-video-preview:-1"},"canonical":"https:\/\/piecesalpinea110.com\/fr\/produit\/tiges-de-culbuteurs-version-atmo\/","og_locale":"fr_FR","og_type":"article","og_title":"Tiges de culbuteurs version R5A atmo - Pieces Alpine A110","og_description":"Reference: TIGCULATMO Tiges de culbutteurs pour moteur Renault 5 Alpine Description: longueur 177 et 204,5 mm (1 mm plus long que l&rsquo;origine) diametre 6,3 mm (plus \u00e9pais que l&rsquo;origine) traitement thermique 60 HRV sur acier forg\u00e9 EN-31 Compatibilit\u00e9: Renault 5 Alpine atmo Note: les poussoirs, tiges et vis de culbuteurs ont \u00e9t\u00e9 fabriqu\u00e9s ensemble afin [&hellip;]","og_url":"https:\/\/piecesalpinea110.com\/fr\/produit\/tiges-de-culbuteurs-version-atmo\/","og_site_name":"Pieces Alpine A110","article_modified_time":"2019-06-11T08:24:17+00:00","og_image":[{"width":353,"height":353,"url":"https:\/\/piecesalpinea110.com\/wp-content\/uploads\/2018\/03\/1400pushro1.jpg","type":"image\/jpeg"}],"twitter_card":"summary_large_image","schema":{"@context":"https:\/\/schema.org","@graph":[{"@type":"WebPage","@id":"https:\/\/piecesalpinea110.com\/fr\/produit\/tiges-de-culbuteurs-version-atmo\/","url":"https:\/\/piecesalpinea110.com\/fr\/produit\/tiges-de-culbuteurs-version-atmo\/","name":"Tiges de culbuteurs version R5A atmo - Pieces Alpine A110","isPartOf":{"@id":"https:\/\/piecesalpinea110.com\/#website"},"primaryImageOfPage":{"@id":"https:\/\/piecesalpinea110.com\/fr\/produit\/tiges-de-culbuteurs-version-atmo\/#primaryimage"},"image":{"@id":"https:\/\/piecesalpinea110.com\/fr\/produit\/tiges-de-culbuteurs-version-atmo\/#primaryimage"},"thumbnailUrl":"https:\/\/piecesalpinea110.com\/wp-content\/uploads\/2018\/03\/1400pushro1.jpg","datePublished":"2018-03-29T05:31:39+00:00","dateModified":"2019-06-11T08:24:17+00:00","breadcrumb":{"@id":"https:\/\/piecesalpinea110.com\/fr\/produit\/tiges-de-culbuteurs-version-atmo\/#breadcrumb"},"inLanguage":"fr-FR","potentialAction":[{"@type":"ReadAction","target":["https:\/\/piecesalpinea110.com\/fr\/produit\/tiges-de-culbuteurs-version-atmo\/"]}]},{"@type":"ImageObject","inLanguage":"fr-FR","@id":"https:\/\/piecesalpinea110.com\/fr\/produit\/tiges-de-culbuteurs-version-atmo\/#primaryimage","url":"https:\/\/piecesalpinea110.com\/wp-content\/uploads\/2018\/03\/1400pushro1.jpg","contentUrl":"https:\/\/piecesalpinea110.com\/wp-content\/uploads\/2018\/03\/1400pushro1.jpg","width":353,"height":353},{"@type":"BreadcrumbList","@id":"https:\/\/piecesalpinea110.com\/fr\/produit\/tiges-de-culbuteurs-version-atmo\/#breadcrumb","itemListElement":[{"@type":"ListItem","position":1,"name":"Home","item":"https:\/\/piecesalpinea110.com\/fr\/"},{"@type":"ListItem","position":2,"name":"Boutique","item":"https:\/\/piecesalpinea110.com\/fr\/boutique\/"},{"@type":"ListItem","position":3,"name":"Tiges de culbuteurs version R5A atmo"}]},{"@type":"WebSite","@id":"https:\/\/piecesalpinea110.com\/#website","url":"https:\/\/piecesalpinea110.com\/","name":"Pieces Alpine A110","description":"Pieces for Alpine A110","potentialAction":[{"@type":"SearchAction","target":{"@type":"EntryPoint","urlTemplate":"https:\/\/piecesalpinea110.com\/?s={search_term_string}"},"query-input":{"@type":"PropertyValueSpecification","valueRequired":true,"valueName":"search_term_string"}}],"inLanguage":"fr-FR"}]}},"_links":{"self":[{"href":"https:\/\/piecesalpinea110.com\/fr\/wp-json\/wp\/v2\/product\/2998","targetHints":{"allow":["GET"]}}],"collection":[{"href":"https:\/\/piecesalpinea110.com\/fr\/wp-json\/wp\/v2\/product"}],"about":[{"href":"https:\/\/piecesalpinea110.com\/fr\/wp-json\/wp\/v2\/types\/product"}],"wp:featuredmedia":[{"embeddable":true,"href":"https:\/\/piecesalpinea110.com\/fr\/wp-json\/wp\/v2\/media\/1581"}],"wp:attachment":[{"href":"https:\/\/piecesalpinea110.com\/fr\/wp-json\/wp\/v2\/media?parent=2998"}],"wp:term":[{"taxonomy":"product_brand","embeddable":true,"href":"https:\/\/piecesalpinea110.com\/fr\/wp-json\/wp\/v2\/product_brand?post=2998"},{"taxonomy":"product_cat","embeddable":true,"href":"https:\/\/piecesalpinea110.com\/fr\/wp-json\/wp\/v2\/product_cat?post=2998"},{"taxonomy":"product_tag","embeddable":true,"href":"https:\/\/piecesalpinea110.com\/fr\/wp-json\/wp\/v2\/product_tag?post=2998"}],"curies":[{"name":"wp","href":"https:\/\/api.w.org\/{rel}","templated":true}]}}