{"id":315,"date":"2018-02-15T09:28:30","date_gmt":"2018-02-15T08:28:30","guid":{"rendered":"https:\/\/piecesalpinea110.com\/product\/adjustment-screw-for-alpine-a110-central-lamps\/"},"modified":"2018-09-24T22:05:20","modified_gmt":"2018-09-24T21:05:20","slug":"vis-de-reglage-pour-lampes-centrales-alpine-a110","status":"publish","type":"product","link":"https:\/\/piecesalpinea110.com\/fr\/produit\/vis-de-reglage-pour-lampes-centrales-alpine-a110\/","title":{"rendered":"Vis de r\u00e9glage pour optiques principales A110"},"content":{"rendered":"<div class=\"portfolio-item-desc\">\n<div class=\"portfolio-item-desc-inner \" data-collapse-at=\"150\">\n<p><strong>R\u00e9f\u00e9rence: <\/strong>REGLPHA<\/p>\n<p><strong>Description:<\/strong><\/p>\n<ul>\n<li>Maintient l&rsquo;optique sur son support et permet le r\u00e9glage du faisceau<\/li>\n<li>Fabrication en laiton<\/li>\n<\/ul>\n<p><strong>Compatible avec les mod\u00e8les suivants:<\/strong><\/p>\n<ul>\n<li>Alpine A110<\/li>\n<\/ul>\n<\/div>\n<\/div>\n","protected":false},"excerpt":{"rendered":"<p>R\u00e9f\u00e9rence: REGLPHA Description: Maintient l&rsquo;optique sur son support et permet le r\u00e9glage du faisceau Fabrication en laiton Compatible avec les mod\u00e8les suivants: Alpine A110<\/p>\n","protected":false},"featured_media":314,"template":"","meta":{"_et_pb_use_builder":"","_et_pb_old_content":"","_et_gb_content_width":"","_exactmetrics_skip_tracking":false,"_exactmetrics_sitenote_active":false,"_exactmetrics_sitenote_note":"","_exactmetrics_sitenote_category":0},"product_brand":[],"product_cat":[45],"product_tag":[],"class_list":{"0":"post-315","1":"product","2":"type-product","3":"status-publish","4":"has-post-thumbnail","6":"product_cat-carrosserie","8":"first","9":"instock","10":"taxable","11":"shipping-taxable","12":"purchasable","13":"product-type-simple"},"yoast_head":"<!-- This site is optimized with the Yoast SEO plugin v27.2 - https:\/\/yoast.com\/product\/yoast-seo-wordpress\/ -->\n<title>Vis de r\u00e9glage pour optiques principales A110 - Pieces Alpine A110<\/title>\n<meta name=\"robots\" content=\"index, follow, max-snippet:-1, max-image-preview:large, max-video-preview:-1\" \/>\n<link rel=\"canonical\" href=\"https:\/\/piecesalpinea110.com\/fr\/produit\/vis-de-reglage-pour-lampes-centrales-alpine-a110\/\" \/>\n<meta property=\"og:locale\" content=\"fr_FR\" \/>\n<meta property=\"og:type\" content=\"article\" \/>\n<meta property=\"og:title\" content=\"Vis de r\u00e9glage pour optiques principales A110 - Pieces Alpine A110\" \/>\n<meta property=\"og:description\" content=\"R\u00e9f\u00e9rence: REGLPHA Description: Maintient l&rsquo;optique sur son support et permet le r\u00e9glage du faisceau Fabrication en laiton Compatible avec les mod\u00e8les suivants: Alpine A110\" \/>\n<meta property=\"og:url\" content=\"https:\/\/piecesalpinea110.com\/fr\/produit\/vis-de-reglage-pour-lampes-centrales-alpine-a110\/\" \/>\n<meta property=\"og:site_name\" content=\"Pieces Alpine A110\" \/>\n<meta property=\"article:modified_time\" content=\"2018-09-24T21:05:20+00:00\" \/>\n<meta property=\"og:image\" content=\"https:\/\/piecesalpinea110.com\/wp-content\/uploads\/2018\/02\/28.1.jpg\" \/>\n\t<meta property=\"og:image:width\" content=\"814\" \/>\n\t<meta property=\"og:image:height\" content=\"830\" \/>\n\t<meta property=\"og:image:type\" content=\"image\/jpeg\" \/>\n<meta name=\"twitter:card\" content=\"summary_large_image\" \/>\n<script type=\"application\/ld+json\" class=\"yoast-schema-graph\">{\"@context\":\"https:\/\/schema.org\",\"@graph\":[{\"@type\":\"WebPage\",\"@id\":\"https:\/\/piecesalpinea110.com\/fr\/produit\/vis-de-reglage-pour-lampes-centrales-alpine-a110\/\",\"url\":\"https:\/\/piecesalpinea110.com\/fr\/produit\/vis-de-reglage-pour-lampes-centrales-alpine-a110\/\",\"name\":\"Vis de r\u00e9glage pour optiques principales A110 - Pieces Alpine A110\",\"isPartOf\":{\"@id\":\"https:\/\/piecesalpinea110.com\/#website\"},\"primaryImageOfPage\":{\"@id\":\"https:\/\/piecesalpinea110.com\/fr\/produit\/vis-de-reglage-pour-lampes-centrales-alpine-a110\/#primaryimage\"},\"image\":{\"@id\":\"https:\/\/piecesalpinea110.com\/fr\/produit\/vis-de-reglage-pour-lampes-centrales-alpine-a110\/#primaryimage\"},\"thumbnailUrl\":\"https:\/\/piecesalpinea110.com\/wp-content\/uploads\/2018\/02\/28.1.jpg\",\"datePublished\":\"2018-02-15T08:28:30+00:00\",\"dateModified\":\"2018-09-24T21:05:20+00:00\",\"breadcrumb\":{\"@id\":\"https:\/\/piecesalpinea110.com\/fr\/produit\/vis-de-reglage-pour-lampes-centrales-alpine-a110\/#breadcrumb\"},\"inLanguage\":\"fr-FR\",\"potentialAction\":[{\"@type\":\"ReadAction\",\"target\":[\"https:\/\/piecesalpinea110.com\/fr\/produit\/vis-de-reglage-pour-lampes-centrales-alpine-a110\/\"]}]},{\"@type\":\"ImageObject\",\"inLanguage\":\"fr-FR\",\"@id\":\"https:\/\/piecesalpinea110.com\/fr\/produit\/vis-de-reglage-pour-lampes-centrales-alpine-a110\/#primaryimage\",\"url\":\"https:\/\/piecesalpinea110.com\/wp-content\/uploads\/2018\/02\/28.1.jpg\",\"contentUrl\":\"https:\/\/piecesalpinea110.com\/wp-content\/uploads\/2018\/02\/28.1.jpg\",\"width\":814,\"height\":830},{\"@type\":\"BreadcrumbList\",\"@id\":\"https:\/\/piecesalpinea110.com\/fr\/produit\/vis-de-reglage-pour-lampes-centrales-alpine-a110\/#breadcrumb\",\"itemListElement\":[{\"@type\":\"ListItem\",\"position\":1,\"name\":\"Home\",\"item\":\"https:\/\/piecesalpinea110.com\/fr\/\"},{\"@type\":\"ListItem\",\"position\":2,\"name\":\"Boutique\",\"item\":\"https:\/\/piecesalpinea110.com\/fr\/boutique\/\"},{\"@type\":\"ListItem\",\"position\":3,\"name\":\"Vis de r\u00e9glage pour optiques principales A110\"}]},{\"@type\":\"WebSite\",\"@id\":\"https:\/\/piecesalpinea110.com\/#website\",\"url\":\"https:\/\/piecesalpinea110.com\/\",\"name\":\"Pieces Alpine A110\",\"description\":\"Pieces for Alpine A110\",\"potentialAction\":[{\"@type\":\"SearchAction\",\"target\":{\"@type\":\"EntryPoint\",\"urlTemplate\":\"https:\/\/piecesalpinea110.com\/?s={search_term_string}\"},\"query-input\":{\"@type\":\"PropertyValueSpecification\",\"valueRequired\":true,\"valueName\":\"search_term_string\"}}],\"inLanguage\":\"fr-FR\"}]}<\/script>\n<!-- \/ Yoast SEO plugin. -->","yoast_head_json":{"title":"Vis de r\u00e9glage pour optiques principales A110 - Pieces Alpine A110","robots":{"index":"index","follow":"follow","max-snippet":"max-snippet:-1","max-image-preview":"max-image-preview:large","max-video-preview":"max-video-preview:-1"},"canonical":"https:\/\/piecesalpinea110.com\/fr\/produit\/vis-de-reglage-pour-lampes-centrales-alpine-a110\/","og_locale":"fr_FR","og_type":"article","og_title":"Vis de r\u00e9glage pour optiques principales A110 - Pieces Alpine A110","og_description":"R\u00e9f\u00e9rence: REGLPHA Description: Maintient l&rsquo;optique sur son support et permet le r\u00e9glage du faisceau Fabrication en laiton Compatible avec les mod\u00e8les suivants: Alpine A110","og_url":"https:\/\/piecesalpinea110.com\/fr\/produit\/vis-de-reglage-pour-lampes-centrales-alpine-a110\/","og_site_name":"Pieces Alpine A110","article_modified_time":"2018-09-24T21:05:20+00:00","og_image":[{"width":814,"height":830,"url":"https:\/\/piecesalpinea110.com\/wp-content\/uploads\/2018\/02\/28.1.jpg","type":"image\/jpeg"}],"twitter_card":"summary_large_image","schema":{"@context":"https:\/\/schema.org","@graph":[{"@type":"WebPage","@id":"https:\/\/piecesalpinea110.com\/fr\/produit\/vis-de-reglage-pour-lampes-centrales-alpine-a110\/","url":"https:\/\/piecesalpinea110.com\/fr\/produit\/vis-de-reglage-pour-lampes-centrales-alpine-a110\/","name":"Vis de r\u00e9glage pour optiques principales A110 - Pieces Alpine A110","isPartOf":{"@id":"https:\/\/piecesalpinea110.com\/#website"},"primaryImageOfPage":{"@id":"https:\/\/piecesalpinea110.com\/fr\/produit\/vis-de-reglage-pour-lampes-centrales-alpine-a110\/#primaryimage"},"image":{"@id":"https:\/\/piecesalpinea110.com\/fr\/produit\/vis-de-reglage-pour-lampes-centrales-alpine-a110\/#primaryimage"},"thumbnailUrl":"https:\/\/piecesalpinea110.com\/wp-content\/uploads\/2018\/02\/28.1.jpg","datePublished":"2018-02-15T08:28:30+00:00","dateModified":"2018-09-24T21:05:20+00:00","breadcrumb":{"@id":"https:\/\/piecesalpinea110.com\/fr\/produit\/vis-de-reglage-pour-lampes-centrales-alpine-a110\/#breadcrumb"},"inLanguage":"fr-FR","potentialAction":[{"@type":"ReadAction","target":["https:\/\/piecesalpinea110.com\/fr\/produit\/vis-de-reglage-pour-lampes-centrales-alpine-a110\/"]}]},{"@type":"ImageObject","inLanguage":"fr-FR","@id":"https:\/\/piecesalpinea110.com\/fr\/produit\/vis-de-reglage-pour-lampes-centrales-alpine-a110\/#primaryimage","url":"https:\/\/piecesalpinea110.com\/wp-content\/uploads\/2018\/02\/28.1.jpg","contentUrl":"https:\/\/piecesalpinea110.com\/wp-content\/uploads\/2018\/02\/28.1.jpg","width":814,"height":830},{"@type":"BreadcrumbList","@id":"https:\/\/piecesalpinea110.com\/fr\/produit\/vis-de-reglage-pour-lampes-centrales-alpine-a110\/#breadcrumb","itemListElement":[{"@type":"ListItem","position":1,"name":"Home","item":"https:\/\/piecesalpinea110.com\/fr\/"},{"@type":"ListItem","position":2,"name":"Boutique","item":"https:\/\/piecesalpinea110.com\/fr\/boutique\/"},{"@type":"ListItem","position":3,"name":"Vis de r\u00e9glage pour optiques principales A110"}]},{"@type":"WebSite","@id":"https:\/\/piecesalpinea110.com\/#website","url":"https:\/\/piecesalpinea110.com\/","name":"Pieces Alpine A110","description":"Pieces for Alpine A110","potentialAction":[{"@type":"SearchAction","target":{"@type":"EntryPoint","urlTemplate":"https:\/\/piecesalpinea110.com\/?s={search_term_string}"},"query-input":{"@type":"PropertyValueSpecification","valueRequired":true,"valueName":"search_term_string"}}],"inLanguage":"fr-FR"}]}},"_links":{"self":[{"href":"https:\/\/piecesalpinea110.com\/fr\/wp-json\/wp\/v2\/product\/315","targetHints":{"allow":["GET"]}}],"collection":[{"href":"https:\/\/piecesalpinea110.com\/fr\/wp-json\/wp\/v2\/product"}],"about":[{"href":"https:\/\/piecesalpinea110.com\/fr\/wp-json\/wp\/v2\/types\/product"}],"wp:featuredmedia":[{"embeddable":true,"href":"https:\/\/piecesalpinea110.com\/fr\/wp-json\/wp\/v2\/media\/314"}],"wp:attachment":[{"href":"https:\/\/piecesalpinea110.com\/fr\/wp-json\/wp\/v2\/media?parent=315"}],"wp:term":[{"taxonomy":"product_brand","embeddable":true,"href":"https:\/\/piecesalpinea110.com\/fr\/wp-json\/wp\/v2\/product_brand?post=315"},{"taxonomy":"product_cat","embeddable":true,"href":"https:\/\/piecesalpinea110.com\/fr\/wp-json\/wp\/v2\/product_cat?post=315"},{"taxonomy":"product_tag","embeddable":true,"href":"https:\/\/piecesalpinea110.com\/fr\/wp-json\/wp\/v2\/product_tag?post=315"}],"curies":[{"name":"wp","href":"https:\/\/api.w.org\/{rel}","templated":true}]}}