{"id":336,"date":"2018-02-15T10:13:29","date_gmt":"2018-02-15T09:13:29","guid":{"rendered":"https:\/\/piecesalpinea110.com\/product\/rondelle-de-collecteur-dadmission-alpine-a110-moteur-gordini-1300cc\/"},"modified":"2018-09-23T22:52:40","modified_gmt":"2018-09-23T21:52:40","slug":"rondelle-de-collecteur-dadmission-alpine-a110-moteur-gordini-1300cc","status":"publish","type":"product","link":"https:\/\/piecesalpinea110.com\/fr\/produit\/rondelle-de-collecteur-dadmission-alpine-a110-moteur-gordini-1300cc\/","title":{"rendered":"Rondelle pour caoutchouc, collecteur d\u2019admission moteur Gordini"},"content":{"rendered":"<div class=\"portfolio-item-desc\">\n<div class=\"portfolio-item-desc-inner \" data-collapse-at=\"150\">\n<p><strong>R\u00e9f\u00e9rence:<\/strong> RONDSBADM13G<\/p>\n<p><strong>Description:<\/strong><\/p>\n<ul>\n<li>Maintient le diabolo en caoutchouc afin d\u2019isoler le carburateur des vibrations du moteur<\/li>\n<li>Fabriqu\u00e9 en acier zingu\u00e9<\/li>\n<\/ul>\n<p><strong>Compatible avec les mod\u00e8les suivants:<\/strong><\/p>\n<ul>\n<li>moteurs Gordini 1300cc (A110, R8G)<\/li>\n<li>moteurs Gordini type 807 (R12G, A110 1600S)<\/li>\n<\/ul>\n<p><strong>Contenu:<\/strong><\/p>\n<ul>\n<li>8 rondelles zingu\u00e9es (pour 2 carbus)<\/li>\n<\/ul>\n<\/div>\n<\/div>\n","protected":false},"excerpt":{"rendered":"<p>R\u00e9f\u00e9rence: RONDSBADM13G Description: Maintient le diabolo en caoutchouc afin d\u2019isoler le carburateur des vibrations du moteur Fabriqu\u00e9 en acier zingu\u00e9 Compatible avec les mod\u00e8les suivants: moteurs Gordini 1300cc (A110, R8G) moteurs Gordini type 807 (R12G, A110 1600S) Contenu: 8 rondelles zingu\u00e9es (pour 2 carbus)<\/p>\n","protected":false},"featured_media":331,"template":"","meta":{"_et_pb_use_builder":"","_et_pb_old_content":"","_et_gb_content_width":"","_exactmetrics_skip_tracking":false,"_exactmetrics_sitenote_active":false,"_exactmetrics_sitenote_note":"","_exactmetrics_sitenote_category":0},"product_brand":[],"product_cat":[58,31],"product_tag":[],"class_list":{"0":"post-336","1":"product","2":"type-product","3":"status-publish","4":"has-post-thumbnail","6":"product_cat-produits-exclusifs","7":"product_cat-fuel-system-fr","9":"first","10":"instock","11":"taxable","12":"shipping-taxable","13":"purchasable","14":"product-type-simple"},"yoast_head":"<!-- This site is optimized with the Yoast SEO plugin v27.2 - https:\/\/yoast.com\/product\/yoast-seo-wordpress\/ -->\n<title>Rondelle pour caoutchouc, collecteur d\u2019admission moteur Gordini - Pieces Alpine A110<\/title>\n<meta name=\"robots\" content=\"index, follow, max-snippet:-1, max-image-preview:large, max-video-preview:-1\" \/>\n<link rel=\"canonical\" href=\"https:\/\/piecesalpinea110.com\/fr\/produit\/rondelle-de-collecteur-dadmission-alpine-a110-moteur-gordini-1300cc\/\" \/>\n<meta property=\"og:locale\" content=\"fr_FR\" \/>\n<meta property=\"og:type\" content=\"article\" \/>\n<meta property=\"og:title\" content=\"Rondelle pour caoutchouc, collecteur d\u2019admission moteur Gordini - Pieces Alpine A110\" \/>\n<meta property=\"og:description\" content=\"R\u00e9f\u00e9rence: RONDSBADM13G Description: Maintient le diabolo en caoutchouc afin d\u2019isoler le carburateur des vibrations du moteur Fabriqu\u00e9 en acier zingu\u00e9 Compatible avec les mod\u00e8les suivants: moteurs Gordini 1300cc (A110, R8G) moteurs Gordini type 807 (R12G, A110 1600S) Contenu: 8 rondelles zingu\u00e9es (pour 2 carbus)\" \/>\n<meta property=\"og:url\" content=\"https:\/\/piecesalpinea110.com\/fr\/produit\/rondelle-de-collecteur-dadmission-alpine-a110-moteur-gordini-1300cc\/\" \/>\n<meta property=\"og:site_name\" content=\"Pieces Alpine A110\" \/>\n<meta property=\"article:modified_time\" content=\"2018-09-23T21:52:40+00:00\" \/>\n<meta property=\"og:image\" content=\"https:\/\/piecesalpinea110.com\/wp-content\/uploads\/2018\/02\/27.3.jpg\" \/>\n\t<meta property=\"og:image:width\" content=\"1068\" \/>\n\t<meta property=\"og:image:height\" content=\"919\" \/>\n\t<meta property=\"og:image:type\" content=\"image\/jpeg\" \/>\n<meta name=\"twitter:card\" content=\"summary_large_image\" \/>\n<script type=\"application\/ld+json\" class=\"yoast-schema-graph\">{\"@context\":\"https:\/\/schema.org\",\"@graph\":[{\"@type\":\"WebPage\",\"@id\":\"https:\/\/piecesalpinea110.com\/fr\/produit\/rondelle-de-collecteur-dadmission-alpine-a110-moteur-gordini-1300cc\/\",\"url\":\"https:\/\/piecesalpinea110.com\/fr\/produit\/rondelle-de-collecteur-dadmission-alpine-a110-moteur-gordini-1300cc\/\",\"name\":\"Rondelle pour caoutchouc, collecteur d\u2019admission moteur Gordini - Pieces Alpine A110\",\"isPartOf\":{\"@id\":\"https:\/\/piecesalpinea110.com\/#website\"},\"primaryImageOfPage\":{\"@id\":\"https:\/\/piecesalpinea110.com\/fr\/produit\/rondelle-de-collecteur-dadmission-alpine-a110-moteur-gordini-1300cc\/#primaryimage\"},\"image\":{\"@id\":\"https:\/\/piecesalpinea110.com\/fr\/produit\/rondelle-de-collecteur-dadmission-alpine-a110-moteur-gordini-1300cc\/#primaryimage\"},\"thumbnailUrl\":\"https:\/\/piecesalpinea110.com\/wp-content\/uploads\/2018\/02\/27.3.jpg\",\"datePublished\":\"2018-02-15T09:13:29+00:00\",\"dateModified\":\"2018-09-23T21:52:40+00:00\",\"breadcrumb\":{\"@id\":\"https:\/\/piecesalpinea110.com\/fr\/produit\/rondelle-de-collecteur-dadmission-alpine-a110-moteur-gordini-1300cc\/#breadcrumb\"},\"inLanguage\":\"fr-FR\",\"potentialAction\":[{\"@type\":\"ReadAction\",\"target\":[\"https:\/\/piecesalpinea110.com\/fr\/produit\/rondelle-de-collecteur-dadmission-alpine-a110-moteur-gordini-1300cc\/\"]}]},{\"@type\":\"ImageObject\",\"inLanguage\":\"fr-FR\",\"@id\":\"https:\/\/piecesalpinea110.com\/fr\/produit\/rondelle-de-collecteur-dadmission-alpine-a110-moteur-gordini-1300cc\/#primaryimage\",\"url\":\"https:\/\/piecesalpinea110.com\/wp-content\/uploads\/2018\/02\/27.3.jpg\",\"contentUrl\":\"https:\/\/piecesalpinea110.com\/wp-content\/uploads\/2018\/02\/27.3.jpg\",\"width\":1068,\"height\":919},{\"@type\":\"BreadcrumbList\",\"@id\":\"https:\/\/piecesalpinea110.com\/fr\/produit\/rondelle-de-collecteur-dadmission-alpine-a110-moteur-gordini-1300cc\/#breadcrumb\",\"itemListElement\":[{\"@type\":\"ListItem\",\"position\":1,\"name\":\"Home\",\"item\":\"https:\/\/piecesalpinea110.com\/fr\/\"},{\"@type\":\"ListItem\",\"position\":2,\"name\":\"Boutique\",\"item\":\"https:\/\/piecesalpinea110.com\/fr\/boutique\/\"},{\"@type\":\"ListItem\",\"position\":3,\"name\":\"Rondelle pour caoutchouc, collecteur d\u2019admission moteur Gordini\"}]},{\"@type\":\"WebSite\",\"@id\":\"https:\/\/piecesalpinea110.com\/#website\",\"url\":\"https:\/\/piecesalpinea110.com\/\",\"name\":\"Pieces Alpine A110\",\"description\":\"Pieces for Alpine A110\",\"potentialAction\":[{\"@type\":\"SearchAction\",\"target\":{\"@type\":\"EntryPoint\",\"urlTemplate\":\"https:\/\/piecesalpinea110.com\/?s={search_term_string}\"},\"query-input\":{\"@type\":\"PropertyValueSpecification\",\"valueRequired\":true,\"valueName\":\"search_term_string\"}}],\"inLanguage\":\"fr-FR\"}]}<\/script>\n<!-- \/ Yoast SEO plugin. -->","yoast_head_json":{"title":"Rondelle pour caoutchouc, collecteur d\u2019admission moteur Gordini - Pieces Alpine A110","robots":{"index":"index","follow":"follow","max-snippet":"max-snippet:-1","max-image-preview":"max-image-preview:large","max-video-preview":"max-video-preview:-1"},"canonical":"https:\/\/piecesalpinea110.com\/fr\/produit\/rondelle-de-collecteur-dadmission-alpine-a110-moteur-gordini-1300cc\/","og_locale":"fr_FR","og_type":"article","og_title":"Rondelle pour caoutchouc, collecteur d\u2019admission moteur Gordini - Pieces Alpine A110","og_description":"R\u00e9f\u00e9rence: RONDSBADM13G Description: Maintient le diabolo en caoutchouc afin d\u2019isoler le carburateur des vibrations du moteur Fabriqu\u00e9 en acier zingu\u00e9 Compatible avec les mod\u00e8les suivants: moteurs Gordini 1300cc (A110, R8G) moteurs Gordini type 807 (R12G, A110 1600S) Contenu: 8 rondelles zingu\u00e9es (pour 2 carbus)","og_url":"https:\/\/piecesalpinea110.com\/fr\/produit\/rondelle-de-collecteur-dadmission-alpine-a110-moteur-gordini-1300cc\/","og_site_name":"Pieces Alpine A110","article_modified_time":"2018-09-23T21:52:40+00:00","og_image":[{"width":1068,"height":919,"url":"https:\/\/piecesalpinea110.com\/wp-content\/uploads\/2018\/02\/27.3.jpg","type":"image\/jpeg"}],"twitter_card":"summary_large_image","schema":{"@context":"https:\/\/schema.org","@graph":[{"@type":"WebPage","@id":"https:\/\/piecesalpinea110.com\/fr\/produit\/rondelle-de-collecteur-dadmission-alpine-a110-moteur-gordini-1300cc\/","url":"https:\/\/piecesalpinea110.com\/fr\/produit\/rondelle-de-collecteur-dadmission-alpine-a110-moteur-gordini-1300cc\/","name":"Rondelle pour caoutchouc, collecteur d\u2019admission moteur Gordini - Pieces Alpine A110","isPartOf":{"@id":"https:\/\/piecesalpinea110.com\/#website"},"primaryImageOfPage":{"@id":"https:\/\/piecesalpinea110.com\/fr\/produit\/rondelle-de-collecteur-dadmission-alpine-a110-moteur-gordini-1300cc\/#primaryimage"},"image":{"@id":"https:\/\/piecesalpinea110.com\/fr\/produit\/rondelle-de-collecteur-dadmission-alpine-a110-moteur-gordini-1300cc\/#primaryimage"},"thumbnailUrl":"https:\/\/piecesalpinea110.com\/wp-content\/uploads\/2018\/02\/27.3.jpg","datePublished":"2018-02-15T09:13:29+00:00","dateModified":"2018-09-23T21:52:40+00:00","breadcrumb":{"@id":"https:\/\/piecesalpinea110.com\/fr\/produit\/rondelle-de-collecteur-dadmission-alpine-a110-moteur-gordini-1300cc\/#breadcrumb"},"inLanguage":"fr-FR","potentialAction":[{"@type":"ReadAction","target":["https:\/\/piecesalpinea110.com\/fr\/produit\/rondelle-de-collecteur-dadmission-alpine-a110-moteur-gordini-1300cc\/"]}]},{"@type":"ImageObject","inLanguage":"fr-FR","@id":"https:\/\/piecesalpinea110.com\/fr\/produit\/rondelle-de-collecteur-dadmission-alpine-a110-moteur-gordini-1300cc\/#primaryimage","url":"https:\/\/piecesalpinea110.com\/wp-content\/uploads\/2018\/02\/27.3.jpg","contentUrl":"https:\/\/piecesalpinea110.com\/wp-content\/uploads\/2018\/02\/27.3.jpg","width":1068,"height":919},{"@type":"BreadcrumbList","@id":"https:\/\/piecesalpinea110.com\/fr\/produit\/rondelle-de-collecteur-dadmission-alpine-a110-moteur-gordini-1300cc\/#breadcrumb","itemListElement":[{"@type":"ListItem","position":1,"name":"Home","item":"https:\/\/piecesalpinea110.com\/fr\/"},{"@type":"ListItem","position":2,"name":"Boutique","item":"https:\/\/piecesalpinea110.com\/fr\/boutique\/"},{"@type":"ListItem","position":3,"name":"Rondelle pour caoutchouc, collecteur d\u2019admission moteur Gordini"}]},{"@type":"WebSite","@id":"https:\/\/piecesalpinea110.com\/#website","url":"https:\/\/piecesalpinea110.com\/","name":"Pieces Alpine A110","description":"Pieces for Alpine A110","potentialAction":[{"@type":"SearchAction","target":{"@type":"EntryPoint","urlTemplate":"https:\/\/piecesalpinea110.com\/?s={search_term_string}"},"query-input":{"@type":"PropertyValueSpecification","valueRequired":true,"valueName":"search_term_string"}}],"inLanguage":"fr-FR"}]}},"_links":{"self":[{"href":"https:\/\/piecesalpinea110.com\/fr\/wp-json\/wp\/v2\/product\/336","targetHints":{"allow":["GET"]}}],"collection":[{"href":"https:\/\/piecesalpinea110.com\/fr\/wp-json\/wp\/v2\/product"}],"about":[{"href":"https:\/\/piecesalpinea110.com\/fr\/wp-json\/wp\/v2\/types\/product"}],"wp:featuredmedia":[{"embeddable":true,"href":"https:\/\/piecesalpinea110.com\/fr\/wp-json\/wp\/v2\/media\/331"}],"wp:attachment":[{"href":"https:\/\/piecesalpinea110.com\/fr\/wp-json\/wp\/v2\/media?parent=336"}],"wp:term":[{"taxonomy":"product_brand","embeddable":true,"href":"https:\/\/piecesalpinea110.com\/fr\/wp-json\/wp\/v2\/product_brand?post=336"},{"taxonomy":"product_cat","embeddable":true,"href":"https:\/\/piecesalpinea110.com\/fr\/wp-json\/wp\/v2\/product_cat?post=336"},{"taxonomy":"product_tag","embeddable":true,"href":"https:\/\/piecesalpinea110.com\/fr\/wp-json\/wp\/v2\/product_tag?post=336"}],"curies":[{"name":"wp","href":"https:\/\/api.w.org\/{rel}","templated":true}]}}