{"id":3538,"date":"2018-07-30T20:09:11","date_gmt":"2018-07-30T19:09:11","guid":{"rendered":"https:\/\/piecesalpinea110.com\/product\/master-cylinder-dauphine-with-drum-brakes\/"},"modified":"2019-08-31T22:51:44","modified_gmt":"2019-08-31T21:51:44","slug":"master-cylinder-dauphine-with-drum-brakes","status":"publish","type":"product","link":"https:\/\/piecesalpinea110.com\/fr\/produit\/master-cylinder-dauphine-with-drum-brakes\/","title":{"rendered":"Ma\u00eetre cylindre Dauphine avec freins \u00e0 tambours"},"content":{"rendered":"<div><strong>Reference<\/strong>: ST57326<\/div>\n<div><\/div>\n<p>&nbsp;<\/p>\n<div><\/div>\n<div><strong>Description:<\/strong><\/div>\n<div>ma\u00eetre cylindre 22 mm pour Dauphine \u00e0 freins \u00e0 tambours, aussi pour 4CV \u00e0 partir de 1955 et Floride \u00e0 tambours. Connecteur de flexible de bocal et interrupteur de stop \u00e9galement disponibles.<\/div>\n","protected":false},"excerpt":{"rendered":"<p>Reference: ST57326 &nbsp; Description: ma\u00eetre cylindre 22 mm pour Dauphine \u00e0 freins \u00e0 tambours, aussi pour 4CV \u00e0 partir de 1955 et Floride \u00e0 tambours. Connecteur de flexible de bocal et interrupteur de stop \u00e9galement disponibles.<\/p>\n","protected":false},"featured_media":2776,"template":"","meta":{"_et_pb_use_builder":"","_et_pb_old_content":"","_et_gb_content_width":"","_exactmetrics_skip_tracking":false,"_exactmetrics_sitenote_active":false,"_exactmetrics_sitenote_note":"","_exactmetrics_sitenote_category":0},"product_brand":[],"product_cat":[64],"product_tag":[],"class_list":{"0":"post-3538","1":"product","2":"type-product","3":"status-publish","4":"has-post-thumbnail","6":"product_cat-uncategorized-fr","8":"first","9":"outofstock","10":"taxable","11":"shipping-taxable","12":"purchasable","13":"product-type-simple"},"yoast_head":"<!-- This site is optimized with the Yoast SEO plugin v27.2 - https:\/\/yoast.com\/product\/yoast-seo-wordpress\/ -->\n<title>Ma\u00eetre cylindre Dauphine avec freins \u00e0 tambours - Pieces Alpine A110<\/title>\n<meta name=\"robots\" content=\"index, follow, max-snippet:-1, max-image-preview:large, max-video-preview:-1\" \/>\n<link rel=\"canonical\" href=\"https:\/\/piecesalpinea110.com\/fr\/produit\/master-cylinder-dauphine-with-drum-brakes\/\" \/>\n<meta property=\"og:locale\" content=\"fr_FR\" \/>\n<meta property=\"og:type\" content=\"article\" \/>\n<meta property=\"og:title\" content=\"Ma\u00eetre cylindre Dauphine avec freins \u00e0 tambours - Pieces Alpine A110\" \/>\n<meta property=\"og:description\" content=\"Reference: ST57326 &nbsp; Description: ma\u00eetre cylindre 22 mm pour Dauphine \u00e0 freins \u00e0 tambours, aussi pour 4CV \u00e0 partir de 1955 et Floride \u00e0 tambours. Connecteur de flexible de bocal et interrupteur de stop \u00e9galement disponibles.\" \/>\n<meta property=\"og:url\" content=\"https:\/\/piecesalpinea110.com\/fr\/produit\/master-cylinder-dauphine-with-drum-brakes\/\" \/>\n<meta property=\"og:site_name\" content=\"Pieces Alpine A110\" \/>\n<meta property=\"article:modified_time\" content=\"2019-08-31T21:51:44+00:00\" \/>\n<meta property=\"og:image\" content=\"https:\/\/piecesalpinea110.com\/wp-content\/uploads\/2018\/07\/57326-2-1.jpg\" \/>\n\t<meta property=\"og:image:width\" content=\"352\" \/>\n\t<meta property=\"og:image:height\" content=\"352\" \/>\n\t<meta property=\"og:image:type\" content=\"image\/jpeg\" \/>\n<meta name=\"twitter:card\" content=\"summary_large_image\" \/>\n<script type=\"application\/ld+json\" class=\"yoast-schema-graph\">{\"@context\":\"https:\/\/schema.org\",\"@graph\":[{\"@type\":\"WebPage\",\"@id\":\"https:\/\/piecesalpinea110.com\/fr\/produit\/master-cylinder-dauphine-with-drum-brakes\/\",\"url\":\"https:\/\/piecesalpinea110.com\/fr\/produit\/master-cylinder-dauphine-with-drum-brakes\/\",\"name\":\"Ma\u00eetre cylindre Dauphine avec freins \u00e0 tambours - Pieces Alpine A110\",\"isPartOf\":{\"@id\":\"https:\/\/piecesalpinea110.com\/#website\"},\"primaryImageOfPage\":{\"@id\":\"https:\/\/piecesalpinea110.com\/fr\/produit\/master-cylinder-dauphine-with-drum-brakes\/#primaryimage\"},\"image\":{\"@id\":\"https:\/\/piecesalpinea110.com\/fr\/produit\/master-cylinder-dauphine-with-drum-brakes\/#primaryimage\"},\"thumbnailUrl\":\"https:\/\/piecesalpinea110.com\/wp-content\/uploads\/2018\/07\/57326-2-1.jpg\",\"datePublished\":\"2018-07-30T19:09:11+00:00\",\"dateModified\":\"2019-08-31T21:51:44+00:00\",\"breadcrumb\":{\"@id\":\"https:\/\/piecesalpinea110.com\/fr\/produit\/master-cylinder-dauphine-with-drum-brakes\/#breadcrumb\"},\"inLanguage\":\"fr-FR\",\"potentialAction\":[{\"@type\":\"ReadAction\",\"target\":[\"https:\/\/piecesalpinea110.com\/fr\/produit\/master-cylinder-dauphine-with-drum-brakes\/\"]}]},{\"@type\":\"ImageObject\",\"inLanguage\":\"fr-FR\",\"@id\":\"https:\/\/piecesalpinea110.com\/fr\/produit\/master-cylinder-dauphine-with-drum-brakes\/#primaryimage\",\"url\":\"https:\/\/piecesalpinea110.com\/wp-content\/uploads\/2018\/07\/57326-2-1.jpg\",\"contentUrl\":\"https:\/\/piecesalpinea110.com\/wp-content\/uploads\/2018\/07\/57326-2-1.jpg\",\"width\":352,\"height\":352},{\"@type\":\"BreadcrumbList\",\"@id\":\"https:\/\/piecesalpinea110.com\/fr\/produit\/master-cylinder-dauphine-with-drum-brakes\/#breadcrumb\",\"itemListElement\":[{\"@type\":\"ListItem\",\"position\":1,\"name\":\"Home\",\"item\":\"https:\/\/piecesalpinea110.com\/fr\/\"},{\"@type\":\"ListItem\",\"position\":2,\"name\":\"Boutique\",\"item\":\"https:\/\/piecesalpinea110.com\/fr\/boutique\/\"},{\"@type\":\"ListItem\",\"position\":3,\"name\":\"Ma\u00eetre cylindre Dauphine avec freins \u00e0 tambours\"}]},{\"@type\":\"WebSite\",\"@id\":\"https:\/\/piecesalpinea110.com\/#website\",\"url\":\"https:\/\/piecesalpinea110.com\/\",\"name\":\"Pieces Alpine A110\",\"description\":\"Pieces for Alpine A110\",\"potentialAction\":[{\"@type\":\"SearchAction\",\"target\":{\"@type\":\"EntryPoint\",\"urlTemplate\":\"https:\/\/piecesalpinea110.com\/?s={search_term_string}\"},\"query-input\":{\"@type\":\"PropertyValueSpecification\",\"valueRequired\":true,\"valueName\":\"search_term_string\"}}],\"inLanguage\":\"fr-FR\"}]}<\/script>\n<!-- \/ Yoast SEO plugin. -->","yoast_head_json":{"title":"Ma\u00eetre cylindre Dauphine avec freins \u00e0 tambours - Pieces Alpine A110","robots":{"index":"index","follow":"follow","max-snippet":"max-snippet:-1","max-image-preview":"max-image-preview:large","max-video-preview":"max-video-preview:-1"},"canonical":"https:\/\/piecesalpinea110.com\/fr\/produit\/master-cylinder-dauphine-with-drum-brakes\/","og_locale":"fr_FR","og_type":"article","og_title":"Ma\u00eetre cylindre Dauphine avec freins \u00e0 tambours - Pieces Alpine A110","og_description":"Reference: ST57326 &nbsp; Description: ma\u00eetre cylindre 22 mm pour Dauphine \u00e0 freins \u00e0 tambours, aussi pour 4CV \u00e0 partir de 1955 et Floride \u00e0 tambours. Connecteur de flexible de bocal et interrupteur de stop \u00e9galement disponibles.","og_url":"https:\/\/piecesalpinea110.com\/fr\/produit\/master-cylinder-dauphine-with-drum-brakes\/","og_site_name":"Pieces Alpine A110","article_modified_time":"2019-08-31T21:51:44+00:00","og_image":[{"width":352,"height":352,"url":"https:\/\/piecesalpinea110.com\/wp-content\/uploads\/2018\/07\/57326-2-1.jpg","type":"image\/jpeg"}],"twitter_card":"summary_large_image","schema":{"@context":"https:\/\/schema.org","@graph":[{"@type":"WebPage","@id":"https:\/\/piecesalpinea110.com\/fr\/produit\/master-cylinder-dauphine-with-drum-brakes\/","url":"https:\/\/piecesalpinea110.com\/fr\/produit\/master-cylinder-dauphine-with-drum-brakes\/","name":"Ma\u00eetre cylindre Dauphine avec freins \u00e0 tambours - Pieces Alpine A110","isPartOf":{"@id":"https:\/\/piecesalpinea110.com\/#website"},"primaryImageOfPage":{"@id":"https:\/\/piecesalpinea110.com\/fr\/produit\/master-cylinder-dauphine-with-drum-brakes\/#primaryimage"},"image":{"@id":"https:\/\/piecesalpinea110.com\/fr\/produit\/master-cylinder-dauphine-with-drum-brakes\/#primaryimage"},"thumbnailUrl":"https:\/\/piecesalpinea110.com\/wp-content\/uploads\/2018\/07\/57326-2-1.jpg","datePublished":"2018-07-30T19:09:11+00:00","dateModified":"2019-08-31T21:51:44+00:00","breadcrumb":{"@id":"https:\/\/piecesalpinea110.com\/fr\/produit\/master-cylinder-dauphine-with-drum-brakes\/#breadcrumb"},"inLanguage":"fr-FR","potentialAction":[{"@type":"ReadAction","target":["https:\/\/piecesalpinea110.com\/fr\/produit\/master-cylinder-dauphine-with-drum-brakes\/"]}]},{"@type":"ImageObject","inLanguage":"fr-FR","@id":"https:\/\/piecesalpinea110.com\/fr\/produit\/master-cylinder-dauphine-with-drum-brakes\/#primaryimage","url":"https:\/\/piecesalpinea110.com\/wp-content\/uploads\/2018\/07\/57326-2-1.jpg","contentUrl":"https:\/\/piecesalpinea110.com\/wp-content\/uploads\/2018\/07\/57326-2-1.jpg","width":352,"height":352},{"@type":"BreadcrumbList","@id":"https:\/\/piecesalpinea110.com\/fr\/produit\/master-cylinder-dauphine-with-drum-brakes\/#breadcrumb","itemListElement":[{"@type":"ListItem","position":1,"name":"Home","item":"https:\/\/piecesalpinea110.com\/fr\/"},{"@type":"ListItem","position":2,"name":"Boutique","item":"https:\/\/piecesalpinea110.com\/fr\/boutique\/"},{"@type":"ListItem","position":3,"name":"Ma\u00eetre cylindre Dauphine avec freins \u00e0 tambours"}]},{"@type":"WebSite","@id":"https:\/\/piecesalpinea110.com\/#website","url":"https:\/\/piecesalpinea110.com\/","name":"Pieces Alpine A110","description":"Pieces for Alpine A110","potentialAction":[{"@type":"SearchAction","target":{"@type":"EntryPoint","urlTemplate":"https:\/\/piecesalpinea110.com\/?s={search_term_string}"},"query-input":{"@type":"PropertyValueSpecification","valueRequired":true,"valueName":"search_term_string"}}],"inLanguage":"fr-FR"}]}},"_links":{"self":[{"href":"https:\/\/piecesalpinea110.com\/fr\/wp-json\/wp\/v2\/product\/3538","targetHints":{"allow":["GET"]}}],"collection":[{"href":"https:\/\/piecesalpinea110.com\/fr\/wp-json\/wp\/v2\/product"}],"about":[{"href":"https:\/\/piecesalpinea110.com\/fr\/wp-json\/wp\/v2\/types\/product"}],"wp:featuredmedia":[{"embeddable":true,"href":"https:\/\/piecesalpinea110.com\/fr\/wp-json\/wp\/v2\/media\/2776"}],"wp:attachment":[{"href":"https:\/\/piecesalpinea110.com\/fr\/wp-json\/wp\/v2\/media?parent=3538"}],"wp:term":[{"taxonomy":"product_brand","embeddable":true,"href":"https:\/\/piecesalpinea110.com\/fr\/wp-json\/wp\/v2\/product_brand?post=3538"},{"taxonomy":"product_cat","embeddable":true,"href":"https:\/\/piecesalpinea110.com\/fr\/wp-json\/wp\/v2\/product_cat?post=3538"},{"taxonomy":"product_tag","embeddable":true,"href":"https:\/\/piecesalpinea110.com\/fr\/wp-json\/wp\/v2\/product_tag?post=3538"}],"curies":[{"name":"wp","href":"https:\/\/api.w.org\/{rel}","templated":true}]}}