{"id":399,"date":"2018-02-15T10:47:24","date_gmt":"2018-02-15T09:47:24","guid":{"rendered":"https:\/\/piecesalpinea110.com\/product\/kit-de-goujons-en-acier-inoxydable-pour-le-support-de-lalternateur-alpine-a110-1600-1800cc\/"},"modified":"2024-01-18T17:03:24","modified_gmt":"2024-01-18T16:03:24","slug":"kit-de-goujons-en-acier-inoxydable-pour-le-support-de-lalternateur-alpine-a110-1600-1800cc","status":"publish","type":"product","link":"https:\/\/piecesalpinea110.com\/fr\/produit\/kit-de-goujons-en-acier-inoxydable-pour-le-support-de-lalternateur-alpine-a110-1600-1800cc\/","title":{"rendered":"Kit goujons en inox de support alternateur 1600"},"content":{"rendered":"<div class=\"portfolio-item-desc\">\n<div class=\"portfolio-item-desc-inner \" data-collapse-at=\"150\">\n<p><strong>R\u00e9f\u00e9rence:<\/strong> GOUJALT1600<\/p>\n<p><strong>Description:<\/strong><\/p>\n<ul>\n<li>Fixe le support de l\u2019alternateur sur la culasse<\/li>\n<li>En utilisant ce kit, les d\u00e9g\u00e2ts aux filetages dans la culasse seront \u00e9vit\u00e9s<\/li>\n<li>Une force de serrage plus \u00e9lev\u00e9e est obtenue en utilisant ce kit, compar\u00e9 aux boulons OEM<\/li>\n<\/ul>\n<p><strong>Compatible avec les mod\u00e8les suivants:<\/strong><\/p>\n<ul>\n<li>Alpine A110 1600 \/ 1800 cc<\/li>\n<li>Renault 16 TX, TS,<\/li>\n<li>Renault 12 Gordini<\/li>\n<li>Lotus Europa avec moteur Renault<\/li>\n<\/ul>\n<p><strong>Contenu:<\/strong><\/p>\n<ul>\n<li>3 goujons en acier inoxydable (filetage M7) 2 x 67\/53, 1 x 84\/70 mm <\/li>\n<li>3 rondelles nord-lock en acier inoxydable ( \u00e9p. 2,4 mm)<\/li>\n<li>3 \u00e9crous en acier inoxydable (filetage M7, ht 9 mm)<\/li>\n<\/ul>\n<\/div>\n<\/div>\n","protected":false},"excerpt":{"rendered":"<p>R\u00e9f\u00e9rence: GOUJALT1600 Description: Fixe le support de l\u2019alternateur sur la culasse En utilisant ce kit, les d\u00e9g\u00e2ts aux filetages dans la culasse seront \u00e9vit\u00e9s Une force de serrage plus \u00e9lev\u00e9e est obtenue en utilisant ce kit, compar\u00e9 aux boulons OEM Compatible avec les mod\u00e8les suivants: Alpine A110 1600 \/ 1800 cc Renault 16 TX, TS, [&hellip;]<\/p>\n","protected":false},"featured_media":9815,"template":"","meta":{"_et_pb_use_builder":"","_et_pb_old_content":"","_et_gb_content_width":"","_exactmetrics_skip_tracking":false,"_exactmetrics_sitenote_active":false,"_exactmetrics_sitenote_note":"","_exactmetrics_sitenote_category":0},"product_brand":[],"product_cat":[51,35,58],"product_tag":[],"class_list":{"0":"post-399","1":"product","2":"type-product","3":"status-publish","4":"has-post-thumbnail","6":"product_cat-1600-fr","7":"product_cat-moteur","8":"product_cat-produits-exclusifs","10":"first","11":"instock","12":"taxable","13":"shipping-taxable","14":"purchasable","15":"product-type-simple"},"yoast_head":"<!-- This site is optimized with the Yoast SEO plugin v27.2 - https:\/\/yoast.com\/product\/yoast-seo-wordpress\/ -->\n<title>Kit goujons en inox de support alternateur 1600 - Pieces Alpine A110<\/title>\n<meta name=\"robots\" content=\"index, follow, max-snippet:-1, max-image-preview:large, max-video-preview:-1\" \/>\n<link rel=\"canonical\" href=\"https:\/\/piecesalpinea110.com\/fr\/produit\/kit-de-goujons-en-acier-inoxydable-pour-le-support-de-lalternateur-alpine-a110-1600-1800cc\/\" \/>\n<meta property=\"og:locale\" content=\"fr_FR\" \/>\n<meta property=\"og:type\" content=\"article\" \/>\n<meta property=\"og:title\" content=\"Kit goujons en inox de support alternateur 1600 - Pieces Alpine A110\" \/>\n<meta property=\"og:description\" content=\"R\u00e9f\u00e9rence: GOUJALT1600 Description: Fixe le support de l\u2019alternateur sur la culasse En utilisant ce kit, les d\u00e9g\u00e2ts aux filetages dans la culasse seront \u00e9vit\u00e9s Une force de serrage plus \u00e9lev\u00e9e est obtenue en utilisant ce kit, compar\u00e9 aux boulons OEM Compatible avec les mod\u00e8les suivants: Alpine A110 1600 \/ 1800 cc Renault 16 TX, TS, [&hellip;]\" \/>\n<meta property=\"og:url\" content=\"https:\/\/piecesalpinea110.com\/fr\/produit\/kit-de-goujons-en-acier-inoxydable-pour-le-support-de-lalternateur-alpine-a110-1600-1800cc\/\" \/>\n<meta property=\"og:site_name\" content=\"Pieces Alpine A110\" \/>\n<meta property=\"article:modified_time\" content=\"2024-01-18T16:03:24+00:00\" \/>\n<meta property=\"og:image\" content=\"https:\/\/piecesalpinea110.com\/wp-content\/uploads\/2018\/02\/2024-01-18_163208.jpg\" \/>\n\t<meta property=\"og:image:width\" content=\"200\" \/>\n\t<meta property=\"og:image:height\" content=\"200\" \/>\n\t<meta property=\"og:image:type\" content=\"image\/jpeg\" \/>\n<meta name=\"twitter:card\" content=\"summary_large_image\" \/>\n<meta name=\"twitter:label1\" content=\"Dur\u00e9e de lecture estim\u00e9e\" \/>\n\t<meta name=\"twitter:data1\" content=\"1 minute\" \/>\n<script type=\"application\/ld+json\" class=\"yoast-schema-graph\">{\"@context\":\"https:\/\/schema.org\",\"@graph\":[{\"@type\":\"WebPage\",\"@id\":\"https:\/\/piecesalpinea110.com\/fr\/produit\/kit-de-goujons-en-acier-inoxydable-pour-le-support-de-lalternateur-alpine-a110-1600-1800cc\/\",\"url\":\"https:\/\/piecesalpinea110.com\/fr\/produit\/kit-de-goujons-en-acier-inoxydable-pour-le-support-de-lalternateur-alpine-a110-1600-1800cc\/\",\"name\":\"Kit goujons en inox de support alternateur 1600 - Pieces Alpine A110\",\"isPartOf\":{\"@id\":\"https:\/\/piecesalpinea110.com\/#website\"},\"primaryImageOfPage\":{\"@id\":\"https:\/\/piecesalpinea110.com\/fr\/produit\/kit-de-goujons-en-acier-inoxydable-pour-le-support-de-lalternateur-alpine-a110-1600-1800cc\/#primaryimage\"},\"image\":{\"@id\":\"https:\/\/piecesalpinea110.com\/fr\/produit\/kit-de-goujons-en-acier-inoxydable-pour-le-support-de-lalternateur-alpine-a110-1600-1800cc\/#primaryimage\"},\"thumbnailUrl\":\"https:\/\/piecesalpinea110.com\/wp-content\/uploads\/2018\/02\/2024-01-18_163208.jpg\",\"datePublished\":\"2018-02-15T09:47:24+00:00\",\"dateModified\":\"2024-01-18T16:03:24+00:00\",\"breadcrumb\":{\"@id\":\"https:\/\/piecesalpinea110.com\/fr\/produit\/kit-de-goujons-en-acier-inoxydable-pour-le-support-de-lalternateur-alpine-a110-1600-1800cc\/#breadcrumb\"},\"inLanguage\":\"fr-FR\",\"potentialAction\":[{\"@type\":\"ReadAction\",\"target\":[\"https:\/\/piecesalpinea110.com\/fr\/produit\/kit-de-goujons-en-acier-inoxydable-pour-le-support-de-lalternateur-alpine-a110-1600-1800cc\/\"]}]},{\"@type\":\"ImageObject\",\"inLanguage\":\"fr-FR\",\"@id\":\"https:\/\/piecesalpinea110.com\/fr\/produit\/kit-de-goujons-en-acier-inoxydable-pour-le-support-de-lalternateur-alpine-a110-1600-1800cc\/#primaryimage\",\"url\":\"https:\/\/piecesalpinea110.com\/wp-content\/uploads\/2018\/02\/2024-01-18_163208.jpg\",\"contentUrl\":\"https:\/\/piecesalpinea110.com\/wp-content\/uploads\/2018\/02\/2024-01-18_163208.jpg\",\"width\":200,\"height\":200},{\"@type\":\"BreadcrumbList\",\"@id\":\"https:\/\/piecesalpinea110.com\/fr\/produit\/kit-de-goujons-en-acier-inoxydable-pour-le-support-de-lalternateur-alpine-a110-1600-1800cc\/#breadcrumb\",\"itemListElement\":[{\"@type\":\"ListItem\",\"position\":1,\"name\":\"Home\",\"item\":\"https:\/\/piecesalpinea110.com\/fr\/\"},{\"@type\":\"ListItem\",\"position\":2,\"name\":\"Boutique\",\"item\":\"https:\/\/piecesalpinea110.com\/fr\/boutique\/\"},{\"@type\":\"ListItem\",\"position\":3,\"name\":\"Kit goujons en inox de support alternateur 1600\"}]},{\"@type\":\"WebSite\",\"@id\":\"https:\/\/piecesalpinea110.com\/#website\",\"url\":\"https:\/\/piecesalpinea110.com\/\",\"name\":\"Pieces Alpine A110\",\"description\":\"Pieces for Alpine A110\",\"potentialAction\":[{\"@type\":\"SearchAction\",\"target\":{\"@type\":\"EntryPoint\",\"urlTemplate\":\"https:\/\/piecesalpinea110.com\/?s={search_term_string}\"},\"query-input\":{\"@type\":\"PropertyValueSpecification\",\"valueRequired\":true,\"valueName\":\"search_term_string\"}}],\"inLanguage\":\"fr-FR\"}]}<\/script>\n<!-- \/ Yoast SEO plugin. -->","yoast_head_json":{"title":"Kit goujons en inox de support alternateur 1600 - Pieces Alpine A110","robots":{"index":"index","follow":"follow","max-snippet":"max-snippet:-1","max-image-preview":"max-image-preview:large","max-video-preview":"max-video-preview:-1"},"canonical":"https:\/\/piecesalpinea110.com\/fr\/produit\/kit-de-goujons-en-acier-inoxydable-pour-le-support-de-lalternateur-alpine-a110-1600-1800cc\/","og_locale":"fr_FR","og_type":"article","og_title":"Kit goujons en inox de support alternateur 1600 - Pieces Alpine A110","og_description":"R\u00e9f\u00e9rence: GOUJALT1600 Description: Fixe le support de l\u2019alternateur sur la culasse En utilisant ce kit, les d\u00e9g\u00e2ts aux filetages dans la culasse seront \u00e9vit\u00e9s Une force de serrage plus \u00e9lev\u00e9e est obtenue en utilisant ce kit, compar\u00e9 aux boulons OEM Compatible avec les mod\u00e8les suivants: Alpine A110 1600 \/ 1800 cc Renault 16 TX, TS, [&hellip;]","og_url":"https:\/\/piecesalpinea110.com\/fr\/produit\/kit-de-goujons-en-acier-inoxydable-pour-le-support-de-lalternateur-alpine-a110-1600-1800cc\/","og_site_name":"Pieces Alpine A110","article_modified_time":"2024-01-18T16:03:24+00:00","og_image":[{"width":200,"height":200,"url":"https:\/\/piecesalpinea110.com\/wp-content\/uploads\/2018\/02\/2024-01-18_163208.jpg","type":"image\/jpeg"}],"twitter_card":"summary_large_image","twitter_misc":{"Dur\u00e9e de lecture estim\u00e9e":"1 minute"},"schema":{"@context":"https:\/\/schema.org","@graph":[{"@type":"WebPage","@id":"https:\/\/piecesalpinea110.com\/fr\/produit\/kit-de-goujons-en-acier-inoxydable-pour-le-support-de-lalternateur-alpine-a110-1600-1800cc\/","url":"https:\/\/piecesalpinea110.com\/fr\/produit\/kit-de-goujons-en-acier-inoxydable-pour-le-support-de-lalternateur-alpine-a110-1600-1800cc\/","name":"Kit goujons en inox de support alternateur 1600 - Pieces Alpine A110","isPartOf":{"@id":"https:\/\/piecesalpinea110.com\/#website"},"primaryImageOfPage":{"@id":"https:\/\/piecesalpinea110.com\/fr\/produit\/kit-de-goujons-en-acier-inoxydable-pour-le-support-de-lalternateur-alpine-a110-1600-1800cc\/#primaryimage"},"image":{"@id":"https:\/\/piecesalpinea110.com\/fr\/produit\/kit-de-goujons-en-acier-inoxydable-pour-le-support-de-lalternateur-alpine-a110-1600-1800cc\/#primaryimage"},"thumbnailUrl":"https:\/\/piecesalpinea110.com\/wp-content\/uploads\/2018\/02\/2024-01-18_163208.jpg","datePublished":"2018-02-15T09:47:24+00:00","dateModified":"2024-01-18T16:03:24+00:00","breadcrumb":{"@id":"https:\/\/piecesalpinea110.com\/fr\/produit\/kit-de-goujons-en-acier-inoxydable-pour-le-support-de-lalternateur-alpine-a110-1600-1800cc\/#breadcrumb"},"inLanguage":"fr-FR","potentialAction":[{"@type":"ReadAction","target":["https:\/\/piecesalpinea110.com\/fr\/produit\/kit-de-goujons-en-acier-inoxydable-pour-le-support-de-lalternateur-alpine-a110-1600-1800cc\/"]}]},{"@type":"ImageObject","inLanguage":"fr-FR","@id":"https:\/\/piecesalpinea110.com\/fr\/produit\/kit-de-goujons-en-acier-inoxydable-pour-le-support-de-lalternateur-alpine-a110-1600-1800cc\/#primaryimage","url":"https:\/\/piecesalpinea110.com\/wp-content\/uploads\/2018\/02\/2024-01-18_163208.jpg","contentUrl":"https:\/\/piecesalpinea110.com\/wp-content\/uploads\/2018\/02\/2024-01-18_163208.jpg","width":200,"height":200},{"@type":"BreadcrumbList","@id":"https:\/\/piecesalpinea110.com\/fr\/produit\/kit-de-goujons-en-acier-inoxydable-pour-le-support-de-lalternateur-alpine-a110-1600-1800cc\/#breadcrumb","itemListElement":[{"@type":"ListItem","position":1,"name":"Home","item":"https:\/\/piecesalpinea110.com\/fr\/"},{"@type":"ListItem","position":2,"name":"Boutique","item":"https:\/\/piecesalpinea110.com\/fr\/boutique\/"},{"@type":"ListItem","position":3,"name":"Kit goujons en inox de support alternateur 1600"}]},{"@type":"WebSite","@id":"https:\/\/piecesalpinea110.com\/#website","url":"https:\/\/piecesalpinea110.com\/","name":"Pieces Alpine A110","description":"Pieces for Alpine A110","potentialAction":[{"@type":"SearchAction","target":{"@type":"EntryPoint","urlTemplate":"https:\/\/piecesalpinea110.com\/?s={search_term_string}"},"query-input":{"@type":"PropertyValueSpecification","valueRequired":true,"valueName":"search_term_string"}}],"inLanguage":"fr-FR"}]}},"_links":{"self":[{"href":"https:\/\/piecesalpinea110.com\/fr\/wp-json\/wp\/v2\/product\/399","targetHints":{"allow":["GET"]}}],"collection":[{"href":"https:\/\/piecesalpinea110.com\/fr\/wp-json\/wp\/v2\/product"}],"about":[{"href":"https:\/\/piecesalpinea110.com\/fr\/wp-json\/wp\/v2\/types\/product"}],"wp:featuredmedia":[{"embeddable":true,"href":"https:\/\/piecesalpinea110.com\/fr\/wp-json\/wp\/v2\/media\/9815"}],"wp:attachment":[{"href":"https:\/\/piecesalpinea110.com\/fr\/wp-json\/wp\/v2\/media?parent=399"}],"wp:term":[{"taxonomy":"product_brand","embeddable":true,"href":"https:\/\/piecesalpinea110.com\/fr\/wp-json\/wp\/v2\/product_brand?post=399"},{"taxonomy":"product_cat","embeddable":true,"href":"https:\/\/piecesalpinea110.com\/fr\/wp-json\/wp\/v2\/product_cat?post=399"},{"taxonomy":"product_tag","embeddable":true,"href":"https:\/\/piecesalpinea110.com\/fr\/wp-json\/wp\/v2\/product_tag?post=399"}],"curies":[{"name":"wp","href":"https:\/\/api.w.org\/{rel}","templated":true}]}}