{"id":4029,"date":"2019-03-03T02:39:05","date_gmt":"2019-03-03T01:39:05","guid":{"rendered":"https:\/\/piecesalpinea110.com\/product\/gros-arbres-de-roue\/"},"modified":"2020-07-02T20:59:10","modified_gmt":"2020-07-02T19:59:10","slug":"gros-arbres-de-roue","status":"publish","type":"product","link":"https:\/\/piecesalpinea110.com\/fr\/produit\/gros-arbres-de-roue\/","title":{"rendered":"Gros arbres de roue"},"content":{"rendered":"<div class=\"portfolio-item-desc\">\n<div class=\"portfolio-item-desc-inner \" data-collapse-at=\"150\">\n<p><strong>Reference<\/strong>: GROSARBRES<br \/>\nArbres de roues type BV 364 \/ Monte Carlo, comp\u00e9tition<\/p>\n<p><strong>Compatible avec:<\/strong><br \/>\nAlpine A110 avec bras oscillants (trompettes), Alpine Fasa<br \/>\nRenault 8 &amp; 10, Renault 8 Gordini, Renault Dauphine<\/p>\n<p><strong>Description:<\/strong><br \/>\nFabriqu\u00e9 en acier 18CrNiMo7-6 (1.6587)<br \/>\nUsinage CNC pour obtenir des tol\u00e9rances minimes et un bon \u00e9tat de surface<br \/>\nIdentique \u00e0 la pi\u00e8ce d&rsquo;origine du point de vue des dimensions<br \/>\nPlusieurs traitements thermiques afin d&rsquo;obtenir la duret\u00e9 et les propri\u00e9t\u00e9s voulues.<br \/>\nApr\u00e8s chaque traitement, la pi\u00e8ce est redress\u00e9e (l\u00e9g\u00e8res marques sur l&rsquo;arbre dues aux mors de maintien, sans aucune cons\u00e9quence m\u00e9canique).<br \/>\nSurface de contact du roulement usin\u00e9e avec pr\u00e9cision<br \/>\nBut\u00e9e en caoutchouc c\u00f4t\u00e9 bo\u00eete de vitesses<br \/>\nLivr\u00e9 dans des caisses en bois et recouvert de manchon de protection antirouille.<\/p>\n<p><strong>Contient:<\/strong><br \/>\n2 arbres<\/p>\n<p><strong>Note:<\/strong> nous fabriquons ces pi\u00e8ces en s\u00e9rie limit\u00e9e, suite au choix rigoureux de la qualit\u00e9 de l&rsquo;acier et des processus multiples d&rsquo;usinage et de traitement, ainsi que le contr\u00f4le qualit\u00e9. D\u00e8s lors nous ne pouvons pas garantir leur disponibilit\u00e9 constante. A combiner id\u00e9alement avec nos croisillons.<\/p>\n<\/div>\n<\/div>\n","protected":false},"excerpt":{"rendered":"<p>Reference: GROSARBRES Arbres de roues type BV 364 \/ Monte Carlo, comp\u00e9tition Compatible avec: Alpine A110 avec bras oscillants (trompettes), Alpine Fasa Renault 8 &amp; 10, Renault 8 Gordini, Renault Dauphine Description: Fabriqu\u00e9 en acier 18CrNiMo7-6 (1.6587) Usinage CNC pour obtenir des tol\u00e9rances minimes et un bon \u00e9tat de surface Identique \u00e0 la pi\u00e8ce d&rsquo;origine [&hellip;]<\/p>\n","protected":false},"featured_media":4042,"template":"","meta":{"_et_pb_use_builder":"","_et_pb_old_content":"","_et_gb_content_width":"","_exactmetrics_skip_tracking":false,"_exactmetrics_sitenote_active":false,"_exactmetrics_sitenote_note":"","_exactmetrics_sitenote_category":0},"product_brand":[],"product_cat":[33],"product_tag":[],"class_list":{"0":"post-4029","1":"product","2":"type-product","3":"status-publish","4":"has-post-thumbnail","6":"product_cat-transmission-fr","8":"first","9":"instock","10":"taxable","11":"shipping-taxable","12":"purchasable","13":"product-type-simple"},"yoast_head":"<!-- This site is optimized with the Yoast SEO plugin v27.2 - https:\/\/yoast.com\/product\/yoast-seo-wordpress\/ -->\n<title>Gros arbres de roue - Pieces Alpine A110<\/title>\n<meta name=\"robots\" content=\"index, follow, max-snippet:-1, max-image-preview:large, max-video-preview:-1\" \/>\n<link rel=\"canonical\" href=\"https:\/\/piecesalpinea110.com\/fr\/produit\/gros-arbres-de-roue\/\" \/>\n<meta property=\"og:locale\" content=\"fr_FR\" \/>\n<meta property=\"og:type\" content=\"article\" \/>\n<meta property=\"og:title\" content=\"Gros arbres de roue - Pieces Alpine A110\" \/>\n<meta property=\"og:description\" content=\"Reference: GROSARBRES Arbres de roues type BV 364 \/ Monte Carlo, comp\u00e9tition Compatible avec: Alpine A110 avec bras oscillants (trompettes), Alpine Fasa Renault 8 &amp; 10, Renault 8 Gordini, Renault Dauphine Description: Fabriqu\u00e9 en acier 18CrNiMo7-6 (1.6587) Usinage CNC pour obtenir des tol\u00e9rances minimes et un bon \u00e9tat de surface Identique \u00e0 la pi\u00e8ce d&rsquo;origine [&hellip;]\" \/>\n<meta property=\"og:url\" content=\"https:\/\/piecesalpinea110.com\/fr\/produit\/gros-arbres-de-roue\/\" \/>\n<meta property=\"og:site_name\" content=\"Pieces Alpine A110\" \/>\n<meta property=\"article:modified_time\" content=\"2020-07-02T19:59:10+00:00\" \/>\n<meta property=\"og:image\" content=\"https:\/\/piecesalpinea110.com\/wp-content\/uploads\/2019\/03\/DSC5661-scaled.jpg\" \/>\n\t<meta property=\"og:image:width\" content=\"2560\" \/>\n\t<meta property=\"og:image:height\" content=\"1685\" \/>\n\t<meta property=\"og:image:type\" content=\"image\/jpeg\" \/>\n<meta name=\"twitter:card\" content=\"summary_large_image\" \/>\n<meta name=\"twitter:label1\" content=\"Dur\u00e9e de lecture estim\u00e9e\" \/>\n\t<meta name=\"twitter:data1\" content=\"1 minute\" \/>\n<script type=\"application\/ld+json\" class=\"yoast-schema-graph\">{\"@context\":\"https:\/\/schema.org\",\"@graph\":[{\"@type\":\"WebPage\",\"@id\":\"https:\/\/piecesalpinea110.com\/fr\/produit\/gros-arbres-de-roue\/\",\"url\":\"https:\/\/piecesalpinea110.com\/fr\/produit\/gros-arbres-de-roue\/\",\"name\":\"Gros arbres de roue - Pieces Alpine A110\",\"isPartOf\":{\"@id\":\"https:\/\/piecesalpinea110.com\/#website\"},\"primaryImageOfPage\":{\"@id\":\"https:\/\/piecesalpinea110.com\/fr\/produit\/gros-arbres-de-roue\/#primaryimage\"},\"image\":{\"@id\":\"https:\/\/piecesalpinea110.com\/fr\/produit\/gros-arbres-de-roue\/#primaryimage\"},\"thumbnailUrl\":\"https:\/\/piecesalpinea110.com\/wp-content\/uploads\/2019\/03\/DSC5661-scaled.jpg\",\"datePublished\":\"2019-03-03T01:39:05+00:00\",\"dateModified\":\"2020-07-02T19:59:10+00:00\",\"breadcrumb\":{\"@id\":\"https:\/\/piecesalpinea110.com\/fr\/produit\/gros-arbres-de-roue\/#breadcrumb\"},\"inLanguage\":\"fr-FR\",\"potentialAction\":[{\"@type\":\"ReadAction\",\"target\":[\"https:\/\/piecesalpinea110.com\/fr\/produit\/gros-arbres-de-roue\/\"]}]},{\"@type\":\"ImageObject\",\"inLanguage\":\"fr-FR\",\"@id\":\"https:\/\/piecesalpinea110.com\/fr\/produit\/gros-arbres-de-roue\/#primaryimage\",\"url\":\"https:\/\/piecesalpinea110.com\/wp-content\/uploads\/2019\/03\/DSC5661-scaled.jpg\",\"contentUrl\":\"https:\/\/piecesalpinea110.com\/wp-content\/uploads\/2019\/03\/DSC5661-scaled.jpg\",\"width\":2560,\"height\":1685},{\"@type\":\"BreadcrumbList\",\"@id\":\"https:\/\/piecesalpinea110.com\/fr\/produit\/gros-arbres-de-roue\/#breadcrumb\",\"itemListElement\":[{\"@type\":\"ListItem\",\"position\":1,\"name\":\"Home\",\"item\":\"https:\/\/piecesalpinea110.com\/fr\/\"},{\"@type\":\"ListItem\",\"position\":2,\"name\":\"Boutique\",\"item\":\"https:\/\/piecesalpinea110.com\/fr\/boutique\/\"},{\"@type\":\"ListItem\",\"position\":3,\"name\":\"Gros arbres de roue\"}]},{\"@type\":\"WebSite\",\"@id\":\"https:\/\/piecesalpinea110.com\/#website\",\"url\":\"https:\/\/piecesalpinea110.com\/\",\"name\":\"Pieces Alpine A110\",\"description\":\"Pieces for Alpine A110\",\"potentialAction\":[{\"@type\":\"SearchAction\",\"target\":{\"@type\":\"EntryPoint\",\"urlTemplate\":\"https:\/\/piecesalpinea110.com\/?s={search_term_string}\"},\"query-input\":{\"@type\":\"PropertyValueSpecification\",\"valueRequired\":true,\"valueName\":\"search_term_string\"}}],\"inLanguage\":\"fr-FR\"}]}<\/script>\n<!-- \/ Yoast SEO plugin. -->","yoast_head_json":{"title":"Gros arbres de roue - Pieces Alpine A110","robots":{"index":"index","follow":"follow","max-snippet":"max-snippet:-1","max-image-preview":"max-image-preview:large","max-video-preview":"max-video-preview:-1"},"canonical":"https:\/\/piecesalpinea110.com\/fr\/produit\/gros-arbres-de-roue\/","og_locale":"fr_FR","og_type":"article","og_title":"Gros arbres de roue - Pieces Alpine A110","og_description":"Reference: GROSARBRES Arbres de roues type BV 364 \/ Monte Carlo, comp\u00e9tition Compatible avec: Alpine A110 avec bras oscillants (trompettes), Alpine Fasa Renault 8 &amp; 10, Renault 8 Gordini, Renault Dauphine Description: Fabriqu\u00e9 en acier 18CrNiMo7-6 (1.6587) Usinage CNC pour obtenir des tol\u00e9rances minimes et un bon \u00e9tat de surface Identique \u00e0 la pi\u00e8ce d&rsquo;origine [&hellip;]","og_url":"https:\/\/piecesalpinea110.com\/fr\/produit\/gros-arbres-de-roue\/","og_site_name":"Pieces Alpine A110","article_modified_time":"2020-07-02T19:59:10+00:00","og_image":[{"width":2560,"height":1685,"url":"https:\/\/piecesalpinea110.com\/wp-content\/uploads\/2019\/03\/DSC5661-scaled.jpg","type":"image\/jpeg"}],"twitter_card":"summary_large_image","twitter_misc":{"Dur\u00e9e de lecture estim\u00e9e":"1 minute"},"schema":{"@context":"https:\/\/schema.org","@graph":[{"@type":"WebPage","@id":"https:\/\/piecesalpinea110.com\/fr\/produit\/gros-arbres-de-roue\/","url":"https:\/\/piecesalpinea110.com\/fr\/produit\/gros-arbres-de-roue\/","name":"Gros arbres de roue - Pieces Alpine A110","isPartOf":{"@id":"https:\/\/piecesalpinea110.com\/#website"},"primaryImageOfPage":{"@id":"https:\/\/piecesalpinea110.com\/fr\/produit\/gros-arbres-de-roue\/#primaryimage"},"image":{"@id":"https:\/\/piecesalpinea110.com\/fr\/produit\/gros-arbres-de-roue\/#primaryimage"},"thumbnailUrl":"https:\/\/piecesalpinea110.com\/wp-content\/uploads\/2019\/03\/DSC5661-scaled.jpg","datePublished":"2019-03-03T01:39:05+00:00","dateModified":"2020-07-02T19:59:10+00:00","breadcrumb":{"@id":"https:\/\/piecesalpinea110.com\/fr\/produit\/gros-arbres-de-roue\/#breadcrumb"},"inLanguage":"fr-FR","potentialAction":[{"@type":"ReadAction","target":["https:\/\/piecesalpinea110.com\/fr\/produit\/gros-arbres-de-roue\/"]}]},{"@type":"ImageObject","inLanguage":"fr-FR","@id":"https:\/\/piecesalpinea110.com\/fr\/produit\/gros-arbres-de-roue\/#primaryimage","url":"https:\/\/piecesalpinea110.com\/wp-content\/uploads\/2019\/03\/DSC5661-scaled.jpg","contentUrl":"https:\/\/piecesalpinea110.com\/wp-content\/uploads\/2019\/03\/DSC5661-scaled.jpg","width":2560,"height":1685},{"@type":"BreadcrumbList","@id":"https:\/\/piecesalpinea110.com\/fr\/produit\/gros-arbres-de-roue\/#breadcrumb","itemListElement":[{"@type":"ListItem","position":1,"name":"Home","item":"https:\/\/piecesalpinea110.com\/fr\/"},{"@type":"ListItem","position":2,"name":"Boutique","item":"https:\/\/piecesalpinea110.com\/fr\/boutique\/"},{"@type":"ListItem","position":3,"name":"Gros arbres de roue"}]},{"@type":"WebSite","@id":"https:\/\/piecesalpinea110.com\/#website","url":"https:\/\/piecesalpinea110.com\/","name":"Pieces Alpine A110","description":"Pieces for Alpine A110","potentialAction":[{"@type":"SearchAction","target":{"@type":"EntryPoint","urlTemplate":"https:\/\/piecesalpinea110.com\/?s={search_term_string}"},"query-input":{"@type":"PropertyValueSpecification","valueRequired":true,"valueName":"search_term_string"}}],"inLanguage":"fr-FR"}]}},"_links":{"self":[{"href":"https:\/\/piecesalpinea110.com\/fr\/wp-json\/wp\/v2\/product\/4029","targetHints":{"allow":["GET"]}}],"collection":[{"href":"https:\/\/piecesalpinea110.com\/fr\/wp-json\/wp\/v2\/product"}],"about":[{"href":"https:\/\/piecesalpinea110.com\/fr\/wp-json\/wp\/v2\/types\/product"}],"wp:featuredmedia":[{"embeddable":true,"href":"https:\/\/piecesalpinea110.com\/fr\/wp-json\/wp\/v2\/media\/4042"}],"wp:attachment":[{"href":"https:\/\/piecesalpinea110.com\/fr\/wp-json\/wp\/v2\/media?parent=4029"}],"wp:term":[{"taxonomy":"product_brand","embeddable":true,"href":"https:\/\/piecesalpinea110.com\/fr\/wp-json\/wp\/v2\/product_brand?post=4029"},{"taxonomy":"product_cat","embeddable":true,"href":"https:\/\/piecesalpinea110.com\/fr\/wp-json\/wp\/v2\/product_cat?post=4029"},{"taxonomy":"product_tag","embeddable":true,"href":"https:\/\/piecesalpinea110.com\/fr\/wp-json\/wp\/v2\/product_tag?post=4029"}],"curies":[{"name":"wp","href":"https:\/\/api.w.org\/{rel}","templated":true}]}}