{"id":4128,"date":"2019-03-17T01:03:34","date_gmt":"2019-03-17T00:03:34","guid":{"rendered":"https:\/\/piecesalpinea110.com\/product\/upper\/"},"modified":"2023-11-24T13:06:01","modified_gmt":"2023-11-24T12:06:01","slug":"silent-blocs-superieurs-de-bv-a110-r8g","status":"publish","type":"product","link":"https:\/\/piecesalpinea110.com\/fr\/produit\/silent-blocs-superieurs-de-bv-a110-r8g\/","title":{"rendered":"Silent blocs sup\u00e9rieurs de BV, A110 \/ R8G"},"content":{"rendered":"<p><strong>Reference<\/strong>: SBSUPBVCOMP<br \/>\nSilent blocs sup\u00e9rieurs, type origine R8G &#038; Alpine A110 (sport)<\/p>\n<p><strong>Description:<\/strong><\/p>\n<ul>\n<li>copie de la pi\u00e8ce d&rsquo;\u00e9poque (08 30 045 000) &#038; comp\u00e9tition (08 30 060 000, rallye, coupe R8G)<\/li>\n<li>degr\u00e9 shore : 60 &#8211; 65<\/li>\n<li>installation comme une pi\u00e8ce de s\u00e9rie, structure et fabrication diff\u00e9rentes du mod\u00e8le Dauphine \/ R8<\/li>\n<\/ul>\n<p><strong>Compatible avec les mod\u00e8les suivants:<\/strong><\/p>\n<p>Alpine A110, Renault 8 \/ 10 et Dauphine avec BV type 330 \/ 353 \/ 364 (bras oscillants)<\/p>\n<p><strong>Contiens:<\/strong><\/p>\n<ul>\n<li>2 silent blocs<\/li>\n<\/ul>\n","protected":false},"excerpt":{"rendered":"<p>Reference: SBSUPBVCOMP Silent blocs sup\u00e9rieurs, type origine R8G &#038; Alpine A110 (sport) Description: copie de la pi\u00e8ce d&rsquo;\u00e9poque (08 30 045 000) &#038; comp\u00e9tition (08 30 060 000, rallye, coupe R8G) degr\u00e9 shore : 60 &#8211; 65 installation comme une pi\u00e8ce de s\u00e9rie, structure et fabrication diff\u00e9rentes du mod\u00e8le Dauphine \/ R8 Compatible avec les [&hellip;]<\/p>\n","protected":false},"featured_media":4098,"template":"","meta":{"_et_pb_use_builder":"","_et_pb_old_content":"","_et_gb_content_width":"","_exactmetrics_skip_tracking":false,"_exactmetrics_sitenote_active":false,"_exactmetrics_sitenote_note":"","_exactmetrics_sitenote_category":0},"product_brand":[],"product_cat":[29],"product_tag":[],"class_list":{"0":"post-4128","1":"product","2":"type-product","3":"status-publish","4":"has-post-thumbnail","6":"product_cat-chassis-fr","8":"first","9":"instock","10":"taxable","11":"shipping-taxable","12":"purchasable","13":"product-type-simple"},"yoast_head":"<!-- This site is optimized with the Yoast SEO plugin v27.2 - https:\/\/yoast.com\/product\/yoast-seo-wordpress\/ -->\n<title>Silent blocs sup\u00e9rieurs de BV, A110 \/ R8G - Pieces Alpine A110<\/title>\n<meta name=\"robots\" content=\"index, follow, max-snippet:-1, max-image-preview:large, max-video-preview:-1\" \/>\n<link rel=\"canonical\" href=\"https:\/\/piecesalpinea110.com\/fr\/produit\/silent-blocs-superieurs-de-bv-a110-r8g\/\" \/>\n<meta property=\"og:locale\" content=\"fr_FR\" \/>\n<meta property=\"og:type\" content=\"article\" \/>\n<meta property=\"og:title\" content=\"Silent blocs sup\u00e9rieurs de BV, A110 \/ R8G - Pieces Alpine A110\" \/>\n<meta property=\"og:description\" content=\"Reference: SBSUPBVCOMP Silent blocs sup\u00e9rieurs, type origine R8G &#038; Alpine A110 (sport) Description: copie de la pi\u00e8ce d&rsquo;\u00e9poque (08 30 045 000) &#038; comp\u00e9tition (08 30 060 000, rallye, coupe R8G) degr\u00e9 shore : 60 &#8211; 65 installation comme une pi\u00e8ce de s\u00e9rie, structure et fabrication diff\u00e9rentes du mod\u00e8le Dauphine \/ R8 Compatible avec les [&hellip;]\" \/>\n<meta property=\"og:url\" content=\"https:\/\/piecesalpinea110.com\/fr\/produit\/silent-blocs-superieurs-de-bv-a110-r8g\/\" \/>\n<meta property=\"og:site_name\" content=\"Pieces Alpine A110\" \/>\n<meta property=\"article:modified_time\" content=\"2023-11-24T12:06:01+00:00\" \/>\n<meta property=\"og:image\" content=\"https:\/\/piecesalpinea110.com\/wp-content\/uploads\/2019\/03\/2019-03-16_131959.jpg\" \/>\n\t<meta property=\"og:image:width\" content=\"641\" \/>\n\t<meta property=\"og:image:height\" content=\"428\" \/>\n\t<meta property=\"og:image:type\" content=\"image\/jpeg\" \/>\n<meta name=\"twitter:card\" content=\"summary_large_image\" \/>\n<script type=\"application\/ld+json\" class=\"yoast-schema-graph\">{\"@context\":\"https:\/\/schema.org\",\"@graph\":[{\"@type\":\"WebPage\",\"@id\":\"https:\/\/piecesalpinea110.com\/fr\/produit\/silent-blocs-superieurs-de-bv-a110-r8g\/\",\"url\":\"https:\/\/piecesalpinea110.com\/fr\/produit\/silent-blocs-superieurs-de-bv-a110-r8g\/\",\"name\":\"Silent blocs sup\u00e9rieurs de BV, A110 \/ R8G - Pieces Alpine A110\",\"isPartOf\":{\"@id\":\"https:\/\/piecesalpinea110.com\/#website\"},\"primaryImageOfPage\":{\"@id\":\"https:\/\/piecesalpinea110.com\/fr\/produit\/silent-blocs-superieurs-de-bv-a110-r8g\/#primaryimage\"},\"image\":{\"@id\":\"https:\/\/piecesalpinea110.com\/fr\/produit\/silent-blocs-superieurs-de-bv-a110-r8g\/#primaryimage\"},\"thumbnailUrl\":\"https:\/\/piecesalpinea110.com\/wp-content\/uploads\/2019\/03\/2019-03-16_131959.jpg\",\"datePublished\":\"2019-03-17T00:03:34+00:00\",\"dateModified\":\"2023-11-24T12:06:01+00:00\",\"breadcrumb\":{\"@id\":\"https:\/\/piecesalpinea110.com\/fr\/produit\/silent-blocs-superieurs-de-bv-a110-r8g\/#breadcrumb\"},\"inLanguage\":\"fr-FR\",\"potentialAction\":[{\"@type\":\"ReadAction\",\"target\":[\"https:\/\/piecesalpinea110.com\/fr\/produit\/silent-blocs-superieurs-de-bv-a110-r8g\/\"]}]},{\"@type\":\"ImageObject\",\"inLanguage\":\"fr-FR\",\"@id\":\"https:\/\/piecesalpinea110.com\/fr\/produit\/silent-blocs-superieurs-de-bv-a110-r8g\/#primaryimage\",\"url\":\"https:\/\/piecesalpinea110.com\/wp-content\/uploads\/2019\/03\/2019-03-16_131959.jpg\",\"contentUrl\":\"https:\/\/piecesalpinea110.com\/wp-content\/uploads\/2019\/03\/2019-03-16_131959.jpg\",\"width\":641,\"height\":428},{\"@type\":\"BreadcrumbList\",\"@id\":\"https:\/\/piecesalpinea110.com\/fr\/produit\/silent-blocs-superieurs-de-bv-a110-r8g\/#breadcrumb\",\"itemListElement\":[{\"@type\":\"ListItem\",\"position\":1,\"name\":\"Home\",\"item\":\"https:\/\/piecesalpinea110.com\/fr\/\"},{\"@type\":\"ListItem\",\"position\":2,\"name\":\"Boutique\",\"item\":\"https:\/\/piecesalpinea110.com\/fr\/boutique\/\"},{\"@type\":\"ListItem\",\"position\":3,\"name\":\"Silent blocs sup\u00e9rieurs de BV, A110 \/ R8G\"}]},{\"@type\":\"WebSite\",\"@id\":\"https:\/\/piecesalpinea110.com\/#website\",\"url\":\"https:\/\/piecesalpinea110.com\/\",\"name\":\"Pieces Alpine A110\",\"description\":\"Pieces for Alpine A110\",\"potentialAction\":[{\"@type\":\"SearchAction\",\"target\":{\"@type\":\"EntryPoint\",\"urlTemplate\":\"https:\/\/piecesalpinea110.com\/?s={search_term_string}\"},\"query-input\":{\"@type\":\"PropertyValueSpecification\",\"valueRequired\":true,\"valueName\":\"search_term_string\"}}],\"inLanguage\":\"fr-FR\"}]}<\/script>\n<!-- \/ Yoast SEO plugin. -->","yoast_head_json":{"title":"Silent blocs sup\u00e9rieurs de BV, A110 \/ R8G - Pieces Alpine A110","robots":{"index":"index","follow":"follow","max-snippet":"max-snippet:-1","max-image-preview":"max-image-preview:large","max-video-preview":"max-video-preview:-1"},"canonical":"https:\/\/piecesalpinea110.com\/fr\/produit\/silent-blocs-superieurs-de-bv-a110-r8g\/","og_locale":"fr_FR","og_type":"article","og_title":"Silent blocs sup\u00e9rieurs de BV, A110 \/ R8G - Pieces Alpine A110","og_description":"Reference: SBSUPBVCOMP Silent blocs sup\u00e9rieurs, type origine R8G &#038; Alpine A110 (sport) Description: copie de la pi\u00e8ce d&rsquo;\u00e9poque (08 30 045 000) &#038; comp\u00e9tition (08 30 060 000, rallye, coupe R8G) degr\u00e9 shore : 60 &#8211; 65 installation comme une pi\u00e8ce de s\u00e9rie, structure et fabrication diff\u00e9rentes du mod\u00e8le Dauphine \/ R8 Compatible avec les [&hellip;]","og_url":"https:\/\/piecesalpinea110.com\/fr\/produit\/silent-blocs-superieurs-de-bv-a110-r8g\/","og_site_name":"Pieces Alpine A110","article_modified_time":"2023-11-24T12:06:01+00:00","og_image":[{"width":641,"height":428,"url":"https:\/\/piecesalpinea110.com\/wp-content\/uploads\/2019\/03\/2019-03-16_131959.jpg","type":"image\/jpeg"}],"twitter_card":"summary_large_image","schema":{"@context":"https:\/\/schema.org","@graph":[{"@type":"WebPage","@id":"https:\/\/piecesalpinea110.com\/fr\/produit\/silent-blocs-superieurs-de-bv-a110-r8g\/","url":"https:\/\/piecesalpinea110.com\/fr\/produit\/silent-blocs-superieurs-de-bv-a110-r8g\/","name":"Silent blocs sup\u00e9rieurs de BV, A110 \/ R8G - Pieces Alpine A110","isPartOf":{"@id":"https:\/\/piecesalpinea110.com\/#website"},"primaryImageOfPage":{"@id":"https:\/\/piecesalpinea110.com\/fr\/produit\/silent-blocs-superieurs-de-bv-a110-r8g\/#primaryimage"},"image":{"@id":"https:\/\/piecesalpinea110.com\/fr\/produit\/silent-blocs-superieurs-de-bv-a110-r8g\/#primaryimage"},"thumbnailUrl":"https:\/\/piecesalpinea110.com\/wp-content\/uploads\/2019\/03\/2019-03-16_131959.jpg","datePublished":"2019-03-17T00:03:34+00:00","dateModified":"2023-11-24T12:06:01+00:00","breadcrumb":{"@id":"https:\/\/piecesalpinea110.com\/fr\/produit\/silent-blocs-superieurs-de-bv-a110-r8g\/#breadcrumb"},"inLanguage":"fr-FR","potentialAction":[{"@type":"ReadAction","target":["https:\/\/piecesalpinea110.com\/fr\/produit\/silent-blocs-superieurs-de-bv-a110-r8g\/"]}]},{"@type":"ImageObject","inLanguage":"fr-FR","@id":"https:\/\/piecesalpinea110.com\/fr\/produit\/silent-blocs-superieurs-de-bv-a110-r8g\/#primaryimage","url":"https:\/\/piecesalpinea110.com\/wp-content\/uploads\/2019\/03\/2019-03-16_131959.jpg","contentUrl":"https:\/\/piecesalpinea110.com\/wp-content\/uploads\/2019\/03\/2019-03-16_131959.jpg","width":641,"height":428},{"@type":"BreadcrumbList","@id":"https:\/\/piecesalpinea110.com\/fr\/produit\/silent-blocs-superieurs-de-bv-a110-r8g\/#breadcrumb","itemListElement":[{"@type":"ListItem","position":1,"name":"Home","item":"https:\/\/piecesalpinea110.com\/fr\/"},{"@type":"ListItem","position":2,"name":"Boutique","item":"https:\/\/piecesalpinea110.com\/fr\/boutique\/"},{"@type":"ListItem","position":3,"name":"Silent blocs sup\u00e9rieurs de BV, A110 \/ R8G"}]},{"@type":"WebSite","@id":"https:\/\/piecesalpinea110.com\/#website","url":"https:\/\/piecesalpinea110.com\/","name":"Pieces Alpine A110","description":"Pieces for Alpine A110","potentialAction":[{"@type":"SearchAction","target":{"@type":"EntryPoint","urlTemplate":"https:\/\/piecesalpinea110.com\/?s={search_term_string}"},"query-input":{"@type":"PropertyValueSpecification","valueRequired":true,"valueName":"search_term_string"}}],"inLanguage":"fr-FR"}]}},"_links":{"self":[{"href":"https:\/\/piecesalpinea110.com\/fr\/wp-json\/wp\/v2\/product\/4128","targetHints":{"allow":["GET"]}}],"collection":[{"href":"https:\/\/piecesalpinea110.com\/fr\/wp-json\/wp\/v2\/product"}],"about":[{"href":"https:\/\/piecesalpinea110.com\/fr\/wp-json\/wp\/v2\/types\/product"}],"wp:featuredmedia":[{"embeddable":true,"href":"https:\/\/piecesalpinea110.com\/fr\/wp-json\/wp\/v2\/media\/4098"}],"wp:attachment":[{"href":"https:\/\/piecesalpinea110.com\/fr\/wp-json\/wp\/v2\/media?parent=4128"}],"wp:term":[{"taxonomy":"product_brand","embeddable":true,"href":"https:\/\/piecesalpinea110.com\/fr\/wp-json\/wp\/v2\/product_brand?post=4128"},{"taxonomy":"product_cat","embeddable":true,"href":"https:\/\/piecesalpinea110.com\/fr\/wp-json\/wp\/v2\/product_cat?post=4128"},{"taxonomy":"product_tag","embeddable":true,"href":"https:\/\/piecesalpinea110.com\/fr\/wp-json\/wp\/v2\/product_tag?post=4128"}],"curies":[{"name":"wp","href":"https:\/\/api.w.org\/{rel}","templated":true}]}}