{"id":4214,"date":"2019-03-03T01:53:14","date_gmt":"2019-03-03T00:53:14","guid":{"rendered":"https:\/\/piecesalpinea110.com\/product\/front-upper-arm\/"},"modified":"2019-06-13T21:10:42","modified_gmt":"2019-06-13T20:10:42","slug":"front-upper-arm","status":"publish","type":"product","link":"https:\/\/piecesalpinea110.com\/fr\/produit\/front-upper-arm\/","title":{"rendered":"Tirant avant ajustable"},"content":{"rendered":"<div><strong>Reference: TIRAVR12<\/strong><\/div>\n<div>Tirant de triangle sup\u00e9rieur, type Renault 12 Gordini<\/div>\n<div><\/div>\n<p>&nbsp;<\/p>\n<div><strong>Description:<\/strong><br \/>\nCopie de la pi\u00e8ce originale con\u00e7ue par Renault comp\u00e9tition, pour la 12G et la 17G version rallye pour renforcer et ajuster la g\u00e9om\u00e9trie du train avant \u00e9quip\u00e9 des amortisseurs sp\u00e9cifiques. Fourni avec la contreplaque de la rotule pour la patte de chassis modifi\u00e9e (\u00e9largissement du trou central)<\/div>\n<p>Prix pour la paire<\/p>\n<div><strong>Convient \u00e0:<\/strong><br \/>\nDacia 1300 et R12 &amp; G \/ R17 &amp; G<\/div>\n<div><\/div>\n<p><strong>Olson Engineering<\/strong> con\u00e7oit une gamme de pi\u00e8ces destin\u00e9es \u00e0 la pr\u00e9paration de la Dacia 1300, dans le cadre du Dacia Revival en Roumanie, afin de pr\u00e9parer ces autos pour les comp\u00e9titions historiques.<\/p>\n","protected":false},"excerpt":{"rendered":"<p>Reference: TIRAVR12 Tirant de triangle sup\u00e9rieur, type Renault 12 Gordini &nbsp; Description: Copie de la pi\u00e8ce originale con\u00e7ue par Renault comp\u00e9tition, pour la 12G et la 17G version rallye pour renforcer et ajuster la g\u00e9om\u00e9trie du train avant \u00e9quip\u00e9 des amortisseurs sp\u00e9cifiques. Fourni avec la contreplaque de la rotule pour la patte de chassis modifi\u00e9e [&hellip;]<\/p>\n","protected":false},"featured_media":4377,"template":"","meta":{"_et_pb_use_builder":"","_et_pb_old_content":"","_et_gb_content_width":"","_exactmetrics_skip_tracking":false,"_exactmetrics_sitenote_active":false,"_exactmetrics_sitenote_note":"","_exactmetrics_sitenote_category":0},"product_brand":[],"product_cat":[138],"product_tag":[],"class_list":{"0":"post-4214","1":"product","2":"type-product","3":"status-publish","4":"has-post-thumbnail","6":"product_cat-dacia-revival-fr","8":"first","9":"instock","10":"taxable","11":"shipping-taxable","12":"purchasable","13":"product-type-simple"},"yoast_head":"<!-- This site is optimized with the Yoast SEO plugin v27.2 - https:\/\/yoast.com\/product\/yoast-seo-wordpress\/ -->\n<title>Tirant avant ajustable - Pieces Alpine A110<\/title>\n<meta name=\"robots\" content=\"index, follow, max-snippet:-1, max-image-preview:large, max-video-preview:-1\" \/>\n<link rel=\"canonical\" href=\"https:\/\/piecesalpinea110.com\/fr\/produit\/front-upper-arm\/\" \/>\n<meta property=\"og:locale\" content=\"fr_FR\" \/>\n<meta property=\"og:type\" content=\"article\" \/>\n<meta property=\"og:title\" content=\"Tirant avant ajustable - Pieces Alpine A110\" \/>\n<meta property=\"og:description\" content=\"Reference: TIRAVR12 Tirant de triangle sup\u00e9rieur, type Renault 12 Gordini &nbsp; Description: Copie de la pi\u00e8ce originale con\u00e7ue par Renault comp\u00e9tition, pour la 12G et la 17G version rallye pour renforcer et ajuster la g\u00e9om\u00e9trie du train avant \u00e9quip\u00e9 des amortisseurs sp\u00e9cifiques. Fourni avec la contreplaque de la rotule pour la patte de chassis modifi\u00e9e [&hellip;]\" \/>\n<meta property=\"og:url\" content=\"https:\/\/piecesalpinea110.com\/fr\/produit\/front-upper-arm\/\" \/>\n<meta property=\"og:site_name\" content=\"Pieces Alpine A110\" \/>\n<meta property=\"article:modified_time\" content=\"2019-06-13T20:10:42+00:00\" \/>\n<meta property=\"og:image\" content=\"https:\/\/piecesalpinea110.com\/wp-content\/uploads\/2019\/03\/2019-03-30_150516-1.jpg\" \/>\n\t<meta property=\"og:image:width\" content=\"502\" \/>\n\t<meta property=\"og:image:height\" content=\"488\" \/>\n\t<meta property=\"og:image:type\" content=\"image\/jpeg\" \/>\n<meta name=\"twitter:card\" content=\"summary_large_image\" \/>\n<meta name=\"twitter:label1\" content=\"Dur\u00e9e de lecture estim\u00e9e\" \/>\n\t<meta name=\"twitter:data1\" content=\"1 minute\" \/>\n<script type=\"application\/ld+json\" class=\"yoast-schema-graph\">{\"@context\":\"https:\/\/schema.org\",\"@graph\":[{\"@type\":\"WebPage\",\"@id\":\"https:\/\/piecesalpinea110.com\/fr\/produit\/front-upper-arm\/\",\"url\":\"https:\/\/piecesalpinea110.com\/fr\/produit\/front-upper-arm\/\",\"name\":\"Tirant avant ajustable - Pieces Alpine A110\",\"isPartOf\":{\"@id\":\"https:\/\/piecesalpinea110.com\/#website\"},\"primaryImageOfPage\":{\"@id\":\"https:\/\/piecesalpinea110.com\/fr\/produit\/front-upper-arm\/#primaryimage\"},\"image\":{\"@id\":\"https:\/\/piecesalpinea110.com\/fr\/produit\/front-upper-arm\/#primaryimage\"},\"thumbnailUrl\":\"https:\/\/piecesalpinea110.com\/wp-content\/uploads\/2019\/03\/2019-03-30_150516-1.jpg\",\"datePublished\":\"2019-03-03T00:53:14+00:00\",\"dateModified\":\"2019-06-13T20:10:42+00:00\",\"breadcrumb\":{\"@id\":\"https:\/\/piecesalpinea110.com\/fr\/produit\/front-upper-arm\/#breadcrumb\"},\"inLanguage\":\"fr-FR\",\"potentialAction\":[{\"@type\":\"ReadAction\",\"target\":[\"https:\/\/piecesalpinea110.com\/fr\/produit\/front-upper-arm\/\"]}]},{\"@type\":\"ImageObject\",\"inLanguage\":\"fr-FR\",\"@id\":\"https:\/\/piecesalpinea110.com\/fr\/produit\/front-upper-arm\/#primaryimage\",\"url\":\"https:\/\/piecesalpinea110.com\/wp-content\/uploads\/2019\/03\/2019-03-30_150516-1.jpg\",\"contentUrl\":\"https:\/\/piecesalpinea110.com\/wp-content\/uploads\/2019\/03\/2019-03-30_150516-1.jpg\",\"width\":502,\"height\":488},{\"@type\":\"BreadcrumbList\",\"@id\":\"https:\/\/piecesalpinea110.com\/fr\/produit\/front-upper-arm\/#breadcrumb\",\"itemListElement\":[{\"@type\":\"ListItem\",\"position\":1,\"name\":\"Home\",\"item\":\"https:\/\/piecesalpinea110.com\/fr\/\"},{\"@type\":\"ListItem\",\"position\":2,\"name\":\"Boutique\",\"item\":\"https:\/\/piecesalpinea110.com\/fr\/boutique\/\"},{\"@type\":\"ListItem\",\"position\":3,\"name\":\"Tirant avant ajustable\"}]},{\"@type\":\"WebSite\",\"@id\":\"https:\/\/piecesalpinea110.com\/#website\",\"url\":\"https:\/\/piecesalpinea110.com\/\",\"name\":\"Pieces Alpine A110\",\"description\":\"Pieces for Alpine A110\",\"potentialAction\":[{\"@type\":\"SearchAction\",\"target\":{\"@type\":\"EntryPoint\",\"urlTemplate\":\"https:\/\/piecesalpinea110.com\/?s={search_term_string}\"},\"query-input\":{\"@type\":\"PropertyValueSpecification\",\"valueRequired\":true,\"valueName\":\"search_term_string\"}}],\"inLanguage\":\"fr-FR\"}]}<\/script>\n<!-- \/ Yoast SEO plugin. -->","yoast_head_json":{"title":"Tirant avant ajustable - Pieces Alpine A110","robots":{"index":"index","follow":"follow","max-snippet":"max-snippet:-1","max-image-preview":"max-image-preview:large","max-video-preview":"max-video-preview:-1"},"canonical":"https:\/\/piecesalpinea110.com\/fr\/produit\/front-upper-arm\/","og_locale":"fr_FR","og_type":"article","og_title":"Tirant avant ajustable - Pieces Alpine A110","og_description":"Reference: TIRAVR12 Tirant de triangle sup\u00e9rieur, type Renault 12 Gordini &nbsp; Description: Copie de la pi\u00e8ce originale con\u00e7ue par Renault comp\u00e9tition, pour la 12G et la 17G version rallye pour renforcer et ajuster la g\u00e9om\u00e9trie du train avant \u00e9quip\u00e9 des amortisseurs sp\u00e9cifiques. Fourni avec la contreplaque de la rotule pour la patte de chassis modifi\u00e9e [&hellip;]","og_url":"https:\/\/piecesalpinea110.com\/fr\/produit\/front-upper-arm\/","og_site_name":"Pieces Alpine A110","article_modified_time":"2019-06-13T20:10:42+00:00","og_image":[{"width":502,"height":488,"url":"https:\/\/piecesalpinea110.com\/wp-content\/uploads\/2019\/03\/2019-03-30_150516-1.jpg","type":"image\/jpeg"}],"twitter_card":"summary_large_image","twitter_misc":{"Dur\u00e9e de lecture estim\u00e9e":"1 minute"},"schema":{"@context":"https:\/\/schema.org","@graph":[{"@type":"WebPage","@id":"https:\/\/piecesalpinea110.com\/fr\/produit\/front-upper-arm\/","url":"https:\/\/piecesalpinea110.com\/fr\/produit\/front-upper-arm\/","name":"Tirant avant ajustable - Pieces Alpine A110","isPartOf":{"@id":"https:\/\/piecesalpinea110.com\/#website"},"primaryImageOfPage":{"@id":"https:\/\/piecesalpinea110.com\/fr\/produit\/front-upper-arm\/#primaryimage"},"image":{"@id":"https:\/\/piecesalpinea110.com\/fr\/produit\/front-upper-arm\/#primaryimage"},"thumbnailUrl":"https:\/\/piecesalpinea110.com\/wp-content\/uploads\/2019\/03\/2019-03-30_150516-1.jpg","datePublished":"2019-03-03T00:53:14+00:00","dateModified":"2019-06-13T20:10:42+00:00","breadcrumb":{"@id":"https:\/\/piecesalpinea110.com\/fr\/produit\/front-upper-arm\/#breadcrumb"},"inLanguage":"fr-FR","potentialAction":[{"@type":"ReadAction","target":["https:\/\/piecesalpinea110.com\/fr\/produit\/front-upper-arm\/"]}]},{"@type":"ImageObject","inLanguage":"fr-FR","@id":"https:\/\/piecesalpinea110.com\/fr\/produit\/front-upper-arm\/#primaryimage","url":"https:\/\/piecesalpinea110.com\/wp-content\/uploads\/2019\/03\/2019-03-30_150516-1.jpg","contentUrl":"https:\/\/piecesalpinea110.com\/wp-content\/uploads\/2019\/03\/2019-03-30_150516-1.jpg","width":502,"height":488},{"@type":"BreadcrumbList","@id":"https:\/\/piecesalpinea110.com\/fr\/produit\/front-upper-arm\/#breadcrumb","itemListElement":[{"@type":"ListItem","position":1,"name":"Home","item":"https:\/\/piecesalpinea110.com\/fr\/"},{"@type":"ListItem","position":2,"name":"Boutique","item":"https:\/\/piecesalpinea110.com\/fr\/boutique\/"},{"@type":"ListItem","position":3,"name":"Tirant avant ajustable"}]},{"@type":"WebSite","@id":"https:\/\/piecesalpinea110.com\/#website","url":"https:\/\/piecesalpinea110.com\/","name":"Pieces Alpine A110","description":"Pieces for Alpine A110","potentialAction":[{"@type":"SearchAction","target":{"@type":"EntryPoint","urlTemplate":"https:\/\/piecesalpinea110.com\/?s={search_term_string}"},"query-input":{"@type":"PropertyValueSpecification","valueRequired":true,"valueName":"search_term_string"}}],"inLanguage":"fr-FR"}]}},"_links":{"self":[{"href":"https:\/\/piecesalpinea110.com\/fr\/wp-json\/wp\/v2\/product\/4214","targetHints":{"allow":["GET"]}}],"collection":[{"href":"https:\/\/piecesalpinea110.com\/fr\/wp-json\/wp\/v2\/product"}],"about":[{"href":"https:\/\/piecesalpinea110.com\/fr\/wp-json\/wp\/v2\/types\/product"}],"wp:featuredmedia":[{"embeddable":true,"href":"https:\/\/piecesalpinea110.com\/fr\/wp-json\/wp\/v2\/media\/4377"}],"wp:attachment":[{"href":"https:\/\/piecesalpinea110.com\/fr\/wp-json\/wp\/v2\/media?parent=4214"}],"wp:term":[{"taxonomy":"product_brand","embeddable":true,"href":"https:\/\/piecesalpinea110.com\/fr\/wp-json\/wp\/v2\/product_brand?post=4214"},{"taxonomy":"product_cat","embeddable":true,"href":"https:\/\/piecesalpinea110.com\/fr\/wp-json\/wp\/v2\/product_cat?post=4214"},{"taxonomy":"product_tag","embeddable":true,"href":"https:\/\/piecesalpinea110.com\/fr\/wp-json\/wp\/v2\/product_tag?post=4214"}],"curies":[{"name":"wp","href":"https:\/\/api.w.org\/{rel}","templated":true}]}}