{"id":4335,"date":"2019-05-17T16:14:05","date_gmt":"2019-05-17T15:14:05","guid":{"rendered":"https:\/\/piecesalpinea110.com\/product\/tirant-avant-ajustable\/"},"modified":"2019-06-19T22:41:39","modified_gmt":"2019-06-19T21:41:39","slug":"tirant-avant-ajustable","status":"publish","type":"product","link":"https:\/\/piecesalpinea110.com\/fr\/produit\/tirant-avant-ajustable\/","title":{"rendered":"Support barre stab"},"content":{"rendered":"<div><strong>R\u00e9f\u00e9rence: TIRBSTABR12<\/strong><\/div>\n<div>Support am\u00e9lior\u00e9 pour barre antiroulis AV<\/div>\n<div><\/div>\n<p>Prix pour une paire<\/p>\n<div><strong>Description:<\/strong><br \/>\nRondelles nylon c\u00f4t\u00e9 barre et silent bloc c\u00f4t\u00e9 chassis. Longueur identique \u00e0 l&rsquo;original.<\/div>\n<p>&nbsp;<\/p>\n<div>\n<p><strong>Convient \u00e0:<\/strong><br \/>\nR12 &amp; G \/ R17 &amp; G \/ Alpine A310 V6 2e type<\/p>\n<div><\/div>\n<\/div>\n","protected":false},"excerpt":{"rendered":"<p>R\u00e9f\u00e9rence: TIRBSTABR12 Support am\u00e9lior\u00e9 pour barre antiroulis AV Prix pour une paire Description: Rondelles nylon c\u00f4t\u00e9 barre et silent bloc c\u00f4t\u00e9 chassis. Longueur identique \u00e0 l&rsquo;original. &nbsp; Convient \u00e0: R12 &amp; G \/ R17 &amp; G \/ Alpine A310 V6 2e type<\/p>\n","protected":false},"featured_media":4362,"template":"","meta":{"_et_pb_use_builder":"","_et_pb_old_content":"","_et_gb_content_width":"","_exactmetrics_skip_tracking":false,"_exactmetrics_sitenote_active":false,"_exactmetrics_sitenote_note":"","_exactmetrics_sitenote_category":0},"product_brand":[],"product_cat":[138],"product_tag":[],"class_list":{"0":"post-4335","1":"product","2":"type-product","3":"status-publish","4":"has-post-thumbnail","6":"product_cat-dacia-revival-fr","8":"first","9":"instock","10":"taxable","11":"shipping-taxable","12":"purchasable","13":"product-type-simple"},"yoast_head":"<!-- This site is optimized with the Yoast SEO plugin v27.2 - https:\/\/yoast.com\/product\/yoast-seo-wordpress\/ -->\n<title>Support barre stab - Pieces Alpine A110<\/title>\n<meta name=\"robots\" content=\"index, follow, max-snippet:-1, max-image-preview:large, max-video-preview:-1\" \/>\n<link rel=\"canonical\" href=\"https:\/\/piecesalpinea110.com\/fr\/produit\/tirant-avant-ajustable\/\" \/>\n<meta property=\"og:locale\" content=\"fr_FR\" \/>\n<meta property=\"og:type\" content=\"article\" \/>\n<meta property=\"og:title\" content=\"Support barre stab - Pieces Alpine A110\" \/>\n<meta property=\"og:description\" content=\"R\u00e9f\u00e9rence: TIRBSTABR12 Support am\u00e9lior\u00e9 pour barre antiroulis AV Prix pour une paire Description: Rondelles nylon c\u00f4t\u00e9 barre et silent bloc c\u00f4t\u00e9 chassis. Longueur identique \u00e0 l&rsquo;original. &nbsp; Convient \u00e0: R12 &amp; G \/ R17 &amp; G \/ Alpine A310 V6 2e type\" \/>\n<meta property=\"og:url\" content=\"https:\/\/piecesalpinea110.com\/fr\/produit\/tirant-avant-ajustable\/\" \/>\n<meta property=\"og:site_name\" content=\"Pieces Alpine A110\" \/>\n<meta property=\"article:modified_time\" content=\"2019-06-19T21:41:39+00:00\" \/>\n<meta property=\"og:image\" content=\"https:\/\/piecesalpinea110.com\/wp-content\/uploads\/2019\/05\/2019-05-12_005257-3.jpg\" \/>\n\t<meta property=\"og:image:width\" content=\"557\" \/>\n\t<meta property=\"og:image:height\" content=\"528\" \/>\n\t<meta property=\"og:image:type\" content=\"image\/jpeg\" \/>\n<meta name=\"twitter:card\" content=\"summary_large_image\" \/>\n<script type=\"application\/ld+json\" class=\"yoast-schema-graph\">{\"@context\":\"https:\/\/schema.org\",\"@graph\":[{\"@type\":\"WebPage\",\"@id\":\"https:\/\/piecesalpinea110.com\/fr\/produit\/tirant-avant-ajustable\/\",\"url\":\"https:\/\/piecesalpinea110.com\/fr\/produit\/tirant-avant-ajustable\/\",\"name\":\"Support barre stab - Pieces Alpine A110\",\"isPartOf\":{\"@id\":\"https:\/\/piecesalpinea110.com\/#website\"},\"primaryImageOfPage\":{\"@id\":\"https:\/\/piecesalpinea110.com\/fr\/produit\/tirant-avant-ajustable\/#primaryimage\"},\"image\":{\"@id\":\"https:\/\/piecesalpinea110.com\/fr\/produit\/tirant-avant-ajustable\/#primaryimage\"},\"thumbnailUrl\":\"https:\/\/piecesalpinea110.com\/wp-content\/uploads\/2019\/05\/2019-05-12_005257-3.jpg\",\"datePublished\":\"2019-05-17T15:14:05+00:00\",\"dateModified\":\"2019-06-19T21:41:39+00:00\",\"breadcrumb\":{\"@id\":\"https:\/\/piecesalpinea110.com\/fr\/produit\/tirant-avant-ajustable\/#breadcrumb\"},\"inLanguage\":\"fr-FR\",\"potentialAction\":[{\"@type\":\"ReadAction\",\"target\":[\"https:\/\/piecesalpinea110.com\/fr\/produit\/tirant-avant-ajustable\/\"]}]},{\"@type\":\"ImageObject\",\"inLanguage\":\"fr-FR\",\"@id\":\"https:\/\/piecesalpinea110.com\/fr\/produit\/tirant-avant-ajustable\/#primaryimage\",\"url\":\"https:\/\/piecesalpinea110.com\/wp-content\/uploads\/2019\/05\/2019-05-12_005257-3.jpg\",\"contentUrl\":\"https:\/\/piecesalpinea110.com\/wp-content\/uploads\/2019\/05\/2019-05-12_005257-3.jpg\",\"width\":557,\"height\":528},{\"@type\":\"BreadcrumbList\",\"@id\":\"https:\/\/piecesalpinea110.com\/fr\/produit\/tirant-avant-ajustable\/#breadcrumb\",\"itemListElement\":[{\"@type\":\"ListItem\",\"position\":1,\"name\":\"Home\",\"item\":\"https:\/\/piecesalpinea110.com\/fr\/\"},{\"@type\":\"ListItem\",\"position\":2,\"name\":\"Boutique\",\"item\":\"https:\/\/piecesalpinea110.com\/fr\/boutique\/\"},{\"@type\":\"ListItem\",\"position\":3,\"name\":\"Support barre stab\"}]},{\"@type\":\"WebSite\",\"@id\":\"https:\/\/piecesalpinea110.com\/#website\",\"url\":\"https:\/\/piecesalpinea110.com\/\",\"name\":\"Pieces Alpine A110\",\"description\":\"Pieces for Alpine A110\",\"potentialAction\":[{\"@type\":\"SearchAction\",\"target\":{\"@type\":\"EntryPoint\",\"urlTemplate\":\"https:\/\/piecesalpinea110.com\/?s={search_term_string}\"},\"query-input\":{\"@type\":\"PropertyValueSpecification\",\"valueRequired\":true,\"valueName\":\"search_term_string\"}}],\"inLanguage\":\"fr-FR\"}]}<\/script>\n<!-- \/ Yoast SEO plugin. -->","yoast_head_json":{"title":"Support barre stab - Pieces Alpine A110","robots":{"index":"index","follow":"follow","max-snippet":"max-snippet:-1","max-image-preview":"max-image-preview:large","max-video-preview":"max-video-preview:-1"},"canonical":"https:\/\/piecesalpinea110.com\/fr\/produit\/tirant-avant-ajustable\/","og_locale":"fr_FR","og_type":"article","og_title":"Support barre stab - Pieces Alpine A110","og_description":"R\u00e9f\u00e9rence: TIRBSTABR12 Support am\u00e9lior\u00e9 pour barre antiroulis AV Prix pour une paire Description: Rondelles nylon c\u00f4t\u00e9 barre et silent bloc c\u00f4t\u00e9 chassis. Longueur identique \u00e0 l&rsquo;original. &nbsp; Convient \u00e0: R12 &amp; G \/ R17 &amp; G \/ Alpine A310 V6 2e type","og_url":"https:\/\/piecesalpinea110.com\/fr\/produit\/tirant-avant-ajustable\/","og_site_name":"Pieces Alpine A110","article_modified_time":"2019-06-19T21:41:39+00:00","og_image":[{"width":557,"height":528,"url":"https:\/\/piecesalpinea110.com\/wp-content\/uploads\/2019\/05\/2019-05-12_005257-3.jpg","type":"image\/jpeg"}],"twitter_card":"summary_large_image","schema":{"@context":"https:\/\/schema.org","@graph":[{"@type":"WebPage","@id":"https:\/\/piecesalpinea110.com\/fr\/produit\/tirant-avant-ajustable\/","url":"https:\/\/piecesalpinea110.com\/fr\/produit\/tirant-avant-ajustable\/","name":"Support barre stab - Pieces Alpine A110","isPartOf":{"@id":"https:\/\/piecesalpinea110.com\/#website"},"primaryImageOfPage":{"@id":"https:\/\/piecesalpinea110.com\/fr\/produit\/tirant-avant-ajustable\/#primaryimage"},"image":{"@id":"https:\/\/piecesalpinea110.com\/fr\/produit\/tirant-avant-ajustable\/#primaryimage"},"thumbnailUrl":"https:\/\/piecesalpinea110.com\/wp-content\/uploads\/2019\/05\/2019-05-12_005257-3.jpg","datePublished":"2019-05-17T15:14:05+00:00","dateModified":"2019-06-19T21:41:39+00:00","breadcrumb":{"@id":"https:\/\/piecesalpinea110.com\/fr\/produit\/tirant-avant-ajustable\/#breadcrumb"},"inLanguage":"fr-FR","potentialAction":[{"@type":"ReadAction","target":["https:\/\/piecesalpinea110.com\/fr\/produit\/tirant-avant-ajustable\/"]}]},{"@type":"ImageObject","inLanguage":"fr-FR","@id":"https:\/\/piecesalpinea110.com\/fr\/produit\/tirant-avant-ajustable\/#primaryimage","url":"https:\/\/piecesalpinea110.com\/wp-content\/uploads\/2019\/05\/2019-05-12_005257-3.jpg","contentUrl":"https:\/\/piecesalpinea110.com\/wp-content\/uploads\/2019\/05\/2019-05-12_005257-3.jpg","width":557,"height":528},{"@type":"BreadcrumbList","@id":"https:\/\/piecesalpinea110.com\/fr\/produit\/tirant-avant-ajustable\/#breadcrumb","itemListElement":[{"@type":"ListItem","position":1,"name":"Home","item":"https:\/\/piecesalpinea110.com\/fr\/"},{"@type":"ListItem","position":2,"name":"Boutique","item":"https:\/\/piecesalpinea110.com\/fr\/boutique\/"},{"@type":"ListItem","position":3,"name":"Support barre stab"}]},{"@type":"WebSite","@id":"https:\/\/piecesalpinea110.com\/#website","url":"https:\/\/piecesalpinea110.com\/","name":"Pieces Alpine A110","description":"Pieces for Alpine A110","potentialAction":[{"@type":"SearchAction","target":{"@type":"EntryPoint","urlTemplate":"https:\/\/piecesalpinea110.com\/?s={search_term_string}"},"query-input":{"@type":"PropertyValueSpecification","valueRequired":true,"valueName":"search_term_string"}}],"inLanguage":"fr-FR"}]}},"_links":{"self":[{"href":"https:\/\/piecesalpinea110.com\/fr\/wp-json\/wp\/v2\/product\/4335","targetHints":{"allow":["GET"]}}],"collection":[{"href":"https:\/\/piecesalpinea110.com\/fr\/wp-json\/wp\/v2\/product"}],"about":[{"href":"https:\/\/piecesalpinea110.com\/fr\/wp-json\/wp\/v2\/types\/product"}],"wp:featuredmedia":[{"embeddable":true,"href":"https:\/\/piecesalpinea110.com\/fr\/wp-json\/wp\/v2\/media\/4362"}],"wp:attachment":[{"href":"https:\/\/piecesalpinea110.com\/fr\/wp-json\/wp\/v2\/media?parent=4335"}],"wp:term":[{"taxonomy":"product_brand","embeddable":true,"href":"https:\/\/piecesalpinea110.com\/fr\/wp-json\/wp\/v2\/product_brand?post=4335"},{"taxonomy":"product_cat","embeddable":true,"href":"https:\/\/piecesalpinea110.com\/fr\/wp-json\/wp\/v2\/product_cat?post=4335"},{"taxonomy":"product_tag","embeddable":true,"href":"https:\/\/piecesalpinea110.com\/fr\/wp-json\/wp\/v2\/product_tag?post=4335"}],"curies":[{"name":"wp","href":"https:\/\/api.w.org\/{rel}","templated":true}]}}