{"id":4858,"date":"2019-10-13T16:15:12","date_gmt":"2019-10-13T15:15:12","guid":{"rendered":"https:\/\/piecesalpinea110.com\/product\/engine-gasket-set-821-r16tl\/"},"modified":"2019-10-13T21:40:21","modified_gmt":"2019-10-13T20:40:21","slug":"engine-gasket-set-821-r16tl","status":"publish","type":"product","link":"https:\/\/piecesalpinea110.com\/fr\/produit\/engine-gasket-set-821-r16tl\/","title":{"rendered":"Pochette moteur 821, R16TL"},"content":{"rendered":"<div class=\"portfolio-item-desc\">\n<div class=\"portfolio-item-desc-inner \" data-collapse-at=\"150\">\n<p><strong>Reference<\/strong>: S30750<br \/>\nPochette moteur Renault 16 1565cc<\/p>\n<p><strong>Compatible avec:<\/strong><br \/>\nMoteur type 821, \u00e9quipant la R16 TL<\/p>\n<p><strong>Description:<\/strong><br \/>\nPochette moteur compl\u00e8te, avec joint de culasse et bourrages<\/p>\n<p><strong>Veuillez noter:<\/strong><br \/>\nNous fournissons la gamme compl\u00e8te des pochettes et joints s\u00e9par\u00e9s de Glaser. N&rsquo;h\u00e9sitez pas \u00e0 nous contacter pour votre type moteur.<\/p>\n<\/div>\n<\/div>\n","protected":false},"excerpt":{"rendered":"<p>Reference: S30750 Pochette moteur Renault 16 1565cc Compatible avec: Moteur type 821, \u00e9quipant la R16 TL Description: Pochette moteur compl\u00e8te, avec joint de culasse et bourrages Veuillez noter: Nous fournissons la gamme compl\u00e8te des pochettes et joints s\u00e9par\u00e9s de Glaser. N&rsquo;h\u00e9sitez pas \u00e0 nous contacter pour votre type moteur.<\/p>\n","protected":false},"featured_media":4824,"template":"","meta":{"_et_pb_use_builder":"","_et_pb_old_content":"","_et_gb_content_width":"","_exactmetrics_skip_tracking":false,"_exactmetrics_sitenote_active":false,"_exactmetrics_sitenote_note":"","_exactmetrics_sitenote_category":0},"product_brand":[],"product_cat":[141,91,160],"product_tag":[],"class_list":{"0":"post-4858","1":"product","2":"type-product","3":"status-publish","4":"has-post-thumbnail","6":"product_cat-categories","7":"product_cat-glaser-fr","8":"product_cat-moteur-et-accessoires","10":"first","11":"instock","12":"taxable","13":"shipping-taxable","14":"purchasable","15":"product-type-simple"},"yoast_head":"<!-- This site is optimized with the Yoast SEO plugin v27.2 - https:\/\/yoast.com\/product\/yoast-seo-wordpress\/ -->\n<title>Pochette moteur 821, R16TL - Pieces Alpine A110<\/title>\n<meta name=\"robots\" content=\"index, follow, max-snippet:-1, max-image-preview:large, max-video-preview:-1\" \/>\n<link rel=\"canonical\" href=\"https:\/\/piecesalpinea110.com\/fr\/produit\/engine-gasket-set-821-r16tl\/\" \/>\n<meta property=\"og:locale\" content=\"fr_FR\" \/>\n<meta property=\"og:type\" content=\"article\" \/>\n<meta property=\"og:title\" content=\"Pochette moteur 821, R16TL - Pieces Alpine A110\" \/>\n<meta property=\"og:description\" content=\"Reference: S30750 Pochette moteur Renault 16 1565cc Compatible avec: Moteur type 821, \u00e9quipant la R16 TL Description: Pochette moteur compl\u00e8te, avec joint de culasse et bourrages Veuillez noter: Nous fournissons la gamme compl\u00e8te des pochettes et joints s\u00e9par\u00e9s de Glaser. N&rsquo;h\u00e9sitez pas \u00e0 nous contacter pour votre type moteur.\" \/>\n<meta property=\"og:url\" content=\"https:\/\/piecesalpinea110.com\/fr\/produit\/engine-gasket-set-821-r16tl\/\" \/>\n<meta property=\"og:site_name\" content=\"Pieces Alpine A110\" \/>\n<meta property=\"article:modified_time\" content=\"2019-10-13T20:40:21+00:00\" \/>\n<meta property=\"og:image\" content=\"https:\/\/piecesalpinea110.com\/wp-content\/uploads\/2019\/10\/DSCF2043.jpg\" \/>\n\t<meta property=\"og:image:width\" content=\"400\" \/>\n\t<meta property=\"og:image:height\" content=\"400\" \/>\n\t<meta property=\"og:image:type\" content=\"image\/jpeg\" \/>\n<meta name=\"twitter:card\" content=\"summary_large_image\" \/>\n<script type=\"application\/ld+json\" class=\"yoast-schema-graph\">{\"@context\":\"https:\/\/schema.org\",\"@graph\":[{\"@type\":\"WebPage\",\"@id\":\"https:\/\/piecesalpinea110.com\/fr\/produit\/engine-gasket-set-821-r16tl\/\",\"url\":\"https:\/\/piecesalpinea110.com\/fr\/produit\/engine-gasket-set-821-r16tl\/\",\"name\":\"Pochette moteur 821, R16TL - Pieces Alpine A110\",\"isPartOf\":{\"@id\":\"https:\/\/piecesalpinea110.com\/#website\"},\"primaryImageOfPage\":{\"@id\":\"https:\/\/piecesalpinea110.com\/fr\/produit\/engine-gasket-set-821-r16tl\/#primaryimage\"},\"image\":{\"@id\":\"https:\/\/piecesalpinea110.com\/fr\/produit\/engine-gasket-set-821-r16tl\/#primaryimage\"},\"thumbnailUrl\":\"https:\/\/piecesalpinea110.com\/wp-content\/uploads\/2019\/10\/DSCF2043.jpg\",\"datePublished\":\"2019-10-13T15:15:12+00:00\",\"dateModified\":\"2019-10-13T20:40:21+00:00\",\"breadcrumb\":{\"@id\":\"https:\/\/piecesalpinea110.com\/fr\/produit\/engine-gasket-set-821-r16tl\/#breadcrumb\"},\"inLanguage\":\"fr-FR\",\"potentialAction\":[{\"@type\":\"ReadAction\",\"target\":[\"https:\/\/piecesalpinea110.com\/fr\/produit\/engine-gasket-set-821-r16tl\/\"]}]},{\"@type\":\"ImageObject\",\"inLanguage\":\"fr-FR\",\"@id\":\"https:\/\/piecesalpinea110.com\/fr\/produit\/engine-gasket-set-821-r16tl\/#primaryimage\",\"url\":\"https:\/\/piecesalpinea110.com\/wp-content\/uploads\/2019\/10\/DSCF2043.jpg\",\"contentUrl\":\"https:\/\/piecesalpinea110.com\/wp-content\/uploads\/2019\/10\/DSCF2043.jpg\",\"width\":400,\"height\":400},{\"@type\":\"BreadcrumbList\",\"@id\":\"https:\/\/piecesalpinea110.com\/fr\/produit\/engine-gasket-set-821-r16tl\/#breadcrumb\",\"itemListElement\":[{\"@type\":\"ListItem\",\"position\":1,\"name\":\"Home\",\"item\":\"https:\/\/piecesalpinea110.com\/fr\/\"},{\"@type\":\"ListItem\",\"position\":2,\"name\":\"Boutique\",\"item\":\"https:\/\/piecesalpinea110.com\/fr\/boutique\/\"},{\"@type\":\"ListItem\",\"position\":3,\"name\":\"Pochette moteur 821, R16TL\"}]},{\"@type\":\"WebSite\",\"@id\":\"https:\/\/piecesalpinea110.com\/#website\",\"url\":\"https:\/\/piecesalpinea110.com\/\",\"name\":\"Pieces Alpine A110\",\"description\":\"Pieces for Alpine A110\",\"potentialAction\":[{\"@type\":\"SearchAction\",\"target\":{\"@type\":\"EntryPoint\",\"urlTemplate\":\"https:\/\/piecesalpinea110.com\/?s={search_term_string}\"},\"query-input\":{\"@type\":\"PropertyValueSpecification\",\"valueRequired\":true,\"valueName\":\"search_term_string\"}}],\"inLanguage\":\"fr-FR\"}]}<\/script>\n<!-- \/ Yoast SEO plugin. -->","yoast_head_json":{"title":"Pochette moteur 821, R16TL - Pieces Alpine A110","robots":{"index":"index","follow":"follow","max-snippet":"max-snippet:-1","max-image-preview":"max-image-preview:large","max-video-preview":"max-video-preview:-1"},"canonical":"https:\/\/piecesalpinea110.com\/fr\/produit\/engine-gasket-set-821-r16tl\/","og_locale":"fr_FR","og_type":"article","og_title":"Pochette moteur 821, R16TL - Pieces Alpine A110","og_description":"Reference: S30750 Pochette moteur Renault 16 1565cc Compatible avec: Moteur type 821, \u00e9quipant la R16 TL Description: Pochette moteur compl\u00e8te, avec joint de culasse et bourrages Veuillez noter: Nous fournissons la gamme compl\u00e8te des pochettes et joints s\u00e9par\u00e9s de Glaser. N&rsquo;h\u00e9sitez pas \u00e0 nous contacter pour votre type moteur.","og_url":"https:\/\/piecesalpinea110.com\/fr\/produit\/engine-gasket-set-821-r16tl\/","og_site_name":"Pieces Alpine A110","article_modified_time":"2019-10-13T20:40:21+00:00","og_image":[{"width":400,"height":400,"url":"https:\/\/piecesalpinea110.com\/wp-content\/uploads\/2019\/10\/DSCF2043.jpg","type":"image\/jpeg"}],"twitter_card":"summary_large_image","schema":{"@context":"https:\/\/schema.org","@graph":[{"@type":"WebPage","@id":"https:\/\/piecesalpinea110.com\/fr\/produit\/engine-gasket-set-821-r16tl\/","url":"https:\/\/piecesalpinea110.com\/fr\/produit\/engine-gasket-set-821-r16tl\/","name":"Pochette moteur 821, R16TL - Pieces Alpine A110","isPartOf":{"@id":"https:\/\/piecesalpinea110.com\/#website"},"primaryImageOfPage":{"@id":"https:\/\/piecesalpinea110.com\/fr\/produit\/engine-gasket-set-821-r16tl\/#primaryimage"},"image":{"@id":"https:\/\/piecesalpinea110.com\/fr\/produit\/engine-gasket-set-821-r16tl\/#primaryimage"},"thumbnailUrl":"https:\/\/piecesalpinea110.com\/wp-content\/uploads\/2019\/10\/DSCF2043.jpg","datePublished":"2019-10-13T15:15:12+00:00","dateModified":"2019-10-13T20:40:21+00:00","breadcrumb":{"@id":"https:\/\/piecesalpinea110.com\/fr\/produit\/engine-gasket-set-821-r16tl\/#breadcrumb"},"inLanguage":"fr-FR","potentialAction":[{"@type":"ReadAction","target":["https:\/\/piecesalpinea110.com\/fr\/produit\/engine-gasket-set-821-r16tl\/"]}]},{"@type":"ImageObject","inLanguage":"fr-FR","@id":"https:\/\/piecesalpinea110.com\/fr\/produit\/engine-gasket-set-821-r16tl\/#primaryimage","url":"https:\/\/piecesalpinea110.com\/wp-content\/uploads\/2019\/10\/DSCF2043.jpg","contentUrl":"https:\/\/piecesalpinea110.com\/wp-content\/uploads\/2019\/10\/DSCF2043.jpg","width":400,"height":400},{"@type":"BreadcrumbList","@id":"https:\/\/piecesalpinea110.com\/fr\/produit\/engine-gasket-set-821-r16tl\/#breadcrumb","itemListElement":[{"@type":"ListItem","position":1,"name":"Home","item":"https:\/\/piecesalpinea110.com\/fr\/"},{"@type":"ListItem","position":2,"name":"Boutique","item":"https:\/\/piecesalpinea110.com\/fr\/boutique\/"},{"@type":"ListItem","position":3,"name":"Pochette moteur 821, R16TL"}]},{"@type":"WebSite","@id":"https:\/\/piecesalpinea110.com\/#website","url":"https:\/\/piecesalpinea110.com\/","name":"Pieces Alpine A110","description":"Pieces for Alpine A110","potentialAction":[{"@type":"SearchAction","target":{"@type":"EntryPoint","urlTemplate":"https:\/\/piecesalpinea110.com\/?s={search_term_string}"},"query-input":{"@type":"PropertyValueSpecification","valueRequired":true,"valueName":"search_term_string"}}],"inLanguage":"fr-FR"}]}},"_links":{"self":[{"href":"https:\/\/piecesalpinea110.com\/fr\/wp-json\/wp\/v2\/product\/4858","targetHints":{"allow":["GET"]}}],"collection":[{"href":"https:\/\/piecesalpinea110.com\/fr\/wp-json\/wp\/v2\/product"}],"about":[{"href":"https:\/\/piecesalpinea110.com\/fr\/wp-json\/wp\/v2\/types\/product"}],"wp:featuredmedia":[{"embeddable":true,"href":"https:\/\/piecesalpinea110.com\/fr\/wp-json\/wp\/v2\/media\/4824"}],"wp:attachment":[{"href":"https:\/\/piecesalpinea110.com\/fr\/wp-json\/wp\/v2\/media?parent=4858"}],"wp:term":[{"taxonomy":"product_brand","embeddable":true,"href":"https:\/\/piecesalpinea110.com\/fr\/wp-json\/wp\/v2\/product_brand?post=4858"},{"taxonomy":"product_cat","embeddable":true,"href":"https:\/\/piecesalpinea110.com\/fr\/wp-json\/wp\/v2\/product_cat?post=4858"},{"taxonomy":"product_tag","embeddable":true,"href":"https:\/\/piecesalpinea110.com\/fr\/wp-json\/wp\/v2\/product_tag?post=4858"}],"curies":[{"name":"wp","href":"https:\/\/api.w.org\/{rel}","templated":true}]}}