{"id":503,"date":"2018-02-15T12:49:50","date_gmt":"2018-02-15T11:49:50","guid":{"rendered":"https:\/\/piecesalpinea110.com\/product\/adaptateur-de-roulement-de-pression\/"},"modified":"2018-09-24T23:51:10","modified_gmt":"2018-09-24T22:51:10","slug":"adaptateur-de-roulement-de-pression","status":"publish","type":"product","link":"https:\/\/piecesalpinea110.com\/fr\/produit\/adaptateur-de-roulement-de-pression\/","title":{"rendered":"Adaptateur de roulement de but\u00e9e"},"content":{"rendered":"<p><strong>R\u00e9f\u00e9rence<\/strong>: BUTEMBRR18<\/p>\n<p><strong>Compatible avec les mod\u00e8les suivants:<\/strong><\/p>\n<ul>\n<li>Alpine A110 SC<\/li>\n<li>Renault 18 Turbo<\/li>\n<li>Renault 16 TX<\/li>\n<li>Lotus Europa<\/li>\n<\/ul>\n<p><strong>\u00a0<\/strong><strong>Description:<\/strong><\/p>\n<ul>\n<li>adapte la fourchette d\u2019embrayage de la R18T et de la Renault 16TX au carter d&#8217;embrayage de l\u2019Alpine A110<\/li>\n<li>il a l\u2019avantage d\u2019utiliser le roulement d\u2019embrayage de la R18T, qui est facile \u00e0 obtenir<\/li>\n<li>r\u00e9alis\u00e9 en aluminium<\/li>\n<\/ul>\n<p><strong>Contenu:<\/strong><\/p>\n<ul>\n<li>1 bo\u00eetier de roulement avec des plaques r\u00e9sistantes \u00e0 l\u2019usure, en acier inoxydable<\/li>\n<li>1 roulement<\/li>\n<li>1 rondelle \u00e9lastique<\/li>\n<li>1 \u00e9crou filet\u00e9 en aluminium pour s\u00e9curiser le roulement (pour les applications \u00e0 haut degr\u00e9 d\u2019usure, des \u00e9crous en acier sont disponibles)<\/li>\n<\/ul>\n","protected":false},"excerpt":{"rendered":"<p>R\u00e9f\u00e9rence: BUTEMBRR18 Compatible avec les mod\u00e8les suivants: Alpine A110 SC Renault 18 Turbo Renault 16 TX Lotus Europa \u00a0Description: adapte la fourchette d\u2019embrayage de la R18T et de la Renault 16TX au carter d&#8217;embrayage de l\u2019Alpine A110 il a l\u2019avantage d\u2019utiliser le roulement d\u2019embrayage de la R18T, qui est facile \u00e0 obtenir r\u00e9alis\u00e9 en aluminium [&hellip;]<\/p>\n","protected":false},"featured_media":502,"template":"","meta":{"_et_pb_use_builder":"","_et_pb_old_content":"","_et_gb_content_width":"","_exactmetrics_skip_tracking":false,"_exactmetrics_sitenote_active":false,"_exactmetrics_sitenote_note":"","_exactmetrics_sitenote_category":0},"product_brand":[],"product_cat":[33],"product_tag":[],"class_list":{"0":"post-503","1":"product","2":"type-product","3":"status-publish","4":"has-post-thumbnail","6":"product_cat-transmission-fr","8":"first","9":"instock","10":"taxable","11":"shipping-taxable","12":"purchasable","13":"product-type-simple"},"yoast_head":"<!-- This site is optimized with the Yoast SEO plugin v27.2 - https:\/\/yoast.com\/product\/yoast-seo-wordpress\/ -->\n<title>Adaptateur de roulement de but\u00e9e - Pieces Alpine A110<\/title>\n<meta name=\"robots\" content=\"index, follow, max-snippet:-1, max-image-preview:large, max-video-preview:-1\" \/>\n<link rel=\"canonical\" href=\"https:\/\/piecesalpinea110.com\/fr\/produit\/adaptateur-de-roulement-de-pression\/\" \/>\n<meta property=\"og:locale\" content=\"fr_FR\" \/>\n<meta property=\"og:type\" content=\"article\" \/>\n<meta property=\"og:title\" content=\"Adaptateur de roulement de but\u00e9e - Pieces Alpine A110\" \/>\n<meta property=\"og:description\" content=\"R\u00e9f\u00e9rence: BUTEMBRR18 Compatible avec les mod\u00e8les suivants: Alpine A110 SC Renault 18 Turbo Renault 16 TX Lotus Europa \u00a0Description: adapte la fourchette d\u2019embrayage de la R18T et de la Renault 16TX au carter d&#8217;embrayage de l\u2019Alpine A110 il a l\u2019avantage d\u2019utiliser le roulement d\u2019embrayage de la R18T, qui est facile \u00e0 obtenir r\u00e9alis\u00e9 en aluminium [&hellip;]\" \/>\n<meta property=\"og:url\" content=\"https:\/\/piecesalpinea110.com\/fr\/produit\/adaptateur-de-roulement-de-pression\/\" \/>\n<meta property=\"og:site_name\" content=\"Pieces Alpine A110\" \/>\n<meta property=\"article:modified_time\" content=\"2018-09-24T22:51:10+00:00\" \/>\n<meta property=\"og:image\" content=\"https:\/\/piecesalpinea110.com\/wp-content\/uploads\/2018\/02\/DSC8048.jpg\" \/>\n\t<meta property=\"og:image:width\" content=\"1148\" \/>\n\t<meta property=\"og:image:height\" content=\"1050\" \/>\n\t<meta property=\"og:image:type\" content=\"image\/jpeg\" \/>\n<meta name=\"twitter:card\" content=\"summary_large_image\" \/>\n<meta name=\"twitter:label1\" content=\"Dur\u00e9e de lecture estim\u00e9e\" \/>\n\t<meta name=\"twitter:data1\" content=\"1 minute\" \/>\n<script type=\"application\/ld+json\" class=\"yoast-schema-graph\">{\"@context\":\"https:\/\/schema.org\",\"@graph\":[{\"@type\":\"WebPage\",\"@id\":\"https:\/\/piecesalpinea110.com\/fr\/produit\/adaptateur-de-roulement-de-pression\/\",\"url\":\"https:\/\/piecesalpinea110.com\/fr\/produit\/adaptateur-de-roulement-de-pression\/\",\"name\":\"Adaptateur de roulement de but\u00e9e - Pieces Alpine A110\",\"isPartOf\":{\"@id\":\"https:\/\/piecesalpinea110.com\/#website\"},\"primaryImageOfPage\":{\"@id\":\"https:\/\/piecesalpinea110.com\/fr\/produit\/adaptateur-de-roulement-de-pression\/#primaryimage\"},\"image\":{\"@id\":\"https:\/\/piecesalpinea110.com\/fr\/produit\/adaptateur-de-roulement-de-pression\/#primaryimage\"},\"thumbnailUrl\":\"https:\/\/piecesalpinea110.com\/wp-content\/uploads\/2018\/02\/DSC8048.jpg\",\"datePublished\":\"2018-02-15T11:49:50+00:00\",\"dateModified\":\"2018-09-24T22:51:10+00:00\",\"breadcrumb\":{\"@id\":\"https:\/\/piecesalpinea110.com\/fr\/produit\/adaptateur-de-roulement-de-pression\/#breadcrumb\"},\"inLanguage\":\"fr-FR\",\"potentialAction\":[{\"@type\":\"ReadAction\",\"target\":[\"https:\/\/piecesalpinea110.com\/fr\/produit\/adaptateur-de-roulement-de-pression\/\"]}]},{\"@type\":\"ImageObject\",\"inLanguage\":\"fr-FR\",\"@id\":\"https:\/\/piecesalpinea110.com\/fr\/produit\/adaptateur-de-roulement-de-pression\/#primaryimage\",\"url\":\"https:\/\/piecesalpinea110.com\/wp-content\/uploads\/2018\/02\/DSC8048.jpg\",\"contentUrl\":\"https:\/\/piecesalpinea110.com\/wp-content\/uploads\/2018\/02\/DSC8048.jpg\",\"width\":1148,\"height\":1050},{\"@type\":\"BreadcrumbList\",\"@id\":\"https:\/\/piecesalpinea110.com\/fr\/produit\/adaptateur-de-roulement-de-pression\/#breadcrumb\",\"itemListElement\":[{\"@type\":\"ListItem\",\"position\":1,\"name\":\"Home\",\"item\":\"https:\/\/piecesalpinea110.com\/fr\/\"},{\"@type\":\"ListItem\",\"position\":2,\"name\":\"Boutique\",\"item\":\"https:\/\/piecesalpinea110.com\/fr\/boutique\/\"},{\"@type\":\"ListItem\",\"position\":3,\"name\":\"Adaptateur de roulement de but\u00e9e\"}]},{\"@type\":\"WebSite\",\"@id\":\"https:\/\/piecesalpinea110.com\/#website\",\"url\":\"https:\/\/piecesalpinea110.com\/\",\"name\":\"Pieces Alpine A110\",\"description\":\"Pieces for Alpine A110\",\"potentialAction\":[{\"@type\":\"SearchAction\",\"target\":{\"@type\":\"EntryPoint\",\"urlTemplate\":\"https:\/\/piecesalpinea110.com\/?s={search_term_string}\"},\"query-input\":{\"@type\":\"PropertyValueSpecification\",\"valueRequired\":true,\"valueName\":\"search_term_string\"}}],\"inLanguage\":\"fr-FR\"}]}<\/script>\n<!-- \/ Yoast SEO plugin. -->","yoast_head_json":{"title":"Adaptateur de roulement de but\u00e9e - Pieces Alpine A110","robots":{"index":"index","follow":"follow","max-snippet":"max-snippet:-1","max-image-preview":"max-image-preview:large","max-video-preview":"max-video-preview:-1"},"canonical":"https:\/\/piecesalpinea110.com\/fr\/produit\/adaptateur-de-roulement-de-pression\/","og_locale":"fr_FR","og_type":"article","og_title":"Adaptateur de roulement de but\u00e9e - Pieces Alpine A110","og_description":"R\u00e9f\u00e9rence: BUTEMBRR18 Compatible avec les mod\u00e8les suivants: Alpine A110 SC Renault 18 Turbo Renault 16 TX Lotus Europa \u00a0Description: adapte la fourchette d\u2019embrayage de la R18T et de la Renault 16TX au carter d&#8217;embrayage de l\u2019Alpine A110 il a l\u2019avantage d\u2019utiliser le roulement d\u2019embrayage de la R18T, qui est facile \u00e0 obtenir r\u00e9alis\u00e9 en aluminium [&hellip;]","og_url":"https:\/\/piecesalpinea110.com\/fr\/produit\/adaptateur-de-roulement-de-pression\/","og_site_name":"Pieces Alpine A110","article_modified_time":"2018-09-24T22:51:10+00:00","og_image":[{"width":1148,"height":1050,"url":"https:\/\/piecesalpinea110.com\/wp-content\/uploads\/2018\/02\/DSC8048.jpg","type":"image\/jpeg"}],"twitter_card":"summary_large_image","twitter_misc":{"Dur\u00e9e de lecture estim\u00e9e":"1 minute"},"schema":{"@context":"https:\/\/schema.org","@graph":[{"@type":"WebPage","@id":"https:\/\/piecesalpinea110.com\/fr\/produit\/adaptateur-de-roulement-de-pression\/","url":"https:\/\/piecesalpinea110.com\/fr\/produit\/adaptateur-de-roulement-de-pression\/","name":"Adaptateur de roulement de but\u00e9e - Pieces Alpine A110","isPartOf":{"@id":"https:\/\/piecesalpinea110.com\/#website"},"primaryImageOfPage":{"@id":"https:\/\/piecesalpinea110.com\/fr\/produit\/adaptateur-de-roulement-de-pression\/#primaryimage"},"image":{"@id":"https:\/\/piecesalpinea110.com\/fr\/produit\/adaptateur-de-roulement-de-pression\/#primaryimage"},"thumbnailUrl":"https:\/\/piecesalpinea110.com\/wp-content\/uploads\/2018\/02\/DSC8048.jpg","datePublished":"2018-02-15T11:49:50+00:00","dateModified":"2018-09-24T22:51:10+00:00","breadcrumb":{"@id":"https:\/\/piecesalpinea110.com\/fr\/produit\/adaptateur-de-roulement-de-pression\/#breadcrumb"},"inLanguage":"fr-FR","potentialAction":[{"@type":"ReadAction","target":["https:\/\/piecesalpinea110.com\/fr\/produit\/adaptateur-de-roulement-de-pression\/"]}]},{"@type":"ImageObject","inLanguage":"fr-FR","@id":"https:\/\/piecesalpinea110.com\/fr\/produit\/adaptateur-de-roulement-de-pression\/#primaryimage","url":"https:\/\/piecesalpinea110.com\/wp-content\/uploads\/2018\/02\/DSC8048.jpg","contentUrl":"https:\/\/piecesalpinea110.com\/wp-content\/uploads\/2018\/02\/DSC8048.jpg","width":1148,"height":1050},{"@type":"BreadcrumbList","@id":"https:\/\/piecesalpinea110.com\/fr\/produit\/adaptateur-de-roulement-de-pression\/#breadcrumb","itemListElement":[{"@type":"ListItem","position":1,"name":"Home","item":"https:\/\/piecesalpinea110.com\/fr\/"},{"@type":"ListItem","position":2,"name":"Boutique","item":"https:\/\/piecesalpinea110.com\/fr\/boutique\/"},{"@type":"ListItem","position":3,"name":"Adaptateur de roulement de but\u00e9e"}]},{"@type":"WebSite","@id":"https:\/\/piecesalpinea110.com\/#website","url":"https:\/\/piecesalpinea110.com\/","name":"Pieces Alpine A110","description":"Pieces for Alpine A110","potentialAction":[{"@type":"SearchAction","target":{"@type":"EntryPoint","urlTemplate":"https:\/\/piecesalpinea110.com\/?s={search_term_string}"},"query-input":{"@type":"PropertyValueSpecification","valueRequired":true,"valueName":"search_term_string"}}],"inLanguage":"fr-FR"}]}},"_links":{"self":[{"href":"https:\/\/piecesalpinea110.com\/fr\/wp-json\/wp\/v2\/product\/503","targetHints":{"allow":["GET"]}}],"collection":[{"href":"https:\/\/piecesalpinea110.com\/fr\/wp-json\/wp\/v2\/product"}],"about":[{"href":"https:\/\/piecesalpinea110.com\/fr\/wp-json\/wp\/v2\/types\/product"}],"wp:featuredmedia":[{"embeddable":true,"href":"https:\/\/piecesalpinea110.com\/fr\/wp-json\/wp\/v2\/media\/502"}],"wp:attachment":[{"href":"https:\/\/piecesalpinea110.com\/fr\/wp-json\/wp\/v2\/media?parent=503"}],"wp:term":[{"taxonomy":"product_brand","embeddable":true,"href":"https:\/\/piecesalpinea110.com\/fr\/wp-json\/wp\/v2\/product_brand?post=503"},{"taxonomy":"product_cat","embeddable":true,"href":"https:\/\/piecesalpinea110.com\/fr\/wp-json\/wp\/v2\/product_cat?post=503"},{"taxonomy":"product_tag","embeddable":true,"href":"https:\/\/piecesalpinea110.com\/fr\/wp-json\/wp\/v2\/product_tag?post=503"}],"curies":[{"name":"wp","href":"https:\/\/api.w.org\/{rel}","templated":true}]}}