{"id":509,"date":"2018-02-15T12:52:21","date_gmt":"2018-02-15T11:52:21","guid":{"rendered":"https:\/\/piecesalpinea110.com\/product\/epingles-pour-la-fourche-dembrayage\/"},"modified":"2024-01-11T13:18:50","modified_gmt":"2024-01-11T12:18:50","slug":"epingles-pour-la-fourche-dembrayage","status":"publish","type":"product","link":"https:\/\/piecesalpinea110.com\/fr\/produit\/epingles-pour-la-fourche-dembrayage\/","title":{"rendered":"Goujon pour fourchette d\u2019embrayage"},"content":{"rendered":"<div class=\"portfolio-item-desc\">\n<div class=\"portfolio-item-desc-inner \" data-collapse-at=\"150\">\n<p><strong>R\u00e9f\u00e9rence<\/strong>: GOUJCOMMBV<\/p>\n<p><strong>Compatible avec les mod\u00e8les suivants:<\/strong><\/p>\n<ul>\n<li>Alpine A110 avec carter d&#8217;embrayage 1600<\/li>\n<li>R5 Turbo (BV type 369)<\/li>\n<li>diff\u00e9rents mod\u00e8les Renault.<\/li>\n<\/ul>\n<p><strong>Description:<\/strong><\/p>\n<ul>\n<li>fixe la fourchette d\u2019embrayage sur l\u2019axe<\/li>\n<li>r\u00e9alis\u00e9 en acier<\/li>\n<li>pourvue de trois nervures pour une meilleure fixation<\/li>\n<\/ul>\n<p><strong>Contient:<\/strong><\/p>\n<ul>\n<li>1 pi\u00e8ce<\/li>\n<\/ul>\n<\/div>\n<\/div>\n","protected":false},"excerpt":{"rendered":"<p>R\u00e9f\u00e9rence: GOUJCOMMBV Compatible avec les mod\u00e8les suivants: Alpine A110 avec carter d&#8217;embrayage 1600 R5 Turbo (BV type 369) diff\u00e9rents mod\u00e8les Renault. Description: fixe la fourchette d\u2019embrayage sur l\u2019axe r\u00e9alis\u00e9 en acier pourvue de trois nervures pour une meilleure fixation Contient: 1 pi\u00e8ce<\/p>\n","protected":false},"featured_media":508,"template":"","meta":{"_et_pb_use_builder":"","_et_pb_old_content":"","_et_gb_content_width":"","_exactmetrics_skip_tracking":false,"_exactmetrics_sitenote_active":false,"_exactmetrics_sitenote_note":"","_exactmetrics_sitenote_category":0},"product_brand":[],"product_cat":[33],"product_tag":[],"class_list":{"0":"post-509","1":"product","2":"type-product","3":"status-publish","4":"has-post-thumbnail","6":"product_cat-transmission-fr","8":"first","9":"instock","10":"taxable","11":"shipping-taxable","12":"purchasable","13":"product-type-simple"},"yoast_head":"<!-- This site is optimized with the Yoast SEO plugin v27.2 - https:\/\/yoast.com\/product\/yoast-seo-wordpress\/ -->\n<title>Goujon pour fourchette d\u2019embrayage - Pieces Alpine A110<\/title>\n<meta name=\"robots\" content=\"index, follow, max-snippet:-1, max-image-preview:large, max-video-preview:-1\" \/>\n<link rel=\"canonical\" href=\"https:\/\/piecesalpinea110.com\/fr\/produit\/epingles-pour-la-fourche-dembrayage\/\" \/>\n<meta property=\"og:locale\" content=\"fr_FR\" \/>\n<meta property=\"og:type\" content=\"article\" \/>\n<meta property=\"og:title\" content=\"Goujon pour fourchette d\u2019embrayage - Pieces Alpine A110\" \/>\n<meta property=\"og:description\" content=\"R\u00e9f\u00e9rence: GOUJCOMMBV Compatible avec les mod\u00e8les suivants: Alpine A110 avec carter d&#8217;embrayage 1600 R5 Turbo (BV type 369) diff\u00e9rents mod\u00e8les Renault. Description: fixe la fourchette d\u2019embrayage sur l\u2019axe r\u00e9alis\u00e9 en acier pourvue de trois nervures pour une meilleure fixation Contient: 1 pi\u00e8ce\" \/>\n<meta property=\"og:url\" content=\"https:\/\/piecesalpinea110.com\/fr\/produit\/epingles-pour-la-fourche-dembrayage\/\" \/>\n<meta property=\"og:site_name\" content=\"Pieces Alpine A110\" \/>\n<meta property=\"article:modified_time\" content=\"2024-01-11T12:18:50+00:00\" \/>\n<meta property=\"og:image\" content=\"https:\/\/piecesalpinea110.com\/wp-content\/uploads\/2018\/02\/DSC_0051.jpg\" \/>\n\t<meta property=\"og:image:width\" content=\"597\" \/>\n\t<meta property=\"og:image:height\" content=\"597\" \/>\n\t<meta property=\"og:image:type\" content=\"image\/jpeg\" \/>\n<meta name=\"twitter:card\" content=\"summary_large_image\" \/>\n<script type=\"application\/ld+json\" class=\"yoast-schema-graph\">{\"@context\":\"https:\/\/schema.org\",\"@graph\":[{\"@type\":\"WebPage\",\"@id\":\"https:\/\/piecesalpinea110.com\/fr\/produit\/epingles-pour-la-fourche-dembrayage\/\",\"url\":\"https:\/\/piecesalpinea110.com\/fr\/produit\/epingles-pour-la-fourche-dembrayage\/\",\"name\":\"Goujon pour fourchette d\u2019embrayage - Pieces Alpine A110\",\"isPartOf\":{\"@id\":\"https:\/\/piecesalpinea110.com\/#website\"},\"primaryImageOfPage\":{\"@id\":\"https:\/\/piecesalpinea110.com\/fr\/produit\/epingles-pour-la-fourche-dembrayage\/#primaryimage\"},\"image\":{\"@id\":\"https:\/\/piecesalpinea110.com\/fr\/produit\/epingles-pour-la-fourche-dembrayage\/#primaryimage\"},\"thumbnailUrl\":\"https:\/\/piecesalpinea110.com\/wp-content\/uploads\/2018\/02\/DSC_0051.jpg\",\"datePublished\":\"2018-02-15T11:52:21+00:00\",\"dateModified\":\"2024-01-11T12:18:50+00:00\",\"breadcrumb\":{\"@id\":\"https:\/\/piecesalpinea110.com\/fr\/produit\/epingles-pour-la-fourche-dembrayage\/#breadcrumb\"},\"inLanguage\":\"fr-FR\",\"potentialAction\":[{\"@type\":\"ReadAction\",\"target\":[\"https:\/\/piecesalpinea110.com\/fr\/produit\/epingles-pour-la-fourche-dembrayage\/\"]}]},{\"@type\":\"ImageObject\",\"inLanguage\":\"fr-FR\",\"@id\":\"https:\/\/piecesalpinea110.com\/fr\/produit\/epingles-pour-la-fourche-dembrayage\/#primaryimage\",\"url\":\"https:\/\/piecesalpinea110.com\/wp-content\/uploads\/2018\/02\/DSC_0051.jpg\",\"contentUrl\":\"https:\/\/piecesalpinea110.com\/wp-content\/uploads\/2018\/02\/DSC_0051.jpg\",\"width\":597,\"height\":597},{\"@type\":\"BreadcrumbList\",\"@id\":\"https:\/\/piecesalpinea110.com\/fr\/produit\/epingles-pour-la-fourche-dembrayage\/#breadcrumb\",\"itemListElement\":[{\"@type\":\"ListItem\",\"position\":1,\"name\":\"Home\",\"item\":\"https:\/\/piecesalpinea110.com\/fr\/\"},{\"@type\":\"ListItem\",\"position\":2,\"name\":\"Boutique\",\"item\":\"https:\/\/piecesalpinea110.com\/fr\/boutique\/\"},{\"@type\":\"ListItem\",\"position\":3,\"name\":\"Goujon pour fourchette d\u2019embrayage\"}]},{\"@type\":\"WebSite\",\"@id\":\"https:\/\/piecesalpinea110.com\/#website\",\"url\":\"https:\/\/piecesalpinea110.com\/\",\"name\":\"Pieces Alpine A110\",\"description\":\"Pieces for Alpine A110\",\"potentialAction\":[{\"@type\":\"SearchAction\",\"target\":{\"@type\":\"EntryPoint\",\"urlTemplate\":\"https:\/\/piecesalpinea110.com\/?s={search_term_string}\"},\"query-input\":{\"@type\":\"PropertyValueSpecification\",\"valueRequired\":true,\"valueName\":\"search_term_string\"}}],\"inLanguage\":\"fr-FR\"}]}<\/script>\n<!-- \/ Yoast SEO plugin. -->","yoast_head_json":{"title":"Goujon pour fourchette d\u2019embrayage - Pieces Alpine A110","robots":{"index":"index","follow":"follow","max-snippet":"max-snippet:-1","max-image-preview":"max-image-preview:large","max-video-preview":"max-video-preview:-1"},"canonical":"https:\/\/piecesalpinea110.com\/fr\/produit\/epingles-pour-la-fourche-dembrayage\/","og_locale":"fr_FR","og_type":"article","og_title":"Goujon pour fourchette d\u2019embrayage - Pieces Alpine A110","og_description":"R\u00e9f\u00e9rence: GOUJCOMMBV Compatible avec les mod\u00e8les suivants: Alpine A110 avec carter d&#8217;embrayage 1600 R5 Turbo (BV type 369) diff\u00e9rents mod\u00e8les Renault. Description: fixe la fourchette d\u2019embrayage sur l\u2019axe r\u00e9alis\u00e9 en acier pourvue de trois nervures pour une meilleure fixation Contient: 1 pi\u00e8ce","og_url":"https:\/\/piecesalpinea110.com\/fr\/produit\/epingles-pour-la-fourche-dembrayage\/","og_site_name":"Pieces Alpine A110","article_modified_time":"2024-01-11T12:18:50+00:00","og_image":[{"width":597,"height":597,"url":"https:\/\/piecesalpinea110.com\/wp-content\/uploads\/2018\/02\/DSC_0051.jpg","type":"image\/jpeg"}],"twitter_card":"summary_large_image","schema":{"@context":"https:\/\/schema.org","@graph":[{"@type":"WebPage","@id":"https:\/\/piecesalpinea110.com\/fr\/produit\/epingles-pour-la-fourche-dembrayage\/","url":"https:\/\/piecesalpinea110.com\/fr\/produit\/epingles-pour-la-fourche-dembrayage\/","name":"Goujon pour fourchette d\u2019embrayage - Pieces Alpine A110","isPartOf":{"@id":"https:\/\/piecesalpinea110.com\/#website"},"primaryImageOfPage":{"@id":"https:\/\/piecesalpinea110.com\/fr\/produit\/epingles-pour-la-fourche-dembrayage\/#primaryimage"},"image":{"@id":"https:\/\/piecesalpinea110.com\/fr\/produit\/epingles-pour-la-fourche-dembrayage\/#primaryimage"},"thumbnailUrl":"https:\/\/piecesalpinea110.com\/wp-content\/uploads\/2018\/02\/DSC_0051.jpg","datePublished":"2018-02-15T11:52:21+00:00","dateModified":"2024-01-11T12:18:50+00:00","breadcrumb":{"@id":"https:\/\/piecesalpinea110.com\/fr\/produit\/epingles-pour-la-fourche-dembrayage\/#breadcrumb"},"inLanguage":"fr-FR","potentialAction":[{"@type":"ReadAction","target":["https:\/\/piecesalpinea110.com\/fr\/produit\/epingles-pour-la-fourche-dembrayage\/"]}]},{"@type":"ImageObject","inLanguage":"fr-FR","@id":"https:\/\/piecesalpinea110.com\/fr\/produit\/epingles-pour-la-fourche-dembrayage\/#primaryimage","url":"https:\/\/piecesalpinea110.com\/wp-content\/uploads\/2018\/02\/DSC_0051.jpg","contentUrl":"https:\/\/piecesalpinea110.com\/wp-content\/uploads\/2018\/02\/DSC_0051.jpg","width":597,"height":597},{"@type":"BreadcrumbList","@id":"https:\/\/piecesalpinea110.com\/fr\/produit\/epingles-pour-la-fourche-dembrayage\/#breadcrumb","itemListElement":[{"@type":"ListItem","position":1,"name":"Home","item":"https:\/\/piecesalpinea110.com\/fr\/"},{"@type":"ListItem","position":2,"name":"Boutique","item":"https:\/\/piecesalpinea110.com\/fr\/boutique\/"},{"@type":"ListItem","position":3,"name":"Goujon pour fourchette d\u2019embrayage"}]},{"@type":"WebSite","@id":"https:\/\/piecesalpinea110.com\/#website","url":"https:\/\/piecesalpinea110.com\/","name":"Pieces Alpine A110","description":"Pieces for Alpine A110","potentialAction":[{"@type":"SearchAction","target":{"@type":"EntryPoint","urlTemplate":"https:\/\/piecesalpinea110.com\/?s={search_term_string}"},"query-input":{"@type":"PropertyValueSpecification","valueRequired":true,"valueName":"search_term_string"}}],"inLanguage":"fr-FR"}]}},"_links":{"self":[{"href":"https:\/\/piecesalpinea110.com\/fr\/wp-json\/wp\/v2\/product\/509","targetHints":{"allow":["GET"]}}],"collection":[{"href":"https:\/\/piecesalpinea110.com\/fr\/wp-json\/wp\/v2\/product"}],"about":[{"href":"https:\/\/piecesalpinea110.com\/fr\/wp-json\/wp\/v2\/types\/product"}],"wp:featuredmedia":[{"embeddable":true,"href":"https:\/\/piecesalpinea110.com\/fr\/wp-json\/wp\/v2\/media\/508"}],"wp:attachment":[{"href":"https:\/\/piecesalpinea110.com\/fr\/wp-json\/wp\/v2\/media?parent=509"}],"wp:term":[{"taxonomy":"product_brand","embeddable":true,"href":"https:\/\/piecesalpinea110.com\/fr\/wp-json\/wp\/v2\/product_brand?post=509"},{"taxonomy":"product_cat","embeddable":true,"href":"https:\/\/piecesalpinea110.com\/fr\/wp-json\/wp\/v2\/product_cat?post=509"},{"taxonomy":"product_tag","embeddable":true,"href":"https:\/\/piecesalpinea110.com\/fr\/wp-json\/wp\/v2\/product_tag?post=509"}],"curies":[{"name":"wp","href":"https:\/\/api.w.org\/{rel}","templated":true}]}}