{"id":513,"date":"2018-02-15T12:55:05","date_gmt":"2018-02-15T11:55:05","guid":{"rendered":"https:\/\/piecesalpinea110.com\/product\/kit-de-bride-dassemblage-de-la-pompe-a-eau\/"},"modified":"2025-02-18T20:34:39","modified_gmt":"2025-02-18T19:34:39","slug":"kit-de-bride-dassemblage-de-la-pompe-a-eau","status":"publish","type":"product","link":"https:\/\/piecesalpinea110.com\/fr\/produit\/kit-de-bride-dassemblage-de-la-pompe-a-eau\/","title":{"rendered":"Kit plaque et boulonnerie de pompe \u00e0 eau"},"content":{"rendered":"<div class=\"portfolio-item-desc\">\n<div class=\"portfolio-item-desc-inner \" data-collapse-at=\"150\">\n<p><strong>R\u00e9f\u00e9rence:<\/strong> PLAQPPEEAU1600<\/p>\n<p><strong>Compatible avec les mod\u00e8les suivants:<\/strong><\/p>\n<ul>\n<li>Alpine A110 1600 &#8211; 1800 cc<\/li>\n<li>Alpine A310 1600<\/li>\n<li>Renault 12 Gordini<\/li>\n<li>Renault 16 TX, TS, Renault 17<\/li>\n<li>Lotus Europa avec moteur Renault<\/li>\n<\/ul>\n<p>&nbsp;<\/p>\n<p><strong>Description:<\/strong><\/p>\n<ul>\n<li>r\u00e9alis\u00e9 en acier zingu\u00e9<\/li>\n<li>remplace les pi\u00e8ces d\u2019origine<\/li>\n<li>les vis d\u2019origine rouillent au fil du temps et, dans de nombreux cas, se brisent dans la culasse<\/li>\n<li>la plaque d\u2019origine en acier rouille au fil du temps, entra\u00eenant des fuites de liquide de refroidissement et un mauvais refroidissement du moteur.<\/li>\n<\/ul>\n<p><strong>Contenu:<\/strong><\/p>\n<ul>\n<li>1 plaque de pompe \u00e0 eau en t\u00f4le en acier trait\u00e9 de 4 mm d\u2019\u00e9paisseur<\/li>\n<li>7 vis en acier inoxydable avec filetage M7<\/li>\n<li>7 rondelles en acier inoxydable de 2 mm d\u2019\u00e9paisseur<\/li>\n<li>un paquet de graisse cuivr\u00e9e (5 grammes)<\/li>\n<\/ul>\n<\/div>\n<\/div>\n","protected":false},"excerpt":{"rendered":"<p>R\u00e9f\u00e9rence: PLAQPPEEAU1600 Compatible avec les mod\u00e8les suivants: Alpine A110 1600 &#8211; 1800 cc Alpine A310 1600 Renault 12 Gordini Renault 16 TX, TS, Renault 17 Lotus Europa avec moteur Renault &nbsp; Description: r\u00e9alis\u00e9 en acier zingu\u00e9 remplace les pi\u00e8ces d\u2019origine les vis d\u2019origine rouillent au fil du temps et, dans de nombreux cas, se brisent [&hellip;]<\/p>\n","protected":false},"featured_media":512,"template":"","meta":{"_et_pb_use_builder":"","_et_pb_old_content":"","_et_gb_content_width":"","_exactmetrics_skip_tracking":false,"_exactmetrics_sitenote_active":false,"_exactmetrics_sitenote_note":"","_exactmetrics_sitenote_category":0},"product_brand":[],"product_cat":[51,35,58],"product_tag":[],"class_list":{"0":"post-513","1":"product","2":"type-product","3":"status-publish","4":"has-post-thumbnail","6":"product_cat-1600-fr","7":"product_cat-moteur","8":"product_cat-produits-exclusifs","10":"first","11":"instock","12":"taxable","13":"shipping-taxable","14":"purchasable","15":"product-type-simple"},"yoast_head":"<!-- This site is optimized with the Yoast SEO plugin v27.2 - https:\/\/yoast.com\/product\/yoast-seo-wordpress\/ -->\n<title>Kit plaque et boulonnerie de pompe \u00e0 eau - Pieces Alpine A110<\/title>\n<meta name=\"robots\" content=\"index, follow, max-snippet:-1, max-image-preview:large, max-video-preview:-1\" \/>\n<link rel=\"canonical\" href=\"https:\/\/piecesalpinea110.com\/fr\/produit\/kit-de-bride-dassemblage-de-la-pompe-a-eau\/\" \/>\n<meta property=\"og:locale\" content=\"fr_FR\" \/>\n<meta property=\"og:type\" content=\"article\" \/>\n<meta property=\"og:title\" content=\"Kit plaque et boulonnerie de pompe \u00e0 eau - Pieces Alpine A110\" \/>\n<meta property=\"og:description\" content=\"R\u00e9f\u00e9rence: PLAQPPEEAU1600 Compatible avec les mod\u00e8les suivants: Alpine A110 1600 &#8211; 1800 cc Alpine A310 1600 Renault 12 Gordini Renault 16 TX, TS, Renault 17 Lotus Europa avec moteur Renault &nbsp; Description: r\u00e9alis\u00e9 en acier zingu\u00e9 remplace les pi\u00e8ces d\u2019origine les vis d\u2019origine rouillent au fil du temps et, dans de nombreux cas, se brisent [&hellip;]\" \/>\n<meta property=\"og:url\" content=\"https:\/\/piecesalpinea110.com\/fr\/produit\/kit-de-bride-dassemblage-de-la-pompe-a-eau\/\" \/>\n<meta property=\"og:site_name\" content=\"Pieces Alpine A110\" \/>\n<meta property=\"article:modified_time\" content=\"2025-02-18T19:34:39+00:00\" \/>\n<meta property=\"og:image\" content=\"https:\/\/piecesalpinea110.com\/wp-content\/uploads\/2018\/02\/DSC_0061.jpg\" \/>\n\t<meta property=\"og:image:width\" content=\"1627\" \/>\n\t<meta property=\"og:image:height\" content=\"1819\" \/>\n\t<meta property=\"og:image:type\" content=\"image\/jpeg\" \/>\n<meta name=\"twitter:card\" content=\"summary_large_image\" \/>\n<meta name=\"twitter:label1\" content=\"Dur\u00e9e de lecture estim\u00e9e\" \/>\n\t<meta name=\"twitter:data1\" content=\"1 minute\" \/>\n<script type=\"application\/ld+json\" class=\"yoast-schema-graph\">{\"@context\":\"https:\/\/schema.org\",\"@graph\":[{\"@type\":\"WebPage\",\"@id\":\"https:\/\/piecesalpinea110.com\/fr\/produit\/kit-de-bride-dassemblage-de-la-pompe-a-eau\/\",\"url\":\"https:\/\/piecesalpinea110.com\/fr\/produit\/kit-de-bride-dassemblage-de-la-pompe-a-eau\/\",\"name\":\"Kit plaque et boulonnerie de pompe \u00e0 eau - Pieces Alpine A110\",\"isPartOf\":{\"@id\":\"https:\/\/piecesalpinea110.com\/#website\"},\"primaryImageOfPage\":{\"@id\":\"https:\/\/piecesalpinea110.com\/fr\/produit\/kit-de-bride-dassemblage-de-la-pompe-a-eau\/#primaryimage\"},\"image\":{\"@id\":\"https:\/\/piecesalpinea110.com\/fr\/produit\/kit-de-bride-dassemblage-de-la-pompe-a-eau\/#primaryimage\"},\"thumbnailUrl\":\"https:\/\/piecesalpinea110.com\/wp-content\/uploads\/2018\/02\/DSC_0061.jpg\",\"datePublished\":\"2018-02-15T11:55:05+00:00\",\"dateModified\":\"2025-02-18T19:34:39+00:00\",\"breadcrumb\":{\"@id\":\"https:\/\/piecesalpinea110.com\/fr\/produit\/kit-de-bride-dassemblage-de-la-pompe-a-eau\/#breadcrumb\"},\"inLanguage\":\"fr-FR\",\"potentialAction\":[{\"@type\":\"ReadAction\",\"target\":[\"https:\/\/piecesalpinea110.com\/fr\/produit\/kit-de-bride-dassemblage-de-la-pompe-a-eau\/\"]}]},{\"@type\":\"ImageObject\",\"inLanguage\":\"fr-FR\",\"@id\":\"https:\/\/piecesalpinea110.com\/fr\/produit\/kit-de-bride-dassemblage-de-la-pompe-a-eau\/#primaryimage\",\"url\":\"https:\/\/piecesalpinea110.com\/wp-content\/uploads\/2018\/02\/DSC_0061.jpg\",\"contentUrl\":\"https:\/\/piecesalpinea110.com\/wp-content\/uploads\/2018\/02\/DSC_0061.jpg\",\"width\":1627,\"height\":1819},{\"@type\":\"BreadcrumbList\",\"@id\":\"https:\/\/piecesalpinea110.com\/fr\/produit\/kit-de-bride-dassemblage-de-la-pompe-a-eau\/#breadcrumb\",\"itemListElement\":[{\"@type\":\"ListItem\",\"position\":1,\"name\":\"Home\",\"item\":\"https:\/\/piecesalpinea110.com\/fr\/\"},{\"@type\":\"ListItem\",\"position\":2,\"name\":\"Boutique\",\"item\":\"https:\/\/piecesalpinea110.com\/fr\/boutique\/\"},{\"@type\":\"ListItem\",\"position\":3,\"name\":\"Kit plaque et boulonnerie de pompe \u00e0 eau\"}]},{\"@type\":\"WebSite\",\"@id\":\"https:\/\/piecesalpinea110.com\/#website\",\"url\":\"https:\/\/piecesalpinea110.com\/\",\"name\":\"Pieces Alpine A110\",\"description\":\"Pieces for Alpine A110\",\"potentialAction\":[{\"@type\":\"SearchAction\",\"target\":{\"@type\":\"EntryPoint\",\"urlTemplate\":\"https:\/\/piecesalpinea110.com\/?s={search_term_string}\"},\"query-input\":{\"@type\":\"PropertyValueSpecification\",\"valueRequired\":true,\"valueName\":\"search_term_string\"}}],\"inLanguage\":\"fr-FR\"}]}<\/script>\n<!-- \/ Yoast SEO plugin. -->","yoast_head_json":{"title":"Kit plaque et boulonnerie de pompe \u00e0 eau - Pieces Alpine A110","robots":{"index":"index","follow":"follow","max-snippet":"max-snippet:-1","max-image-preview":"max-image-preview:large","max-video-preview":"max-video-preview:-1"},"canonical":"https:\/\/piecesalpinea110.com\/fr\/produit\/kit-de-bride-dassemblage-de-la-pompe-a-eau\/","og_locale":"fr_FR","og_type":"article","og_title":"Kit plaque et boulonnerie de pompe \u00e0 eau - Pieces Alpine A110","og_description":"R\u00e9f\u00e9rence: PLAQPPEEAU1600 Compatible avec les mod\u00e8les suivants: Alpine A110 1600 &#8211; 1800 cc Alpine A310 1600 Renault 12 Gordini Renault 16 TX, TS, Renault 17 Lotus Europa avec moteur Renault &nbsp; Description: r\u00e9alis\u00e9 en acier zingu\u00e9 remplace les pi\u00e8ces d\u2019origine les vis d\u2019origine rouillent au fil du temps et, dans de nombreux cas, se brisent [&hellip;]","og_url":"https:\/\/piecesalpinea110.com\/fr\/produit\/kit-de-bride-dassemblage-de-la-pompe-a-eau\/","og_site_name":"Pieces Alpine A110","article_modified_time":"2025-02-18T19:34:39+00:00","og_image":[{"width":1627,"height":1819,"url":"https:\/\/piecesalpinea110.com\/wp-content\/uploads\/2018\/02\/DSC_0061.jpg","type":"image\/jpeg"}],"twitter_card":"summary_large_image","twitter_misc":{"Dur\u00e9e de lecture estim\u00e9e":"1 minute"},"schema":{"@context":"https:\/\/schema.org","@graph":[{"@type":"WebPage","@id":"https:\/\/piecesalpinea110.com\/fr\/produit\/kit-de-bride-dassemblage-de-la-pompe-a-eau\/","url":"https:\/\/piecesalpinea110.com\/fr\/produit\/kit-de-bride-dassemblage-de-la-pompe-a-eau\/","name":"Kit plaque et boulonnerie de pompe \u00e0 eau - Pieces Alpine A110","isPartOf":{"@id":"https:\/\/piecesalpinea110.com\/#website"},"primaryImageOfPage":{"@id":"https:\/\/piecesalpinea110.com\/fr\/produit\/kit-de-bride-dassemblage-de-la-pompe-a-eau\/#primaryimage"},"image":{"@id":"https:\/\/piecesalpinea110.com\/fr\/produit\/kit-de-bride-dassemblage-de-la-pompe-a-eau\/#primaryimage"},"thumbnailUrl":"https:\/\/piecesalpinea110.com\/wp-content\/uploads\/2018\/02\/DSC_0061.jpg","datePublished":"2018-02-15T11:55:05+00:00","dateModified":"2025-02-18T19:34:39+00:00","breadcrumb":{"@id":"https:\/\/piecesalpinea110.com\/fr\/produit\/kit-de-bride-dassemblage-de-la-pompe-a-eau\/#breadcrumb"},"inLanguage":"fr-FR","potentialAction":[{"@type":"ReadAction","target":["https:\/\/piecesalpinea110.com\/fr\/produit\/kit-de-bride-dassemblage-de-la-pompe-a-eau\/"]}]},{"@type":"ImageObject","inLanguage":"fr-FR","@id":"https:\/\/piecesalpinea110.com\/fr\/produit\/kit-de-bride-dassemblage-de-la-pompe-a-eau\/#primaryimage","url":"https:\/\/piecesalpinea110.com\/wp-content\/uploads\/2018\/02\/DSC_0061.jpg","contentUrl":"https:\/\/piecesalpinea110.com\/wp-content\/uploads\/2018\/02\/DSC_0061.jpg","width":1627,"height":1819},{"@type":"BreadcrumbList","@id":"https:\/\/piecesalpinea110.com\/fr\/produit\/kit-de-bride-dassemblage-de-la-pompe-a-eau\/#breadcrumb","itemListElement":[{"@type":"ListItem","position":1,"name":"Home","item":"https:\/\/piecesalpinea110.com\/fr\/"},{"@type":"ListItem","position":2,"name":"Boutique","item":"https:\/\/piecesalpinea110.com\/fr\/boutique\/"},{"@type":"ListItem","position":3,"name":"Kit plaque et boulonnerie de pompe \u00e0 eau"}]},{"@type":"WebSite","@id":"https:\/\/piecesalpinea110.com\/#website","url":"https:\/\/piecesalpinea110.com\/","name":"Pieces Alpine A110","description":"Pieces for Alpine A110","potentialAction":[{"@type":"SearchAction","target":{"@type":"EntryPoint","urlTemplate":"https:\/\/piecesalpinea110.com\/?s={search_term_string}"},"query-input":{"@type":"PropertyValueSpecification","valueRequired":true,"valueName":"search_term_string"}}],"inLanguage":"fr-FR"}]}},"_links":{"self":[{"href":"https:\/\/piecesalpinea110.com\/fr\/wp-json\/wp\/v2\/product\/513","targetHints":{"allow":["GET"]}}],"collection":[{"href":"https:\/\/piecesalpinea110.com\/fr\/wp-json\/wp\/v2\/product"}],"about":[{"href":"https:\/\/piecesalpinea110.com\/fr\/wp-json\/wp\/v2\/types\/product"}],"wp:featuredmedia":[{"embeddable":true,"href":"https:\/\/piecesalpinea110.com\/fr\/wp-json\/wp\/v2\/media\/512"}],"wp:attachment":[{"href":"https:\/\/piecesalpinea110.com\/fr\/wp-json\/wp\/v2\/media?parent=513"}],"wp:term":[{"taxonomy":"product_brand","embeddable":true,"href":"https:\/\/piecesalpinea110.com\/fr\/wp-json\/wp\/v2\/product_brand?post=513"},{"taxonomy":"product_cat","embeddable":true,"href":"https:\/\/piecesalpinea110.com\/fr\/wp-json\/wp\/v2\/product_cat?post=513"},{"taxonomy":"product_tag","embeddable":true,"href":"https:\/\/piecesalpinea110.com\/fr\/wp-json\/wp\/v2\/product_tag?post=513"}],"curies":[{"name":"wp","href":"https:\/\/api.w.org\/{rel}","templated":true}]}}