{"id":5353,"date":"2019-12-17T19:10:04","date_gmt":"2019-12-17T18:10:04","guid":{"rendered":"https:\/\/piecesalpinea110.com\/product\/disque-embrayage\/"},"modified":"2023-08-12T18:46:57","modified_gmt":"2023-08-12T17:46:57","slug":"disque-embrayage","status":"publish","type":"product","link":"https:\/\/piecesalpinea110.com\/fr\/produit\/disque-embrayage\/","title":{"rendered":"Disque embrayage 170mm"},"content":{"rendered":"<p><strong>Reference<\/strong>: DEMB12<br \/>\nDisque d&#8217;embrayage, dia 170 mm<\/p>\n<p><strong>Compatible avec:<\/strong><br \/>\nDacia 1300, R12, A110 V85<\/p>\n<p><strong>Description:<\/strong><br \/>\nStock d&rsquo;\u00e9poque, qualit\u00e9 origine, ref Dacia 60 01 548 482<br \/>\nQuantit\u00e9 limit\u00e9e<\/p>\n<p><strong>Contient:<\/strong><br \/>\n1 pi\u00e8ce<\/p>\n","protected":false},"excerpt":{"rendered":"<p>Reference: DEMB12 Disque d&#8217;embrayage, dia 170 mm Compatible avec: Dacia 1300, R12, A110 V85 Description: Stock d&rsquo;\u00e9poque, qualit\u00e9 origine, ref Dacia 60 01 548 482 Quantit\u00e9 limit\u00e9e Contient: 1 pi\u00e8ce<\/p>\n","protected":false},"featured_media":5294,"template":"","meta":{"_et_pb_use_builder":"","_et_pb_old_content":"","_et_gb_content_width":"","_exactmetrics_skip_tracking":false,"_exactmetrics_sitenote_active":false,"_exactmetrics_sitenote_note":"","_exactmetrics_sitenote_category":0},"product_brand":[],"product_cat":[128,204,222,162],"product_tag":[],"class_list":{"0":"post-5353","1":"product","2":"type-product","3":"status-publish","4":"has-post-thumbnail","6":"product_cat-dacia-revival-2-fr","7":"product_cat-renault-pces-origine","8":"product_cat-transmission-2-fr","9":"product_cat-transmission-et-bv","11":"first","12":"instock","13":"taxable","14":"shipping-taxable","15":"purchasable","16":"product-type-simple"},"yoast_head":"<!-- This site is optimized with the Yoast SEO plugin v27.2 - https:\/\/yoast.com\/product\/yoast-seo-wordpress\/ -->\n<title>Disque embrayage 170mm - Pieces Alpine A110<\/title>\n<meta name=\"robots\" content=\"index, follow, max-snippet:-1, max-image-preview:large, max-video-preview:-1\" \/>\n<link rel=\"canonical\" href=\"https:\/\/piecesalpinea110.com\/fr\/produit\/disque-embrayage\/\" \/>\n<meta property=\"og:locale\" content=\"fr_FR\" \/>\n<meta property=\"og:type\" content=\"article\" \/>\n<meta property=\"og:title\" content=\"Disque embrayage 170mm - Pieces Alpine A110\" \/>\n<meta property=\"og:description\" content=\"Reference: DEMB12 Disque d&#8217;embrayage, dia 170 mm Compatible avec: Dacia 1300, R12, A110 V85 Description: Stock d&rsquo;\u00e9poque, qualit\u00e9 origine, ref Dacia 60 01 548 482 Quantit\u00e9 limit\u00e9e Contient: 1 pi\u00e8ce\" \/>\n<meta property=\"og:url\" content=\"https:\/\/piecesalpinea110.com\/fr\/produit\/disque-embrayage\/\" \/>\n<meta property=\"og:site_name\" content=\"Pieces Alpine A110\" \/>\n<meta property=\"article:modified_time\" content=\"2023-08-12T17:46:57+00:00\" \/>\n<meta property=\"og:image\" content=\"https:\/\/piecesalpinea110.com\/wp-content\/uploads\/2019\/12\/2019-12-17_183357.jpg\" \/>\n\t<meta property=\"og:image:width\" content=\"200\" \/>\n\t<meta property=\"og:image:height\" content=\"200\" \/>\n\t<meta property=\"og:image:type\" content=\"image\/jpeg\" \/>\n<meta name=\"twitter:card\" content=\"summary_large_image\" \/>\n<script type=\"application\/ld+json\" class=\"yoast-schema-graph\">{\"@context\":\"https:\/\/schema.org\",\"@graph\":[{\"@type\":\"WebPage\",\"@id\":\"https:\/\/piecesalpinea110.com\/fr\/produit\/disque-embrayage\/\",\"url\":\"https:\/\/piecesalpinea110.com\/fr\/produit\/disque-embrayage\/\",\"name\":\"Disque embrayage 170mm - Pieces Alpine A110\",\"isPartOf\":{\"@id\":\"https:\/\/piecesalpinea110.com\/#website\"},\"primaryImageOfPage\":{\"@id\":\"https:\/\/piecesalpinea110.com\/fr\/produit\/disque-embrayage\/#primaryimage\"},\"image\":{\"@id\":\"https:\/\/piecesalpinea110.com\/fr\/produit\/disque-embrayage\/#primaryimage\"},\"thumbnailUrl\":\"https:\/\/piecesalpinea110.com\/wp-content\/uploads\/2019\/12\/2019-12-17_183357.jpg\",\"datePublished\":\"2019-12-17T18:10:04+00:00\",\"dateModified\":\"2023-08-12T17:46:57+00:00\",\"breadcrumb\":{\"@id\":\"https:\/\/piecesalpinea110.com\/fr\/produit\/disque-embrayage\/#breadcrumb\"},\"inLanguage\":\"fr-FR\",\"potentialAction\":[{\"@type\":\"ReadAction\",\"target\":[\"https:\/\/piecesalpinea110.com\/fr\/produit\/disque-embrayage\/\"]}]},{\"@type\":\"ImageObject\",\"inLanguage\":\"fr-FR\",\"@id\":\"https:\/\/piecesalpinea110.com\/fr\/produit\/disque-embrayage\/#primaryimage\",\"url\":\"https:\/\/piecesalpinea110.com\/wp-content\/uploads\/2019\/12\/2019-12-17_183357.jpg\",\"contentUrl\":\"https:\/\/piecesalpinea110.com\/wp-content\/uploads\/2019\/12\/2019-12-17_183357.jpg\",\"width\":200,\"height\":200},{\"@type\":\"BreadcrumbList\",\"@id\":\"https:\/\/piecesalpinea110.com\/fr\/produit\/disque-embrayage\/#breadcrumb\",\"itemListElement\":[{\"@type\":\"ListItem\",\"position\":1,\"name\":\"Home\",\"item\":\"https:\/\/piecesalpinea110.com\/fr\/\"},{\"@type\":\"ListItem\",\"position\":2,\"name\":\"Boutique\",\"item\":\"https:\/\/piecesalpinea110.com\/fr\/boutique\/\"},{\"@type\":\"ListItem\",\"position\":3,\"name\":\"Disque embrayage 170mm\"}]},{\"@type\":\"WebSite\",\"@id\":\"https:\/\/piecesalpinea110.com\/#website\",\"url\":\"https:\/\/piecesalpinea110.com\/\",\"name\":\"Pieces Alpine A110\",\"description\":\"Pieces for Alpine A110\",\"potentialAction\":[{\"@type\":\"SearchAction\",\"target\":{\"@type\":\"EntryPoint\",\"urlTemplate\":\"https:\/\/piecesalpinea110.com\/?s={search_term_string}\"},\"query-input\":{\"@type\":\"PropertyValueSpecification\",\"valueRequired\":true,\"valueName\":\"search_term_string\"}}],\"inLanguage\":\"fr-FR\"}]}<\/script>\n<!-- \/ Yoast SEO plugin. -->","yoast_head_json":{"title":"Disque embrayage 170mm - Pieces Alpine A110","robots":{"index":"index","follow":"follow","max-snippet":"max-snippet:-1","max-image-preview":"max-image-preview:large","max-video-preview":"max-video-preview:-1"},"canonical":"https:\/\/piecesalpinea110.com\/fr\/produit\/disque-embrayage\/","og_locale":"fr_FR","og_type":"article","og_title":"Disque embrayage 170mm - Pieces Alpine A110","og_description":"Reference: DEMB12 Disque d&#8217;embrayage, dia 170 mm Compatible avec: Dacia 1300, R12, A110 V85 Description: Stock d&rsquo;\u00e9poque, qualit\u00e9 origine, ref Dacia 60 01 548 482 Quantit\u00e9 limit\u00e9e Contient: 1 pi\u00e8ce","og_url":"https:\/\/piecesalpinea110.com\/fr\/produit\/disque-embrayage\/","og_site_name":"Pieces Alpine A110","article_modified_time":"2023-08-12T17:46:57+00:00","og_image":[{"width":200,"height":200,"url":"https:\/\/piecesalpinea110.com\/wp-content\/uploads\/2019\/12\/2019-12-17_183357.jpg","type":"image\/jpeg"}],"twitter_card":"summary_large_image","schema":{"@context":"https:\/\/schema.org","@graph":[{"@type":"WebPage","@id":"https:\/\/piecesalpinea110.com\/fr\/produit\/disque-embrayage\/","url":"https:\/\/piecesalpinea110.com\/fr\/produit\/disque-embrayage\/","name":"Disque embrayage 170mm - Pieces Alpine A110","isPartOf":{"@id":"https:\/\/piecesalpinea110.com\/#website"},"primaryImageOfPage":{"@id":"https:\/\/piecesalpinea110.com\/fr\/produit\/disque-embrayage\/#primaryimage"},"image":{"@id":"https:\/\/piecesalpinea110.com\/fr\/produit\/disque-embrayage\/#primaryimage"},"thumbnailUrl":"https:\/\/piecesalpinea110.com\/wp-content\/uploads\/2019\/12\/2019-12-17_183357.jpg","datePublished":"2019-12-17T18:10:04+00:00","dateModified":"2023-08-12T17:46:57+00:00","breadcrumb":{"@id":"https:\/\/piecesalpinea110.com\/fr\/produit\/disque-embrayage\/#breadcrumb"},"inLanguage":"fr-FR","potentialAction":[{"@type":"ReadAction","target":["https:\/\/piecesalpinea110.com\/fr\/produit\/disque-embrayage\/"]}]},{"@type":"ImageObject","inLanguage":"fr-FR","@id":"https:\/\/piecesalpinea110.com\/fr\/produit\/disque-embrayage\/#primaryimage","url":"https:\/\/piecesalpinea110.com\/wp-content\/uploads\/2019\/12\/2019-12-17_183357.jpg","contentUrl":"https:\/\/piecesalpinea110.com\/wp-content\/uploads\/2019\/12\/2019-12-17_183357.jpg","width":200,"height":200},{"@type":"BreadcrumbList","@id":"https:\/\/piecesalpinea110.com\/fr\/produit\/disque-embrayage\/#breadcrumb","itemListElement":[{"@type":"ListItem","position":1,"name":"Home","item":"https:\/\/piecesalpinea110.com\/fr\/"},{"@type":"ListItem","position":2,"name":"Boutique","item":"https:\/\/piecesalpinea110.com\/fr\/boutique\/"},{"@type":"ListItem","position":3,"name":"Disque embrayage 170mm"}]},{"@type":"WebSite","@id":"https:\/\/piecesalpinea110.com\/#website","url":"https:\/\/piecesalpinea110.com\/","name":"Pieces Alpine A110","description":"Pieces for Alpine A110","potentialAction":[{"@type":"SearchAction","target":{"@type":"EntryPoint","urlTemplate":"https:\/\/piecesalpinea110.com\/?s={search_term_string}"},"query-input":{"@type":"PropertyValueSpecification","valueRequired":true,"valueName":"search_term_string"}}],"inLanguage":"fr-FR"}]}},"_links":{"self":[{"href":"https:\/\/piecesalpinea110.com\/fr\/wp-json\/wp\/v2\/product\/5353","targetHints":{"allow":["GET"]}}],"collection":[{"href":"https:\/\/piecesalpinea110.com\/fr\/wp-json\/wp\/v2\/product"}],"about":[{"href":"https:\/\/piecesalpinea110.com\/fr\/wp-json\/wp\/v2\/types\/product"}],"wp:featuredmedia":[{"embeddable":true,"href":"https:\/\/piecesalpinea110.com\/fr\/wp-json\/wp\/v2\/media\/5294"}],"wp:attachment":[{"href":"https:\/\/piecesalpinea110.com\/fr\/wp-json\/wp\/v2\/media?parent=5353"}],"wp:term":[{"taxonomy":"product_brand","embeddable":true,"href":"https:\/\/piecesalpinea110.com\/fr\/wp-json\/wp\/v2\/product_brand?post=5353"},{"taxonomy":"product_cat","embeddable":true,"href":"https:\/\/piecesalpinea110.com\/fr\/wp-json\/wp\/v2\/product_cat?post=5353"},{"taxonomy":"product_tag","embeddable":true,"href":"https:\/\/piecesalpinea110.com\/fr\/wp-json\/wp\/v2\/product_tag?post=5353"}],"curies":[{"name":"wp","href":"https:\/\/api.w.org\/{rel}","templated":true}]}}