{"id":5500,"date":"2019-12-26T02:45:05","date_gmt":"2019-12-26T01:45:05","guid":{"rendered":"https:\/\/piecesalpinea110.com\/product\/radiator-fan-v6gt\/"},"modified":"2019-12-26T02:45:05","modified_gmt":"2019-12-26T01:45:05","slug":"radiator-fan-v6gt","status":"publish","type":"product","link":"https:\/\/piecesalpinea110.com\/fr\/produit\/radiator-fan-v6gt\/","title":{"rendered":"Ventilateur de radiateur, V6GT"},"content":{"rendered":"<p><strong>Reference<\/strong>: 80626<br \/>\nH\u00e9lice de ventilateur m\u00e9canique, radiateur. Dia ext 290 mm, 10 pales.<\/p>\n<p><strong>Compatible avec:<\/strong><br \/>\nAlpine V6 GT (D500) et GTT (D501) sans air condition\u00e9<\/p>\n<p><strong>Description:<\/strong><br \/>\nIdentique \u00e0 ref 77 00 653 325<\/p>\n<p><strong>Contient:<\/strong><br \/>\n1 piece<\/p>\n","protected":false},"excerpt":{"rendered":"<p>Reference: 80626 H\u00e9lice de ventilateur m\u00e9canique, radiateur. Dia ext 290 mm, 10 pales. Compatible avec: Alpine V6 GT (D500) et GTT (D501) sans air condition\u00e9 Description: Identique \u00e0 ref 77 00 653 325 Contient: 1 piece<\/p>\n","protected":false},"featured_media":5497,"template":"","meta":{"_et_pb_use_builder":"","_et_pb_old_content":"","_et_gb_content_width":"","_exactmetrics_skip_tracking":false,"_exactmetrics_sitenote_active":false,"_exactmetrics_sitenote_note":"","_exactmetrics_sitenote_category":0},"product_brand":[],"product_cat":[165,160],"product_tag":[],"class_list":{"0":"post-5500","1":"product","2":"type-product","3":"status-publish","4":"has-post-thumbnail","6":"product_cat-3rg-ind-fr","7":"product_cat-moteur-et-accessoires","9":"first","10":"instock","11":"taxable","12":"shipping-taxable","13":"purchasable","14":"product-type-simple"},"yoast_head":"<!-- This site is optimized with the Yoast SEO plugin v27.2 - https:\/\/yoast.com\/product\/yoast-seo-wordpress\/ -->\n<title>Ventilateur de radiateur, V6GT - Pieces Alpine A110<\/title>\n<meta name=\"robots\" content=\"index, follow, max-snippet:-1, max-image-preview:large, max-video-preview:-1\" \/>\n<link rel=\"canonical\" href=\"https:\/\/piecesalpinea110.com\/fr\/produit\/radiator-fan-v6gt\/\" \/>\n<meta property=\"og:locale\" content=\"fr_FR\" \/>\n<meta property=\"og:type\" content=\"article\" \/>\n<meta property=\"og:title\" content=\"Ventilateur de radiateur, V6GT - Pieces Alpine A110\" \/>\n<meta property=\"og:description\" content=\"Reference: 80626 H\u00e9lice de ventilateur m\u00e9canique, radiateur. Dia ext 290 mm, 10 pales. Compatible avec: Alpine V6 GT (D500) et GTT (D501) sans air condition\u00e9 Description: Identique \u00e0 ref 77 00 653 325 Contient: 1 piece\" \/>\n<meta property=\"og:url\" content=\"https:\/\/piecesalpinea110.com\/fr\/produit\/radiator-fan-v6gt\/\" \/>\n<meta property=\"og:site_name\" content=\"Pieces Alpine A110\" \/>\n<meta property=\"og:image\" content=\"https:\/\/piecesalpinea110.com\/wp-content\/uploads\/2019\/12\/2019-12-26_015529.jpg\" \/>\n\t<meta property=\"og:image:width\" content=\"200\" \/>\n\t<meta property=\"og:image:height\" content=\"198\" \/>\n\t<meta property=\"og:image:type\" content=\"image\/jpeg\" \/>\n<meta name=\"twitter:card\" content=\"summary_large_image\" \/>\n<script type=\"application\/ld+json\" class=\"yoast-schema-graph\">{\"@context\":\"https:\/\/schema.org\",\"@graph\":[{\"@type\":\"WebPage\",\"@id\":\"https:\/\/piecesalpinea110.com\/fr\/produit\/radiator-fan-v6gt\/\",\"url\":\"https:\/\/piecesalpinea110.com\/fr\/produit\/radiator-fan-v6gt\/\",\"name\":\"Ventilateur de radiateur, V6GT - Pieces Alpine A110\",\"isPartOf\":{\"@id\":\"https:\/\/piecesalpinea110.com\/#website\"},\"primaryImageOfPage\":{\"@id\":\"https:\/\/piecesalpinea110.com\/fr\/produit\/radiator-fan-v6gt\/#primaryimage\"},\"image\":{\"@id\":\"https:\/\/piecesalpinea110.com\/fr\/produit\/radiator-fan-v6gt\/#primaryimage\"},\"thumbnailUrl\":\"https:\/\/piecesalpinea110.com\/wp-content\/uploads\/2019\/12\/2019-12-26_015529.jpg\",\"datePublished\":\"2019-12-26T01:45:05+00:00\",\"breadcrumb\":{\"@id\":\"https:\/\/piecesalpinea110.com\/fr\/produit\/radiator-fan-v6gt\/#breadcrumb\"},\"inLanguage\":\"fr-FR\",\"potentialAction\":[{\"@type\":\"ReadAction\",\"target\":[\"https:\/\/piecesalpinea110.com\/fr\/produit\/radiator-fan-v6gt\/\"]}]},{\"@type\":\"ImageObject\",\"inLanguage\":\"fr-FR\",\"@id\":\"https:\/\/piecesalpinea110.com\/fr\/produit\/radiator-fan-v6gt\/#primaryimage\",\"url\":\"https:\/\/piecesalpinea110.com\/wp-content\/uploads\/2019\/12\/2019-12-26_015529.jpg\",\"contentUrl\":\"https:\/\/piecesalpinea110.com\/wp-content\/uploads\/2019\/12\/2019-12-26_015529.jpg\",\"width\":200,\"height\":198},{\"@type\":\"BreadcrumbList\",\"@id\":\"https:\/\/piecesalpinea110.com\/fr\/produit\/radiator-fan-v6gt\/#breadcrumb\",\"itemListElement\":[{\"@type\":\"ListItem\",\"position\":1,\"name\":\"Home\",\"item\":\"https:\/\/piecesalpinea110.com\/fr\/\"},{\"@type\":\"ListItem\",\"position\":2,\"name\":\"Boutique\",\"item\":\"https:\/\/piecesalpinea110.com\/fr\/boutique\/\"},{\"@type\":\"ListItem\",\"position\":3,\"name\":\"Ventilateur de radiateur, V6GT\"}]},{\"@type\":\"WebSite\",\"@id\":\"https:\/\/piecesalpinea110.com\/#website\",\"url\":\"https:\/\/piecesalpinea110.com\/\",\"name\":\"Pieces Alpine A110\",\"description\":\"Pieces for Alpine A110\",\"potentialAction\":[{\"@type\":\"SearchAction\",\"target\":{\"@type\":\"EntryPoint\",\"urlTemplate\":\"https:\/\/piecesalpinea110.com\/?s={search_term_string}\"},\"query-input\":{\"@type\":\"PropertyValueSpecification\",\"valueRequired\":true,\"valueName\":\"search_term_string\"}}],\"inLanguage\":\"fr-FR\"}]}<\/script>\n<!-- \/ Yoast SEO plugin. -->","yoast_head_json":{"title":"Ventilateur de radiateur, V6GT - Pieces Alpine A110","robots":{"index":"index","follow":"follow","max-snippet":"max-snippet:-1","max-image-preview":"max-image-preview:large","max-video-preview":"max-video-preview:-1"},"canonical":"https:\/\/piecesalpinea110.com\/fr\/produit\/radiator-fan-v6gt\/","og_locale":"fr_FR","og_type":"article","og_title":"Ventilateur de radiateur, V6GT - Pieces Alpine A110","og_description":"Reference: 80626 H\u00e9lice de ventilateur m\u00e9canique, radiateur. Dia ext 290 mm, 10 pales. Compatible avec: Alpine V6 GT (D500) et GTT (D501) sans air condition\u00e9 Description: Identique \u00e0 ref 77 00 653 325 Contient: 1 piece","og_url":"https:\/\/piecesalpinea110.com\/fr\/produit\/radiator-fan-v6gt\/","og_site_name":"Pieces Alpine A110","og_image":[{"width":200,"height":198,"url":"https:\/\/piecesalpinea110.com\/wp-content\/uploads\/2019\/12\/2019-12-26_015529.jpg","type":"image\/jpeg"}],"twitter_card":"summary_large_image","schema":{"@context":"https:\/\/schema.org","@graph":[{"@type":"WebPage","@id":"https:\/\/piecesalpinea110.com\/fr\/produit\/radiator-fan-v6gt\/","url":"https:\/\/piecesalpinea110.com\/fr\/produit\/radiator-fan-v6gt\/","name":"Ventilateur de radiateur, V6GT - Pieces Alpine A110","isPartOf":{"@id":"https:\/\/piecesalpinea110.com\/#website"},"primaryImageOfPage":{"@id":"https:\/\/piecesalpinea110.com\/fr\/produit\/radiator-fan-v6gt\/#primaryimage"},"image":{"@id":"https:\/\/piecesalpinea110.com\/fr\/produit\/radiator-fan-v6gt\/#primaryimage"},"thumbnailUrl":"https:\/\/piecesalpinea110.com\/wp-content\/uploads\/2019\/12\/2019-12-26_015529.jpg","datePublished":"2019-12-26T01:45:05+00:00","breadcrumb":{"@id":"https:\/\/piecesalpinea110.com\/fr\/produit\/radiator-fan-v6gt\/#breadcrumb"},"inLanguage":"fr-FR","potentialAction":[{"@type":"ReadAction","target":["https:\/\/piecesalpinea110.com\/fr\/produit\/radiator-fan-v6gt\/"]}]},{"@type":"ImageObject","inLanguage":"fr-FR","@id":"https:\/\/piecesalpinea110.com\/fr\/produit\/radiator-fan-v6gt\/#primaryimage","url":"https:\/\/piecesalpinea110.com\/wp-content\/uploads\/2019\/12\/2019-12-26_015529.jpg","contentUrl":"https:\/\/piecesalpinea110.com\/wp-content\/uploads\/2019\/12\/2019-12-26_015529.jpg","width":200,"height":198},{"@type":"BreadcrumbList","@id":"https:\/\/piecesalpinea110.com\/fr\/produit\/radiator-fan-v6gt\/#breadcrumb","itemListElement":[{"@type":"ListItem","position":1,"name":"Home","item":"https:\/\/piecesalpinea110.com\/fr\/"},{"@type":"ListItem","position":2,"name":"Boutique","item":"https:\/\/piecesalpinea110.com\/fr\/boutique\/"},{"@type":"ListItem","position":3,"name":"Ventilateur de radiateur, V6GT"}]},{"@type":"WebSite","@id":"https:\/\/piecesalpinea110.com\/#website","url":"https:\/\/piecesalpinea110.com\/","name":"Pieces Alpine A110","description":"Pieces for Alpine A110","potentialAction":[{"@type":"SearchAction","target":{"@type":"EntryPoint","urlTemplate":"https:\/\/piecesalpinea110.com\/?s={search_term_string}"},"query-input":{"@type":"PropertyValueSpecification","valueRequired":true,"valueName":"search_term_string"}}],"inLanguage":"fr-FR"}]}},"_links":{"self":[{"href":"https:\/\/piecesalpinea110.com\/fr\/wp-json\/wp\/v2\/product\/5500","targetHints":{"allow":["GET"]}}],"collection":[{"href":"https:\/\/piecesalpinea110.com\/fr\/wp-json\/wp\/v2\/product"}],"about":[{"href":"https:\/\/piecesalpinea110.com\/fr\/wp-json\/wp\/v2\/types\/product"}],"wp:featuredmedia":[{"embeddable":true,"href":"https:\/\/piecesalpinea110.com\/fr\/wp-json\/wp\/v2\/media\/5497"}],"wp:attachment":[{"href":"https:\/\/piecesalpinea110.com\/fr\/wp-json\/wp\/v2\/media?parent=5500"}],"wp:term":[{"taxonomy":"product_brand","embeddable":true,"href":"https:\/\/piecesalpinea110.com\/fr\/wp-json\/wp\/v2\/product_brand?post=5500"},{"taxonomy":"product_cat","embeddable":true,"href":"https:\/\/piecesalpinea110.com\/fr\/wp-json\/wp\/v2\/product_cat?post=5500"},{"taxonomy":"product_tag","embeddable":true,"href":"https:\/\/piecesalpinea110.com\/fr\/wp-json\/wp\/v2\/product_tag?post=5500"}],"curies":[{"name":"wp","href":"https:\/\/api.w.org\/{rel}","templated":true}]}}