{"id":5877,"date":"2020-05-16T19:46:10","date_gmt":"2020-05-16T18:46:11","guid":{"rendered":"https:\/\/piecesalpinea110.com\/?post_type=product&#038;p=5877"},"modified":"2023-08-22T23:09:26","modified_gmt":"2023-08-22T22:09:26","slug":"tir-barsta-av-r12","status":"publish","type":"product","link":"https:\/\/piecesalpinea110.com\/fr\/produit\/tir-barsta-av-r12\/","title":{"rendered":"Tiran barre stab AV, R12"},"content":{"rendered":"<div class=\"portfolio-item-desc\">\n<div class=\"portfolio-item-desc-inner \" data-collapse-at=\"150\">\n<p><strong>Reference<\/strong>: RG21603<br \/>\nTiran de barre stabilisatrice avant, compl\u00e8te<\/p>\n<p><strong>Compatible avec:<\/strong><br \/>\nR12 &amp; Gordini, Dacia 1300, R15, R17.<br \/>\nA310 V6 (2e mod\u00e8le, avant)<\/p>\n<p><strong>Description:<\/strong><br \/>\nSimilaire \u00e0 ref <span class=\"font-weight-300\">77 01 453 465<\/span><\/p>\n<p><strong>Contient:<\/strong><br \/>\n1 pi\u00e8ce (2 pi\u00e8ces par auto)<\/p>\n<\/div>\n<\/div>\n","protected":false},"excerpt":{"rendered":"<p>Reference: RG21603 Tiran de barre stabilisatrice avant, compl\u00e8te Compatible avec: R12 &amp; Gordini, Dacia 1300, R15, R17. A310 V6 (2e mod\u00e8le, avant) Description: Similaire \u00e0 ref 77 01 453 465 Contient: 1 pi\u00e8ce (2 pi\u00e8ces par auto)<\/p>\n","protected":false},"featured_media":5879,"template":"","meta":{"_et_pb_use_builder":"","_et_pb_old_content":"","_et_gb_content_width":"","_exactmetrics_skip_tracking":false,"_exactmetrics_sitenote_active":false,"_exactmetrics_sitenote_note":"","_exactmetrics_sitenote_category":0},"product_brand":[],"product_cat":[165,158,128],"product_tag":[],"class_list":{"0":"post-5877","1":"product","2":"type-product","3":"status-publish","4":"has-post-thumbnail","6":"product_cat-3rg-ind-fr","7":"product_cat-chassis-fr-2","8":"product_cat-dacia-revival-2-fr","10":"first","11":"instock","12":"taxable","13":"shipping-taxable","14":"purchasable","15":"product-type-simple"},"yoast_head":"<!-- This site is optimized with the Yoast SEO plugin v27.2 - https:\/\/yoast.com\/product\/yoast-seo-wordpress\/ -->\n<title>Tiran barre stab AV, R12 - Pieces Alpine A110<\/title>\n<meta name=\"robots\" content=\"index, follow, max-snippet:-1, max-image-preview:large, max-video-preview:-1\" \/>\n<link rel=\"canonical\" href=\"https:\/\/piecesalpinea110.com\/fr\/produit\/tir-barsta-av-r12\/\" \/>\n<meta property=\"og:locale\" content=\"fr_FR\" \/>\n<meta property=\"og:type\" content=\"article\" \/>\n<meta property=\"og:title\" content=\"Tiran barre stab AV, R12 - Pieces Alpine A110\" \/>\n<meta property=\"og:description\" content=\"Reference: RG21603 Tiran de barre stabilisatrice avant, compl\u00e8te Compatible avec: R12 &amp; Gordini, Dacia 1300, R15, R17. A310 V6 (2e mod\u00e8le, avant) Description: Similaire \u00e0 ref 77 01 453 465 Contient: 1 pi\u00e8ce (2 pi\u00e8ces par auto)\" \/>\n<meta property=\"og:url\" content=\"https:\/\/piecesalpinea110.com\/fr\/produit\/tir-barsta-av-r12\/\" \/>\n<meta property=\"og:site_name\" content=\"Pieces Alpine A110\" \/>\n<meta property=\"article:modified_time\" content=\"2023-08-22T22:09:26+00:00\" \/>\n<meta property=\"og:image\" content=\"https:\/\/piecesalpinea110.com\/wp-content\/uploads\/2020\/05\/2020-05-16_134706.jpg\" \/>\n\t<meta property=\"og:image:width\" content=\"200\" \/>\n\t<meta property=\"og:image:height\" content=\"200\" \/>\n\t<meta property=\"og:image:type\" content=\"image\/jpeg\" \/>\n<meta name=\"twitter:card\" content=\"summary_large_image\" \/>\n<script type=\"application\/ld+json\" class=\"yoast-schema-graph\">{\"@context\":\"https:\/\/schema.org\",\"@graph\":[{\"@type\":\"WebPage\",\"@id\":\"https:\/\/piecesalpinea110.com\/fr\/produit\/tir-barsta-av-r12\/\",\"url\":\"https:\/\/piecesalpinea110.com\/fr\/produit\/tir-barsta-av-r12\/\",\"name\":\"Tiran barre stab AV, R12 - Pieces Alpine A110\",\"isPartOf\":{\"@id\":\"https:\/\/piecesalpinea110.com\/#website\"},\"primaryImageOfPage\":{\"@id\":\"https:\/\/piecesalpinea110.com\/fr\/produit\/tir-barsta-av-r12\/#primaryimage\"},\"image\":{\"@id\":\"https:\/\/piecesalpinea110.com\/fr\/produit\/tir-barsta-av-r12\/#primaryimage\"},\"thumbnailUrl\":\"https:\/\/piecesalpinea110.com\/wp-content\/uploads\/2020\/05\/2020-05-16_134706.jpg\",\"datePublished\":\"2020-05-16T18:46:11+00:00\",\"dateModified\":\"2023-08-22T22:09:26+00:00\",\"breadcrumb\":{\"@id\":\"https:\/\/piecesalpinea110.com\/fr\/produit\/tir-barsta-av-r12\/#breadcrumb\"},\"inLanguage\":\"fr-FR\",\"potentialAction\":[{\"@type\":\"ReadAction\",\"target\":[\"https:\/\/piecesalpinea110.com\/fr\/produit\/tir-barsta-av-r12\/\"]}]},{\"@type\":\"ImageObject\",\"inLanguage\":\"fr-FR\",\"@id\":\"https:\/\/piecesalpinea110.com\/fr\/produit\/tir-barsta-av-r12\/#primaryimage\",\"url\":\"https:\/\/piecesalpinea110.com\/wp-content\/uploads\/2020\/05\/2020-05-16_134706.jpg\",\"contentUrl\":\"https:\/\/piecesalpinea110.com\/wp-content\/uploads\/2020\/05\/2020-05-16_134706.jpg\",\"width\":200,\"height\":200},{\"@type\":\"BreadcrumbList\",\"@id\":\"https:\/\/piecesalpinea110.com\/fr\/produit\/tir-barsta-av-r12\/#breadcrumb\",\"itemListElement\":[{\"@type\":\"ListItem\",\"position\":1,\"name\":\"Home\",\"item\":\"https:\/\/piecesalpinea110.com\/fr\/\"},{\"@type\":\"ListItem\",\"position\":2,\"name\":\"Boutique\",\"item\":\"https:\/\/piecesalpinea110.com\/fr\/boutique\/\"},{\"@type\":\"ListItem\",\"position\":3,\"name\":\"Tiran barre stab AV, R12\"}]},{\"@type\":\"WebSite\",\"@id\":\"https:\/\/piecesalpinea110.com\/#website\",\"url\":\"https:\/\/piecesalpinea110.com\/\",\"name\":\"Pieces Alpine A110\",\"description\":\"Pieces for Alpine A110\",\"potentialAction\":[{\"@type\":\"SearchAction\",\"target\":{\"@type\":\"EntryPoint\",\"urlTemplate\":\"https:\/\/piecesalpinea110.com\/?s={search_term_string}\"},\"query-input\":{\"@type\":\"PropertyValueSpecification\",\"valueRequired\":true,\"valueName\":\"search_term_string\"}}],\"inLanguage\":\"fr-FR\"}]}<\/script>\n<!-- \/ Yoast SEO plugin. -->","yoast_head_json":{"title":"Tiran barre stab AV, R12 - Pieces Alpine A110","robots":{"index":"index","follow":"follow","max-snippet":"max-snippet:-1","max-image-preview":"max-image-preview:large","max-video-preview":"max-video-preview:-1"},"canonical":"https:\/\/piecesalpinea110.com\/fr\/produit\/tir-barsta-av-r12\/","og_locale":"fr_FR","og_type":"article","og_title":"Tiran barre stab AV, R12 - Pieces Alpine A110","og_description":"Reference: RG21603 Tiran de barre stabilisatrice avant, compl\u00e8te Compatible avec: R12 &amp; Gordini, Dacia 1300, R15, R17. A310 V6 (2e mod\u00e8le, avant) Description: Similaire \u00e0 ref 77 01 453 465 Contient: 1 pi\u00e8ce (2 pi\u00e8ces par auto)","og_url":"https:\/\/piecesalpinea110.com\/fr\/produit\/tir-barsta-av-r12\/","og_site_name":"Pieces Alpine A110","article_modified_time":"2023-08-22T22:09:26+00:00","og_image":[{"width":200,"height":200,"url":"https:\/\/piecesalpinea110.com\/wp-content\/uploads\/2020\/05\/2020-05-16_134706.jpg","type":"image\/jpeg"}],"twitter_card":"summary_large_image","schema":{"@context":"https:\/\/schema.org","@graph":[{"@type":"WebPage","@id":"https:\/\/piecesalpinea110.com\/fr\/produit\/tir-barsta-av-r12\/","url":"https:\/\/piecesalpinea110.com\/fr\/produit\/tir-barsta-av-r12\/","name":"Tiran barre stab AV, R12 - Pieces Alpine A110","isPartOf":{"@id":"https:\/\/piecesalpinea110.com\/#website"},"primaryImageOfPage":{"@id":"https:\/\/piecesalpinea110.com\/fr\/produit\/tir-barsta-av-r12\/#primaryimage"},"image":{"@id":"https:\/\/piecesalpinea110.com\/fr\/produit\/tir-barsta-av-r12\/#primaryimage"},"thumbnailUrl":"https:\/\/piecesalpinea110.com\/wp-content\/uploads\/2020\/05\/2020-05-16_134706.jpg","datePublished":"2020-05-16T18:46:11+00:00","dateModified":"2023-08-22T22:09:26+00:00","breadcrumb":{"@id":"https:\/\/piecesalpinea110.com\/fr\/produit\/tir-barsta-av-r12\/#breadcrumb"},"inLanguage":"fr-FR","potentialAction":[{"@type":"ReadAction","target":["https:\/\/piecesalpinea110.com\/fr\/produit\/tir-barsta-av-r12\/"]}]},{"@type":"ImageObject","inLanguage":"fr-FR","@id":"https:\/\/piecesalpinea110.com\/fr\/produit\/tir-barsta-av-r12\/#primaryimage","url":"https:\/\/piecesalpinea110.com\/wp-content\/uploads\/2020\/05\/2020-05-16_134706.jpg","contentUrl":"https:\/\/piecesalpinea110.com\/wp-content\/uploads\/2020\/05\/2020-05-16_134706.jpg","width":200,"height":200},{"@type":"BreadcrumbList","@id":"https:\/\/piecesalpinea110.com\/fr\/produit\/tir-barsta-av-r12\/#breadcrumb","itemListElement":[{"@type":"ListItem","position":1,"name":"Home","item":"https:\/\/piecesalpinea110.com\/fr\/"},{"@type":"ListItem","position":2,"name":"Boutique","item":"https:\/\/piecesalpinea110.com\/fr\/boutique\/"},{"@type":"ListItem","position":3,"name":"Tiran barre stab AV, R12"}]},{"@type":"WebSite","@id":"https:\/\/piecesalpinea110.com\/#website","url":"https:\/\/piecesalpinea110.com\/","name":"Pieces Alpine A110","description":"Pieces for Alpine A110","potentialAction":[{"@type":"SearchAction","target":{"@type":"EntryPoint","urlTemplate":"https:\/\/piecesalpinea110.com\/?s={search_term_string}"},"query-input":{"@type":"PropertyValueSpecification","valueRequired":true,"valueName":"search_term_string"}}],"inLanguage":"fr-FR"}]}},"_links":{"self":[{"href":"https:\/\/piecesalpinea110.com\/fr\/wp-json\/wp\/v2\/product\/5877","targetHints":{"allow":["GET"]}}],"collection":[{"href":"https:\/\/piecesalpinea110.com\/fr\/wp-json\/wp\/v2\/product"}],"about":[{"href":"https:\/\/piecesalpinea110.com\/fr\/wp-json\/wp\/v2\/types\/product"}],"wp:featuredmedia":[{"embeddable":true,"href":"https:\/\/piecesalpinea110.com\/fr\/wp-json\/wp\/v2\/media\/5879"}],"wp:attachment":[{"href":"https:\/\/piecesalpinea110.com\/fr\/wp-json\/wp\/v2\/media?parent=5877"}],"wp:term":[{"taxonomy":"product_brand","embeddable":true,"href":"https:\/\/piecesalpinea110.com\/fr\/wp-json\/wp\/v2\/product_brand?post=5877"},{"taxonomy":"product_cat","embeddable":true,"href":"https:\/\/piecesalpinea110.com\/fr\/wp-json\/wp\/v2\/product_cat?post=5877"},{"taxonomy":"product_tag","embeddable":true,"href":"https:\/\/piecesalpinea110.com\/fr\/wp-json\/wp\/v2\/product_tag?post=5877"}],"curies":[{"name":"wp","href":"https:\/\/api.w.org\/{rel}","templated":true}]}}