{"id":6118,"date":"2020-05-25T08:37:58","date_gmt":"2020-05-25T07:38:00","guid":{"rendered":"https:\/\/piecesalpinea110.com\/?post_type=product&#038;p=6118"},"modified":"2021-03-29T19:27:12","modified_gmt":"2021-03-29T18:27:12","slug":"plaque-thermique-dcoe","status":"publish","type":"product","link":"https:\/\/piecesalpinea110.com\/fr\/produit\/plaque-thermique-dcoe\/","title":{"rendered":"Plaque thermique DCOE"},"content":{"rendered":"<div class=\"portfolio-item-desc\">\n<div class=\"portfolio-item-desc-inner \" data-collapse-at=\"150\"><strong>Reference<\/strong>: 99003 015 Plaque inox \u00e0 fixer sous le carbu 40 ou 45 DCOE, prot\u00e8ge de la chaleur radiante (par ex. collecteur \u00e9chappement) <strong>Compatible avec:<\/strong> Moteurs \u00e0 carbu(s) Weber DCOE horizontaux <strong>Contient:<\/strong> 1 pi\u00e8ce pour 1 carbu<\/div>\n<\/div>\n","protected":false},"excerpt":{"rendered":"<p>Reference: 99003 015 Plaque inox \u00e0 fixer sous le carbu 40 ou 45 DCOE, prot\u00e8ge de la chaleur radiante (par ex. collecteur \u00e9chappement) Compatible avec: Moteurs \u00e0 carbu(s) Weber DCOE horizontaux Contient: 1 pi\u00e8ce pour 1 carbu<\/p>\n","protected":false},"featured_media":6120,"template":"","meta":{"_et_pb_use_builder":"","_et_pb_old_content":"","_et_gb_content_width":"","_exactmetrics_skip_tracking":false,"_exactmetrics_sitenote_active":false,"_exactmetrics_sitenote_note":"","_exactmetrics_sitenote_category":0},"product_brand":[],"product_cat":[141,128,87,160,189],"product_tag":[],"class_list":{"0":"post-6118","1":"product","2":"type-product","3":"status-publish","4":"has-post-thumbnail","6":"product_cat-categories","7":"product_cat-dacia-revival-2-fr","8":"product_cat-derniers-ajouts","9":"product_cat-moteur-et-accessoires","10":"product_cat-webcon-fr","12":"first","13":"instock","14":"taxable","15":"shipping-taxable","16":"purchasable","17":"product-type-simple"},"yoast_head":"<!-- This site is optimized with the Yoast SEO plugin v27.2 - https:\/\/yoast.com\/product\/yoast-seo-wordpress\/ -->\n<title>Plaque thermique DCOE - Pieces Alpine A110<\/title>\n<meta name=\"robots\" content=\"index, follow, max-snippet:-1, max-image-preview:large, max-video-preview:-1\" \/>\n<link rel=\"canonical\" href=\"https:\/\/piecesalpinea110.com\/fr\/produit\/plaque-thermique-dcoe\/\" \/>\n<meta property=\"og:locale\" content=\"fr_FR\" \/>\n<meta property=\"og:type\" content=\"article\" \/>\n<meta property=\"og:title\" content=\"Plaque thermique DCOE - Pieces Alpine A110\" \/>\n<meta property=\"og:description\" content=\"Reference: 99003 015 Plaque inox \u00e0 fixer sous le carbu 40 ou 45 DCOE, prot\u00e8ge de la chaleur radiante (par ex. collecteur \u00e9chappement) Compatible avec: Moteurs \u00e0 carbu(s) Weber DCOE horizontaux Contient: 1 pi\u00e8ce pour 1 carbu\" \/>\n<meta property=\"og:url\" content=\"https:\/\/piecesalpinea110.com\/fr\/produit\/plaque-thermique-dcoe\/\" \/>\n<meta property=\"og:site_name\" content=\"Pieces Alpine A110\" \/>\n<meta property=\"article:modified_time\" content=\"2021-03-29T18:27:12+00:00\" \/>\n<meta property=\"og:image\" content=\"https:\/\/piecesalpinea110.com\/wp-content\/uploads\/2020\/05\/2020-05-23_024710.png\" \/>\n\t<meta property=\"og:image:width\" content=\"200\" \/>\n\t<meta property=\"og:image:height\" content=\"200\" \/>\n\t<meta property=\"og:image:type\" content=\"image\/png\" \/>\n<meta name=\"twitter:card\" content=\"summary_large_image\" \/>\n<script type=\"application\/ld+json\" class=\"yoast-schema-graph\">{\"@context\":\"https:\/\/schema.org\",\"@graph\":[{\"@type\":\"WebPage\",\"@id\":\"https:\/\/piecesalpinea110.com\/fr\/produit\/plaque-thermique-dcoe\/\",\"url\":\"https:\/\/piecesalpinea110.com\/fr\/produit\/plaque-thermique-dcoe\/\",\"name\":\"Plaque thermique DCOE - Pieces Alpine A110\",\"isPartOf\":{\"@id\":\"https:\/\/piecesalpinea110.com\/#website\"},\"primaryImageOfPage\":{\"@id\":\"https:\/\/piecesalpinea110.com\/fr\/produit\/plaque-thermique-dcoe\/#primaryimage\"},\"image\":{\"@id\":\"https:\/\/piecesalpinea110.com\/fr\/produit\/plaque-thermique-dcoe\/#primaryimage\"},\"thumbnailUrl\":\"https:\/\/piecesalpinea110.com\/wp-content\/uploads\/2020\/05\/2020-05-23_024710.png\",\"datePublished\":\"2020-05-25T07:38:00+00:00\",\"dateModified\":\"2021-03-29T18:27:12+00:00\",\"breadcrumb\":{\"@id\":\"https:\/\/piecesalpinea110.com\/fr\/produit\/plaque-thermique-dcoe\/#breadcrumb\"},\"inLanguage\":\"fr-FR\",\"potentialAction\":[{\"@type\":\"ReadAction\",\"target\":[\"https:\/\/piecesalpinea110.com\/fr\/produit\/plaque-thermique-dcoe\/\"]}]},{\"@type\":\"ImageObject\",\"inLanguage\":\"fr-FR\",\"@id\":\"https:\/\/piecesalpinea110.com\/fr\/produit\/plaque-thermique-dcoe\/#primaryimage\",\"url\":\"https:\/\/piecesalpinea110.com\/wp-content\/uploads\/2020\/05\/2020-05-23_024710.png\",\"contentUrl\":\"https:\/\/piecesalpinea110.com\/wp-content\/uploads\/2020\/05\/2020-05-23_024710.png\",\"width\":200,\"height\":200},{\"@type\":\"BreadcrumbList\",\"@id\":\"https:\/\/piecesalpinea110.com\/fr\/produit\/plaque-thermique-dcoe\/#breadcrumb\",\"itemListElement\":[{\"@type\":\"ListItem\",\"position\":1,\"name\":\"Home\",\"item\":\"https:\/\/piecesalpinea110.com\/fr\/\"},{\"@type\":\"ListItem\",\"position\":2,\"name\":\"Boutique\",\"item\":\"https:\/\/piecesalpinea110.com\/fr\/boutique\/\"},{\"@type\":\"ListItem\",\"position\":3,\"name\":\"Plaque thermique DCOE\"}]},{\"@type\":\"WebSite\",\"@id\":\"https:\/\/piecesalpinea110.com\/#website\",\"url\":\"https:\/\/piecesalpinea110.com\/\",\"name\":\"Pieces Alpine A110\",\"description\":\"Pieces for Alpine A110\",\"potentialAction\":[{\"@type\":\"SearchAction\",\"target\":{\"@type\":\"EntryPoint\",\"urlTemplate\":\"https:\/\/piecesalpinea110.com\/?s={search_term_string}\"},\"query-input\":{\"@type\":\"PropertyValueSpecification\",\"valueRequired\":true,\"valueName\":\"search_term_string\"}}],\"inLanguage\":\"fr-FR\"}]}<\/script>\n<!-- \/ Yoast SEO plugin. -->","yoast_head_json":{"title":"Plaque thermique DCOE - Pieces Alpine A110","robots":{"index":"index","follow":"follow","max-snippet":"max-snippet:-1","max-image-preview":"max-image-preview:large","max-video-preview":"max-video-preview:-1"},"canonical":"https:\/\/piecesalpinea110.com\/fr\/produit\/plaque-thermique-dcoe\/","og_locale":"fr_FR","og_type":"article","og_title":"Plaque thermique DCOE - Pieces Alpine A110","og_description":"Reference: 99003 015 Plaque inox \u00e0 fixer sous le carbu 40 ou 45 DCOE, prot\u00e8ge de la chaleur radiante (par ex. collecteur \u00e9chappement) Compatible avec: Moteurs \u00e0 carbu(s) Weber DCOE horizontaux Contient: 1 pi\u00e8ce pour 1 carbu","og_url":"https:\/\/piecesalpinea110.com\/fr\/produit\/plaque-thermique-dcoe\/","og_site_name":"Pieces Alpine A110","article_modified_time":"2021-03-29T18:27:12+00:00","og_image":[{"width":200,"height":200,"url":"https:\/\/piecesalpinea110.com\/wp-content\/uploads\/2020\/05\/2020-05-23_024710.png","type":"image\/png"}],"twitter_card":"summary_large_image","schema":{"@context":"https:\/\/schema.org","@graph":[{"@type":"WebPage","@id":"https:\/\/piecesalpinea110.com\/fr\/produit\/plaque-thermique-dcoe\/","url":"https:\/\/piecesalpinea110.com\/fr\/produit\/plaque-thermique-dcoe\/","name":"Plaque thermique DCOE - Pieces Alpine A110","isPartOf":{"@id":"https:\/\/piecesalpinea110.com\/#website"},"primaryImageOfPage":{"@id":"https:\/\/piecesalpinea110.com\/fr\/produit\/plaque-thermique-dcoe\/#primaryimage"},"image":{"@id":"https:\/\/piecesalpinea110.com\/fr\/produit\/plaque-thermique-dcoe\/#primaryimage"},"thumbnailUrl":"https:\/\/piecesalpinea110.com\/wp-content\/uploads\/2020\/05\/2020-05-23_024710.png","datePublished":"2020-05-25T07:38:00+00:00","dateModified":"2021-03-29T18:27:12+00:00","breadcrumb":{"@id":"https:\/\/piecesalpinea110.com\/fr\/produit\/plaque-thermique-dcoe\/#breadcrumb"},"inLanguage":"fr-FR","potentialAction":[{"@type":"ReadAction","target":["https:\/\/piecesalpinea110.com\/fr\/produit\/plaque-thermique-dcoe\/"]}]},{"@type":"ImageObject","inLanguage":"fr-FR","@id":"https:\/\/piecesalpinea110.com\/fr\/produit\/plaque-thermique-dcoe\/#primaryimage","url":"https:\/\/piecesalpinea110.com\/wp-content\/uploads\/2020\/05\/2020-05-23_024710.png","contentUrl":"https:\/\/piecesalpinea110.com\/wp-content\/uploads\/2020\/05\/2020-05-23_024710.png","width":200,"height":200},{"@type":"BreadcrumbList","@id":"https:\/\/piecesalpinea110.com\/fr\/produit\/plaque-thermique-dcoe\/#breadcrumb","itemListElement":[{"@type":"ListItem","position":1,"name":"Home","item":"https:\/\/piecesalpinea110.com\/fr\/"},{"@type":"ListItem","position":2,"name":"Boutique","item":"https:\/\/piecesalpinea110.com\/fr\/boutique\/"},{"@type":"ListItem","position":3,"name":"Plaque thermique DCOE"}]},{"@type":"WebSite","@id":"https:\/\/piecesalpinea110.com\/#website","url":"https:\/\/piecesalpinea110.com\/","name":"Pieces Alpine A110","description":"Pieces for Alpine A110","potentialAction":[{"@type":"SearchAction","target":{"@type":"EntryPoint","urlTemplate":"https:\/\/piecesalpinea110.com\/?s={search_term_string}"},"query-input":{"@type":"PropertyValueSpecification","valueRequired":true,"valueName":"search_term_string"}}],"inLanguage":"fr-FR"}]}},"_links":{"self":[{"href":"https:\/\/piecesalpinea110.com\/fr\/wp-json\/wp\/v2\/product\/6118","targetHints":{"allow":["GET"]}}],"collection":[{"href":"https:\/\/piecesalpinea110.com\/fr\/wp-json\/wp\/v2\/product"}],"about":[{"href":"https:\/\/piecesalpinea110.com\/fr\/wp-json\/wp\/v2\/types\/product"}],"wp:featuredmedia":[{"embeddable":true,"href":"https:\/\/piecesalpinea110.com\/fr\/wp-json\/wp\/v2\/media\/6120"}],"wp:attachment":[{"href":"https:\/\/piecesalpinea110.com\/fr\/wp-json\/wp\/v2\/media?parent=6118"}],"wp:term":[{"taxonomy":"product_brand","embeddable":true,"href":"https:\/\/piecesalpinea110.com\/fr\/wp-json\/wp\/v2\/product_brand?post=6118"},{"taxonomy":"product_cat","embeddable":true,"href":"https:\/\/piecesalpinea110.com\/fr\/wp-json\/wp\/v2\/product_cat?post=6118"},{"taxonomy":"product_tag","embeddable":true,"href":"https:\/\/piecesalpinea110.com\/fr\/wp-json\/wp\/v2\/product_tag?post=6118"}],"curies":[{"name":"wp","href":"https:\/\/api.w.org\/{rel}","templated":true}]}}