{"id":6134,"date":"2020-05-27T19:49:16","date_gmt":"2020-05-27T18:49:18","guid":{"rendered":"https:\/\/piecesalpinea110.com\/?post_type=product&#038;p=6134"},"modified":"2025-02-13T18:24:16","modified_gmt":"2025-02-13T17:24:16","slug":"poussoirs-1600g","status":"publish","type":"product","link":"https:\/\/piecesalpinea110.com\/fr\/produit\/poussoirs-1600g\/","title":{"rendered":"Poussoirs 1600G"},"content":{"rendered":"<div><strong>Reference:<\/strong> POUSS1600G<\/div>\n<p>Jeu de poussoirs 1600 Gordini Poussoirs en fonte tremp\u00e9e &gt;52 HRc, couche nitruration de 0.040-0.045mm r\u00e9sistante \u00e0 l&rsquo;usure &gt;60 HRc &amp; de longue dur\u00e9e Excellente qualit\u00e9, fabriqu\u00e9 par Piper Cams exclusivement pour Salv Sacco \u00a0<\/p>\n<div><strong><strong>Compatibilit\u00e9:<\/strong><\/strong><\/p>\n<ul>\n<li>Copie de 77 00 565 347 (dia. 11,97 mm, t\u00eate 20 mm, ht tot. 61,1 mm)<\/li>\n<li>Pour moteur 1565\/1596cc type 807 &amp; d\u00e9riv\u00e9s 1800cc pour R12G \/ Alpine 1600S Pour moteurs type 844 &amp; d\u00e9riv\u00e9s 1800cc pour Alpine A110 1600S \/ A310 1600 \/ R17G<\/li>\n<\/ul>\n<\/div>\n<div>\u00a0<\/div>\n<div>*Prix pour un jeu de 8<\/div>\n","protected":false},"excerpt":{"rendered":"<p>Reference: POUSS1600G Jeu de poussoirs 1600 Gordini Poussoirs en fonte tremp\u00e9e &gt;52 HRc, couche nitruration de 0.040-0.045mm r\u00e9sistante \u00e0 l&rsquo;usure &gt;60 HRc &amp; de longue dur\u00e9e Excellente qualit\u00e9, fabriqu\u00e9 par Piper Cams exclusivement pour Salv Sacco \u00a0 Compatibilit\u00e9: Copie de 77 00 565 347 (dia. 11,97 mm, t\u00eate 20 mm, ht tot. 61,1 mm) Pour [&hellip;]<\/p>\n","protected":false},"featured_media":6138,"template":"","meta":{"_et_pb_use_builder":"","_et_pb_old_content":"","_et_gb_content_width":"","_exactmetrics_skip_tracking":false,"_exactmetrics_sitenote_active":false,"_exactmetrics_sitenote_note":"","_exactmetrics_sitenote_category":0},"product_brand":[],"product_cat":[51,35,58],"product_tag":[],"class_list":{"0":"post-6134","1":"product","2":"type-product","3":"status-publish","4":"has-post-thumbnail","6":"product_cat-1600-fr","7":"product_cat-moteur","8":"product_cat-produits-exclusifs","10":"first","11":"instock","12":"taxable","13":"shipping-taxable","14":"purchasable","15":"product-type-simple"},"yoast_head":"<!-- This site is optimized with the Yoast SEO plugin v27.2 - https:\/\/yoast.com\/product\/yoast-seo-wordpress\/ -->\n<title>Poussoirs 1600G - Pieces Alpine A110<\/title>\n<meta name=\"robots\" content=\"index, follow, max-snippet:-1, max-image-preview:large, max-video-preview:-1\" \/>\n<link rel=\"canonical\" href=\"https:\/\/piecesalpinea110.com\/fr\/produit\/poussoirs-1600g\/\" \/>\n<meta property=\"og:locale\" content=\"fr_FR\" \/>\n<meta property=\"og:type\" content=\"article\" \/>\n<meta property=\"og:title\" content=\"Poussoirs 1600G - Pieces Alpine A110\" \/>\n<meta property=\"og:description\" content=\"Reference: POUSS1600G Jeu de poussoirs 1600 Gordini Poussoirs en fonte tremp\u00e9e &gt;52 HRc, couche nitruration de 0.040-0.045mm r\u00e9sistante \u00e0 l&rsquo;usure &gt;60 HRc &amp; de longue dur\u00e9e Excellente qualit\u00e9, fabriqu\u00e9 par Piper Cams exclusivement pour Salv Sacco \u00a0 Compatibilit\u00e9: Copie de 77 00 565 347 (dia. 11,97 mm, t\u00eate 20 mm, ht tot. 61,1 mm) Pour [&hellip;]\" \/>\n<meta property=\"og:url\" content=\"https:\/\/piecesalpinea110.com\/fr\/produit\/poussoirs-1600g\/\" \/>\n<meta property=\"og:site_name\" content=\"Pieces Alpine A110\" \/>\n<meta property=\"article:modified_time\" content=\"2025-02-13T17:24:16+00:00\" \/>\n<meta property=\"og:image\" content=\"https:\/\/piecesalpinea110.com\/wp-content\/uploads\/2020\/05\/2020-05-05_235807.jpg\" \/>\n\t<meta property=\"og:image:width\" content=\"200\" \/>\n\t<meta property=\"og:image:height\" content=\"200\" \/>\n\t<meta property=\"og:image:type\" content=\"image\/jpeg\" \/>\n<meta name=\"twitter:card\" content=\"summary_large_image\" \/>\n<meta name=\"twitter:label1\" content=\"Dur\u00e9e de lecture estim\u00e9e\" \/>\n\t<meta name=\"twitter:data1\" content=\"1 minute\" \/>\n<script type=\"application\/ld+json\" class=\"yoast-schema-graph\">{\"@context\":\"https:\/\/schema.org\",\"@graph\":[{\"@type\":\"WebPage\",\"@id\":\"https:\/\/piecesalpinea110.com\/fr\/produit\/poussoirs-1600g\/\",\"url\":\"https:\/\/piecesalpinea110.com\/fr\/produit\/poussoirs-1600g\/\",\"name\":\"Poussoirs 1600G - Pieces Alpine A110\",\"isPartOf\":{\"@id\":\"https:\/\/piecesalpinea110.com\/#website\"},\"primaryImageOfPage\":{\"@id\":\"https:\/\/piecesalpinea110.com\/fr\/produit\/poussoirs-1600g\/#primaryimage\"},\"image\":{\"@id\":\"https:\/\/piecesalpinea110.com\/fr\/produit\/poussoirs-1600g\/#primaryimage\"},\"thumbnailUrl\":\"https:\/\/piecesalpinea110.com\/wp-content\/uploads\/2020\/05\/2020-05-05_235807.jpg\",\"datePublished\":\"2020-05-27T18:49:18+00:00\",\"dateModified\":\"2025-02-13T17:24:16+00:00\",\"breadcrumb\":{\"@id\":\"https:\/\/piecesalpinea110.com\/fr\/produit\/poussoirs-1600g\/#breadcrumb\"},\"inLanguage\":\"fr-FR\",\"potentialAction\":[{\"@type\":\"ReadAction\",\"target\":[\"https:\/\/piecesalpinea110.com\/fr\/produit\/poussoirs-1600g\/\"]}]},{\"@type\":\"ImageObject\",\"inLanguage\":\"fr-FR\",\"@id\":\"https:\/\/piecesalpinea110.com\/fr\/produit\/poussoirs-1600g\/#primaryimage\",\"url\":\"https:\/\/piecesalpinea110.com\/wp-content\/uploads\/2020\/05\/2020-05-05_235807.jpg\",\"contentUrl\":\"https:\/\/piecesalpinea110.com\/wp-content\/uploads\/2020\/05\/2020-05-05_235807.jpg\",\"width\":200,\"height\":200},{\"@type\":\"BreadcrumbList\",\"@id\":\"https:\/\/piecesalpinea110.com\/fr\/produit\/poussoirs-1600g\/#breadcrumb\",\"itemListElement\":[{\"@type\":\"ListItem\",\"position\":1,\"name\":\"Home\",\"item\":\"https:\/\/piecesalpinea110.com\/fr\/\"},{\"@type\":\"ListItem\",\"position\":2,\"name\":\"Boutique\",\"item\":\"https:\/\/piecesalpinea110.com\/fr\/boutique\/\"},{\"@type\":\"ListItem\",\"position\":3,\"name\":\"Poussoirs 1600G\"}]},{\"@type\":\"WebSite\",\"@id\":\"https:\/\/piecesalpinea110.com\/#website\",\"url\":\"https:\/\/piecesalpinea110.com\/\",\"name\":\"Pieces Alpine A110\",\"description\":\"Pieces for Alpine A110\",\"potentialAction\":[{\"@type\":\"SearchAction\",\"target\":{\"@type\":\"EntryPoint\",\"urlTemplate\":\"https:\/\/piecesalpinea110.com\/?s={search_term_string}\"},\"query-input\":{\"@type\":\"PropertyValueSpecification\",\"valueRequired\":true,\"valueName\":\"search_term_string\"}}],\"inLanguage\":\"fr-FR\"}]}<\/script>\n<!-- \/ Yoast SEO plugin. -->","yoast_head_json":{"title":"Poussoirs 1600G - Pieces Alpine A110","robots":{"index":"index","follow":"follow","max-snippet":"max-snippet:-1","max-image-preview":"max-image-preview:large","max-video-preview":"max-video-preview:-1"},"canonical":"https:\/\/piecesalpinea110.com\/fr\/produit\/poussoirs-1600g\/","og_locale":"fr_FR","og_type":"article","og_title":"Poussoirs 1600G - Pieces Alpine A110","og_description":"Reference: POUSS1600G Jeu de poussoirs 1600 Gordini Poussoirs en fonte tremp\u00e9e &gt;52 HRc, couche nitruration de 0.040-0.045mm r\u00e9sistante \u00e0 l&rsquo;usure &gt;60 HRc &amp; de longue dur\u00e9e Excellente qualit\u00e9, fabriqu\u00e9 par Piper Cams exclusivement pour Salv Sacco \u00a0 Compatibilit\u00e9: Copie de 77 00 565 347 (dia. 11,97 mm, t\u00eate 20 mm, ht tot. 61,1 mm) Pour [&hellip;]","og_url":"https:\/\/piecesalpinea110.com\/fr\/produit\/poussoirs-1600g\/","og_site_name":"Pieces Alpine A110","article_modified_time":"2025-02-13T17:24:16+00:00","og_image":[{"width":200,"height":200,"url":"https:\/\/piecesalpinea110.com\/wp-content\/uploads\/2020\/05\/2020-05-05_235807.jpg","type":"image\/jpeg"}],"twitter_card":"summary_large_image","twitter_misc":{"Dur\u00e9e de lecture estim\u00e9e":"1 minute"},"schema":{"@context":"https:\/\/schema.org","@graph":[{"@type":"WebPage","@id":"https:\/\/piecesalpinea110.com\/fr\/produit\/poussoirs-1600g\/","url":"https:\/\/piecesalpinea110.com\/fr\/produit\/poussoirs-1600g\/","name":"Poussoirs 1600G - Pieces Alpine A110","isPartOf":{"@id":"https:\/\/piecesalpinea110.com\/#website"},"primaryImageOfPage":{"@id":"https:\/\/piecesalpinea110.com\/fr\/produit\/poussoirs-1600g\/#primaryimage"},"image":{"@id":"https:\/\/piecesalpinea110.com\/fr\/produit\/poussoirs-1600g\/#primaryimage"},"thumbnailUrl":"https:\/\/piecesalpinea110.com\/wp-content\/uploads\/2020\/05\/2020-05-05_235807.jpg","datePublished":"2020-05-27T18:49:18+00:00","dateModified":"2025-02-13T17:24:16+00:00","breadcrumb":{"@id":"https:\/\/piecesalpinea110.com\/fr\/produit\/poussoirs-1600g\/#breadcrumb"},"inLanguage":"fr-FR","potentialAction":[{"@type":"ReadAction","target":["https:\/\/piecesalpinea110.com\/fr\/produit\/poussoirs-1600g\/"]}]},{"@type":"ImageObject","inLanguage":"fr-FR","@id":"https:\/\/piecesalpinea110.com\/fr\/produit\/poussoirs-1600g\/#primaryimage","url":"https:\/\/piecesalpinea110.com\/wp-content\/uploads\/2020\/05\/2020-05-05_235807.jpg","contentUrl":"https:\/\/piecesalpinea110.com\/wp-content\/uploads\/2020\/05\/2020-05-05_235807.jpg","width":200,"height":200},{"@type":"BreadcrumbList","@id":"https:\/\/piecesalpinea110.com\/fr\/produit\/poussoirs-1600g\/#breadcrumb","itemListElement":[{"@type":"ListItem","position":1,"name":"Home","item":"https:\/\/piecesalpinea110.com\/fr\/"},{"@type":"ListItem","position":2,"name":"Boutique","item":"https:\/\/piecesalpinea110.com\/fr\/boutique\/"},{"@type":"ListItem","position":3,"name":"Poussoirs 1600G"}]},{"@type":"WebSite","@id":"https:\/\/piecesalpinea110.com\/#website","url":"https:\/\/piecesalpinea110.com\/","name":"Pieces Alpine A110","description":"Pieces for Alpine A110","potentialAction":[{"@type":"SearchAction","target":{"@type":"EntryPoint","urlTemplate":"https:\/\/piecesalpinea110.com\/?s={search_term_string}"},"query-input":{"@type":"PropertyValueSpecification","valueRequired":true,"valueName":"search_term_string"}}],"inLanguage":"fr-FR"}]}},"_links":{"self":[{"href":"https:\/\/piecesalpinea110.com\/fr\/wp-json\/wp\/v2\/product\/6134","targetHints":{"allow":["GET"]}}],"collection":[{"href":"https:\/\/piecesalpinea110.com\/fr\/wp-json\/wp\/v2\/product"}],"about":[{"href":"https:\/\/piecesalpinea110.com\/fr\/wp-json\/wp\/v2\/types\/product"}],"wp:featuredmedia":[{"embeddable":true,"href":"https:\/\/piecesalpinea110.com\/fr\/wp-json\/wp\/v2\/media\/6138"}],"wp:attachment":[{"href":"https:\/\/piecesalpinea110.com\/fr\/wp-json\/wp\/v2\/media?parent=6134"}],"wp:term":[{"taxonomy":"product_brand","embeddable":true,"href":"https:\/\/piecesalpinea110.com\/fr\/wp-json\/wp\/v2\/product_brand?post=6134"},{"taxonomy":"product_cat","embeddable":true,"href":"https:\/\/piecesalpinea110.com\/fr\/wp-json\/wp\/v2\/product_cat?post=6134"},{"taxonomy":"product_tag","embeddable":true,"href":"https:\/\/piecesalpinea110.com\/fr\/wp-json\/wp\/v2\/product_tag?post=6134"}],"curies":[{"name":"wp","href":"https:\/\/api.w.org\/{rel}","templated":true}]}}