{"id":6252,"date":"2020-06-07T23:23:26","date_gmt":"2020-06-07T22:23:26","guid":{"rendered":"https:\/\/piecesalpinea110.com\/?post_type=product&#038;p=6252"},"modified":"2020-06-07T23:55:32","modified_gmt":"2020-06-07T22:55:32","slug":"pochette-moteur-1600-gordini","status":"publish","type":"product","link":"https:\/\/piecesalpinea110.com\/fr\/produit\/pochette-moteur-1600-gordini\/","title":{"rendered":"Pochette moteur 1600 Gordini"},"content":{"rendered":"<div class=\"portfolio-item-desc\">\n<div class=\"portfolio-item-desc-inner \" data-collapse-at=\"150\">\n<p><strong>Reference<\/strong>: S36643<br \/>\nPochette joints moteur 1600 Gordini, sans joint de culasse<\/p>\n<p><strong>Compatible avec:<\/strong><br \/>\ntypes moteur 807 &amp; 844, 1565 \u00e0 1605 cc (plus deriv\u00e9s)<br \/>\nAlpine A110 1600S (VB 807-25, VC 844-32 &amp; -33) &amp; SC (VD),<br \/>\nA310 1600 VE (844-30 &amp; 31)<br \/>\nCet ensemble couvre toutes les variantes<br \/>\nLe joint de culasse doit \u00eatre achet\u00e9 s\u00e9par\u00e9ment en fonction de la cylindr\u00e9e du moteur<\/p>\n<p><strong>Contient:<\/strong><br \/>\nVeuillez vous r\u00e9f\u00e9rer \u00e0 la photo. Tous les joints peuvent \u00eatre vendus s\u00e9par\u00e9ment.<\/p>\n<\/div>\n<\/div>\n","protected":false},"excerpt":{"rendered":"<p>Reference: S36643 Pochette joints moteur 1600 Gordini, sans joint de culasse Compatible avec: types moteur 807 &amp; 844, 1565 \u00e0 1605 cc (plus deriv\u00e9s) Alpine A110 1600S (VB 807-25, VC 844-32 &amp; -33) &amp; SC (VD), A310 1600 VE (844-30 &amp; 31) Cet ensemble couvre toutes les variantes Le joint de culasse doit \u00eatre achet\u00e9 [&hellip;]<\/p>\n","protected":false},"featured_media":6254,"template":"","meta":{"_et_pb_use_builder":"","_et_pb_old_content":"","_et_gb_content_width":"","_exactmetrics_skip_tracking":false,"_exactmetrics_sitenote_active":false,"_exactmetrics_sitenote_note":"","_exactmetrics_sitenote_category":0},"product_brand":[],"product_cat":[141,87,91,160],"product_tag":[],"class_list":{"0":"post-6252","1":"product","2":"type-product","3":"status-publish","4":"has-post-thumbnail","6":"product_cat-categories","7":"product_cat-derniers-ajouts","8":"product_cat-glaser-fr","9":"product_cat-moteur-et-accessoires","11":"first","12":"instock","13":"taxable","14":"shipping-taxable","15":"purchasable","16":"product-type-simple"},"yoast_head":"<!-- This site is optimized with the Yoast SEO plugin v27.2 - https:\/\/yoast.com\/product\/yoast-seo-wordpress\/ -->\n<title>Pochette moteur 1600 Gordini - Pieces Alpine A110<\/title>\n<meta name=\"robots\" content=\"index, follow, max-snippet:-1, max-image-preview:large, max-video-preview:-1\" \/>\n<link rel=\"canonical\" href=\"https:\/\/piecesalpinea110.com\/fr\/produit\/pochette-moteur-1600-gordini\/\" \/>\n<meta property=\"og:locale\" content=\"fr_FR\" \/>\n<meta property=\"og:type\" content=\"article\" \/>\n<meta property=\"og:title\" content=\"Pochette moteur 1600 Gordini - Pieces Alpine A110\" \/>\n<meta property=\"og:description\" content=\"Reference: S36643 Pochette joints moteur 1600 Gordini, sans joint de culasse Compatible avec: types moteur 807 &amp; 844, 1565 \u00e0 1605 cc (plus deriv\u00e9s) Alpine A110 1600S (VB 807-25, VC 844-32 &amp; -33) &amp; SC (VD), A310 1600 VE (844-30 &amp; 31) Cet ensemble couvre toutes les variantes Le joint de culasse doit \u00eatre achet\u00e9 [&hellip;]\" \/>\n<meta property=\"og:url\" content=\"https:\/\/piecesalpinea110.com\/fr\/produit\/pochette-moteur-1600-gordini\/\" \/>\n<meta property=\"og:site_name\" content=\"Pieces Alpine A110\" \/>\n<meta property=\"article:modified_time\" content=\"2020-06-07T22:55:32+00:00\" \/>\n<meta property=\"og:image\" content=\"https:\/\/piecesalpinea110.com\/wp-content\/uploads\/2020\/06\/2020-06-07_234003.png\" \/>\n\t<meta property=\"og:image:width\" content=\"200\" \/>\n\t<meta property=\"og:image:height\" content=\"200\" \/>\n\t<meta property=\"og:image:type\" content=\"image\/png\" \/>\n<meta name=\"twitter:card\" content=\"summary_large_image\" \/>\n<script type=\"application\/ld+json\" class=\"yoast-schema-graph\">{\"@context\":\"https:\/\/schema.org\",\"@graph\":[{\"@type\":\"WebPage\",\"@id\":\"https:\/\/piecesalpinea110.com\/fr\/produit\/pochette-moteur-1600-gordini\/\",\"url\":\"https:\/\/piecesalpinea110.com\/fr\/produit\/pochette-moteur-1600-gordini\/\",\"name\":\"Pochette moteur 1600 Gordini - Pieces Alpine A110\",\"isPartOf\":{\"@id\":\"https:\/\/piecesalpinea110.com\/#website\"},\"primaryImageOfPage\":{\"@id\":\"https:\/\/piecesalpinea110.com\/fr\/produit\/pochette-moteur-1600-gordini\/#primaryimage\"},\"image\":{\"@id\":\"https:\/\/piecesalpinea110.com\/fr\/produit\/pochette-moteur-1600-gordini\/#primaryimage\"},\"thumbnailUrl\":\"https:\/\/piecesalpinea110.com\/wp-content\/uploads\/2020\/06\/2020-06-07_234003.png\",\"datePublished\":\"2020-06-07T22:23:26+00:00\",\"dateModified\":\"2020-06-07T22:55:32+00:00\",\"breadcrumb\":{\"@id\":\"https:\/\/piecesalpinea110.com\/fr\/produit\/pochette-moteur-1600-gordini\/#breadcrumb\"},\"inLanguage\":\"fr-FR\",\"potentialAction\":[{\"@type\":\"ReadAction\",\"target\":[\"https:\/\/piecesalpinea110.com\/fr\/produit\/pochette-moteur-1600-gordini\/\"]}]},{\"@type\":\"ImageObject\",\"inLanguage\":\"fr-FR\",\"@id\":\"https:\/\/piecesalpinea110.com\/fr\/produit\/pochette-moteur-1600-gordini\/#primaryimage\",\"url\":\"https:\/\/piecesalpinea110.com\/wp-content\/uploads\/2020\/06\/2020-06-07_234003.png\",\"contentUrl\":\"https:\/\/piecesalpinea110.com\/wp-content\/uploads\/2020\/06\/2020-06-07_234003.png\",\"width\":200,\"height\":200},{\"@type\":\"BreadcrumbList\",\"@id\":\"https:\/\/piecesalpinea110.com\/fr\/produit\/pochette-moteur-1600-gordini\/#breadcrumb\",\"itemListElement\":[{\"@type\":\"ListItem\",\"position\":1,\"name\":\"Home\",\"item\":\"https:\/\/piecesalpinea110.com\/fr\/\"},{\"@type\":\"ListItem\",\"position\":2,\"name\":\"Boutique\",\"item\":\"https:\/\/piecesalpinea110.com\/fr\/boutique\/\"},{\"@type\":\"ListItem\",\"position\":3,\"name\":\"Pochette moteur 1600 Gordini\"}]},{\"@type\":\"WebSite\",\"@id\":\"https:\/\/piecesalpinea110.com\/#website\",\"url\":\"https:\/\/piecesalpinea110.com\/\",\"name\":\"Pieces Alpine A110\",\"description\":\"Pieces for Alpine A110\",\"potentialAction\":[{\"@type\":\"SearchAction\",\"target\":{\"@type\":\"EntryPoint\",\"urlTemplate\":\"https:\/\/piecesalpinea110.com\/?s={search_term_string}\"},\"query-input\":{\"@type\":\"PropertyValueSpecification\",\"valueRequired\":true,\"valueName\":\"search_term_string\"}}],\"inLanguage\":\"fr-FR\"}]}<\/script>\n<!-- \/ Yoast SEO plugin. -->","yoast_head_json":{"title":"Pochette moteur 1600 Gordini - Pieces Alpine A110","robots":{"index":"index","follow":"follow","max-snippet":"max-snippet:-1","max-image-preview":"max-image-preview:large","max-video-preview":"max-video-preview:-1"},"canonical":"https:\/\/piecesalpinea110.com\/fr\/produit\/pochette-moteur-1600-gordini\/","og_locale":"fr_FR","og_type":"article","og_title":"Pochette moteur 1600 Gordini - Pieces Alpine A110","og_description":"Reference: S36643 Pochette joints moteur 1600 Gordini, sans joint de culasse Compatible avec: types moteur 807 &amp; 844, 1565 \u00e0 1605 cc (plus deriv\u00e9s) Alpine A110 1600S (VB 807-25, VC 844-32 &amp; -33) &amp; SC (VD), A310 1600 VE (844-30 &amp; 31) Cet ensemble couvre toutes les variantes Le joint de culasse doit \u00eatre achet\u00e9 [&hellip;]","og_url":"https:\/\/piecesalpinea110.com\/fr\/produit\/pochette-moteur-1600-gordini\/","og_site_name":"Pieces Alpine A110","article_modified_time":"2020-06-07T22:55:32+00:00","og_image":[{"width":200,"height":200,"url":"https:\/\/piecesalpinea110.com\/wp-content\/uploads\/2020\/06\/2020-06-07_234003.png","type":"image\/png"}],"twitter_card":"summary_large_image","schema":{"@context":"https:\/\/schema.org","@graph":[{"@type":"WebPage","@id":"https:\/\/piecesalpinea110.com\/fr\/produit\/pochette-moteur-1600-gordini\/","url":"https:\/\/piecesalpinea110.com\/fr\/produit\/pochette-moteur-1600-gordini\/","name":"Pochette moteur 1600 Gordini - Pieces Alpine A110","isPartOf":{"@id":"https:\/\/piecesalpinea110.com\/#website"},"primaryImageOfPage":{"@id":"https:\/\/piecesalpinea110.com\/fr\/produit\/pochette-moteur-1600-gordini\/#primaryimage"},"image":{"@id":"https:\/\/piecesalpinea110.com\/fr\/produit\/pochette-moteur-1600-gordini\/#primaryimage"},"thumbnailUrl":"https:\/\/piecesalpinea110.com\/wp-content\/uploads\/2020\/06\/2020-06-07_234003.png","datePublished":"2020-06-07T22:23:26+00:00","dateModified":"2020-06-07T22:55:32+00:00","breadcrumb":{"@id":"https:\/\/piecesalpinea110.com\/fr\/produit\/pochette-moteur-1600-gordini\/#breadcrumb"},"inLanguage":"fr-FR","potentialAction":[{"@type":"ReadAction","target":["https:\/\/piecesalpinea110.com\/fr\/produit\/pochette-moteur-1600-gordini\/"]}]},{"@type":"ImageObject","inLanguage":"fr-FR","@id":"https:\/\/piecesalpinea110.com\/fr\/produit\/pochette-moteur-1600-gordini\/#primaryimage","url":"https:\/\/piecesalpinea110.com\/wp-content\/uploads\/2020\/06\/2020-06-07_234003.png","contentUrl":"https:\/\/piecesalpinea110.com\/wp-content\/uploads\/2020\/06\/2020-06-07_234003.png","width":200,"height":200},{"@type":"BreadcrumbList","@id":"https:\/\/piecesalpinea110.com\/fr\/produit\/pochette-moteur-1600-gordini\/#breadcrumb","itemListElement":[{"@type":"ListItem","position":1,"name":"Home","item":"https:\/\/piecesalpinea110.com\/fr\/"},{"@type":"ListItem","position":2,"name":"Boutique","item":"https:\/\/piecesalpinea110.com\/fr\/boutique\/"},{"@type":"ListItem","position":3,"name":"Pochette moteur 1600 Gordini"}]},{"@type":"WebSite","@id":"https:\/\/piecesalpinea110.com\/#website","url":"https:\/\/piecesalpinea110.com\/","name":"Pieces Alpine A110","description":"Pieces for Alpine A110","potentialAction":[{"@type":"SearchAction","target":{"@type":"EntryPoint","urlTemplate":"https:\/\/piecesalpinea110.com\/?s={search_term_string}"},"query-input":{"@type":"PropertyValueSpecification","valueRequired":true,"valueName":"search_term_string"}}],"inLanguage":"fr-FR"}]}},"_links":{"self":[{"href":"https:\/\/piecesalpinea110.com\/fr\/wp-json\/wp\/v2\/product\/6252","targetHints":{"allow":["GET"]}}],"collection":[{"href":"https:\/\/piecesalpinea110.com\/fr\/wp-json\/wp\/v2\/product"}],"about":[{"href":"https:\/\/piecesalpinea110.com\/fr\/wp-json\/wp\/v2\/types\/product"}],"wp:featuredmedia":[{"embeddable":true,"href":"https:\/\/piecesalpinea110.com\/fr\/wp-json\/wp\/v2\/media\/6254"}],"wp:attachment":[{"href":"https:\/\/piecesalpinea110.com\/fr\/wp-json\/wp\/v2\/media?parent=6252"}],"wp:term":[{"taxonomy":"product_brand","embeddable":true,"href":"https:\/\/piecesalpinea110.com\/fr\/wp-json\/wp\/v2\/product_brand?post=6252"},{"taxonomy":"product_cat","embeddable":true,"href":"https:\/\/piecesalpinea110.com\/fr\/wp-json\/wp\/v2\/product_cat?post=6252"},{"taxonomy":"product_tag","embeddable":true,"href":"https:\/\/piecesalpinea110.com\/fr\/wp-json\/wp\/v2\/product_tag?post=6252"}],"curies":[{"name":"wp","href":"https:\/\/api.w.org\/{rel}","templated":true}]}}