{"id":6321,"date":"2020-06-27T22:36:10","date_gmt":"2020-06-27T21:36:10","guid":{"rendered":"https:\/\/piecesalpinea110.com\/?post_type=product&#038;p=6321"},"modified":"2020-06-29T18:50:19","modified_gmt":"2020-06-29T17:50:19","slug":"optique-lp","status":"publish","type":"product","link":"https:\/\/piecesalpinea110.com\/fr\/produit\/optique-lp\/","title":{"rendered":"Optique LP"},"content":{"rendered":"<p><strong>Reference<\/strong>: SIM3205<br \/>\nAdditionnal high range light<\/p>\n<p><strong>Description:<\/strong><br \/>\nCerclage inox, ampoule 12V H3 PK22s<br \/>\nDia. ext\u00e9rieur 181 mm, profondeur 125 mm<br \/>\nTr\u00e8s similaire au fameux Cibi\u00e9 Oscar, mais fabriqu\u00e9 par un \u00e9quipementier europ\u00e9en r\u00e9put\u00e9.<\/p>\n<p><strong>Contient:<\/strong><br \/>\nUne unit\u00e9, sans ampoule<\/p>\n","protected":false},"excerpt":{"rendered":"<p>Reference: SIM3205 Additionnal high range light Description: Cerclage inox, ampoule 12V H3 PK22s Dia. ext\u00e9rieur 181 mm, profondeur 125 mm Tr\u00e8s similaire au fameux Cibi\u00e9 Oscar, mais fabriqu\u00e9 par un \u00e9quipementier europ\u00e9en r\u00e9put\u00e9. Contient: Une unit\u00e9, sans ampoule<\/p>\n","protected":false},"featured_media":6323,"template":"","meta":{"_et_pb_use_builder":"","_et_pb_old_content":"","_et_gb_content_width":"","_exactmetrics_skip_tracking":false,"_exactmetrics_sitenote_active":false,"_exactmetrics_sitenote_note":"","_exactmetrics_sitenote_category":0},"product_brand":[],"product_cat":[179,87,159],"product_tag":[],"class_list":{"0":"post-6321","1":"product","2":"type-product","3":"status-publish","4":"has-post-thumbnail","6":"product_cat-classic-accessories-fr","7":"product_cat-derniers-ajouts","8":"product_cat-electricite","10":"first","11":"onbackorder","12":"taxable","13":"shipping-taxable","14":"purchasable","15":"product-type-simple"},"yoast_head":"<!-- This site is optimized with the Yoast SEO plugin v27.2 - https:\/\/yoast.com\/product\/yoast-seo-wordpress\/ -->\n<title>Optique LP - Pieces Alpine A110<\/title>\n<meta name=\"robots\" content=\"index, follow, max-snippet:-1, max-image-preview:large, max-video-preview:-1\" \/>\n<link rel=\"canonical\" href=\"https:\/\/piecesalpinea110.com\/fr\/produit\/optique-lp\/\" \/>\n<meta property=\"og:locale\" content=\"fr_FR\" \/>\n<meta property=\"og:type\" content=\"article\" \/>\n<meta property=\"og:title\" content=\"Optique LP - Pieces Alpine A110\" \/>\n<meta property=\"og:description\" content=\"Reference: SIM3205 Additionnal high range light Description: Cerclage inox, ampoule 12V H3 PK22s Dia. ext\u00e9rieur 181 mm, profondeur 125 mm Tr\u00e8s similaire au fameux Cibi\u00e9 Oscar, mais fabriqu\u00e9 par un \u00e9quipementier europ\u00e9en r\u00e9put\u00e9. Contient: Une unit\u00e9, sans ampoule\" \/>\n<meta property=\"og:url\" content=\"https:\/\/piecesalpinea110.com\/fr\/produit\/optique-lp\/\" \/>\n<meta property=\"og:site_name\" content=\"Pieces Alpine A110\" \/>\n<meta property=\"article:modified_time\" content=\"2020-06-29T17:50:19+00:00\" \/>\n<meta property=\"og:image\" content=\"https:\/\/piecesalpinea110.com\/wp-content\/uploads\/2020\/06\/2020-05-30_103902.png\" \/>\n\t<meta property=\"og:image:width\" content=\"200\" \/>\n\t<meta property=\"og:image:height\" content=\"200\" \/>\n\t<meta property=\"og:image:type\" content=\"image\/png\" \/>\n<meta name=\"twitter:card\" content=\"summary_large_image\" \/>\n<script type=\"application\/ld+json\" class=\"yoast-schema-graph\">{\"@context\":\"https:\/\/schema.org\",\"@graph\":[{\"@type\":\"WebPage\",\"@id\":\"https:\/\/piecesalpinea110.com\/fr\/produit\/optique-lp\/\",\"url\":\"https:\/\/piecesalpinea110.com\/fr\/produit\/optique-lp\/\",\"name\":\"Optique LP - Pieces Alpine A110\",\"isPartOf\":{\"@id\":\"https:\/\/piecesalpinea110.com\/#website\"},\"primaryImageOfPage\":{\"@id\":\"https:\/\/piecesalpinea110.com\/fr\/produit\/optique-lp\/#primaryimage\"},\"image\":{\"@id\":\"https:\/\/piecesalpinea110.com\/fr\/produit\/optique-lp\/#primaryimage\"},\"thumbnailUrl\":\"https:\/\/piecesalpinea110.com\/wp-content\/uploads\/2020\/06\/2020-05-30_103902.png\",\"datePublished\":\"2020-06-27T21:36:10+00:00\",\"dateModified\":\"2020-06-29T17:50:19+00:00\",\"breadcrumb\":{\"@id\":\"https:\/\/piecesalpinea110.com\/fr\/produit\/optique-lp\/#breadcrumb\"},\"inLanguage\":\"fr-FR\",\"potentialAction\":[{\"@type\":\"ReadAction\",\"target\":[\"https:\/\/piecesalpinea110.com\/fr\/produit\/optique-lp\/\"]}]},{\"@type\":\"ImageObject\",\"inLanguage\":\"fr-FR\",\"@id\":\"https:\/\/piecesalpinea110.com\/fr\/produit\/optique-lp\/#primaryimage\",\"url\":\"https:\/\/piecesalpinea110.com\/wp-content\/uploads\/2020\/06\/2020-05-30_103902.png\",\"contentUrl\":\"https:\/\/piecesalpinea110.com\/wp-content\/uploads\/2020\/06\/2020-05-30_103902.png\",\"width\":200,\"height\":200},{\"@type\":\"BreadcrumbList\",\"@id\":\"https:\/\/piecesalpinea110.com\/fr\/produit\/optique-lp\/#breadcrumb\",\"itemListElement\":[{\"@type\":\"ListItem\",\"position\":1,\"name\":\"Home\",\"item\":\"https:\/\/piecesalpinea110.com\/fr\/\"},{\"@type\":\"ListItem\",\"position\":2,\"name\":\"Boutique\",\"item\":\"https:\/\/piecesalpinea110.com\/fr\/boutique\/\"},{\"@type\":\"ListItem\",\"position\":3,\"name\":\"Optique LP\"}]},{\"@type\":\"WebSite\",\"@id\":\"https:\/\/piecesalpinea110.com\/#website\",\"url\":\"https:\/\/piecesalpinea110.com\/\",\"name\":\"Pieces Alpine A110\",\"description\":\"Pieces for Alpine A110\",\"potentialAction\":[{\"@type\":\"SearchAction\",\"target\":{\"@type\":\"EntryPoint\",\"urlTemplate\":\"https:\/\/piecesalpinea110.com\/?s={search_term_string}\"},\"query-input\":{\"@type\":\"PropertyValueSpecification\",\"valueRequired\":true,\"valueName\":\"search_term_string\"}}],\"inLanguage\":\"fr-FR\"}]}<\/script>\n<!-- \/ Yoast SEO plugin. -->","yoast_head_json":{"title":"Optique LP - Pieces Alpine A110","robots":{"index":"index","follow":"follow","max-snippet":"max-snippet:-1","max-image-preview":"max-image-preview:large","max-video-preview":"max-video-preview:-1"},"canonical":"https:\/\/piecesalpinea110.com\/fr\/produit\/optique-lp\/","og_locale":"fr_FR","og_type":"article","og_title":"Optique LP - Pieces Alpine A110","og_description":"Reference: SIM3205 Additionnal high range light Description: Cerclage inox, ampoule 12V H3 PK22s Dia. ext\u00e9rieur 181 mm, profondeur 125 mm Tr\u00e8s similaire au fameux Cibi\u00e9 Oscar, mais fabriqu\u00e9 par un \u00e9quipementier europ\u00e9en r\u00e9put\u00e9. Contient: Une unit\u00e9, sans ampoule","og_url":"https:\/\/piecesalpinea110.com\/fr\/produit\/optique-lp\/","og_site_name":"Pieces Alpine A110","article_modified_time":"2020-06-29T17:50:19+00:00","og_image":[{"width":200,"height":200,"url":"https:\/\/piecesalpinea110.com\/wp-content\/uploads\/2020\/06\/2020-05-30_103902.png","type":"image\/png"}],"twitter_card":"summary_large_image","schema":{"@context":"https:\/\/schema.org","@graph":[{"@type":"WebPage","@id":"https:\/\/piecesalpinea110.com\/fr\/produit\/optique-lp\/","url":"https:\/\/piecesalpinea110.com\/fr\/produit\/optique-lp\/","name":"Optique LP - Pieces Alpine A110","isPartOf":{"@id":"https:\/\/piecesalpinea110.com\/#website"},"primaryImageOfPage":{"@id":"https:\/\/piecesalpinea110.com\/fr\/produit\/optique-lp\/#primaryimage"},"image":{"@id":"https:\/\/piecesalpinea110.com\/fr\/produit\/optique-lp\/#primaryimage"},"thumbnailUrl":"https:\/\/piecesalpinea110.com\/wp-content\/uploads\/2020\/06\/2020-05-30_103902.png","datePublished":"2020-06-27T21:36:10+00:00","dateModified":"2020-06-29T17:50:19+00:00","breadcrumb":{"@id":"https:\/\/piecesalpinea110.com\/fr\/produit\/optique-lp\/#breadcrumb"},"inLanguage":"fr-FR","potentialAction":[{"@type":"ReadAction","target":["https:\/\/piecesalpinea110.com\/fr\/produit\/optique-lp\/"]}]},{"@type":"ImageObject","inLanguage":"fr-FR","@id":"https:\/\/piecesalpinea110.com\/fr\/produit\/optique-lp\/#primaryimage","url":"https:\/\/piecesalpinea110.com\/wp-content\/uploads\/2020\/06\/2020-05-30_103902.png","contentUrl":"https:\/\/piecesalpinea110.com\/wp-content\/uploads\/2020\/06\/2020-05-30_103902.png","width":200,"height":200},{"@type":"BreadcrumbList","@id":"https:\/\/piecesalpinea110.com\/fr\/produit\/optique-lp\/#breadcrumb","itemListElement":[{"@type":"ListItem","position":1,"name":"Home","item":"https:\/\/piecesalpinea110.com\/fr\/"},{"@type":"ListItem","position":2,"name":"Boutique","item":"https:\/\/piecesalpinea110.com\/fr\/boutique\/"},{"@type":"ListItem","position":3,"name":"Optique LP"}]},{"@type":"WebSite","@id":"https:\/\/piecesalpinea110.com\/#website","url":"https:\/\/piecesalpinea110.com\/","name":"Pieces Alpine A110","description":"Pieces for Alpine A110","potentialAction":[{"@type":"SearchAction","target":{"@type":"EntryPoint","urlTemplate":"https:\/\/piecesalpinea110.com\/?s={search_term_string}"},"query-input":{"@type":"PropertyValueSpecification","valueRequired":true,"valueName":"search_term_string"}}],"inLanguage":"fr-FR"}]}},"_links":{"self":[{"href":"https:\/\/piecesalpinea110.com\/fr\/wp-json\/wp\/v2\/product\/6321","targetHints":{"allow":["GET"]}}],"collection":[{"href":"https:\/\/piecesalpinea110.com\/fr\/wp-json\/wp\/v2\/product"}],"about":[{"href":"https:\/\/piecesalpinea110.com\/fr\/wp-json\/wp\/v2\/types\/product"}],"wp:featuredmedia":[{"embeddable":true,"href":"https:\/\/piecesalpinea110.com\/fr\/wp-json\/wp\/v2\/media\/6323"}],"wp:attachment":[{"href":"https:\/\/piecesalpinea110.com\/fr\/wp-json\/wp\/v2\/media?parent=6321"}],"wp:term":[{"taxonomy":"product_brand","embeddable":true,"href":"https:\/\/piecesalpinea110.com\/fr\/wp-json\/wp\/v2\/product_brand?post=6321"},{"taxonomy":"product_cat","embeddable":true,"href":"https:\/\/piecesalpinea110.com\/fr\/wp-json\/wp\/v2\/product_cat?post=6321"},{"taxonomy":"product_tag","embeddable":true,"href":"https:\/\/piecesalpinea110.com\/fr\/wp-json\/wp\/v2\/product_tag?post=6321"}],"curies":[{"name":"wp","href":"https:\/\/api.w.org\/{rel}","templated":true}]}}