{"id":6731,"date":"2020-09-27T23:09:13","date_gmt":"2020-09-27T22:09:14","guid":{"rendered":"https:\/\/piecesalpinea110.com\/?post_type=product&#038;p=6731"},"modified":"2021-03-07T23:48:22","modified_gmt":"2021-03-07T22:48:22","slug":"cable-embrayage-a110-v85","status":"publish","type":"product","link":"https:\/\/piecesalpinea110.com\/fr\/produit\/cable-embrayage-a110-v85\/","title":{"rendered":"Cable embrayage, A110 V85"},"content":{"rendered":"<div class=\"portfolio-item-desc\">\n<div class=\"portfolio-item-desc-inner \" data-collapse-at=\"150\">\n<p><strong>Reference<\/strong>: Lec 6000048165<br \/>\nCable embrayage<br \/>\nLongueur approx. 201,5 cm<br \/>\nFabriqu\u00e9 en France par M. Lecoy<\/p>\n<p><strong>Compatible avec:<\/strong><br \/>\nAlpine A110 1300 V85 derni\u00e8re version<br \/>\nCopie exacte de la ref 60 00 048 165<\/p>\n<p><strong>Contient:<\/strong><br \/>\n1 pi\u00e8ce<\/p>\n<\/div>\n<\/div>\n","protected":false},"excerpt":{"rendered":"<p>Reference: Lec 6000048165 Cable embrayage Longueur approx. 201,5 cm Fabriqu\u00e9 en France par M. Lecoy Compatible avec: Alpine A110 1300 V85 derni\u00e8re version Copie exacte de la ref 60 00 048 165 Contient: 1 pi\u00e8ce<\/p>\n","protected":false},"featured_media":6733,"template":"","meta":{"_et_pb_use_builder":"","_et_pb_old_content":"","_et_gb_content_width":"","_exactmetrics_skip_tracking":false,"_exactmetrics_sitenote_active":false,"_exactmetrics_sitenote_note":"","_exactmetrics_sitenote_category":0},"product_brand":[],"product_cat":[87,184,58,33,162],"product_tag":[],"class_list":{"0":"post-6731","1":"product","2":"type-product","3":"status-publish","4":"has-post-thumbnail","6":"product_cat-derniers-ajouts","7":"product_cat-lecoy-fr","8":"product_cat-produits-exclusifs","9":"product_cat-transmission-fr","10":"product_cat-transmission-et-bv","12":"first","13":"instock","14":"taxable","15":"shipping-taxable","16":"purchasable","17":"product-type-simple"},"yoast_head":"<!-- This site is optimized with the Yoast SEO plugin v27.2 - https:\/\/yoast.com\/product\/yoast-seo-wordpress\/ -->\n<title>Cable embrayage, A110 V85 - Pieces Alpine A110<\/title>\n<meta name=\"robots\" content=\"index, follow, max-snippet:-1, max-image-preview:large, max-video-preview:-1\" \/>\n<link rel=\"canonical\" href=\"https:\/\/piecesalpinea110.com\/fr\/produit\/cable-embrayage-a110-v85\/\" \/>\n<meta property=\"og:locale\" content=\"fr_FR\" \/>\n<meta property=\"og:type\" content=\"article\" \/>\n<meta property=\"og:title\" content=\"Cable embrayage, A110 V85 - Pieces Alpine A110\" \/>\n<meta property=\"og:description\" content=\"Reference: Lec 6000048165 Cable embrayage Longueur approx. 201,5 cm Fabriqu\u00e9 en France par M. Lecoy Compatible avec: Alpine A110 1300 V85 derni\u00e8re version Copie exacte de la ref 60 00 048 165 Contient: 1 pi\u00e8ce\" \/>\n<meta property=\"og:url\" content=\"https:\/\/piecesalpinea110.com\/fr\/produit\/cable-embrayage-a110-v85\/\" \/>\n<meta property=\"og:site_name\" content=\"Pieces Alpine A110\" \/>\n<meta property=\"article:modified_time\" content=\"2021-03-07T22:48:22+00:00\" \/>\n<meta property=\"og:image\" content=\"https:\/\/piecesalpinea110.com\/wp-content\/uploads\/2020\/09\/2020-09-27_235116.png\" \/>\n\t<meta property=\"og:image:width\" content=\"200\" \/>\n\t<meta property=\"og:image:height\" content=\"200\" \/>\n\t<meta property=\"og:image:type\" content=\"image\/png\" \/>\n<meta name=\"twitter:card\" content=\"summary_large_image\" \/>\n<script type=\"application\/ld+json\" class=\"yoast-schema-graph\">{\"@context\":\"https:\/\/schema.org\",\"@graph\":[{\"@type\":\"WebPage\",\"@id\":\"https:\/\/piecesalpinea110.com\/fr\/produit\/cable-embrayage-a110-v85\/\",\"url\":\"https:\/\/piecesalpinea110.com\/fr\/produit\/cable-embrayage-a110-v85\/\",\"name\":\"Cable embrayage, A110 V85 - Pieces Alpine A110\",\"isPartOf\":{\"@id\":\"https:\/\/piecesalpinea110.com\/#website\"},\"primaryImageOfPage\":{\"@id\":\"https:\/\/piecesalpinea110.com\/fr\/produit\/cable-embrayage-a110-v85\/#primaryimage\"},\"image\":{\"@id\":\"https:\/\/piecesalpinea110.com\/fr\/produit\/cable-embrayage-a110-v85\/#primaryimage\"},\"thumbnailUrl\":\"https:\/\/piecesalpinea110.com\/wp-content\/uploads\/2020\/09\/2020-09-27_235116.png\",\"datePublished\":\"2020-09-27T22:09:14+00:00\",\"dateModified\":\"2021-03-07T22:48:22+00:00\",\"breadcrumb\":{\"@id\":\"https:\/\/piecesalpinea110.com\/fr\/produit\/cable-embrayage-a110-v85\/#breadcrumb\"},\"inLanguage\":\"fr-FR\",\"potentialAction\":[{\"@type\":\"ReadAction\",\"target\":[\"https:\/\/piecesalpinea110.com\/fr\/produit\/cable-embrayage-a110-v85\/\"]}]},{\"@type\":\"ImageObject\",\"inLanguage\":\"fr-FR\",\"@id\":\"https:\/\/piecesalpinea110.com\/fr\/produit\/cable-embrayage-a110-v85\/#primaryimage\",\"url\":\"https:\/\/piecesalpinea110.com\/wp-content\/uploads\/2020\/09\/2020-09-27_235116.png\",\"contentUrl\":\"https:\/\/piecesalpinea110.com\/wp-content\/uploads\/2020\/09\/2020-09-27_235116.png\",\"width\":200,\"height\":200},{\"@type\":\"BreadcrumbList\",\"@id\":\"https:\/\/piecesalpinea110.com\/fr\/produit\/cable-embrayage-a110-v85\/#breadcrumb\",\"itemListElement\":[{\"@type\":\"ListItem\",\"position\":1,\"name\":\"Home\",\"item\":\"https:\/\/piecesalpinea110.com\/fr\/\"},{\"@type\":\"ListItem\",\"position\":2,\"name\":\"Boutique\",\"item\":\"https:\/\/piecesalpinea110.com\/fr\/boutique\/\"},{\"@type\":\"ListItem\",\"position\":3,\"name\":\"Cable embrayage, A110 V85\"}]},{\"@type\":\"WebSite\",\"@id\":\"https:\/\/piecesalpinea110.com\/#website\",\"url\":\"https:\/\/piecesalpinea110.com\/\",\"name\":\"Pieces Alpine A110\",\"description\":\"Pieces for Alpine A110\",\"potentialAction\":[{\"@type\":\"SearchAction\",\"target\":{\"@type\":\"EntryPoint\",\"urlTemplate\":\"https:\/\/piecesalpinea110.com\/?s={search_term_string}\"},\"query-input\":{\"@type\":\"PropertyValueSpecification\",\"valueRequired\":true,\"valueName\":\"search_term_string\"}}],\"inLanguage\":\"fr-FR\"}]}<\/script>\n<!-- \/ Yoast SEO plugin. -->","yoast_head_json":{"title":"Cable embrayage, A110 V85 - Pieces Alpine A110","robots":{"index":"index","follow":"follow","max-snippet":"max-snippet:-1","max-image-preview":"max-image-preview:large","max-video-preview":"max-video-preview:-1"},"canonical":"https:\/\/piecesalpinea110.com\/fr\/produit\/cable-embrayage-a110-v85\/","og_locale":"fr_FR","og_type":"article","og_title":"Cable embrayage, A110 V85 - Pieces Alpine A110","og_description":"Reference: Lec 6000048165 Cable embrayage Longueur approx. 201,5 cm Fabriqu\u00e9 en France par M. Lecoy Compatible avec: Alpine A110 1300 V85 derni\u00e8re version Copie exacte de la ref 60 00 048 165 Contient: 1 pi\u00e8ce","og_url":"https:\/\/piecesalpinea110.com\/fr\/produit\/cable-embrayage-a110-v85\/","og_site_name":"Pieces Alpine A110","article_modified_time":"2021-03-07T22:48:22+00:00","og_image":[{"width":200,"height":200,"url":"https:\/\/piecesalpinea110.com\/wp-content\/uploads\/2020\/09\/2020-09-27_235116.png","type":"image\/png"}],"twitter_card":"summary_large_image","schema":{"@context":"https:\/\/schema.org","@graph":[{"@type":"WebPage","@id":"https:\/\/piecesalpinea110.com\/fr\/produit\/cable-embrayage-a110-v85\/","url":"https:\/\/piecesalpinea110.com\/fr\/produit\/cable-embrayage-a110-v85\/","name":"Cable embrayage, A110 V85 - Pieces Alpine A110","isPartOf":{"@id":"https:\/\/piecesalpinea110.com\/#website"},"primaryImageOfPage":{"@id":"https:\/\/piecesalpinea110.com\/fr\/produit\/cable-embrayage-a110-v85\/#primaryimage"},"image":{"@id":"https:\/\/piecesalpinea110.com\/fr\/produit\/cable-embrayage-a110-v85\/#primaryimage"},"thumbnailUrl":"https:\/\/piecesalpinea110.com\/wp-content\/uploads\/2020\/09\/2020-09-27_235116.png","datePublished":"2020-09-27T22:09:14+00:00","dateModified":"2021-03-07T22:48:22+00:00","breadcrumb":{"@id":"https:\/\/piecesalpinea110.com\/fr\/produit\/cable-embrayage-a110-v85\/#breadcrumb"},"inLanguage":"fr-FR","potentialAction":[{"@type":"ReadAction","target":["https:\/\/piecesalpinea110.com\/fr\/produit\/cable-embrayage-a110-v85\/"]}]},{"@type":"ImageObject","inLanguage":"fr-FR","@id":"https:\/\/piecesalpinea110.com\/fr\/produit\/cable-embrayage-a110-v85\/#primaryimage","url":"https:\/\/piecesalpinea110.com\/wp-content\/uploads\/2020\/09\/2020-09-27_235116.png","contentUrl":"https:\/\/piecesalpinea110.com\/wp-content\/uploads\/2020\/09\/2020-09-27_235116.png","width":200,"height":200},{"@type":"BreadcrumbList","@id":"https:\/\/piecesalpinea110.com\/fr\/produit\/cable-embrayage-a110-v85\/#breadcrumb","itemListElement":[{"@type":"ListItem","position":1,"name":"Home","item":"https:\/\/piecesalpinea110.com\/fr\/"},{"@type":"ListItem","position":2,"name":"Boutique","item":"https:\/\/piecesalpinea110.com\/fr\/boutique\/"},{"@type":"ListItem","position":3,"name":"Cable embrayage, A110 V85"}]},{"@type":"WebSite","@id":"https:\/\/piecesalpinea110.com\/#website","url":"https:\/\/piecesalpinea110.com\/","name":"Pieces Alpine A110","description":"Pieces for Alpine A110","potentialAction":[{"@type":"SearchAction","target":{"@type":"EntryPoint","urlTemplate":"https:\/\/piecesalpinea110.com\/?s={search_term_string}"},"query-input":{"@type":"PropertyValueSpecification","valueRequired":true,"valueName":"search_term_string"}}],"inLanguage":"fr-FR"}]}},"_links":{"self":[{"href":"https:\/\/piecesalpinea110.com\/fr\/wp-json\/wp\/v2\/product\/6731","targetHints":{"allow":["GET"]}}],"collection":[{"href":"https:\/\/piecesalpinea110.com\/fr\/wp-json\/wp\/v2\/product"}],"about":[{"href":"https:\/\/piecesalpinea110.com\/fr\/wp-json\/wp\/v2\/types\/product"}],"wp:featuredmedia":[{"embeddable":true,"href":"https:\/\/piecesalpinea110.com\/fr\/wp-json\/wp\/v2\/media\/6733"}],"wp:attachment":[{"href":"https:\/\/piecesalpinea110.com\/fr\/wp-json\/wp\/v2\/media?parent=6731"}],"wp:term":[{"taxonomy":"product_brand","embeddable":true,"href":"https:\/\/piecesalpinea110.com\/fr\/wp-json\/wp\/v2\/product_brand?post=6731"},{"taxonomy":"product_cat","embeddable":true,"href":"https:\/\/piecesalpinea110.com\/fr\/wp-json\/wp\/v2\/product_cat?post=6731"},{"taxonomy":"product_tag","embeddable":true,"href":"https:\/\/piecesalpinea110.com\/fr\/wp-json\/wp\/v2\/product_tag?post=6731"}],"curies":[{"name":"wp","href":"https:\/\/api.w.org\/{rel}","templated":true}]}}