{"id":6753,"date":"2020-09-28T01:46:19","date_gmt":"2020-09-28T00:46:20","guid":{"rendered":"https:\/\/piecesalpinea110.com\/?post_type=product&#038;p=6753"},"modified":"2021-03-07T23:13:19","modified_gmt":"2021-03-07T22:13:19","slug":"cable-frein-caravelle","status":"publish","type":"product","link":"https:\/\/piecesalpinea110.com\/fr\/produit\/cable-frein-caravelle\/","title":{"rendered":"Cable frein, Caravelle"},"content":{"rendered":"<div class=\"portfolio-item-desc\">\n<div class=\"portfolio-item-desc-inner \" data-collapse-at=\"150\">\n<p><strong>Reference<\/strong>: Lec 33058 <br \/>Cable de frein secondaire <br \/>Longueur approx. 188 cm <br \/>Fabriqu\u00e9 en France par M. Lecoy<\/p>\n<p><strong>Compatible avec:<br \/><\/strong> Dauphine R1094 &amp; R1095 (freins \u00e0 tambours)<br \/>Renault 8 R1130 (1er montage)<br \/>Floride R1131 -&gt;ch.372240<br \/>Caravelle R1132 -&gt;ch.205187<br \/>Correspond \u00e0 ref 8551733<\/p>\n<p><strong>Contient:<\/strong> <br \/>1 pi\u00e8ce<\/p>\n<\/div>\n<\/div>\n","protected":false},"excerpt":{"rendered":"<p>Reference: Lec 33058 Cable de frein secondaire Longueur approx. 188 cm Fabriqu\u00e9 en France par M. Lecoy Compatible avec: Dauphine R1094 &amp; R1095 (freins \u00e0 tambours)Renault 8 R1130 (1er montage)Floride R1131 -&gt;ch.372240Caravelle R1132 -&gt;ch.205187Correspond \u00e0 ref 8551733 Contient: 1 pi\u00e8ce<\/p>\n","protected":false},"featured_media":6755,"template":"","meta":{"_et_pb_use_builder":"","_et_pb_old_content":"","_et_gb_content_width":"","_exactmetrics_skip_tracking":false,"_exactmetrics_sitenote_active":false,"_exactmetrics_sitenote_note":"","_exactmetrics_sitenote_category":0},"product_brand":[],"product_cat":[87,145,184],"product_tag":[],"class_list":{"0":"post-6753","1":"product","2":"type-product","3":"status-publish","4":"has-post-thumbnail","6":"product_cat-derniers-ajouts","7":"product_cat-frenage","8":"product_cat-lecoy-fr","10":"first","11":"instock","12":"taxable","13":"shipping-taxable","14":"purchasable","15":"product-type-simple"},"yoast_head":"<!-- This site is optimized with the Yoast SEO plugin v27.2 - https:\/\/yoast.com\/product\/yoast-seo-wordpress\/ -->\n<title>Cable frein, Caravelle - Pieces Alpine A110<\/title>\n<meta name=\"robots\" content=\"index, follow, max-snippet:-1, max-image-preview:large, max-video-preview:-1\" \/>\n<link rel=\"canonical\" href=\"https:\/\/piecesalpinea110.com\/fr\/produit\/cable-frein-caravelle\/\" \/>\n<meta property=\"og:locale\" content=\"fr_FR\" \/>\n<meta property=\"og:type\" content=\"article\" \/>\n<meta property=\"og:title\" content=\"Cable frein, Caravelle - Pieces Alpine A110\" \/>\n<meta property=\"og:description\" content=\"Reference: Lec 33058 Cable de frein secondaire Longueur approx. 188 cm Fabriqu\u00e9 en France par M. Lecoy Compatible avec: Dauphine R1094 &amp; R1095 (freins \u00e0 tambours)Renault 8 R1130 (1er montage)Floride R1131 -&gt;ch.372240Caravelle R1132 -&gt;ch.205187Correspond \u00e0 ref 8551733 Contient: 1 pi\u00e8ce\" \/>\n<meta property=\"og:url\" content=\"https:\/\/piecesalpinea110.com\/fr\/produit\/cable-frein-caravelle\/\" \/>\n<meta property=\"og:site_name\" content=\"Pieces Alpine A110\" \/>\n<meta property=\"article:modified_time\" content=\"2021-03-07T22:13:19+00:00\" \/>\n<meta property=\"og:image\" content=\"https:\/\/piecesalpinea110.com\/wp-content\/uploads\/2020\/09\/2020-09-28_154155.png\" \/>\n\t<meta property=\"og:image:width\" content=\"200\" \/>\n\t<meta property=\"og:image:height\" content=\"200\" \/>\n\t<meta property=\"og:image:type\" content=\"image\/png\" \/>\n<meta name=\"twitter:card\" content=\"summary_large_image\" \/>\n<script type=\"application\/ld+json\" class=\"yoast-schema-graph\">{\"@context\":\"https:\/\/schema.org\",\"@graph\":[{\"@type\":\"WebPage\",\"@id\":\"https:\/\/piecesalpinea110.com\/fr\/produit\/cable-frein-caravelle\/\",\"url\":\"https:\/\/piecesalpinea110.com\/fr\/produit\/cable-frein-caravelle\/\",\"name\":\"Cable frein, Caravelle - Pieces Alpine A110\",\"isPartOf\":{\"@id\":\"https:\/\/piecesalpinea110.com\/#website\"},\"primaryImageOfPage\":{\"@id\":\"https:\/\/piecesalpinea110.com\/fr\/produit\/cable-frein-caravelle\/#primaryimage\"},\"image\":{\"@id\":\"https:\/\/piecesalpinea110.com\/fr\/produit\/cable-frein-caravelle\/#primaryimage\"},\"thumbnailUrl\":\"https:\/\/piecesalpinea110.com\/wp-content\/uploads\/2020\/09\/2020-09-28_154155.png\",\"datePublished\":\"2020-09-28T00:46:20+00:00\",\"dateModified\":\"2021-03-07T22:13:19+00:00\",\"breadcrumb\":{\"@id\":\"https:\/\/piecesalpinea110.com\/fr\/produit\/cable-frein-caravelle\/#breadcrumb\"},\"inLanguage\":\"fr-FR\",\"potentialAction\":[{\"@type\":\"ReadAction\",\"target\":[\"https:\/\/piecesalpinea110.com\/fr\/produit\/cable-frein-caravelle\/\"]}]},{\"@type\":\"ImageObject\",\"inLanguage\":\"fr-FR\",\"@id\":\"https:\/\/piecesalpinea110.com\/fr\/produit\/cable-frein-caravelle\/#primaryimage\",\"url\":\"https:\/\/piecesalpinea110.com\/wp-content\/uploads\/2020\/09\/2020-09-28_154155.png\",\"contentUrl\":\"https:\/\/piecesalpinea110.com\/wp-content\/uploads\/2020\/09\/2020-09-28_154155.png\",\"width\":200,\"height\":200},{\"@type\":\"BreadcrumbList\",\"@id\":\"https:\/\/piecesalpinea110.com\/fr\/produit\/cable-frein-caravelle\/#breadcrumb\",\"itemListElement\":[{\"@type\":\"ListItem\",\"position\":1,\"name\":\"Home\",\"item\":\"https:\/\/piecesalpinea110.com\/fr\/\"},{\"@type\":\"ListItem\",\"position\":2,\"name\":\"Boutique\",\"item\":\"https:\/\/piecesalpinea110.com\/fr\/boutique\/\"},{\"@type\":\"ListItem\",\"position\":3,\"name\":\"Cable frein, Caravelle\"}]},{\"@type\":\"WebSite\",\"@id\":\"https:\/\/piecesalpinea110.com\/#website\",\"url\":\"https:\/\/piecesalpinea110.com\/\",\"name\":\"Pieces Alpine A110\",\"description\":\"Pieces for Alpine A110\",\"potentialAction\":[{\"@type\":\"SearchAction\",\"target\":{\"@type\":\"EntryPoint\",\"urlTemplate\":\"https:\/\/piecesalpinea110.com\/?s={search_term_string}\"},\"query-input\":{\"@type\":\"PropertyValueSpecification\",\"valueRequired\":true,\"valueName\":\"search_term_string\"}}],\"inLanguage\":\"fr-FR\"}]}<\/script>\n<!-- \/ Yoast SEO plugin. -->","yoast_head_json":{"title":"Cable frein, Caravelle - Pieces Alpine A110","robots":{"index":"index","follow":"follow","max-snippet":"max-snippet:-1","max-image-preview":"max-image-preview:large","max-video-preview":"max-video-preview:-1"},"canonical":"https:\/\/piecesalpinea110.com\/fr\/produit\/cable-frein-caravelle\/","og_locale":"fr_FR","og_type":"article","og_title":"Cable frein, Caravelle - Pieces Alpine A110","og_description":"Reference: Lec 33058 Cable de frein secondaire Longueur approx. 188 cm Fabriqu\u00e9 en France par M. Lecoy Compatible avec: Dauphine R1094 &amp; R1095 (freins \u00e0 tambours)Renault 8 R1130 (1er montage)Floride R1131 -&gt;ch.372240Caravelle R1132 -&gt;ch.205187Correspond \u00e0 ref 8551733 Contient: 1 pi\u00e8ce","og_url":"https:\/\/piecesalpinea110.com\/fr\/produit\/cable-frein-caravelle\/","og_site_name":"Pieces Alpine A110","article_modified_time":"2021-03-07T22:13:19+00:00","og_image":[{"width":200,"height":200,"url":"https:\/\/piecesalpinea110.com\/wp-content\/uploads\/2020\/09\/2020-09-28_154155.png","type":"image\/png"}],"twitter_card":"summary_large_image","schema":{"@context":"https:\/\/schema.org","@graph":[{"@type":"WebPage","@id":"https:\/\/piecesalpinea110.com\/fr\/produit\/cable-frein-caravelle\/","url":"https:\/\/piecesalpinea110.com\/fr\/produit\/cable-frein-caravelle\/","name":"Cable frein, Caravelle - Pieces Alpine A110","isPartOf":{"@id":"https:\/\/piecesalpinea110.com\/#website"},"primaryImageOfPage":{"@id":"https:\/\/piecesalpinea110.com\/fr\/produit\/cable-frein-caravelle\/#primaryimage"},"image":{"@id":"https:\/\/piecesalpinea110.com\/fr\/produit\/cable-frein-caravelle\/#primaryimage"},"thumbnailUrl":"https:\/\/piecesalpinea110.com\/wp-content\/uploads\/2020\/09\/2020-09-28_154155.png","datePublished":"2020-09-28T00:46:20+00:00","dateModified":"2021-03-07T22:13:19+00:00","breadcrumb":{"@id":"https:\/\/piecesalpinea110.com\/fr\/produit\/cable-frein-caravelle\/#breadcrumb"},"inLanguage":"fr-FR","potentialAction":[{"@type":"ReadAction","target":["https:\/\/piecesalpinea110.com\/fr\/produit\/cable-frein-caravelle\/"]}]},{"@type":"ImageObject","inLanguage":"fr-FR","@id":"https:\/\/piecesalpinea110.com\/fr\/produit\/cable-frein-caravelle\/#primaryimage","url":"https:\/\/piecesalpinea110.com\/wp-content\/uploads\/2020\/09\/2020-09-28_154155.png","contentUrl":"https:\/\/piecesalpinea110.com\/wp-content\/uploads\/2020\/09\/2020-09-28_154155.png","width":200,"height":200},{"@type":"BreadcrumbList","@id":"https:\/\/piecesalpinea110.com\/fr\/produit\/cable-frein-caravelle\/#breadcrumb","itemListElement":[{"@type":"ListItem","position":1,"name":"Home","item":"https:\/\/piecesalpinea110.com\/fr\/"},{"@type":"ListItem","position":2,"name":"Boutique","item":"https:\/\/piecesalpinea110.com\/fr\/boutique\/"},{"@type":"ListItem","position":3,"name":"Cable frein, Caravelle"}]},{"@type":"WebSite","@id":"https:\/\/piecesalpinea110.com\/#website","url":"https:\/\/piecesalpinea110.com\/","name":"Pieces Alpine A110","description":"Pieces for Alpine A110","potentialAction":[{"@type":"SearchAction","target":{"@type":"EntryPoint","urlTemplate":"https:\/\/piecesalpinea110.com\/?s={search_term_string}"},"query-input":{"@type":"PropertyValueSpecification","valueRequired":true,"valueName":"search_term_string"}}],"inLanguage":"fr-FR"}]}},"_links":{"self":[{"href":"https:\/\/piecesalpinea110.com\/fr\/wp-json\/wp\/v2\/product\/6753","targetHints":{"allow":["GET"]}}],"collection":[{"href":"https:\/\/piecesalpinea110.com\/fr\/wp-json\/wp\/v2\/product"}],"about":[{"href":"https:\/\/piecesalpinea110.com\/fr\/wp-json\/wp\/v2\/types\/product"}],"wp:featuredmedia":[{"embeddable":true,"href":"https:\/\/piecesalpinea110.com\/fr\/wp-json\/wp\/v2\/media\/6755"}],"wp:attachment":[{"href":"https:\/\/piecesalpinea110.com\/fr\/wp-json\/wp\/v2\/media?parent=6753"}],"wp:term":[{"taxonomy":"product_brand","embeddable":true,"href":"https:\/\/piecesalpinea110.com\/fr\/wp-json\/wp\/v2\/product_brand?post=6753"},{"taxonomy":"product_cat","embeddable":true,"href":"https:\/\/piecesalpinea110.com\/fr\/wp-json\/wp\/v2\/product_cat?post=6753"},{"taxonomy":"product_tag","embeddable":true,"href":"https:\/\/piecesalpinea110.com\/fr\/wp-json\/wp\/v2\/product_tag?post=6753"}],"curies":[{"name":"wp","href":"https:\/\/api.w.org\/{rel}","templated":true}]}}