{"id":6800,"date":"2020-10-03T14:06:26","date_gmt":"2020-10-03T13:06:27","guid":{"rendered":"https:\/\/piecesalpinea110.com\/?post_type=product&#038;p=6800"},"modified":"2024-10-07T10:32:56","modified_gmt":"2024-10-07T09:32:56","slug":"croisillons-bv-353","status":"publish","type":"product","link":"https:\/\/piecesalpinea110.com\/fr\/produit\/croisillons-bv-353\/","title":{"rendered":"Croisillons BV 353 rallye"},"content":{"rendered":"<div class=\"portfolio-item-desc\">\n<div class=\"portfolio-item-desc-inner \" data-collapse-at=\"150\">\n<p><strong>Reference<\/strong>: CROISMIXTE<br \/>\nCroisillons\u00a0pour (petits) arbres de transmission origine et sortie de bo\u00eete renforc\u00e9e type BV 353 rallye (ou diff\u00e9rentiel modifi\u00e9, par ex. de type 385)<\/p>\n<p><strong>Compatible avec:<\/strong><br \/>\nAlpine A110 \u00e0 bras oscillants (trompettes), Alpine Fasa<br \/>\nRenault 8 &amp; 10, Renault 8 Gordini, Renault Dauphine<\/p>\n<p><strong>Description:<\/strong><br \/>\nFabriqu\u00e9 en acier 18CrNiMo7-6 (1.6587)<br \/>\nUsinage CNC afin d&rsquo;obtenir des tol\u00e9rances minimales et un bon \u00e9tat de surface<br \/>\nSe monte sur le syst\u00e8me d\u2019origine sans aucune modification<br \/>\nPlusieurs traitements thermiques afin d&rsquo;obtenir la duret\u00e9 et les propri\u00e9t\u00e9s voulues<br \/>\nUsin\u00e9 avec pr\u00e9cision sur toutes les surfaces d&rsquo;\u00e9tanch\u00e9it\u00e9 et d&rsquo;appui<br \/>\nCroisillon de haute qualit\u00e9 \u00e9quip\u00e9 de clips Spirolox<br \/>\nQualit\u00e9 et r\u00e9sistance aux couples sup\u00e9rieures aux pi\u00e8ces d&rsquo;origine<br \/>\nAngle de travail maximal 13,5\u00b0<br \/>\nCon\u00e7u pour permettre l&rsquo;installation de roulements \u00e0 aiguilles \u00e0 l&rsquo;int\u00e9rieur de l&rsquo;essieu pivotant (si souhait\u00e9)<br \/>\nSont livr\u00e9s dans des caisses en bois et recouverts de manchons de protection antirouille.<\/p>\n<p><strong>Contient:<\/strong><br \/>\n2 croisillons<\/p>\n<p><strong>Note:<\/strong> nous fabriquons ces pi\u00e8ces en s\u00e9rie limit\u00e9e, suite au choix rigoureux de la qualit\u00e9 de l&rsquo;acier et des processus multiples d&rsquo;usinage et de traitement, ainsi que le contr\u00f4le qualit\u00e9. D\u00e8s lors nous ne pouvons pas garantir leur disponibilit\u00e9 constante. Veuillez toujours v\u00e9rifier le jeu avec vos arbres.<\/p>\n<\/div>\n<\/div>\n","protected":false},"excerpt":{"rendered":"<p>Reference: CROISMIXTE Croisillons\u00a0pour (petits) arbres de transmission origine et sortie de bo\u00eete renforc\u00e9e type BV 353 rallye (ou diff\u00e9rentiel modifi\u00e9, par ex. de type 385) Compatible avec: Alpine A110 \u00e0 bras oscillants (trompettes), Alpine Fasa Renault 8 &amp; 10, Renault 8 Gordini, Renault Dauphine Description: Fabriqu\u00e9 en acier 18CrNiMo7-6 (1.6587) Usinage CNC afin d&rsquo;obtenir des [&hellip;]<\/p>\n","protected":false},"featured_media":6176,"template":"","meta":{"_et_pb_use_builder":"","_et_pb_old_content":"","_et_gb_content_width":"","_exactmetrics_skip_tracking":false,"_exactmetrics_sitenote_active":false,"_exactmetrics_sitenote_note":"","_exactmetrics_sitenote_category":0},"product_brand":[],"product_cat":[58,33],"product_tag":[],"class_list":{"0":"post-6800","1":"product","2":"type-product","3":"status-publish","4":"has-post-thumbnail","6":"product_cat-produits-exclusifs","7":"product_cat-transmission-fr","9":"first","10":"instock","11":"taxable","12":"shipping-taxable","13":"purchasable","14":"product-type-simple"},"yoast_head":"<!-- This site is optimized with the Yoast SEO plugin v27.2 - https:\/\/yoast.com\/product\/yoast-seo-wordpress\/ -->\n<title>Croisillons BV 353 rallye - Pieces Alpine A110<\/title>\n<meta name=\"robots\" content=\"index, follow, max-snippet:-1, max-image-preview:large, max-video-preview:-1\" \/>\n<link rel=\"canonical\" href=\"https:\/\/piecesalpinea110.com\/fr\/produit\/croisillons-bv-353\/\" \/>\n<meta property=\"og:locale\" content=\"fr_FR\" \/>\n<meta property=\"og:type\" content=\"article\" \/>\n<meta property=\"og:title\" content=\"Croisillons BV 353 rallye - Pieces Alpine A110\" \/>\n<meta property=\"og:description\" content=\"Reference: CROISMIXTE Croisillons\u00a0pour (petits) arbres de transmission origine et sortie de bo\u00eete renforc\u00e9e type BV 353 rallye (ou diff\u00e9rentiel modifi\u00e9, par ex. de type 385) Compatible avec: Alpine A110 \u00e0 bras oscillants (trompettes), Alpine Fasa Renault 8 &amp; 10, Renault 8 Gordini, Renault Dauphine Description: Fabriqu\u00e9 en acier 18CrNiMo7-6 (1.6587) Usinage CNC afin d&rsquo;obtenir des [&hellip;]\" \/>\n<meta property=\"og:url\" content=\"https:\/\/piecesalpinea110.com\/fr\/produit\/croisillons-bv-353\/\" \/>\n<meta property=\"og:site_name\" content=\"Pieces Alpine A110\" \/>\n<meta property=\"article:modified_time\" content=\"2024-10-07T09:32:56+00:00\" \/>\n<meta property=\"og:image\" content=\"https:\/\/piecesalpinea110.com\/wp-content\/uploads\/2019\/03\/2020-06-02_001455.png\" \/>\n\t<meta property=\"og:image:width\" content=\"200\" \/>\n\t<meta property=\"og:image:height\" content=\"200\" \/>\n\t<meta property=\"og:image:type\" content=\"image\/png\" \/>\n<meta name=\"twitter:card\" content=\"summary_large_image\" \/>\n<meta name=\"twitter:label1\" content=\"Dur\u00e9e de lecture estim\u00e9e\" \/>\n\t<meta name=\"twitter:data1\" content=\"1 minute\" \/>\n<script type=\"application\/ld+json\" class=\"yoast-schema-graph\">{\"@context\":\"https:\/\/schema.org\",\"@graph\":[{\"@type\":\"WebPage\",\"@id\":\"https:\/\/piecesalpinea110.com\/fr\/produit\/croisillons-bv-353\/\",\"url\":\"https:\/\/piecesalpinea110.com\/fr\/produit\/croisillons-bv-353\/\",\"name\":\"Croisillons BV 353 rallye - Pieces Alpine A110\",\"isPartOf\":{\"@id\":\"https:\/\/piecesalpinea110.com\/#website\"},\"primaryImageOfPage\":{\"@id\":\"https:\/\/piecesalpinea110.com\/fr\/produit\/croisillons-bv-353\/#primaryimage\"},\"image\":{\"@id\":\"https:\/\/piecesalpinea110.com\/fr\/produit\/croisillons-bv-353\/#primaryimage\"},\"thumbnailUrl\":\"https:\/\/piecesalpinea110.com\/wp-content\/uploads\/2019\/03\/2020-06-02_001455.png\",\"datePublished\":\"2020-10-03T13:06:27+00:00\",\"dateModified\":\"2024-10-07T09:32:56+00:00\",\"breadcrumb\":{\"@id\":\"https:\/\/piecesalpinea110.com\/fr\/produit\/croisillons-bv-353\/#breadcrumb\"},\"inLanguage\":\"fr-FR\",\"potentialAction\":[{\"@type\":\"ReadAction\",\"target\":[\"https:\/\/piecesalpinea110.com\/fr\/produit\/croisillons-bv-353\/\"]}]},{\"@type\":\"ImageObject\",\"inLanguage\":\"fr-FR\",\"@id\":\"https:\/\/piecesalpinea110.com\/fr\/produit\/croisillons-bv-353\/#primaryimage\",\"url\":\"https:\/\/piecesalpinea110.com\/wp-content\/uploads\/2019\/03\/2020-06-02_001455.png\",\"contentUrl\":\"https:\/\/piecesalpinea110.com\/wp-content\/uploads\/2019\/03\/2020-06-02_001455.png\",\"width\":200,\"height\":200},{\"@type\":\"BreadcrumbList\",\"@id\":\"https:\/\/piecesalpinea110.com\/fr\/produit\/croisillons-bv-353\/#breadcrumb\",\"itemListElement\":[{\"@type\":\"ListItem\",\"position\":1,\"name\":\"Home\",\"item\":\"https:\/\/piecesalpinea110.com\/fr\/\"},{\"@type\":\"ListItem\",\"position\":2,\"name\":\"Boutique\",\"item\":\"https:\/\/piecesalpinea110.com\/fr\/boutique\/\"},{\"@type\":\"ListItem\",\"position\":3,\"name\":\"Croisillons BV 353 rallye\"}]},{\"@type\":\"WebSite\",\"@id\":\"https:\/\/piecesalpinea110.com\/#website\",\"url\":\"https:\/\/piecesalpinea110.com\/\",\"name\":\"Pieces Alpine A110\",\"description\":\"Pieces for Alpine A110\",\"potentialAction\":[{\"@type\":\"SearchAction\",\"target\":{\"@type\":\"EntryPoint\",\"urlTemplate\":\"https:\/\/piecesalpinea110.com\/?s={search_term_string}\"},\"query-input\":{\"@type\":\"PropertyValueSpecification\",\"valueRequired\":true,\"valueName\":\"search_term_string\"}}],\"inLanguage\":\"fr-FR\"}]}<\/script>\n<!-- \/ Yoast SEO plugin. -->","yoast_head_json":{"title":"Croisillons BV 353 rallye - Pieces Alpine A110","robots":{"index":"index","follow":"follow","max-snippet":"max-snippet:-1","max-image-preview":"max-image-preview:large","max-video-preview":"max-video-preview:-1"},"canonical":"https:\/\/piecesalpinea110.com\/fr\/produit\/croisillons-bv-353\/","og_locale":"fr_FR","og_type":"article","og_title":"Croisillons BV 353 rallye - Pieces Alpine A110","og_description":"Reference: CROISMIXTE Croisillons\u00a0pour (petits) arbres de transmission origine et sortie de bo\u00eete renforc\u00e9e type BV 353 rallye (ou diff\u00e9rentiel modifi\u00e9, par ex. de type 385) Compatible avec: Alpine A110 \u00e0 bras oscillants (trompettes), Alpine Fasa Renault 8 &amp; 10, Renault 8 Gordini, Renault Dauphine Description: Fabriqu\u00e9 en acier 18CrNiMo7-6 (1.6587) Usinage CNC afin d&rsquo;obtenir des [&hellip;]","og_url":"https:\/\/piecesalpinea110.com\/fr\/produit\/croisillons-bv-353\/","og_site_name":"Pieces Alpine A110","article_modified_time":"2024-10-07T09:32:56+00:00","og_image":[{"width":200,"height":200,"url":"https:\/\/piecesalpinea110.com\/wp-content\/uploads\/2019\/03\/2020-06-02_001455.png","type":"image\/png"}],"twitter_card":"summary_large_image","twitter_misc":{"Dur\u00e9e de lecture estim\u00e9e":"1 minute"},"schema":{"@context":"https:\/\/schema.org","@graph":[{"@type":"WebPage","@id":"https:\/\/piecesalpinea110.com\/fr\/produit\/croisillons-bv-353\/","url":"https:\/\/piecesalpinea110.com\/fr\/produit\/croisillons-bv-353\/","name":"Croisillons BV 353 rallye - Pieces Alpine A110","isPartOf":{"@id":"https:\/\/piecesalpinea110.com\/#website"},"primaryImageOfPage":{"@id":"https:\/\/piecesalpinea110.com\/fr\/produit\/croisillons-bv-353\/#primaryimage"},"image":{"@id":"https:\/\/piecesalpinea110.com\/fr\/produit\/croisillons-bv-353\/#primaryimage"},"thumbnailUrl":"https:\/\/piecesalpinea110.com\/wp-content\/uploads\/2019\/03\/2020-06-02_001455.png","datePublished":"2020-10-03T13:06:27+00:00","dateModified":"2024-10-07T09:32:56+00:00","breadcrumb":{"@id":"https:\/\/piecesalpinea110.com\/fr\/produit\/croisillons-bv-353\/#breadcrumb"},"inLanguage":"fr-FR","potentialAction":[{"@type":"ReadAction","target":["https:\/\/piecesalpinea110.com\/fr\/produit\/croisillons-bv-353\/"]}]},{"@type":"ImageObject","inLanguage":"fr-FR","@id":"https:\/\/piecesalpinea110.com\/fr\/produit\/croisillons-bv-353\/#primaryimage","url":"https:\/\/piecesalpinea110.com\/wp-content\/uploads\/2019\/03\/2020-06-02_001455.png","contentUrl":"https:\/\/piecesalpinea110.com\/wp-content\/uploads\/2019\/03\/2020-06-02_001455.png","width":200,"height":200},{"@type":"BreadcrumbList","@id":"https:\/\/piecesalpinea110.com\/fr\/produit\/croisillons-bv-353\/#breadcrumb","itemListElement":[{"@type":"ListItem","position":1,"name":"Home","item":"https:\/\/piecesalpinea110.com\/fr\/"},{"@type":"ListItem","position":2,"name":"Boutique","item":"https:\/\/piecesalpinea110.com\/fr\/boutique\/"},{"@type":"ListItem","position":3,"name":"Croisillons BV 353 rallye"}]},{"@type":"WebSite","@id":"https:\/\/piecesalpinea110.com\/#website","url":"https:\/\/piecesalpinea110.com\/","name":"Pieces Alpine A110","description":"Pieces for Alpine A110","potentialAction":[{"@type":"SearchAction","target":{"@type":"EntryPoint","urlTemplate":"https:\/\/piecesalpinea110.com\/?s={search_term_string}"},"query-input":{"@type":"PropertyValueSpecification","valueRequired":true,"valueName":"search_term_string"}}],"inLanguage":"fr-FR"}]}},"_links":{"self":[{"href":"https:\/\/piecesalpinea110.com\/fr\/wp-json\/wp\/v2\/product\/6800","targetHints":{"allow":["GET"]}}],"collection":[{"href":"https:\/\/piecesalpinea110.com\/fr\/wp-json\/wp\/v2\/product"}],"about":[{"href":"https:\/\/piecesalpinea110.com\/fr\/wp-json\/wp\/v2\/types\/product"}],"wp:featuredmedia":[{"embeddable":true,"href":"https:\/\/piecesalpinea110.com\/fr\/wp-json\/wp\/v2\/media\/6176"}],"wp:attachment":[{"href":"https:\/\/piecesalpinea110.com\/fr\/wp-json\/wp\/v2\/media?parent=6800"}],"wp:term":[{"taxonomy":"product_brand","embeddable":true,"href":"https:\/\/piecesalpinea110.com\/fr\/wp-json\/wp\/v2\/product_brand?post=6800"},{"taxonomy":"product_cat","embeddable":true,"href":"https:\/\/piecesalpinea110.com\/fr\/wp-json\/wp\/v2\/product_cat?post=6800"},{"taxonomy":"product_tag","embeddable":true,"href":"https:\/\/piecesalpinea110.com\/fr\/wp-json\/wp\/v2\/product_tag?post=6800"}],"curies":[{"name":"wp","href":"https:\/\/api.w.org\/{rel}","templated":true}]}}