{"id":7921,"date":"2023-01-29T18:31:33","date_gmt":"2023-01-29T17:31:34","guid":{"rendered":"https:\/\/piecesalpinea110.com\/?post_type=product&#038;p=7921"},"modified":"2023-01-29T18:38:44","modified_gmt":"2023-01-29T17:38:44","slug":"boulons-m7-3","status":"publish","type":"product","link":"https:\/\/piecesalpinea110.com\/fr\/produit\/boulons-m7-3\/","title":{"rendered":"Boulons M7 (3)"},"content":{"rendered":"<div><strong>Reference:<\/strong> M7FT3<\/div>\n<p>Boulons M7 filetage partiel<\/p>\n<div>\u00a0<\/div>\n<div><strong><strong>Description:<\/strong><\/strong><\/p>\n<ul>\n<li>Boulons d&rsquo;origine Dacia, cahier des charges constructeur (stock d&rsquo;\u00e9poque)<\/li>\n<li>Duret\u00e9 8.8, zingu\u00e9s.<\/li>\n<li>A choisir entre 5 longueurs<\/li>\n<\/ul>\n<\/div>\n<div>\u00a0<\/div>\n<div><strong>Compatibilit\u00e9:<\/strong><\/div>\n<p>beaucoup d&rsquo;applications Dacia \/ Renault<\/p>\n<p>&nbsp;<\/p>\n<div>*Prix pour un boulon<\/div>\n","protected":false},"excerpt":{"rendered":"<p>Reference: M7FT3 Boulons M7 filetage partiel \u00a0 Description: Boulons d&rsquo;origine Dacia, cahier des charges constructeur (stock d&rsquo;\u00e9poque) Duret\u00e9 8.8, zingu\u00e9s. A choisir entre 5 longueurs \u00a0 Compatibilit\u00e9: beaucoup d&rsquo;applications Dacia \/ Renault &nbsp; *Prix pour un boulon<\/p>\n","protected":false},"featured_media":7916,"template":"","meta":{"_et_pb_use_builder":"","_et_pb_old_content":"","_et_gb_content_width":"","_exactmetrics_skip_tracking":false,"_exactmetrics_sitenote_active":false,"_exactmetrics_sitenote_note":"","_exactmetrics_sitenote_category":0},"product_brand":[],"product_cat":[158,128,218,204],"product_tag":[],"class_list":{"0":"post-7921","1":"product","2":"type-product","3":"status-publish","4":"has-post-thumbnail","6":"product_cat-chassis-fr-2","7":"product_cat-dacia-revival-2-fr","8":"product_cat-moteur-renault-pces-origine","9":"product_cat-renault-pces-origine","11":"first","12":"instock","13":"taxable","14":"shipping-taxable","15":"purchasable","16":"product-type-variable"},"yoast_head":"<!-- This site is optimized with the Yoast SEO plugin v27.2 - https:\/\/yoast.com\/product\/yoast-seo-wordpress\/ -->\n<title>Boulons M7 (3) - Pieces Alpine A110<\/title>\n<meta name=\"robots\" content=\"index, follow, max-snippet:-1, max-image-preview:large, max-video-preview:-1\" \/>\n<link rel=\"canonical\" href=\"https:\/\/piecesalpinea110.com\/fr\/produit\/boulons-m7-3\/\" \/>\n<meta property=\"og:locale\" content=\"fr_FR\" \/>\n<meta property=\"og:type\" content=\"article\" \/>\n<meta property=\"og:title\" content=\"Boulons M7 (3) - Pieces Alpine A110\" \/>\n<meta property=\"og:description\" content=\"Reference: M7FT3 Boulons M7 filetage partiel \u00a0 Description: Boulons d&rsquo;origine Dacia, cahier des charges constructeur (stock d&rsquo;\u00e9poque) Duret\u00e9 8.8, zingu\u00e9s. A choisir entre 5 longueurs \u00a0 Compatibilit\u00e9: beaucoup d&rsquo;applications Dacia \/ Renault &nbsp; *Prix pour un boulon\" \/>\n<meta property=\"og:url\" content=\"https:\/\/piecesalpinea110.com\/fr\/produit\/boulons-m7-3\/\" \/>\n<meta property=\"og:site_name\" content=\"Pieces Alpine A110\" \/>\n<meta property=\"article:modified_time\" content=\"2023-01-29T17:38:44+00:00\" \/>\n<meta property=\"og:image\" content=\"https:\/\/piecesalpinea110.com\/wp-content\/uploads\/2023\/01\/2023-01-24_003533.png\" \/>\n\t<meta property=\"og:image:width\" content=\"200\" \/>\n\t<meta property=\"og:image:height\" content=\"200\" \/>\n\t<meta property=\"og:image:type\" content=\"image\/png\" \/>\n<meta name=\"twitter:card\" content=\"summary_large_image\" \/>\n<script type=\"application\/ld+json\" class=\"yoast-schema-graph\">{\"@context\":\"https:\/\/schema.org\",\"@graph\":[{\"@type\":\"WebPage\",\"@id\":\"https:\/\/piecesalpinea110.com\/fr\/produit\/boulons-m7-3\/\",\"url\":\"https:\/\/piecesalpinea110.com\/fr\/produit\/boulons-m7-3\/\",\"name\":\"Boulons M7 (3) - Pieces Alpine A110\",\"isPartOf\":{\"@id\":\"https:\/\/piecesalpinea110.com\/#website\"},\"primaryImageOfPage\":{\"@id\":\"https:\/\/piecesalpinea110.com\/fr\/produit\/boulons-m7-3\/#primaryimage\"},\"image\":{\"@id\":\"https:\/\/piecesalpinea110.com\/fr\/produit\/boulons-m7-3\/#primaryimage\"},\"thumbnailUrl\":\"https:\/\/piecesalpinea110.com\/wp-content\/uploads\/2023\/01\/2023-01-24_003533.png\",\"datePublished\":\"2023-01-29T17:31:34+00:00\",\"dateModified\":\"2023-01-29T17:38:44+00:00\",\"breadcrumb\":{\"@id\":\"https:\/\/piecesalpinea110.com\/fr\/produit\/boulons-m7-3\/#breadcrumb\"},\"inLanguage\":\"fr-FR\",\"potentialAction\":[{\"@type\":\"ReadAction\",\"target\":[\"https:\/\/piecesalpinea110.com\/fr\/produit\/boulons-m7-3\/\"]}]},{\"@type\":\"ImageObject\",\"inLanguage\":\"fr-FR\",\"@id\":\"https:\/\/piecesalpinea110.com\/fr\/produit\/boulons-m7-3\/#primaryimage\",\"url\":\"https:\/\/piecesalpinea110.com\/wp-content\/uploads\/2023\/01\/2023-01-24_003533.png\",\"contentUrl\":\"https:\/\/piecesalpinea110.com\/wp-content\/uploads\/2023\/01\/2023-01-24_003533.png\",\"width\":200,\"height\":200},{\"@type\":\"BreadcrumbList\",\"@id\":\"https:\/\/piecesalpinea110.com\/fr\/produit\/boulons-m7-3\/#breadcrumb\",\"itemListElement\":[{\"@type\":\"ListItem\",\"position\":1,\"name\":\"Home\",\"item\":\"https:\/\/piecesalpinea110.com\/fr\/\"},{\"@type\":\"ListItem\",\"position\":2,\"name\":\"Boutique\",\"item\":\"https:\/\/piecesalpinea110.com\/fr\/boutique\/\"},{\"@type\":\"ListItem\",\"position\":3,\"name\":\"Boulons M7 (3)\"}]},{\"@type\":\"WebSite\",\"@id\":\"https:\/\/piecesalpinea110.com\/#website\",\"url\":\"https:\/\/piecesalpinea110.com\/\",\"name\":\"Pieces Alpine A110\",\"description\":\"Pieces for Alpine A110\",\"potentialAction\":[{\"@type\":\"SearchAction\",\"target\":{\"@type\":\"EntryPoint\",\"urlTemplate\":\"https:\/\/piecesalpinea110.com\/?s={search_term_string}\"},\"query-input\":{\"@type\":\"PropertyValueSpecification\",\"valueRequired\":true,\"valueName\":\"search_term_string\"}}],\"inLanguage\":\"fr-FR\"}]}<\/script>\n<!-- \/ Yoast SEO plugin. -->","yoast_head_json":{"title":"Boulons M7 (3) - Pieces Alpine A110","robots":{"index":"index","follow":"follow","max-snippet":"max-snippet:-1","max-image-preview":"max-image-preview:large","max-video-preview":"max-video-preview:-1"},"canonical":"https:\/\/piecesalpinea110.com\/fr\/produit\/boulons-m7-3\/","og_locale":"fr_FR","og_type":"article","og_title":"Boulons M7 (3) - Pieces Alpine A110","og_description":"Reference: M7FT3 Boulons M7 filetage partiel \u00a0 Description: Boulons d&rsquo;origine Dacia, cahier des charges constructeur (stock d&rsquo;\u00e9poque) Duret\u00e9 8.8, zingu\u00e9s. A choisir entre 5 longueurs \u00a0 Compatibilit\u00e9: beaucoup d&rsquo;applications Dacia \/ Renault &nbsp; *Prix pour un boulon","og_url":"https:\/\/piecesalpinea110.com\/fr\/produit\/boulons-m7-3\/","og_site_name":"Pieces Alpine A110","article_modified_time":"2023-01-29T17:38:44+00:00","og_image":[{"width":200,"height":200,"url":"https:\/\/piecesalpinea110.com\/wp-content\/uploads\/2023\/01\/2023-01-24_003533.png","type":"image\/png"}],"twitter_card":"summary_large_image","schema":{"@context":"https:\/\/schema.org","@graph":[{"@type":"WebPage","@id":"https:\/\/piecesalpinea110.com\/fr\/produit\/boulons-m7-3\/","url":"https:\/\/piecesalpinea110.com\/fr\/produit\/boulons-m7-3\/","name":"Boulons M7 (3) - Pieces Alpine A110","isPartOf":{"@id":"https:\/\/piecesalpinea110.com\/#website"},"primaryImageOfPage":{"@id":"https:\/\/piecesalpinea110.com\/fr\/produit\/boulons-m7-3\/#primaryimage"},"image":{"@id":"https:\/\/piecesalpinea110.com\/fr\/produit\/boulons-m7-3\/#primaryimage"},"thumbnailUrl":"https:\/\/piecesalpinea110.com\/wp-content\/uploads\/2023\/01\/2023-01-24_003533.png","datePublished":"2023-01-29T17:31:34+00:00","dateModified":"2023-01-29T17:38:44+00:00","breadcrumb":{"@id":"https:\/\/piecesalpinea110.com\/fr\/produit\/boulons-m7-3\/#breadcrumb"},"inLanguage":"fr-FR","potentialAction":[{"@type":"ReadAction","target":["https:\/\/piecesalpinea110.com\/fr\/produit\/boulons-m7-3\/"]}]},{"@type":"ImageObject","inLanguage":"fr-FR","@id":"https:\/\/piecesalpinea110.com\/fr\/produit\/boulons-m7-3\/#primaryimage","url":"https:\/\/piecesalpinea110.com\/wp-content\/uploads\/2023\/01\/2023-01-24_003533.png","contentUrl":"https:\/\/piecesalpinea110.com\/wp-content\/uploads\/2023\/01\/2023-01-24_003533.png","width":200,"height":200},{"@type":"BreadcrumbList","@id":"https:\/\/piecesalpinea110.com\/fr\/produit\/boulons-m7-3\/#breadcrumb","itemListElement":[{"@type":"ListItem","position":1,"name":"Home","item":"https:\/\/piecesalpinea110.com\/fr\/"},{"@type":"ListItem","position":2,"name":"Boutique","item":"https:\/\/piecesalpinea110.com\/fr\/boutique\/"},{"@type":"ListItem","position":3,"name":"Boulons M7 (3)"}]},{"@type":"WebSite","@id":"https:\/\/piecesalpinea110.com\/#website","url":"https:\/\/piecesalpinea110.com\/","name":"Pieces Alpine A110","description":"Pieces for Alpine A110","potentialAction":[{"@type":"SearchAction","target":{"@type":"EntryPoint","urlTemplate":"https:\/\/piecesalpinea110.com\/?s={search_term_string}"},"query-input":{"@type":"PropertyValueSpecification","valueRequired":true,"valueName":"search_term_string"}}],"inLanguage":"fr-FR"}]}},"_links":{"self":[{"href":"https:\/\/piecesalpinea110.com\/fr\/wp-json\/wp\/v2\/product\/7921","targetHints":{"allow":["GET"]}}],"collection":[{"href":"https:\/\/piecesalpinea110.com\/fr\/wp-json\/wp\/v2\/product"}],"about":[{"href":"https:\/\/piecesalpinea110.com\/fr\/wp-json\/wp\/v2\/types\/product"}],"wp:featuredmedia":[{"embeddable":true,"href":"https:\/\/piecesalpinea110.com\/fr\/wp-json\/wp\/v2\/media\/7916"}],"wp:attachment":[{"href":"https:\/\/piecesalpinea110.com\/fr\/wp-json\/wp\/v2\/media?parent=7921"}],"wp:term":[{"taxonomy":"product_brand","embeddable":true,"href":"https:\/\/piecesalpinea110.com\/fr\/wp-json\/wp\/v2\/product_brand?post=7921"},{"taxonomy":"product_cat","embeddable":true,"href":"https:\/\/piecesalpinea110.com\/fr\/wp-json\/wp\/v2\/product_cat?post=7921"},{"taxonomy":"product_tag","embeddable":true,"href":"https:\/\/piecesalpinea110.com\/fr\/wp-json\/wp\/v2\/product_tag?post=7921"}],"curies":[{"name":"wp","href":"https:\/\/api.w.org\/{rel}","templated":true}]}}