{"id":7996,"date":"2023-02-17T02:17:17","date_gmt":"2023-02-17T01:17:56","guid":{"rendered":"https:\/\/piecesalpinea110.com\/?post_type=product&#038;p=7996"},"modified":"2023-02-17T03:00:46","modified_gmt":"2023-02-17T02:00:46","slug":"jeu-rondelles-dappui-ressorts-soupapes-r5a","status":"publish","type":"product","link":"https:\/\/piecesalpinea110.com\/fr\/produit\/jeu-rondelles-dappui-ressorts-soupapes-r5a\/","title":{"rendered":"Jeu rondelles d&rsquo;appui ressorts soupapes, R5A"},"content":{"rendered":"<div class=\"portfolio-item-desc\">\n<div class=\"portfolio-item-desc-inner \" data-collapse-at=\"150\">\n<p><strong>R\u00e9f\u00e9rence<\/strong>: RONDRESSR5A<\/p>\n<p><strong>Compatible avec les mod\u00e8les suivants:<\/strong><\/p>\n<ul>\n<li>Renault 5 Alpine &#038; Turbo<\/li>\n<li>Renault 8 G<\/li>\n<li>Moteurs Renault type 840 et C6J (1397cc)<\/li>\n<\/ul>\n<p><strong>Description:<\/strong><\/p>\n<ul>\n<li>Sert d&rsquo;appui pour les ressorts et prot\u00e8ge la fonderie de la culasse<\/li>\n<li>Copie des r\u00e9f 77 03 053 158 \/ 261<\/li>\n<li>D\u00e9coupe laser dans un lamin\u00e9 d&rsquo;acier \u00e0 ressort allemand 75C1 (1.1274)<\/li>\n<li>R\u00e9sistance : 1600-1800N\/mm\u00b2<\/li>\n<\/ul>\n<p><strong>Contenu:<\/strong><\/p>\n<ul>\n<li>Jeu de 8 + 8 rondelles (pour une culasse)<\/li>\n<\/ul>\n<\/div>\n<\/div>\n","protected":false},"excerpt":{"rendered":"<p>R\u00e9f\u00e9rence: RONDRESSR5A Compatible avec les mod\u00e8les suivants: Renault 5 Alpine &#038; Turbo Renault 8 G Moteurs Renault type 840 et C6J (1397cc) Description: Sert d&rsquo;appui pour les ressorts et prot\u00e8ge la fonderie de la culasse Copie des r\u00e9f 77 03 053 158 \/ 261 D\u00e9coupe laser dans un lamin\u00e9 d&rsquo;acier \u00e0 ressort allemand 75C1 (1.1274) [&hellip;]<\/p>\n","protected":false},"featured_media":7998,"template":"","meta":{"_et_pb_use_builder":"","_et_pb_old_content":"","_et_gb_content_width":"","_exactmetrics_skip_tracking":false,"_exactmetrics_sitenote_active":false,"_exactmetrics_sitenote_note":"","_exactmetrics_sitenote_category":0},"product_brand":[],"product_cat":[52,35,58],"product_tag":[],"class_list":{"0":"post-7996","1":"product","2":"type-product","3":"status-publish","4":"has-post-thumbnail","6":"product_cat-1400-fr","7":"product_cat-moteur","8":"product_cat-produits-exclusifs","10":"first","11":"instock","12":"taxable","13":"shipping-taxable","14":"purchasable","15":"product-type-simple"},"yoast_head":"<!-- This site is optimized with the Yoast SEO plugin v27.2 - https:\/\/yoast.com\/product\/yoast-seo-wordpress\/ -->\n<title>Jeu rondelles d&#039;appui ressorts soupapes, R5A - Pieces Alpine A110<\/title>\n<meta name=\"robots\" content=\"index, follow, max-snippet:-1, max-image-preview:large, max-video-preview:-1\" \/>\n<link rel=\"canonical\" href=\"https:\/\/piecesalpinea110.com\/fr\/produit\/jeu-rondelles-dappui-ressorts-soupapes-r5a\/\" \/>\n<meta property=\"og:locale\" content=\"fr_FR\" \/>\n<meta property=\"og:type\" content=\"article\" \/>\n<meta property=\"og:title\" content=\"Jeu rondelles d&#039;appui ressorts soupapes, R5A - Pieces Alpine A110\" \/>\n<meta property=\"og:description\" content=\"R\u00e9f\u00e9rence: RONDRESSR5A Compatible avec les mod\u00e8les suivants: Renault 5 Alpine &#038; Turbo Renault 8 G Moteurs Renault type 840 et C6J (1397cc) Description: Sert d&rsquo;appui pour les ressorts et prot\u00e8ge la fonderie de la culasse Copie des r\u00e9f 77 03 053 158 \/ 261 D\u00e9coupe laser dans un lamin\u00e9 d&rsquo;acier \u00e0 ressort allemand 75C1 (1.1274) [&hellip;]\" \/>\n<meta property=\"og:url\" content=\"https:\/\/piecesalpinea110.com\/fr\/produit\/jeu-rondelles-dappui-ressorts-soupapes-r5a\/\" \/>\n<meta property=\"og:site_name\" content=\"Pieces Alpine A110\" \/>\n<meta property=\"article:modified_time\" content=\"2023-02-17T02:00:46+00:00\" \/>\n<meta property=\"og:image\" content=\"https:\/\/piecesalpinea110.com\/wp-content\/uploads\/2023\/02\/2023-02-16_013209.png\" \/>\n\t<meta property=\"og:image:width\" content=\"200\" \/>\n\t<meta property=\"og:image:height\" content=\"200\" \/>\n\t<meta property=\"og:image:type\" content=\"image\/png\" \/>\n<meta name=\"twitter:card\" content=\"summary_large_image\" \/>\n<meta name=\"twitter:label1\" content=\"Dur\u00e9e de lecture estim\u00e9e\" \/>\n\t<meta name=\"twitter:data1\" content=\"1 minute\" \/>\n<script type=\"application\/ld+json\" class=\"yoast-schema-graph\">{\"@context\":\"https:\/\/schema.org\",\"@graph\":[{\"@type\":\"WebPage\",\"@id\":\"https:\/\/piecesalpinea110.com\/fr\/produit\/jeu-rondelles-dappui-ressorts-soupapes-r5a\/\",\"url\":\"https:\/\/piecesalpinea110.com\/fr\/produit\/jeu-rondelles-dappui-ressorts-soupapes-r5a\/\",\"name\":\"Jeu rondelles d'appui ressorts soupapes, R5A - Pieces Alpine A110\",\"isPartOf\":{\"@id\":\"https:\/\/piecesalpinea110.com\/#website\"},\"primaryImageOfPage\":{\"@id\":\"https:\/\/piecesalpinea110.com\/fr\/produit\/jeu-rondelles-dappui-ressorts-soupapes-r5a\/#primaryimage\"},\"image\":{\"@id\":\"https:\/\/piecesalpinea110.com\/fr\/produit\/jeu-rondelles-dappui-ressorts-soupapes-r5a\/#primaryimage\"},\"thumbnailUrl\":\"https:\/\/piecesalpinea110.com\/wp-content\/uploads\/2023\/02\/2023-02-16_013209.png\",\"datePublished\":\"2023-02-17T01:17:56+00:00\",\"dateModified\":\"2023-02-17T02:00:46+00:00\",\"breadcrumb\":{\"@id\":\"https:\/\/piecesalpinea110.com\/fr\/produit\/jeu-rondelles-dappui-ressorts-soupapes-r5a\/#breadcrumb\"},\"inLanguage\":\"fr-FR\",\"potentialAction\":[{\"@type\":\"ReadAction\",\"target\":[\"https:\/\/piecesalpinea110.com\/fr\/produit\/jeu-rondelles-dappui-ressorts-soupapes-r5a\/\"]}]},{\"@type\":\"ImageObject\",\"inLanguage\":\"fr-FR\",\"@id\":\"https:\/\/piecesalpinea110.com\/fr\/produit\/jeu-rondelles-dappui-ressorts-soupapes-r5a\/#primaryimage\",\"url\":\"https:\/\/piecesalpinea110.com\/wp-content\/uploads\/2023\/02\/2023-02-16_013209.png\",\"contentUrl\":\"https:\/\/piecesalpinea110.com\/wp-content\/uploads\/2023\/02\/2023-02-16_013209.png\",\"width\":200,\"height\":200},{\"@type\":\"BreadcrumbList\",\"@id\":\"https:\/\/piecesalpinea110.com\/fr\/produit\/jeu-rondelles-dappui-ressorts-soupapes-r5a\/#breadcrumb\",\"itemListElement\":[{\"@type\":\"ListItem\",\"position\":1,\"name\":\"Home\",\"item\":\"https:\/\/piecesalpinea110.com\/fr\/\"},{\"@type\":\"ListItem\",\"position\":2,\"name\":\"Boutique\",\"item\":\"https:\/\/piecesalpinea110.com\/fr\/boutique\/\"},{\"@type\":\"ListItem\",\"position\":3,\"name\":\"Jeu rondelles d&rsquo;appui ressorts soupapes, R5A\"}]},{\"@type\":\"WebSite\",\"@id\":\"https:\/\/piecesalpinea110.com\/#website\",\"url\":\"https:\/\/piecesalpinea110.com\/\",\"name\":\"Pieces Alpine A110\",\"description\":\"Pieces for Alpine A110\",\"potentialAction\":[{\"@type\":\"SearchAction\",\"target\":{\"@type\":\"EntryPoint\",\"urlTemplate\":\"https:\/\/piecesalpinea110.com\/?s={search_term_string}\"},\"query-input\":{\"@type\":\"PropertyValueSpecification\",\"valueRequired\":true,\"valueName\":\"search_term_string\"}}],\"inLanguage\":\"fr-FR\"}]}<\/script>\n<!-- \/ Yoast SEO plugin. -->","yoast_head_json":{"title":"Jeu rondelles d'appui ressorts soupapes, R5A - Pieces Alpine A110","robots":{"index":"index","follow":"follow","max-snippet":"max-snippet:-1","max-image-preview":"max-image-preview:large","max-video-preview":"max-video-preview:-1"},"canonical":"https:\/\/piecesalpinea110.com\/fr\/produit\/jeu-rondelles-dappui-ressorts-soupapes-r5a\/","og_locale":"fr_FR","og_type":"article","og_title":"Jeu rondelles d'appui ressorts soupapes, R5A - Pieces Alpine A110","og_description":"R\u00e9f\u00e9rence: RONDRESSR5A Compatible avec les mod\u00e8les suivants: Renault 5 Alpine &#038; Turbo Renault 8 G Moteurs Renault type 840 et C6J (1397cc) Description: Sert d&rsquo;appui pour les ressorts et prot\u00e8ge la fonderie de la culasse Copie des r\u00e9f 77 03 053 158 \/ 261 D\u00e9coupe laser dans un lamin\u00e9 d&rsquo;acier \u00e0 ressort allemand 75C1 (1.1274) [&hellip;]","og_url":"https:\/\/piecesalpinea110.com\/fr\/produit\/jeu-rondelles-dappui-ressorts-soupapes-r5a\/","og_site_name":"Pieces Alpine A110","article_modified_time":"2023-02-17T02:00:46+00:00","og_image":[{"width":200,"height":200,"url":"https:\/\/piecesalpinea110.com\/wp-content\/uploads\/2023\/02\/2023-02-16_013209.png","type":"image\/png"}],"twitter_card":"summary_large_image","twitter_misc":{"Dur\u00e9e de lecture estim\u00e9e":"1 minute"},"schema":{"@context":"https:\/\/schema.org","@graph":[{"@type":"WebPage","@id":"https:\/\/piecesalpinea110.com\/fr\/produit\/jeu-rondelles-dappui-ressorts-soupapes-r5a\/","url":"https:\/\/piecesalpinea110.com\/fr\/produit\/jeu-rondelles-dappui-ressorts-soupapes-r5a\/","name":"Jeu rondelles d'appui ressorts soupapes, R5A - Pieces Alpine A110","isPartOf":{"@id":"https:\/\/piecesalpinea110.com\/#website"},"primaryImageOfPage":{"@id":"https:\/\/piecesalpinea110.com\/fr\/produit\/jeu-rondelles-dappui-ressorts-soupapes-r5a\/#primaryimage"},"image":{"@id":"https:\/\/piecesalpinea110.com\/fr\/produit\/jeu-rondelles-dappui-ressorts-soupapes-r5a\/#primaryimage"},"thumbnailUrl":"https:\/\/piecesalpinea110.com\/wp-content\/uploads\/2023\/02\/2023-02-16_013209.png","datePublished":"2023-02-17T01:17:56+00:00","dateModified":"2023-02-17T02:00:46+00:00","breadcrumb":{"@id":"https:\/\/piecesalpinea110.com\/fr\/produit\/jeu-rondelles-dappui-ressorts-soupapes-r5a\/#breadcrumb"},"inLanguage":"fr-FR","potentialAction":[{"@type":"ReadAction","target":["https:\/\/piecesalpinea110.com\/fr\/produit\/jeu-rondelles-dappui-ressorts-soupapes-r5a\/"]}]},{"@type":"ImageObject","inLanguage":"fr-FR","@id":"https:\/\/piecesalpinea110.com\/fr\/produit\/jeu-rondelles-dappui-ressorts-soupapes-r5a\/#primaryimage","url":"https:\/\/piecesalpinea110.com\/wp-content\/uploads\/2023\/02\/2023-02-16_013209.png","contentUrl":"https:\/\/piecesalpinea110.com\/wp-content\/uploads\/2023\/02\/2023-02-16_013209.png","width":200,"height":200},{"@type":"BreadcrumbList","@id":"https:\/\/piecesalpinea110.com\/fr\/produit\/jeu-rondelles-dappui-ressorts-soupapes-r5a\/#breadcrumb","itemListElement":[{"@type":"ListItem","position":1,"name":"Home","item":"https:\/\/piecesalpinea110.com\/fr\/"},{"@type":"ListItem","position":2,"name":"Boutique","item":"https:\/\/piecesalpinea110.com\/fr\/boutique\/"},{"@type":"ListItem","position":3,"name":"Jeu rondelles d&rsquo;appui ressorts soupapes, R5A"}]},{"@type":"WebSite","@id":"https:\/\/piecesalpinea110.com\/#website","url":"https:\/\/piecesalpinea110.com\/","name":"Pieces Alpine A110","description":"Pieces for Alpine A110","potentialAction":[{"@type":"SearchAction","target":{"@type":"EntryPoint","urlTemplate":"https:\/\/piecesalpinea110.com\/?s={search_term_string}"},"query-input":{"@type":"PropertyValueSpecification","valueRequired":true,"valueName":"search_term_string"}}],"inLanguage":"fr-FR"}]}},"_links":{"self":[{"href":"https:\/\/piecesalpinea110.com\/fr\/wp-json\/wp\/v2\/product\/7996","targetHints":{"allow":["GET"]}}],"collection":[{"href":"https:\/\/piecesalpinea110.com\/fr\/wp-json\/wp\/v2\/product"}],"about":[{"href":"https:\/\/piecesalpinea110.com\/fr\/wp-json\/wp\/v2\/types\/product"}],"wp:featuredmedia":[{"embeddable":true,"href":"https:\/\/piecesalpinea110.com\/fr\/wp-json\/wp\/v2\/media\/7998"}],"wp:attachment":[{"href":"https:\/\/piecesalpinea110.com\/fr\/wp-json\/wp\/v2\/media?parent=7996"}],"wp:term":[{"taxonomy":"product_brand","embeddable":true,"href":"https:\/\/piecesalpinea110.com\/fr\/wp-json\/wp\/v2\/product_brand?post=7996"},{"taxonomy":"product_cat","embeddable":true,"href":"https:\/\/piecesalpinea110.com\/fr\/wp-json\/wp\/v2\/product_cat?post=7996"},{"taxonomy":"product_tag","embeddable":true,"href":"https:\/\/piecesalpinea110.com\/fr\/wp-json\/wp\/v2\/product_tag?post=7996"}],"curies":[{"name":"wp","href":"https:\/\/api.w.org\/{rel}","templated":true}]}}