{"id":8350,"date":"2023-06-10T11:03:19","date_gmt":"2023-06-10T10:03:20","guid":{"rendered":"https:\/\/piecesalpinea110.com\/?post_type=product&#038;p=8350"},"modified":"2023-07-08T11:15:13","modified_gmt":"2023-07-08T10:15:13","slug":"kit-de-roulement-de-roue-arriere-a110-v2","status":"publish","type":"product","link":"https:\/\/piecesalpinea110.com\/fr\/produit\/kit-de-roulement-de-roue-arriere-a110-v2\/","title":{"rendered":"Kit de roulement de roue arri\u00e8re A110"},"content":{"rendered":"<div class=\"portfolio-item-desc\">\n<div class=\"portfolio-item-desc-inner \" data-collapse-at=\"150\">\n<p><strong>R\u00e9f\u00e9rence<\/strong>: ROULDOUBLETROMP<\/p>\n<p><strong>Compatible avec:<\/strong><\/p>\n<ul>\n<li>Alpine A110 avec bras oscillants, Alpine Fasa<\/li>\n<li>Renault 8 &amp; 10, Renault 8 Gordini, Renault Dauphine<\/li>\n<li>Convient aux montages petits et gros \u00e9triers de frein<\/li>\n<\/ul>\n<p><strong>\u00a0<\/strong> <strong>Description:<\/strong><\/p>\n<ul>\n<li>Le bo\u00eetier du roulement est usin\u00e9 en acier 42CrMo4, tremp\u00e9 et revenu, puis bruni (fini noir)<\/li>\n<li>Il comprend un roulement \u00e0 deux rang\u00e9es de billes pour \u00e9liminer le jeu sur la roue arri\u00e8re<\/li>\n<li>Le roulement est fabriqu\u00e9 avec une cage en polyamide r\u00e9sistante \u00e0 haute temp\u00e9rature (qui emp\u00eache le blocage en cas de dommage de la cage), avec un double joint d&rsquo;\u00e9tanch\u00e9it\u00e9 r\u00e9sistant \u00e0 l&rsquo;eau, et est fabriqu\u00e9 selon nos sp\u00e9cifications par SNR<\/li>\n<li>Il est n\u00e9cessaire de raccourcir le moyeu de la roue arri\u00e8re pour l\u2019assemblage (en g\u00e9n\u00e9ral de 6,4 mm)<\/li>\n<li>Il est pr\u00e9f\u00e9rable de v\u00e9rifier l&rsquo;alignement de l&rsquo;arbre de transmission<\/li>\n<\/ul>\n<p><strong>Contenu:<\/strong><\/p>\n<ul>\n<li>2 bo\u00eetiers avec roulement \u00e0 double rang\u00e9e press\u00e9s dedans<\/li>\n<\/ul>\n<\/div>\n<\/div>\n","protected":false},"excerpt":{"rendered":"<p>R\u00e9f\u00e9rence: ROULDOUBLETROMP Compatible avec: Alpine A110 avec bras oscillants, Alpine Fasa Renault 8 &amp; 10, Renault 8 Gordini, Renault Dauphine Convient aux montages petits et gros \u00e9triers de frein \u00a0 Description: Le bo\u00eetier du roulement est usin\u00e9 en acier 42CrMo4, tremp\u00e9 et revenu, puis bruni (fini noir) Il comprend un roulement \u00e0 deux rang\u00e9es de [&hellip;]<\/p>\n","protected":false},"featured_media":8417,"template":"","meta":{"_et_pb_use_builder":"","_et_pb_old_content":"","_et_gb_content_width":"","_exactmetrics_skip_tracking":false,"_exactmetrics_sitenote_active":false,"_exactmetrics_sitenote_note":"","_exactmetrics_sitenote_category":0},"product_brand":[],"product_cat":[58,33],"product_tag":[],"class_list":{"0":"post-8350","1":"product","2":"type-product","3":"status-publish","4":"has-post-thumbnail","6":"product_cat-produits-exclusifs","7":"product_cat-transmission-fr","9":"first","10":"instock","11":"taxable","12":"shipping-taxable","13":"purchasable","14":"product-type-simple"},"yoast_head":"<!-- This site is optimized with the Yoast SEO plugin v27.2 - https:\/\/yoast.com\/product\/yoast-seo-wordpress\/ -->\n<title>Kit de roulement de roue arri\u00e8re A110 - Pieces Alpine A110<\/title>\n<meta name=\"robots\" content=\"index, follow, max-snippet:-1, max-image-preview:large, max-video-preview:-1\" \/>\n<link rel=\"canonical\" href=\"https:\/\/piecesalpinea110.com\/fr\/produit\/kit-de-roulement-de-roue-arriere-a110-v2\/\" \/>\n<meta property=\"og:locale\" content=\"fr_FR\" \/>\n<meta property=\"og:type\" content=\"article\" \/>\n<meta property=\"og:title\" content=\"Kit de roulement de roue arri\u00e8re A110 - Pieces Alpine A110\" \/>\n<meta property=\"og:description\" content=\"R\u00e9f\u00e9rence: ROULDOUBLETROMP Compatible avec: Alpine A110 avec bras oscillants, Alpine Fasa Renault 8 &amp; 10, Renault 8 Gordini, Renault Dauphine Convient aux montages petits et gros \u00e9triers de frein \u00a0 Description: Le bo\u00eetier du roulement est usin\u00e9 en acier 42CrMo4, tremp\u00e9 et revenu, puis bruni (fini noir) Il comprend un roulement \u00e0 deux rang\u00e9es de [&hellip;]\" \/>\n<meta property=\"og:url\" content=\"https:\/\/piecesalpinea110.com\/fr\/produit\/kit-de-roulement-de-roue-arriere-a110-v2\/\" \/>\n<meta property=\"og:site_name\" content=\"Pieces Alpine A110\" \/>\n<meta property=\"article:modified_time\" content=\"2023-07-08T10:15:13+00:00\" \/>\n<meta property=\"og:image\" content=\"https:\/\/piecesalpinea110.com\/wp-content\/uploads\/2023\/06\/2023-07-06_010125.png\" \/>\n\t<meta property=\"og:image:width\" content=\"200\" \/>\n\t<meta property=\"og:image:height\" content=\"200\" \/>\n\t<meta property=\"og:image:type\" content=\"image\/png\" \/>\n<meta name=\"twitter:card\" content=\"summary_large_image\" \/>\n<meta name=\"twitter:label1\" content=\"Dur\u00e9e de lecture estim\u00e9e\" \/>\n\t<meta name=\"twitter:data1\" content=\"1 minute\" \/>\n<script type=\"application\/ld+json\" class=\"yoast-schema-graph\">{\"@context\":\"https:\/\/schema.org\",\"@graph\":[{\"@type\":\"WebPage\",\"@id\":\"https:\/\/piecesalpinea110.com\/fr\/produit\/kit-de-roulement-de-roue-arriere-a110-v2\/\",\"url\":\"https:\/\/piecesalpinea110.com\/fr\/produit\/kit-de-roulement-de-roue-arriere-a110-v2\/\",\"name\":\"Kit de roulement de roue arri\u00e8re A110 - Pieces Alpine A110\",\"isPartOf\":{\"@id\":\"https:\/\/piecesalpinea110.com\/#website\"},\"primaryImageOfPage\":{\"@id\":\"https:\/\/piecesalpinea110.com\/fr\/produit\/kit-de-roulement-de-roue-arriere-a110-v2\/#primaryimage\"},\"image\":{\"@id\":\"https:\/\/piecesalpinea110.com\/fr\/produit\/kit-de-roulement-de-roue-arriere-a110-v2\/#primaryimage\"},\"thumbnailUrl\":\"https:\/\/piecesalpinea110.com\/wp-content\/uploads\/2023\/06\/2023-07-06_010125.png\",\"datePublished\":\"2023-06-10T10:03:20+00:00\",\"dateModified\":\"2023-07-08T10:15:13+00:00\",\"breadcrumb\":{\"@id\":\"https:\/\/piecesalpinea110.com\/fr\/produit\/kit-de-roulement-de-roue-arriere-a110-v2\/#breadcrumb\"},\"inLanguage\":\"fr-FR\",\"potentialAction\":[{\"@type\":\"ReadAction\",\"target\":[\"https:\/\/piecesalpinea110.com\/fr\/produit\/kit-de-roulement-de-roue-arriere-a110-v2\/\"]}]},{\"@type\":\"ImageObject\",\"inLanguage\":\"fr-FR\",\"@id\":\"https:\/\/piecesalpinea110.com\/fr\/produit\/kit-de-roulement-de-roue-arriere-a110-v2\/#primaryimage\",\"url\":\"https:\/\/piecesalpinea110.com\/wp-content\/uploads\/2023\/06\/2023-07-06_010125.png\",\"contentUrl\":\"https:\/\/piecesalpinea110.com\/wp-content\/uploads\/2023\/06\/2023-07-06_010125.png\",\"width\":200,\"height\":200},{\"@type\":\"BreadcrumbList\",\"@id\":\"https:\/\/piecesalpinea110.com\/fr\/produit\/kit-de-roulement-de-roue-arriere-a110-v2\/#breadcrumb\",\"itemListElement\":[{\"@type\":\"ListItem\",\"position\":1,\"name\":\"Home\",\"item\":\"https:\/\/piecesalpinea110.com\/fr\/\"},{\"@type\":\"ListItem\",\"position\":2,\"name\":\"Boutique\",\"item\":\"https:\/\/piecesalpinea110.com\/fr\/boutique\/\"},{\"@type\":\"ListItem\",\"position\":3,\"name\":\"Kit de roulement de roue arri\u00e8re A110\"}]},{\"@type\":\"WebSite\",\"@id\":\"https:\/\/piecesalpinea110.com\/#website\",\"url\":\"https:\/\/piecesalpinea110.com\/\",\"name\":\"Pieces Alpine A110\",\"description\":\"Pieces for Alpine A110\",\"potentialAction\":[{\"@type\":\"SearchAction\",\"target\":{\"@type\":\"EntryPoint\",\"urlTemplate\":\"https:\/\/piecesalpinea110.com\/?s={search_term_string}\"},\"query-input\":{\"@type\":\"PropertyValueSpecification\",\"valueRequired\":true,\"valueName\":\"search_term_string\"}}],\"inLanguage\":\"fr-FR\"}]}<\/script>\n<!-- \/ Yoast SEO plugin. -->","yoast_head_json":{"title":"Kit de roulement de roue arri\u00e8re A110 - Pieces Alpine A110","robots":{"index":"index","follow":"follow","max-snippet":"max-snippet:-1","max-image-preview":"max-image-preview:large","max-video-preview":"max-video-preview:-1"},"canonical":"https:\/\/piecesalpinea110.com\/fr\/produit\/kit-de-roulement-de-roue-arriere-a110-v2\/","og_locale":"fr_FR","og_type":"article","og_title":"Kit de roulement de roue arri\u00e8re A110 - Pieces Alpine A110","og_description":"R\u00e9f\u00e9rence: ROULDOUBLETROMP Compatible avec: Alpine A110 avec bras oscillants, Alpine Fasa Renault 8 &amp; 10, Renault 8 Gordini, Renault Dauphine Convient aux montages petits et gros \u00e9triers de frein \u00a0 Description: Le bo\u00eetier du roulement est usin\u00e9 en acier 42CrMo4, tremp\u00e9 et revenu, puis bruni (fini noir) Il comprend un roulement \u00e0 deux rang\u00e9es de [&hellip;]","og_url":"https:\/\/piecesalpinea110.com\/fr\/produit\/kit-de-roulement-de-roue-arriere-a110-v2\/","og_site_name":"Pieces Alpine A110","article_modified_time":"2023-07-08T10:15:13+00:00","og_image":[{"width":200,"height":200,"url":"https:\/\/piecesalpinea110.com\/wp-content\/uploads\/2023\/06\/2023-07-06_010125.png","type":"image\/png"}],"twitter_card":"summary_large_image","twitter_misc":{"Dur\u00e9e de lecture estim\u00e9e":"1 minute"},"schema":{"@context":"https:\/\/schema.org","@graph":[{"@type":"WebPage","@id":"https:\/\/piecesalpinea110.com\/fr\/produit\/kit-de-roulement-de-roue-arriere-a110-v2\/","url":"https:\/\/piecesalpinea110.com\/fr\/produit\/kit-de-roulement-de-roue-arriere-a110-v2\/","name":"Kit de roulement de roue arri\u00e8re A110 - Pieces Alpine A110","isPartOf":{"@id":"https:\/\/piecesalpinea110.com\/#website"},"primaryImageOfPage":{"@id":"https:\/\/piecesalpinea110.com\/fr\/produit\/kit-de-roulement-de-roue-arriere-a110-v2\/#primaryimage"},"image":{"@id":"https:\/\/piecesalpinea110.com\/fr\/produit\/kit-de-roulement-de-roue-arriere-a110-v2\/#primaryimage"},"thumbnailUrl":"https:\/\/piecesalpinea110.com\/wp-content\/uploads\/2023\/06\/2023-07-06_010125.png","datePublished":"2023-06-10T10:03:20+00:00","dateModified":"2023-07-08T10:15:13+00:00","breadcrumb":{"@id":"https:\/\/piecesalpinea110.com\/fr\/produit\/kit-de-roulement-de-roue-arriere-a110-v2\/#breadcrumb"},"inLanguage":"fr-FR","potentialAction":[{"@type":"ReadAction","target":["https:\/\/piecesalpinea110.com\/fr\/produit\/kit-de-roulement-de-roue-arriere-a110-v2\/"]}]},{"@type":"ImageObject","inLanguage":"fr-FR","@id":"https:\/\/piecesalpinea110.com\/fr\/produit\/kit-de-roulement-de-roue-arriere-a110-v2\/#primaryimage","url":"https:\/\/piecesalpinea110.com\/wp-content\/uploads\/2023\/06\/2023-07-06_010125.png","contentUrl":"https:\/\/piecesalpinea110.com\/wp-content\/uploads\/2023\/06\/2023-07-06_010125.png","width":200,"height":200},{"@type":"BreadcrumbList","@id":"https:\/\/piecesalpinea110.com\/fr\/produit\/kit-de-roulement-de-roue-arriere-a110-v2\/#breadcrumb","itemListElement":[{"@type":"ListItem","position":1,"name":"Home","item":"https:\/\/piecesalpinea110.com\/fr\/"},{"@type":"ListItem","position":2,"name":"Boutique","item":"https:\/\/piecesalpinea110.com\/fr\/boutique\/"},{"@type":"ListItem","position":3,"name":"Kit de roulement de roue arri\u00e8re A110"}]},{"@type":"WebSite","@id":"https:\/\/piecesalpinea110.com\/#website","url":"https:\/\/piecesalpinea110.com\/","name":"Pieces Alpine A110","description":"Pieces for Alpine A110","potentialAction":[{"@type":"SearchAction","target":{"@type":"EntryPoint","urlTemplate":"https:\/\/piecesalpinea110.com\/?s={search_term_string}"},"query-input":{"@type":"PropertyValueSpecification","valueRequired":true,"valueName":"search_term_string"}}],"inLanguage":"fr-FR"}]}},"_links":{"self":[{"href":"https:\/\/piecesalpinea110.com\/fr\/wp-json\/wp\/v2\/product\/8350","targetHints":{"allow":["GET"]}}],"collection":[{"href":"https:\/\/piecesalpinea110.com\/fr\/wp-json\/wp\/v2\/product"}],"about":[{"href":"https:\/\/piecesalpinea110.com\/fr\/wp-json\/wp\/v2\/types\/product"}],"wp:featuredmedia":[{"embeddable":true,"href":"https:\/\/piecesalpinea110.com\/fr\/wp-json\/wp\/v2\/media\/8417"}],"wp:attachment":[{"href":"https:\/\/piecesalpinea110.com\/fr\/wp-json\/wp\/v2\/media?parent=8350"}],"wp:term":[{"taxonomy":"product_brand","embeddable":true,"href":"https:\/\/piecesalpinea110.com\/fr\/wp-json\/wp\/v2\/product_brand?post=8350"},{"taxonomy":"product_cat","embeddable":true,"href":"https:\/\/piecesalpinea110.com\/fr\/wp-json\/wp\/v2\/product_cat?post=8350"},{"taxonomy":"product_tag","embeddable":true,"href":"https:\/\/piecesalpinea110.com\/fr\/wp-json\/wp\/v2\/product_tag?post=8350"}],"curies":[{"name":"wp","href":"https:\/\/api.w.org\/{rel}","templated":true}]}}