{"id":8891,"date":"2023-08-06T00:04:43","date_gmt":"2023-08-05T23:04:44","guid":{"rendered":"https:\/\/piecesalpinea110.com\/?post_type=product&#038;p=8891"},"modified":"2024-02-16T17:08:47","modified_gmt":"2024-02-16T16:08:47","slug":"tole-carter-embrayage-1300","status":"publish","type":"product","link":"https:\/\/piecesalpinea110.com\/fr\/produit\/tole-carter-embrayage-1300\/","title":{"rendered":"T\u00f4le carter embrayage 1300"},"content":{"rendered":"<p><strong>Reference<\/strong>: TOLECART330<br \/>\nPlaque de protection pour l&#8217;embrayage, fix\u00e9e sur le carter<br \/>\nConvient aux bo\u00eetes 330 &#038; 353, pour vilebrequin petits paliers<br \/>\nFabriqu\u00e9 en inox<\/p>\n<p><strong>Compatible avec:<\/strong><br \/>\nAlpine A110 1300, Renault 8 \/ 10, Dauphine R1095, Caravelle&#8230;<\/p>\n<p><strong>Description:<\/strong><br \/>\nCopie de la ref 04 28 448 700<\/p>\n<p><strong>Contient:<\/strong><br \/>\n1 pi\u00e8ce<\/p>\n","protected":false},"excerpt":{"rendered":"<p>Reference: TOLECART330 Plaque de protection pour l&#8217;embrayage, fix\u00e9e sur le carter Convient aux bo\u00eetes 330 &#038; 353, pour vilebrequin petits paliers Fabriqu\u00e9 en inox Compatible avec: Alpine A110 1300, Renault 8 \/ 10, Dauphine R1095, Caravelle&#8230; Description: Copie de la ref 04 28 448 700 Contient: 1 pi\u00e8ce<\/p>\n","protected":false},"featured_media":8893,"template":"","meta":{"_et_pb_use_builder":"","_et_pb_old_content":"","_et_gb_content_width":"","_exactmetrics_skip_tracking":false,"_exactmetrics_sitenote_active":false,"_exactmetrics_sitenote_note":"","_exactmetrics_sitenote_category":0},"product_brand":[],"product_cat":[58,33],"product_tag":[],"class_list":{"0":"post-8891","1":"product","2":"type-product","3":"status-publish","4":"has-post-thumbnail","6":"product_cat-produits-exclusifs","7":"product_cat-transmission-fr","9":"first","10":"instock","11":"taxable","12":"shipping-taxable","13":"purchasable","14":"product-type-simple"},"yoast_head":"<!-- This site is optimized with the Yoast SEO plugin v27.2 - https:\/\/yoast.com\/product\/yoast-seo-wordpress\/ -->\n<title>T\u00f4le carter embrayage 1300 - Pieces Alpine A110<\/title>\n<meta name=\"robots\" content=\"index, follow, max-snippet:-1, max-image-preview:large, max-video-preview:-1\" \/>\n<link rel=\"canonical\" href=\"https:\/\/piecesalpinea110.com\/fr\/produit\/tole-carter-embrayage-1300\/\" \/>\n<meta property=\"og:locale\" content=\"fr_FR\" \/>\n<meta property=\"og:type\" content=\"article\" \/>\n<meta property=\"og:title\" content=\"T\u00f4le carter embrayage 1300 - Pieces Alpine A110\" \/>\n<meta property=\"og:description\" content=\"Reference: TOLECART330 Plaque de protection pour l&#8217;embrayage, fix\u00e9e sur le carter Convient aux bo\u00eetes 330 &#038; 353, pour vilebrequin petits paliers Fabriqu\u00e9 en inox Compatible avec: Alpine A110 1300, Renault 8 \/ 10, Dauphine R1095, Caravelle&#8230; Description: Copie de la ref 04 28 448 700 Contient: 1 pi\u00e8ce\" \/>\n<meta property=\"og:url\" content=\"https:\/\/piecesalpinea110.com\/fr\/produit\/tole-carter-embrayage-1300\/\" \/>\n<meta property=\"og:site_name\" content=\"Pieces Alpine A110\" \/>\n<meta property=\"article:modified_time\" content=\"2024-02-16T16:08:47+00:00\" \/>\n<meta property=\"og:image\" content=\"https:\/\/piecesalpinea110.com\/wp-content\/uploads\/2023\/08\/2023-08-05_204250.jpg\" \/>\n\t<meta property=\"og:image:width\" content=\"200\" \/>\n\t<meta property=\"og:image:height\" content=\"200\" \/>\n\t<meta property=\"og:image:type\" content=\"image\/jpeg\" \/>\n<meta name=\"twitter:card\" content=\"summary_large_image\" \/>\n<script type=\"application\/ld+json\" class=\"yoast-schema-graph\">{\"@context\":\"https:\/\/schema.org\",\"@graph\":[{\"@type\":\"WebPage\",\"@id\":\"https:\/\/piecesalpinea110.com\/fr\/produit\/tole-carter-embrayage-1300\/\",\"url\":\"https:\/\/piecesalpinea110.com\/fr\/produit\/tole-carter-embrayage-1300\/\",\"name\":\"T\u00f4le carter embrayage 1300 - Pieces Alpine A110\",\"isPartOf\":{\"@id\":\"https:\/\/piecesalpinea110.com\/#website\"},\"primaryImageOfPage\":{\"@id\":\"https:\/\/piecesalpinea110.com\/fr\/produit\/tole-carter-embrayage-1300\/#primaryimage\"},\"image\":{\"@id\":\"https:\/\/piecesalpinea110.com\/fr\/produit\/tole-carter-embrayage-1300\/#primaryimage\"},\"thumbnailUrl\":\"https:\/\/piecesalpinea110.com\/wp-content\/uploads\/2023\/08\/2023-08-05_204250.jpg\",\"datePublished\":\"2023-08-05T23:04:44+00:00\",\"dateModified\":\"2024-02-16T16:08:47+00:00\",\"breadcrumb\":{\"@id\":\"https:\/\/piecesalpinea110.com\/fr\/produit\/tole-carter-embrayage-1300\/#breadcrumb\"},\"inLanguage\":\"fr-FR\",\"potentialAction\":[{\"@type\":\"ReadAction\",\"target\":[\"https:\/\/piecesalpinea110.com\/fr\/produit\/tole-carter-embrayage-1300\/\"]}]},{\"@type\":\"ImageObject\",\"inLanguage\":\"fr-FR\",\"@id\":\"https:\/\/piecesalpinea110.com\/fr\/produit\/tole-carter-embrayage-1300\/#primaryimage\",\"url\":\"https:\/\/piecesalpinea110.com\/wp-content\/uploads\/2023\/08\/2023-08-05_204250.jpg\",\"contentUrl\":\"https:\/\/piecesalpinea110.com\/wp-content\/uploads\/2023\/08\/2023-08-05_204250.jpg\",\"width\":200,\"height\":200},{\"@type\":\"BreadcrumbList\",\"@id\":\"https:\/\/piecesalpinea110.com\/fr\/produit\/tole-carter-embrayage-1300\/#breadcrumb\",\"itemListElement\":[{\"@type\":\"ListItem\",\"position\":1,\"name\":\"Home\",\"item\":\"https:\/\/piecesalpinea110.com\/fr\/\"},{\"@type\":\"ListItem\",\"position\":2,\"name\":\"Boutique\",\"item\":\"https:\/\/piecesalpinea110.com\/fr\/boutique\/\"},{\"@type\":\"ListItem\",\"position\":3,\"name\":\"T\u00f4le carter embrayage 1300\"}]},{\"@type\":\"WebSite\",\"@id\":\"https:\/\/piecesalpinea110.com\/#website\",\"url\":\"https:\/\/piecesalpinea110.com\/\",\"name\":\"Pieces Alpine A110\",\"description\":\"Pieces for Alpine A110\",\"potentialAction\":[{\"@type\":\"SearchAction\",\"target\":{\"@type\":\"EntryPoint\",\"urlTemplate\":\"https:\/\/piecesalpinea110.com\/?s={search_term_string}\"},\"query-input\":{\"@type\":\"PropertyValueSpecification\",\"valueRequired\":true,\"valueName\":\"search_term_string\"}}],\"inLanguage\":\"fr-FR\"}]}<\/script>\n<!-- \/ Yoast SEO plugin. -->","yoast_head_json":{"title":"T\u00f4le carter embrayage 1300 - Pieces Alpine A110","robots":{"index":"index","follow":"follow","max-snippet":"max-snippet:-1","max-image-preview":"max-image-preview:large","max-video-preview":"max-video-preview:-1"},"canonical":"https:\/\/piecesalpinea110.com\/fr\/produit\/tole-carter-embrayage-1300\/","og_locale":"fr_FR","og_type":"article","og_title":"T\u00f4le carter embrayage 1300 - Pieces Alpine A110","og_description":"Reference: TOLECART330 Plaque de protection pour l&#8217;embrayage, fix\u00e9e sur le carter Convient aux bo\u00eetes 330 &#038; 353, pour vilebrequin petits paliers Fabriqu\u00e9 en inox Compatible avec: Alpine A110 1300, Renault 8 \/ 10, Dauphine R1095, Caravelle&#8230; Description: Copie de la ref 04 28 448 700 Contient: 1 pi\u00e8ce","og_url":"https:\/\/piecesalpinea110.com\/fr\/produit\/tole-carter-embrayage-1300\/","og_site_name":"Pieces Alpine A110","article_modified_time":"2024-02-16T16:08:47+00:00","og_image":[{"width":200,"height":200,"url":"https:\/\/piecesalpinea110.com\/wp-content\/uploads\/2023\/08\/2023-08-05_204250.jpg","type":"image\/jpeg"}],"twitter_card":"summary_large_image","schema":{"@context":"https:\/\/schema.org","@graph":[{"@type":"WebPage","@id":"https:\/\/piecesalpinea110.com\/fr\/produit\/tole-carter-embrayage-1300\/","url":"https:\/\/piecesalpinea110.com\/fr\/produit\/tole-carter-embrayage-1300\/","name":"T\u00f4le carter embrayage 1300 - Pieces Alpine A110","isPartOf":{"@id":"https:\/\/piecesalpinea110.com\/#website"},"primaryImageOfPage":{"@id":"https:\/\/piecesalpinea110.com\/fr\/produit\/tole-carter-embrayage-1300\/#primaryimage"},"image":{"@id":"https:\/\/piecesalpinea110.com\/fr\/produit\/tole-carter-embrayage-1300\/#primaryimage"},"thumbnailUrl":"https:\/\/piecesalpinea110.com\/wp-content\/uploads\/2023\/08\/2023-08-05_204250.jpg","datePublished":"2023-08-05T23:04:44+00:00","dateModified":"2024-02-16T16:08:47+00:00","breadcrumb":{"@id":"https:\/\/piecesalpinea110.com\/fr\/produit\/tole-carter-embrayage-1300\/#breadcrumb"},"inLanguage":"fr-FR","potentialAction":[{"@type":"ReadAction","target":["https:\/\/piecesalpinea110.com\/fr\/produit\/tole-carter-embrayage-1300\/"]}]},{"@type":"ImageObject","inLanguage":"fr-FR","@id":"https:\/\/piecesalpinea110.com\/fr\/produit\/tole-carter-embrayage-1300\/#primaryimage","url":"https:\/\/piecesalpinea110.com\/wp-content\/uploads\/2023\/08\/2023-08-05_204250.jpg","contentUrl":"https:\/\/piecesalpinea110.com\/wp-content\/uploads\/2023\/08\/2023-08-05_204250.jpg","width":200,"height":200},{"@type":"BreadcrumbList","@id":"https:\/\/piecesalpinea110.com\/fr\/produit\/tole-carter-embrayage-1300\/#breadcrumb","itemListElement":[{"@type":"ListItem","position":1,"name":"Home","item":"https:\/\/piecesalpinea110.com\/fr\/"},{"@type":"ListItem","position":2,"name":"Boutique","item":"https:\/\/piecesalpinea110.com\/fr\/boutique\/"},{"@type":"ListItem","position":3,"name":"T\u00f4le carter embrayage 1300"}]},{"@type":"WebSite","@id":"https:\/\/piecesalpinea110.com\/#website","url":"https:\/\/piecesalpinea110.com\/","name":"Pieces Alpine A110","description":"Pieces for Alpine A110","potentialAction":[{"@type":"SearchAction","target":{"@type":"EntryPoint","urlTemplate":"https:\/\/piecesalpinea110.com\/?s={search_term_string}"},"query-input":{"@type":"PropertyValueSpecification","valueRequired":true,"valueName":"search_term_string"}}],"inLanguage":"fr-FR"}]}},"_links":{"self":[{"href":"https:\/\/piecesalpinea110.com\/fr\/wp-json\/wp\/v2\/product\/8891","targetHints":{"allow":["GET"]}}],"collection":[{"href":"https:\/\/piecesalpinea110.com\/fr\/wp-json\/wp\/v2\/product"}],"about":[{"href":"https:\/\/piecesalpinea110.com\/fr\/wp-json\/wp\/v2\/types\/product"}],"wp:featuredmedia":[{"embeddable":true,"href":"https:\/\/piecesalpinea110.com\/fr\/wp-json\/wp\/v2\/media\/8893"}],"wp:attachment":[{"href":"https:\/\/piecesalpinea110.com\/fr\/wp-json\/wp\/v2\/media?parent=8891"}],"wp:term":[{"taxonomy":"product_brand","embeddable":true,"href":"https:\/\/piecesalpinea110.com\/fr\/wp-json\/wp\/v2\/product_brand?post=8891"},{"taxonomy":"product_cat","embeddable":true,"href":"https:\/\/piecesalpinea110.com\/fr\/wp-json\/wp\/v2\/product_cat?post=8891"},{"taxonomy":"product_tag","embeddable":true,"href":"https:\/\/piecesalpinea110.com\/fr\/wp-json\/wp\/v2\/product_tag?post=8891"}],"curies":[{"name":"wp","href":"https:\/\/api.w.org\/{rel}","templated":true}]}}