{"id":9544,"date":"2023-10-22T21:31:12","date_gmt":"2023-10-22T20:31:13","guid":{"rendered":"https:\/\/piecesalpinea110.com\/?post_type=product&#038;p=9544"},"modified":"2023-10-22T22:04:16","modified_gmt":"2023-10-22T21:04:16","slug":"systeme-rattrapage-cable-embrayage-super5","status":"publish","type":"product","link":"https:\/\/piecesalpinea110.com\/fr\/produit\/systeme-rattrapage-cable-embrayage-super5\/","title":{"rendered":"Syst\u00e8me rattrapage cable embrayage, Super5"},"content":{"rendered":"<p><strong>Reference<\/strong>: 24623<br \/>\nKit pour le rattrapage automatique d&rsquo;usure du cable, p\u00e9dale d&#8217;embrayage<\/p>\n<p><strong>Compatible avec:<\/strong><br \/>\nSuper5<br \/>\n5 GTT (BV JB3)<br \/>\nR11 &#038; T<br \/>\nClio I Williams (BV JC5)&#8230;<\/p>\n<p><strong>Correspond \u00e0:<\/strong><br \/>\nRef 7700679621<\/p>\n<p><strong>Contient:<\/strong><br \/>\n8 pi\u00e8ces<\/p>\n","protected":false},"excerpt":{"rendered":"<p>Reference: 24623 Kit pour le rattrapage automatique d&rsquo;usure du cable, p\u00e9dale d&#8217;embrayage Compatible avec: Super5 5 GTT (BV JB3) R11 &#038; T Clio I Williams (BV JC5)&#8230; Correspond \u00e0: Ref 7700679621 Contient: 8 pi\u00e8ces<\/p>\n","protected":false},"featured_media":9546,"template":"","meta":{"_et_pb_use_builder":"","_et_pb_old_content":"","_et_gb_content_width":"","_exactmetrics_skip_tracking":false,"_exactmetrics_sitenote_active":false,"_exactmetrics_sitenote_note":"","_exactmetrics_sitenote_category":0},"product_brand":[],"product_cat":[165,87,162],"product_tag":[],"class_list":{"0":"post-9544","1":"product","2":"type-product","3":"status-publish","4":"has-post-thumbnail","6":"product_cat-3rg-ind-fr","7":"product_cat-derniers-ajouts","8":"product_cat-transmission-et-bv","10":"first","11":"instock","12":"taxable","13":"shipping-taxable","14":"purchasable","15":"product-type-simple"},"yoast_head":"<!-- This site is optimized with the Yoast SEO plugin v27.2 - https:\/\/yoast.com\/product\/yoast-seo-wordpress\/ -->\n<title>Syst\u00e8me rattrapage cable embrayage, Super5 - Pieces Alpine A110<\/title>\n<meta name=\"robots\" content=\"index, follow, max-snippet:-1, max-image-preview:large, max-video-preview:-1\" \/>\n<link rel=\"canonical\" href=\"https:\/\/piecesalpinea110.com\/fr\/produit\/systeme-rattrapage-cable-embrayage-super5\/\" \/>\n<meta property=\"og:locale\" content=\"fr_FR\" \/>\n<meta property=\"og:type\" content=\"article\" \/>\n<meta property=\"og:title\" content=\"Syst\u00e8me rattrapage cable embrayage, Super5 - Pieces Alpine A110\" \/>\n<meta property=\"og:description\" content=\"Reference: 24623 Kit pour le rattrapage automatique d&rsquo;usure du cable, p\u00e9dale d&#8217;embrayage Compatible avec: Super5 5 GTT (BV JB3) R11 &#038; T Clio I Williams (BV JC5)&#8230; Correspond \u00e0: Ref 7700679621 Contient: 8 pi\u00e8ces\" \/>\n<meta property=\"og:url\" content=\"https:\/\/piecesalpinea110.com\/fr\/produit\/systeme-rattrapage-cable-embrayage-super5\/\" \/>\n<meta property=\"og:site_name\" content=\"Pieces Alpine A110\" \/>\n<meta property=\"article:modified_time\" content=\"2023-10-22T21:04:16+00:00\" \/>\n<meta property=\"og:image\" content=\"https:\/\/piecesalpinea110.com\/wp-content\/uploads\/2023\/10\/2023-09-03_152237.jpg\" \/>\n\t<meta property=\"og:image:width\" content=\"200\" \/>\n\t<meta property=\"og:image:height\" content=\"200\" \/>\n\t<meta property=\"og:image:type\" content=\"image\/jpeg\" \/>\n<meta name=\"twitter:card\" content=\"summary_large_image\" \/>\n<script type=\"application\/ld+json\" class=\"yoast-schema-graph\">{\"@context\":\"https:\/\/schema.org\",\"@graph\":[{\"@type\":\"WebPage\",\"@id\":\"https:\/\/piecesalpinea110.com\/fr\/produit\/systeme-rattrapage-cable-embrayage-super5\/\",\"url\":\"https:\/\/piecesalpinea110.com\/fr\/produit\/systeme-rattrapage-cable-embrayage-super5\/\",\"name\":\"Syst\u00e8me rattrapage cable embrayage, Super5 - Pieces Alpine A110\",\"isPartOf\":{\"@id\":\"https:\/\/piecesalpinea110.com\/#website\"},\"primaryImageOfPage\":{\"@id\":\"https:\/\/piecesalpinea110.com\/fr\/produit\/systeme-rattrapage-cable-embrayage-super5\/#primaryimage\"},\"image\":{\"@id\":\"https:\/\/piecesalpinea110.com\/fr\/produit\/systeme-rattrapage-cable-embrayage-super5\/#primaryimage\"},\"thumbnailUrl\":\"https:\/\/piecesalpinea110.com\/wp-content\/uploads\/2023\/10\/2023-09-03_152237.jpg\",\"datePublished\":\"2023-10-22T20:31:13+00:00\",\"dateModified\":\"2023-10-22T21:04:16+00:00\",\"breadcrumb\":{\"@id\":\"https:\/\/piecesalpinea110.com\/fr\/produit\/systeme-rattrapage-cable-embrayage-super5\/#breadcrumb\"},\"inLanguage\":\"fr-FR\",\"potentialAction\":[{\"@type\":\"ReadAction\",\"target\":[\"https:\/\/piecesalpinea110.com\/fr\/produit\/systeme-rattrapage-cable-embrayage-super5\/\"]}]},{\"@type\":\"ImageObject\",\"inLanguage\":\"fr-FR\",\"@id\":\"https:\/\/piecesalpinea110.com\/fr\/produit\/systeme-rattrapage-cable-embrayage-super5\/#primaryimage\",\"url\":\"https:\/\/piecesalpinea110.com\/wp-content\/uploads\/2023\/10\/2023-09-03_152237.jpg\",\"contentUrl\":\"https:\/\/piecesalpinea110.com\/wp-content\/uploads\/2023\/10\/2023-09-03_152237.jpg\",\"width\":200,\"height\":200},{\"@type\":\"BreadcrumbList\",\"@id\":\"https:\/\/piecesalpinea110.com\/fr\/produit\/systeme-rattrapage-cable-embrayage-super5\/#breadcrumb\",\"itemListElement\":[{\"@type\":\"ListItem\",\"position\":1,\"name\":\"Home\",\"item\":\"https:\/\/piecesalpinea110.com\/fr\/\"},{\"@type\":\"ListItem\",\"position\":2,\"name\":\"Boutique\",\"item\":\"https:\/\/piecesalpinea110.com\/fr\/boutique\/\"},{\"@type\":\"ListItem\",\"position\":3,\"name\":\"Syst\u00e8me rattrapage cable embrayage, Super5\"}]},{\"@type\":\"WebSite\",\"@id\":\"https:\/\/piecesalpinea110.com\/#website\",\"url\":\"https:\/\/piecesalpinea110.com\/\",\"name\":\"Pieces Alpine A110\",\"description\":\"Pieces for Alpine A110\",\"potentialAction\":[{\"@type\":\"SearchAction\",\"target\":{\"@type\":\"EntryPoint\",\"urlTemplate\":\"https:\/\/piecesalpinea110.com\/?s={search_term_string}\"},\"query-input\":{\"@type\":\"PropertyValueSpecification\",\"valueRequired\":true,\"valueName\":\"search_term_string\"}}],\"inLanguage\":\"fr-FR\"}]}<\/script>\n<!-- \/ Yoast SEO plugin. -->","yoast_head_json":{"title":"Syst\u00e8me rattrapage cable embrayage, Super5 - Pieces Alpine A110","robots":{"index":"index","follow":"follow","max-snippet":"max-snippet:-1","max-image-preview":"max-image-preview:large","max-video-preview":"max-video-preview:-1"},"canonical":"https:\/\/piecesalpinea110.com\/fr\/produit\/systeme-rattrapage-cable-embrayage-super5\/","og_locale":"fr_FR","og_type":"article","og_title":"Syst\u00e8me rattrapage cable embrayage, Super5 - Pieces Alpine A110","og_description":"Reference: 24623 Kit pour le rattrapage automatique d&rsquo;usure du cable, p\u00e9dale d&#8217;embrayage Compatible avec: Super5 5 GTT (BV JB3) R11 &#038; T Clio I Williams (BV JC5)&#8230; Correspond \u00e0: Ref 7700679621 Contient: 8 pi\u00e8ces","og_url":"https:\/\/piecesalpinea110.com\/fr\/produit\/systeme-rattrapage-cable-embrayage-super5\/","og_site_name":"Pieces Alpine A110","article_modified_time":"2023-10-22T21:04:16+00:00","og_image":[{"width":200,"height":200,"url":"https:\/\/piecesalpinea110.com\/wp-content\/uploads\/2023\/10\/2023-09-03_152237.jpg","type":"image\/jpeg"}],"twitter_card":"summary_large_image","schema":{"@context":"https:\/\/schema.org","@graph":[{"@type":"WebPage","@id":"https:\/\/piecesalpinea110.com\/fr\/produit\/systeme-rattrapage-cable-embrayage-super5\/","url":"https:\/\/piecesalpinea110.com\/fr\/produit\/systeme-rattrapage-cable-embrayage-super5\/","name":"Syst\u00e8me rattrapage cable embrayage, Super5 - Pieces Alpine A110","isPartOf":{"@id":"https:\/\/piecesalpinea110.com\/#website"},"primaryImageOfPage":{"@id":"https:\/\/piecesalpinea110.com\/fr\/produit\/systeme-rattrapage-cable-embrayage-super5\/#primaryimage"},"image":{"@id":"https:\/\/piecesalpinea110.com\/fr\/produit\/systeme-rattrapage-cable-embrayage-super5\/#primaryimage"},"thumbnailUrl":"https:\/\/piecesalpinea110.com\/wp-content\/uploads\/2023\/10\/2023-09-03_152237.jpg","datePublished":"2023-10-22T20:31:13+00:00","dateModified":"2023-10-22T21:04:16+00:00","breadcrumb":{"@id":"https:\/\/piecesalpinea110.com\/fr\/produit\/systeme-rattrapage-cable-embrayage-super5\/#breadcrumb"},"inLanguage":"fr-FR","potentialAction":[{"@type":"ReadAction","target":["https:\/\/piecesalpinea110.com\/fr\/produit\/systeme-rattrapage-cable-embrayage-super5\/"]}]},{"@type":"ImageObject","inLanguage":"fr-FR","@id":"https:\/\/piecesalpinea110.com\/fr\/produit\/systeme-rattrapage-cable-embrayage-super5\/#primaryimage","url":"https:\/\/piecesalpinea110.com\/wp-content\/uploads\/2023\/10\/2023-09-03_152237.jpg","contentUrl":"https:\/\/piecesalpinea110.com\/wp-content\/uploads\/2023\/10\/2023-09-03_152237.jpg","width":200,"height":200},{"@type":"BreadcrumbList","@id":"https:\/\/piecesalpinea110.com\/fr\/produit\/systeme-rattrapage-cable-embrayage-super5\/#breadcrumb","itemListElement":[{"@type":"ListItem","position":1,"name":"Home","item":"https:\/\/piecesalpinea110.com\/fr\/"},{"@type":"ListItem","position":2,"name":"Boutique","item":"https:\/\/piecesalpinea110.com\/fr\/boutique\/"},{"@type":"ListItem","position":3,"name":"Syst\u00e8me rattrapage cable embrayage, Super5"}]},{"@type":"WebSite","@id":"https:\/\/piecesalpinea110.com\/#website","url":"https:\/\/piecesalpinea110.com\/","name":"Pieces Alpine A110","description":"Pieces for Alpine A110","potentialAction":[{"@type":"SearchAction","target":{"@type":"EntryPoint","urlTemplate":"https:\/\/piecesalpinea110.com\/?s={search_term_string}"},"query-input":{"@type":"PropertyValueSpecification","valueRequired":true,"valueName":"search_term_string"}}],"inLanguage":"fr-FR"}]}},"_links":{"self":[{"href":"https:\/\/piecesalpinea110.com\/fr\/wp-json\/wp\/v2\/product\/9544","targetHints":{"allow":["GET"]}}],"collection":[{"href":"https:\/\/piecesalpinea110.com\/fr\/wp-json\/wp\/v2\/product"}],"about":[{"href":"https:\/\/piecesalpinea110.com\/fr\/wp-json\/wp\/v2\/types\/product"}],"wp:featuredmedia":[{"embeddable":true,"href":"https:\/\/piecesalpinea110.com\/fr\/wp-json\/wp\/v2\/media\/9546"}],"wp:attachment":[{"href":"https:\/\/piecesalpinea110.com\/fr\/wp-json\/wp\/v2\/media?parent=9544"}],"wp:term":[{"taxonomy":"product_brand","embeddable":true,"href":"https:\/\/piecesalpinea110.com\/fr\/wp-json\/wp\/v2\/product_brand?post=9544"},{"taxonomy":"product_cat","embeddable":true,"href":"https:\/\/piecesalpinea110.com\/fr\/wp-json\/wp\/v2\/product_cat?post=9544"},{"taxonomy":"product_tag","embeddable":true,"href":"https:\/\/piecesalpinea110.com\/fr\/wp-json\/wp\/v2\/product_tag?post=9544"}],"curies":[{"name":"wp","href":"https:\/\/api.w.org\/{rel}","templated":true}]}}