{"id":9574,"date":"2023-10-24T23:07:49","date_gmt":"2023-10-24T22:07:51","guid":{"rendered":"https:\/\/piecesalpinea110.com\/?post_type=product&#038;p=9574"},"modified":"2023-10-24T23:53:20","modified_gmt":"2023-10-24T22:53:20","slug":"plaque-de-guidage-arr-r8","status":"publish","type":"product","link":"https:\/\/piecesalpinea110.com\/fr\/produit\/plaque-de-guidage-arr-r8\/","title":{"rendered":"Plaque de guidage ARR, R8"},"content":{"rendered":"<div><strong>Reference :<\/strong> PLAQARRPF<\/div>\n<div><\/div>\n<p>&nbsp;<\/p>\n<div><strong>Compatible avec :<\/strong><\/div>\n<ul>\n<li>A110 avec \u00e9triers arri\u00e8res 32 mm<\/li>\n<li>Renault 8 &amp; Gordini, R10<\/li>\n<li>Dauphine avec 4 freins \u00e0 disque<\/li>\n<\/ul>\n<div><\/div>\n<div><strong>Description :<\/strong><\/div>\n<ul>\n<li>acier zingu\u00e9 de 2 mm d&rsquo;\u00e9paisseur (pour \u00e9viter toute d\u00e9formation &#8211; origine = 1.5)<\/li>\n<li>caoutchouc remplac\u00e9 par du silicone<\/li>\n<li>correspond \u00e0 ref 08 33 081 500<\/li>\n<\/ul>\n<div><strong>Contient :<\/strong><\/div>\n<ul>1 pi\u00e8ce<\/ul>\n","protected":false},"excerpt":{"rendered":"<p>Reference : PLAQARRPF &nbsp; Compatible avec : A110 avec \u00e9triers arri\u00e8res 32 mm Renault 8 &amp; Gordini, R10 Dauphine avec 4 freins \u00e0 disque Description : acier zingu\u00e9 de 2 mm d&rsquo;\u00e9paisseur (pour \u00e9viter toute d\u00e9formation &#8211; origine = 1.5) caoutchouc remplac\u00e9 par du silicone correspond \u00e0 ref 08 33 081 500 Contient : 1 [&hellip;]<\/p>\n","protected":false},"featured_media":9582,"template":"","meta":{"_et_pb_use_builder":"","_et_pb_old_content":"","_et_gb_content_width":"","_exactmetrics_skip_tracking":false,"_exactmetrics_sitenote_active":false,"_exactmetrics_sitenote_note":"","_exactmetrics_sitenote_category":0},"product_brand":[],"product_cat":[58,27],"product_tag":[],"class_list":{"0":"post-9574","1":"product","2":"type-product","3":"status-publish","4":"has-post-thumbnail","6":"product_cat-produits-exclusifs","7":"product_cat-systeme-de-freinage","9":"first","10":"instock","11":"taxable","12":"shipping-taxable","13":"purchasable","14":"product-type-simple"},"yoast_head":"<!-- This site is optimized with the Yoast SEO plugin v27.2 - https:\/\/yoast.com\/product\/yoast-seo-wordpress\/ -->\n<title>Plaque de guidage ARR, R8 - Pieces Alpine A110<\/title>\n<meta name=\"robots\" content=\"index, follow, max-snippet:-1, max-image-preview:large, max-video-preview:-1\" \/>\n<link rel=\"canonical\" href=\"https:\/\/piecesalpinea110.com\/fr\/produit\/plaque-de-guidage-arr-r8\/\" \/>\n<meta property=\"og:locale\" content=\"fr_FR\" \/>\n<meta property=\"og:type\" content=\"article\" \/>\n<meta property=\"og:title\" content=\"Plaque de guidage ARR, R8 - Pieces Alpine A110\" \/>\n<meta property=\"og:description\" content=\"Reference : PLAQARRPF &nbsp; Compatible avec : A110 avec \u00e9triers arri\u00e8res 32 mm Renault 8 &amp; Gordini, R10 Dauphine avec 4 freins \u00e0 disque Description : acier zingu\u00e9 de 2 mm d&rsquo;\u00e9paisseur (pour \u00e9viter toute d\u00e9formation &#8211; origine = 1.5) caoutchouc remplac\u00e9 par du silicone correspond \u00e0 ref 08 33 081 500 Contient : 1 [&hellip;]\" \/>\n<meta property=\"og:url\" content=\"https:\/\/piecesalpinea110.com\/fr\/produit\/plaque-de-guidage-arr-r8\/\" \/>\n<meta property=\"og:site_name\" content=\"Pieces Alpine A110\" \/>\n<meta property=\"article:modified_time\" content=\"2023-10-24T22:53:20+00:00\" \/>\n<meta property=\"og:image\" content=\"https:\/\/piecesalpinea110.com\/wp-content\/uploads\/2023\/10\/2023-10-24_230458.jpg\" \/>\n\t<meta property=\"og:image:width\" content=\"200\" \/>\n\t<meta property=\"og:image:height\" content=\"200\" \/>\n\t<meta property=\"og:image:type\" content=\"image\/jpeg\" \/>\n<meta name=\"twitter:card\" content=\"summary_large_image\" \/>\n<script type=\"application\/ld+json\" class=\"yoast-schema-graph\">{\"@context\":\"https:\/\/schema.org\",\"@graph\":[{\"@type\":\"WebPage\",\"@id\":\"https:\/\/piecesalpinea110.com\/fr\/produit\/plaque-de-guidage-arr-r8\/\",\"url\":\"https:\/\/piecesalpinea110.com\/fr\/produit\/plaque-de-guidage-arr-r8\/\",\"name\":\"Plaque de guidage ARR, R8 - Pieces Alpine A110\",\"isPartOf\":{\"@id\":\"https:\/\/piecesalpinea110.com\/#website\"},\"primaryImageOfPage\":{\"@id\":\"https:\/\/piecesalpinea110.com\/fr\/produit\/plaque-de-guidage-arr-r8\/#primaryimage\"},\"image\":{\"@id\":\"https:\/\/piecesalpinea110.com\/fr\/produit\/plaque-de-guidage-arr-r8\/#primaryimage\"},\"thumbnailUrl\":\"https:\/\/piecesalpinea110.com\/wp-content\/uploads\/2023\/10\/2023-10-24_230458.jpg\",\"datePublished\":\"2023-10-24T22:07:51+00:00\",\"dateModified\":\"2023-10-24T22:53:20+00:00\",\"breadcrumb\":{\"@id\":\"https:\/\/piecesalpinea110.com\/fr\/produit\/plaque-de-guidage-arr-r8\/#breadcrumb\"},\"inLanguage\":\"fr-FR\",\"potentialAction\":[{\"@type\":\"ReadAction\",\"target\":[\"https:\/\/piecesalpinea110.com\/fr\/produit\/plaque-de-guidage-arr-r8\/\"]}]},{\"@type\":\"ImageObject\",\"inLanguage\":\"fr-FR\",\"@id\":\"https:\/\/piecesalpinea110.com\/fr\/produit\/plaque-de-guidage-arr-r8\/#primaryimage\",\"url\":\"https:\/\/piecesalpinea110.com\/wp-content\/uploads\/2023\/10\/2023-10-24_230458.jpg\",\"contentUrl\":\"https:\/\/piecesalpinea110.com\/wp-content\/uploads\/2023\/10\/2023-10-24_230458.jpg\",\"width\":200,\"height\":200},{\"@type\":\"BreadcrumbList\",\"@id\":\"https:\/\/piecesalpinea110.com\/fr\/produit\/plaque-de-guidage-arr-r8\/#breadcrumb\",\"itemListElement\":[{\"@type\":\"ListItem\",\"position\":1,\"name\":\"Home\",\"item\":\"https:\/\/piecesalpinea110.com\/fr\/\"},{\"@type\":\"ListItem\",\"position\":2,\"name\":\"Boutique\",\"item\":\"https:\/\/piecesalpinea110.com\/fr\/boutique\/\"},{\"@type\":\"ListItem\",\"position\":3,\"name\":\"Plaque de guidage ARR, R8\"}]},{\"@type\":\"WebSite\",\"@id\":\"https:\/\/piecesalpinea110.com\/#website\",\"url\":\"https:\/\/piecesalpinea110.com\/\",\"name\":\"Pieces Alpine A110\",\"description\":\"Pieces for Alpine A110\",\"potentialAction\":[{\"@type\":\"SearchAction\",\"target\":{\"@type\":\"EntryPoint\",\"urlTemplate\":\"https:\/\/piecesalpinea110.com\/?s={search_term_string}\"},\"query-input\":{\"@type\":\"PropertyValueSpecification\",\"valueRequired\":true,\"valueName\":\"search_term_string\"}}],\"inLanguage\":\"fr-FR\"}]}<\/script>\n<!-- \/ Yoast SEO plugin. -->","yoast_head_json":{"title":"Plaque de guidage ARR, R8 - Pieces Alpine A110","robots":{"index":"index","follow":"follow","max-snippet":"max-snippet:-1","max-image-preview":"max-image-preview:large","max-video-preview":"max-video-preview:-1"},"canonical":"https:\/\/piecesalpinea110.com\/fr\/produit\/plaque-de-guidage-arr-r8\/","og_locale":"fr_FR","og_type":"article","og_title":"Plaque de guidage ARR, R8 - Pieces Alpine A110","og_description":"Reference : PLAQARRPF &nbsp; Compatible avec : A110 avec \u00e9triers arri\u00e8res 32 mm Renault 8 &amp; Gordini, R10 Dauphine avec 4 freins \u00e0 disque Description : acier zingu\u00e9 de 2 mm d&rsquo;\u00e9paisseur (pour \u00e9viter toute d\u00e9formation &#8211; origine = 1.5) caoutchouc remplac\u00e9 par du silicone correspond \u00e0 ref 08 33 081 500 Contient : 1 [&hellip;]","og_url":"https:\/\/piecesalpinea110.com\/fr\/produit\/plaque-de-guidage-arr-r8\/","og_site_name":"Pieces Alpine A110","article_modified_time":"2023-10-24T22:53:20+00:00","og_image":[{"width":200,"height":200,"url":"https:\/\/piecesalpinea110.com\/wp-content\/uploads\/2023\/10\/2023-10-24_230458.jpg","type":"image\/jpeg"}],"twitter_card":"summary_large_image","schema":{"@context":"https:\/\/schema.org","@graph":[{"@type":"WebPage","@id":"https:\/\/piecesalpinea110.com\/fr\/produit\/plaque-de-guidage-arr-r8\/","url":"https:\/\/piecesalpinea110.com\/fr\/produit\/plaque-de-guidage-arr-r8\/","name":"Plaque de guidage ARR, R8 - Pieces Alpine A110","isPartOf":{"@id":"https:\/\/piecesalpinea110.com\/#website"},"primaryImageOfPage":{"@id":"https:\/\/piecesalpinea110.com\/fr\/produit\/plaque-de-guidage-arr-r8\/#primaryimage"},"image":{"@id":"https:\/\/piecesalpinea110.com\/fr\/produit\/plaque-de-guidage-arr-r8\/#primaryimage"},"thumbnailUrl":"https:\/\/piecesalpinea110.com\/wp-content\/uploads\/2023\/10\/2023-10-24_230458.jpg","datePublished":"2023-10-24T22:07:51+00:00","dateModified":"2023-10-24T22:53:20+00:00","breadcrumb":{"@id":"https:\/\/piecesalpinea110.com\/fr\/produit\/plaque-de-guidage-arr-r8\/#breadcrumb"},"inLanguage":"fr-FR","potentialAction":[{"@type":"ReadAction","target":["https:\/\/piecesalpinea110.com\/fr\/produit\/plaque-de-guidage-arr-r8\/"]}]},{"@type":"ImageObject","inLanguage":"fr-FR","@id":"https:\/\/piecesalpinea110.com\/fr\/produit\/plaque-de-guidage-arr-r8\/#primaryimage","url":"https:\/\/piecesalpinea110.com\/wp-content\/uploads\/2023\/10\/2023-10-24_230458.jpg","contentUrl":"https:\/\/piecesalpinea110.com\/wp-content\/uploads\/2023\/10\/2023-10-24_230458.jpg","width":200,"height":200},{"@type":"BreadcrumbList","@id":"https:\/\/piecesalpinea110.com\/fr\/produit\/plaque-de-guidage-arr-r8\/#breadcrumb","itemListElement":[{"@type":"ListItem","position":1,"name":"Home","item":"https:\/\/piecesalpinea110.com\/fr\/"},{"@type":"ListItem","position":2,"name":"Boutique","item":"https:\/\/piecesalpinea110.com\/fr\/boutique\/"},{"@type":"ListItem","position":3,"name":"Plaque de guidage ARR, R8"}]},{"@type":"WebSite","@id":"https:\/\/piecesalpinea110.com\/#website","url":"https:\/\/piecesalpinea110.com\/","name":"Pieces Alpine A110","description":"Pieces for Alpine A110","potentialAction":[{"@type":"SearchAction","target":{"@type":"EntryPoint","urlTemplate":"https:\/\/piecesalpinea110.com\/?s={search_term_string}"},"query-input":{"@type":"PropertyValueSpecification","valueRequired":true,"valueName":"search_term_string"}}],"inLanguage":"fr-FR"}]}},"_links":{"self":[{"href":"https:\/\/piecesalpinea110.com\/fr\/wp-json\/wp\/v2\/product\/9574","targetHints":{"allow":["GET"]}}],"collection":[{"href":"https:\/\/piecesalpinea110.com\/fr\/wp-json\/wp\/v2\/product"}],"about":[{"href":"https:\/\/piecesalpinea110.com\/fr\/wp-json\/wp\/v2\/types\/product"}],"wp:featuredmedia":[{"embeddable":true,"href":"https:\/\/piecesalpinea110.com\/fr\/wp-json\/wp\/v2\/media\/9582"}],"wp:attachment":[{"href":"https:\/\/piecesalpinea110.com\/fr\/wp-json\/wp\/v2\/media?parent=9574"}],"wp:term":[{"taxonomy":"product_brand","embeddable":true,"href":"https:\/\/piecesalpinea110.com\/fr\/wp-json\/wp\/v2\/product_brand?post=9574"},{"taxonomy":"product_cat","embeddable":true,"href":"https:\/\/piecesalpinea110.com\/fr\/wp-json\/wp\/v2\/product_cat?post=9574"},{"taxonomy":"product_tag","embeddable":true,"href":"https:\/\/piecesalpinea110.com\/fr\/wp-json\/wp\/v2\/product_tag?post=9574"}],"curies":[{"name":"wp","href":"https:\/\/api.w.org\/{rel}","templated":true}]}}