{"id":9612,"date":"2023-10-26T20:08:18","date_gmt":"2023-10-26T19:08:19","guid":{"rendered":"https:\/\/piecesalpinea110.com\/?post_type=product&#038;p=9612"},"modified":"2023-11-01T00:37:49","modified_gmt":"2023-10-31T23:37:49","slug":"soupape-de-surpression-de-liquide-de-refroidissement-a110-usine-r8g","status":"publish","type":"product","link":"https:\/\/piecesalpinea110.com\/fr\/produit\/soupape-de-surpression-de-liquide-de-refroidissement-a110-usine-r8g\/","title":{"rendered":"Soupape de surpression de liquide de refroidissement, A110 usine &#038; R8G"},"content":{"rendered":"<p><strong>R\u00e9f\u00e9rence<\/strong>: SOUPEXPAN<br \/>\nSoupape 2 voies pour vase expansion laiton A110 comp\u00e9tition et Renault 8 Gordini<\/p>\n<p><strong>Compatible avec:<\/strong><\/p>\n<ul>\n<li>Alpine A110<\/li>\n<li>Renault 8 Gordini<\/li>\n<li>Renault 12 Gordini comp\u00e9tition \/ Gr.2<\/li>\n<li>Certains mod\u00e8les de Caravelle et de R4<\/li>\n<\/ul>\n<p><strong>Description:<\/strong><\/p>\n<ul>\n<li>R\u00e9alis\u00e9e en laiton \u00e9tam\u00e9<\/li>\n<li>Se connecte au syst\u00e8me de refroidissement (vase) par un embout filet\u00e9 M10 x 1mm, et la sortie du liquide en exc\u00e8s ainsi que le retour se font via un embout de diam\u00e8tre ext 8 mm<\/li>\n<li>Assure la mise sous pression du syst\u00e8me de refroidissement pour \u00e9viter la surchauffe du moteur<\/li>\n<li>Assure le transfert du liquide dans le vase d\u2019expansion lorsque la pression d\u00e9passe 0,45 &#8211; 0,60 bar pour prot\u00e9ger l&rsquo;\u00e9tanch\u00e9it\u00e9 des bourrages de la pompe \u00e0 eau<\/li>\n<li>Renvoie le liquide dans le vase d\u2019expansion lorsque la pression descend en dessous de la valeur pr\u00e9d\u00e9finie de -0,2 \u00e0 0,3 bar<\/li>\n<li>La soupape est d\u00e9montable pour l\u2019entretien et la modification du tarage en changeant le ressort<\/li>\n<\/ul>\n<p><strong>Contient:<\/strong><\/p>\n<ul>\n<li>1 soupape \u00e0 double action pour le syst\u00e8me de refroidissement<\/li>\n<\/ul>\n","protected":false},"excerpt":{"rendered":"<p>R\u00e9f\u00e9rence: SOUPEXPAN Soupape 2 voies pour vase expansion laiton A110 comp\u00e9tition et Renault 8 Gordini Compatible avec: Alpine A110 Renault 8 Gordini Renault 12 Gordini comp\u00e9tition \/ Gr.2 Certains mod\u00e8les de Caravelle et de R4 Description: R\u00e9alis\u00e9e en laiton \u00e9tam\u00e9 Se connecte au syst\u00e8me de refroidissement (vase) par un embout filet\u00e9 M10 x 1mm, et [&hellip;]<\/p>\n","protected":false},"featured_media":293,"template":"","meta":{"_et_pb_use_builder":"","_et_pb_old_content":"","_et_gb_content_width":"","_exactmetrics_skip_tracking":false,"_exactmetrics_sitenote_active":false,"_exactmetrics_sitenote_note":"","_exactmetrics_sitenote_category":0},"product_brand":[],"product_cat":[58,25],"product_tag":[],"class_list":{"0":"post-9612","1":"product","2":"type-product","3":"status-publish","4":"has-post-thumbnail","6":"product_cat-produits-exclusifs","7":"product_cat-systeme-de-refroidissement","9":"first","10":"instock","11":"taxable","12":"shipping-taxable","13":"purchasable","14":"product-type-simple"},"yoast_head":"<!-- This site is optimized with the Yoast SEO plugin v27.2 - https:\/\/yoast.com\/product\/yoast-seo-wordpress\/ -->\n<title>Soupape de surpression de liquide de refroidissement, A110 usine &amp; R8G - Pieces Alpine A110<\/title>\n<meta name=\"robots\" content=\"index, follow, max-snippet:-1, max-image-preview:large, max-video-preview:-1\" \/>\n<link rel=\"canonical\" href=\"https:\/\/piecesalpinea110.com\/fr\/produit\/soupape-de-surpression-de-liquide-de-refroidissement-a110-usine-r8g\/\" \/>\n<meta property=\"og:locale\" content=\"fr_FR\" \/>\n<meta property=\"og:type\" content=\"article\" \/>\n<meta property=\"og:title\" content=\"Soupape de surpression de liquide de refroidissement, A110 usine &amp; R8G - Pieces Alpine A110\" \/>\n<meta property=\"og:description\" content=\"R\u00e9f\u00e9rence: SOUPEXPAN Soupape 2 voies pour vase expansion laiton A110 comp\u00e9tition et Renault 8 Gordini Compatible avec: Alpine A110 Renault 8 Gordini Renault 12 Gordini comp\u00e9tition \/ Gr.2 Certains mod\u00e8les de Caravelle et de R4 Description: R\u00e9alis\u00e9e en laiton \u00e9tam\u00e9 Se connecte au syst\u00e8me de refroidissement (vase) par un embout filet\u00e9 M10 x 1mm, et [&hellip;]\" \/>\n<meta property=\"og:url\" content=\"https:\/\/piecesalpinea110.com\/fr\/produit\/soupape-de-surpression-de-liquide-de-refroidissement-a110-usine-r8g\/\" \/>\n<meta property=\"og:site_name\" content=\"Pieces Alpine A110\" \/>\n<meta property=\"article:modified_time\" content=\"2023-10-31T23:37:49+00:00\" \/>\n<meta property=\"og:image\" content=\"https:\/\/piecesalpinea110.com\/wp-content\/uploads\/2018\/02\/COOLING-SYSTEM-Alpine-A110-2-e1698100536720.jpg\" \/>\n\t<meta property=\"og:image:width\" content=\"1145\" \/>\n\t<meta property=\"og:image:height\" content=\"1255\" \/>\n\t<meta property=\"og:image:type\" content=\"image\/jpeg\" \/>\n<meta name=\"twitter:card\" content=\"summary_large_image\" \/>\n<meta name=\"twitter:label1\" content=\"Dur\u00e9e de lecture estim\u00e9e\" \/>\n\t<meta name=\"twitter:data1\" content=\"1 minute\" \/>\n<script type=\"application\/ld+json\" class=\"yoast-schema-graph\">{\"@context\":\"https:\/\/schema.org\",\"@graph\":[{\"@type\":\"WebPage\",\"@id\":\"https:\/\/piecesalpinea110.com\/fr\/produit\/soupape-de-surpression-de-liquide-de-refroidissement-a110-usine-r8g\/\",\"url\":\"https:\/\/piecesalpinea110.com\/fr\/produit\/soupape-de-surpression-de-liquide-de-refroidissement-a110-usine-r8g\/\",\"name\":\"Soupape de surpression de liquide de refroidissement, A110 usine & R8G - Pieces Alpine A110\",\"isPartOf\":{\"@id\":\"https:\/\/piecesalpinea110.com\/#website\"},\"primaryImageOfPage\":{\"@id\":\"https:\/\/piecesalpinea110.com\/fr\/produit\/soupape-de-surpression-de-liquide-de-refroidissement-a110-usine-r8g\/#primaryimage\"},\"image\":{\"@id\":\"https:\/\/piecesalpinea110.com\/fr\/produit\/soupape-de-surpression-de-liquide-de-refroidissement-a110-usine-r8g\/#primaryimage\"},\"thumbnailUrl\":\"https:\/\/piecesalpinea110.com\/wp-content\/uploads\/2018\/02\/COOLING-SYSTEM-Alpine-A110-2-e1698100536720.jpg\",\"datePublished\":\"2023-10-26T19:08:19+00:00\",\"dateModified\":\"2023-10-31T23:37:49+00:00\",\"breadcrumb\":{\"@id\":\"https:\/\/piecesalpinea110.com\/fr\/produit\/soupape-de-surpression-de-liquide-de-refroidissement-a110-usine-r8g\/#breadcrumb\"},\"inLanguage\":\"fr-FR\",\"potentialAction\":[{\"@type\":\"ReadAction\",\"target\":[\"https:\/\/piecesalpinea110.com\/fr\/produit\/soupape-de-surpression-de-liquide-de-refroidissement-a110-usine-r8g\/\"]}]},{\"@type\":\"ImageObject\",\"inLanguage\":\"fr-FR\",\"@id\":\"https:\/\/piecesalpinea110.com\/fr\/produit\/soupape-de-surpression-de-liquide-de-refroidissement-a110-usine-r8g\/#primaryimage\",\"url\":\"https:\/\/piecesalpinea110.com\/wp-content\/uploads\/2018\/02\/COOLING-SYSTEM-Alpine-A110-2-e1698100536720.jpg\",\"contentUrl\":\"https:\/\/piecesalpinea110.com\/wp-content\/uploads\/2018\/02\/COOLING-SYSTEM-Alpine-A110-2-e1698100536720.jpg\",\"width\":1145,\"height\":1255},{\"@type\":\"BreadcrumbList\",\"@id\":\"https:\/\/piecesalpinea110.com\/fr\/produit\/soupape-de-surpression-de-liquide-de-refroidissement-a110-usine-r8g\/#breadcrumb\",\"itemListElement\":[{\"@type\":\"ListItem\",\"position\":1,\"name\":\"Home\",\"item\":\"https:\/\/piecesalpinea110.com\/fr\/\"},{\"@type\":\"ListItem\",\"position\":2,\"name\":\"Boutique\",\"item\":\"https:\/\/piecesalpinea110.com\/fr\/boutique\/\"},{\"@type\":\"ListItem\",\"position\":3,\"name\":\"Soupape de surpression de liquide de refroidissement, A110 usine &#038; R8G\"}]},{\"@type\":\"WebSite\",\"@id\":\"https:\/\/piecesalpinea110.com\/#website\",\"url\":\"https:\/\/piecesalpinea110.com\/\",\"name\":\"Pieces Alpine A110\",\"description\":\"Pieces for Alpine A110\",\"potentialAction\":[{\"@type\":\"SearchAction\",\"target\":{\"@type\":\"EntryPoint\",\"urlTemplate\":\"https:\/\/piecesalpinea110.com\/?s={search_term_string}\"},\"query-input\":{\"@type\":\"PropertyValueSpecification\",\"valueRequired\":true,\"valueName\":\"search_term_string\"}}],\"inLanguage\":\"fr-FR\"}]}<\/script>\n<!-- \/ Yoast SEO plugin. -->","yoast_head_json":{"title":"Soupape de surpression de liquide de refroidissement, A110 usine & R8G - Pieces Alpine A110","robots":{"index":"index","follow":"follow","max-snippet":"max-snippet:-1","max-image-preview":"max-image-preview:large","max-video-preview":"max-video-preview:-1"},"canonical":"https:\/\/piecesalpinea110.com\/fr\/produit\/soupape-de-surpression-de-liquide-de-refroidissement-a110-usine-r8g\/","og_locale":"fr_FR","og_type":"article","og_title":"Soupape de surpression de liquide de refroidissement, A110 usine & R8G - Pieces Alpine A110","og_description":"R\u00e9f\u00e9rence: SOUPEXPAN Soupape 2 voies pour vase expansion laiton A110 comp\u00e9tition et Renault 8 Gordini Compatible avec: Alpine A110 Renault 8 Gordini Renault 12 Gordini comp\u00e9tition \/ Gr.2 Certains mod\u00e8les de Caravelle et de R4 Description: R\u00e9alis\u00e9e en laiton \u00e9tam\u00e9 Se connecte au syst\u00e8me de refroidissement (vase) par un embout filet\u00e9 M10 x 1mm, et [&hellip;]","og_url":"https:\/\/piecesalpinea110.com\/fr\/produit\/soupape-de-surpression-de-liquide-de-refroidissement-a110-usine-r8g\/","og_site_name":"Pieces Alpine A110","article_modified_time":"2023-10-31T23:37:49+00:00","og_image":[{"width":1145,"height":1255,"url":"https:\/\/piecesalpinea110.com\/wp-content\/uploads\/2018\/02\/COOLING-SYSTEM-Alpine-A110-2-e1698100536720.jpg","type":"image\/jpeg"}],"twitter_card":"summary_large_image","twitter_misc":{"Dur\u00e9e de lecture estim\u00e9e":"1 minute"},"schema":{"@context":"https:\/\/schema.org","@graph":[{"@type":"WebPage","@id":"https:\/\/piecesalpinea110.com\/fr\/produit\/soupape-de-surpression-de-liquide-de-refroidissement-a110-usine-r8g\/","url":"https:\/\/piecesalpinea110.com\/fr\/produit\/soupape-de-surpression-de-liquide-de-refroidissement-a110-usine-r8g\/","name":"Soupape de surpression de liquide de refroidissement, A110 usine & R8G - Pieces Alpine A110","isPartOf":{"@id":"https:\/\/piecesalpinea110.com\/#website"},"primaryImageOfPage":{"@id":"https:\/\/piecesalpinea110.com\/fr\/produit\/soupape-de-surpression-de-liquide-de-refroidissement-a110-usine-r8g\/#primaryimage"},"image":{"@id":"https:\/\/piecesalpinea110.com\/fr\/produit\/soupape-de-surpression-de-liquide-de-refroidissement-a110-usine-r8g\/#primaryimage"},"thumbnailUrl":"https:\/\/piecesalpinea110.com\/wp-content\/uploads\/2018\/02\/COOLING-SYSTEM-Alpine-A110-2-e1698100536720.jpg","datePublished":"2023-10-26T19:08:19+00:00","dateModified":"2023-10-31T23:37:49+00:00","breadcrumb":{"@id":"https:\/\/piecesalpinea110.com\/fr\/produit\/soupape-de-surpression-de-liquide-de-refroidissement-a110-usine-r8g\/#breadcrumb"},"inLanguage":"fr-FR","potentialAction":[{"@type":"ReadAction","target":["https:\/\/piecesalpinea110.com\/fr\/produit\/soupape-de-surpression-de-liquide-de-refroidissement-a110-usine-r8g\/"]}]},{"@type":"ImageObject","inLanguage":"fr-FR","@id":"https:\/\/piecesalpinea110.com\/fr\/produit\/soupape-de-surpression-de-liquide-de-refroidissement-a110-usine-r8g\/#primaryimage","url":"https:\/\/piecesalpinea110.com\/wp-content\/uploads\/2018\/02\/COOLING-SYSTEM-Alpine-A110-2-e1698100536720.jpg","contentUrl":"https:\/\/piecesalpinea110.com\/wp-content\/uploads\/2018\/02\/COOLING-SYSTEM-Alpine-A110-2-e1698100536720.jpg","width":1145,"height":1255},{"@type":"BreadcrumbList","@id":"https:\/\/piecesalpinea110.com\/fr\/produit\/soupape-de-surpression-de-liquide-de-refroidissement-a110-usine-r8g\/#breadcrumb","itemListElement":[{"@type":"ListItem","position":1,"name":"Home","item":"https:\/\/piecesalpinea110.com\/fr\/"},{"@type":"ListItem","position":2,"name":"Boutique","item":"https:\/\/piecesalpinea110.com\/fr\/boutique\/"},{"@type":"ListItem","position":3,"name":"Soupape de surpression de liquide de refroidissement, A110 usine &#038; R8G"}]},{"@type":"WebSite","@id":"https:\/\/piecesalpinea110.com\/#website","url":"https:\/\/piecesalpinea110.com\/","name":"Pieces Alpine A110","description":"Pieces for Alpine A110","potentialAction":[{"@type":"SearchAction","target":{"@type":"EntryPoint","urlTemplate":"https:\/\/piecesalpinea110.com\/?s={search_term_string}"},"query-input":{"@type":"PropertyValueSpecification","valueRequired":true,"valueName":"search_term_string"}}],"inLanguage":"fr-FR"}]}},"_links":{"self":[{"href":"https:\/\/piecesalpinea110.com\/fr\/wp-json\/wp\/v2\/product\/9612","targetHints":{"allow":["GET"]}}],"collection":[{"href":"https:\/\/piecesalpinea110.com\/fr\/wp-json\/wp\/v2\/product"}],"about":[{"href":"https:\/\/piecesalpinea110.com\/fr\/wp-json\/wp\/v2\/types\/product"}],"wp:featuredmedia":[{"embeddable":true,"href":"https:\/\/piecesalpinea110.com\/fr\/wp-json\/wp\/v2\/media\/293"}],"wp:attachment":[{"href":"https:\/\/piecesalpinea110.com\/fr\/wp-json\/wp\/v2\/media?parent=9612"}],"wp:term":[{"taxonomy":"product_brand","embeddable":true,"href":"https:\/\/piecesalpinea110.com\/fr\/wp-json\/wp\/v2\/product_brand?post=9612"},{"taxonomy":"product_cat","embeddable":true,"href":"https:\/\/piecesalpinea110.com\/fr\/wp-json\/wp\/v2\/product_cat?post=9612"},{"taxonomy":"product_tag","embeddable":true,"href":"https:\/\/piecesalpinea110.com\/fr\/wp-json\/wp\/v2\/product_tag?post=9612"}],"curies":[{"name":"wp","href":"https:\/\/api.w.org\/{rel}","templated":true}]}}