{"id":9638,"date":"2023-11-05T19:34:53","date_gmt":"2023-11-05T18:34:55","guid":{"rendered":"https:\/\/piecesalpinea110.com\/?post_type=product&#038;p=9638"},"modified":"2023-11-05T20:38:36","modified_gmt":"2023-11-05T19:38:36","slug":"deflecteurs-air-pare-brise-a110","status":"publish","type":"product","link":"https:\/\/piecesalpinea110.com\/fr\/produit\/deflecteurs-air-pare-brise-a110\/","title":{"rendered":"D\u00e9flecteurs air pare-brise, A110"},"content":{"rendered":"<p><strong>Reference<\/strong>: DEFLAIRPB<br \/>\nJeu de 2 d\u00e9flecteurs d&rsquo;air pour le pare-brise, fix\u00e9s sur le tableau de bord<br \/>\nPremier mod\u00e8le, long. approx. 44 cm chaque<\/p>\n<p><strong>Compatible avec:<\/strong><br \/>\nAlpine A110 Fasa (corresp. \u00e0 ref 60 00 005 249),<br \/>\nfrench A110 first model (corresp. \u00e0 ref 60 00 000 828\/9)<\/p>\n<p><strong>Description:<\/strong><br \/>\nStock d&rsquo;origine FASA<br \/>\nQuantit\u00e9 limit\u00e9e<\/p>\n<p><strong>Contient:<\/strong><br \/>\n2 d\u00e9flecteurs<\/p>\n","protected":false},"excerpt":{"rendered":"<p>Reference: DEFLAIRPB Jeu de 2 d\u00e9flecteurs d&rsquo;air pour le pare-brise, fix\u00e9s sur le tableau de bord Premier mod\u00e8le, long. approx. 44 cm chaque Compatible avec: Alpine A110 Fasa (corresp. \u00e0 ref 60 00 005 249), french A110 first model (corresp. \u00e0 ref 60 00 000 828\/9) Description: Stock d&rsquo;origine FASA Quantit\u00e9 limit\u00e9e Contient: 2 d\u00e9flecteurs<\/p>\n","protected":false},"featured_media":9640,"template":"","meta":{"_et_pb_use_builder":"","_et_pb_old_content":"","_et_gb_content_width":"","_exactmetrics_skip_tracking":false,"_exactmetrics_sitenote_active":false,"_exactmetrics_sitenote_note":"","_exactmetrics_sitenote_category":0},"product_brand":[],"product_cat":[217,204],"product_tag":[],"class_list":{"0":"post-9638","1":"product","2":"type-product","3":"status-publish","4":"has-post-thumbnail","6":"product_cat-refroidissement-chauffage","7":"product_cat-renault-pces-origine","9":"first","10":"instock","11":"taxable","12":"shipping-taxable","13":"purchasable","14":"product-type-simple"},"yoast_head":"<!-- This site is optimized with the Yoast SEO plugin v27.2 - https:\/\/yoast.com\/product\/yoast-seo-wordpress\/ -->\n<title>D\u00e9flecteurs air pare-brise, A110 - Pieces Alpine A110<\/title>\n<meta name=\"robots\" content=\"index, follow, max-snippet:-1, max-image-preview:large, max-video-preview:-1\" \/>\n<link rel=\"canonical\" href=\"https:\/\/piecesalpinea110.com\/fr\/produit\/deflecteurs-air-pare-brise-a110\/\" \/>\n<meta property=\"og:locale\" content=\"fr_FR\" \/>\n<meta property=\"og:type\" content=\"article\" \/>\n<meta property=\"og:title\" content=\"D\u00e9flecteurs air pare-brise, A110 - Pieces Alpine A110\" \/>\n<meta property=\"og:description\" content=\"Reference: DEFLAIRPB Jeu de 2 d\u00e9flecteurs d&rsquo;air pour le pare-brise, fix\u00e9s sur le tableau de bord Premier mod\u00e8le, long. approx. 44 cm chaque Compatible avec: Alpine A110 Fasa (corresp. \u00e0 ref 60 00 005 249), french A110 first model (corresp. \u00e0 ref 60 00 000 828\/9) Description: Stock d&rsquo;origine FASA Quantit\u00e9 limit\u00e9e Contient: 2 d\u00e9flecteurs\" \/>\n<meta property=\"og:url\" content=\"https:\/\/piecesalpinea110.com\/fr\/produit\/deflecteurs-air-pare-brise-a110\/\" \/>\n<meta property=\"og:site_name\" content=\"Pieces Alpine A110\" \/>\n<meta property=\"article:modified_time\" content=\"2023-11-05T19:38:36+00:00\" \/>\n<meta property=\"og:image\" content=\"https:\/\/piecesalpinea110.com\/wp-content\/uploads\/2023\/11\/2023-10-07_194653.jpg\" \/>\n\t<meta property=\"og:image:width\" content=\"200\" \/>\n\t<meta property=\"og:image:height\" content=\"200\" \/>\n\t<meta property=\"og:image:type\" content=\"image\/jpeg\" \/>\n<meta name=\"twitter:card\" content=\"summary_large_image\" \/>\n<script type=\"application\/ld+json\" class=\"yoast-schema-graph\">{\"@context\":\"https:\/\/schema.org\",\"@graph\":[{\"@type\":\"WebPage\",\"@id\":\"https:\/\/piecesalpinea110.com\/fr\/produit\/deflecteurs-air-pare-brise-a110\/\",\"url\":\"https:\/\/piecesalpinea110.com\/fr\/produit\/deflecteurs-air-pare-brise-a110\/\",\"name\":\"D\u00e9flecteurs air pare-brise, A110 - Pieces Alpine A110\",\"isPartOf\":{\"@id\":\"https:\/\/piecesalpinea110.com\/#website\"},\"primaryImageOfPage\":{\"@id\":\"https:\/\/piecesalpinea110.com\/fr\/produit\/deflecteurs-air-pare-brise-a110\/#primaryimage\"},\"image\":{\"@id\":\"https:\/\/piecesalpinea110.com\/fr\/produit\/deflecteurs-air-pare-brise-a110\/#primaryimage\"},\"thumbnailUrl\":\"https:\/\/piecesalpinea110.com\/wp-content\/uploads\/2023\/11\/2023-10-07_194653.jpg\",\"datePublished\":\"2023-11-05T18:34:55+00:00\",\"dateModified\":\"2023-11-05T19:38:36+00:00\",\"breadcrumb\":{\"@id\":\"https:\/\/piecesalpinea110.com\/fr\/produit\/deflecteurs-air-pare-brise-a110\/#breadcrumb\"},\"inLanguage\":\"fr-FR\",\"potentialAction\":[{\"@type\":\"ReadAction\",\"target\":[\"https:\/\/piecesalpinea110.com\/fr\/produit\/deflecteurs-air-pare-brise-a110\/\"]}]},{\"@type\":\"ImageObject\",\"inLanguage\":\"fr-FR\",\"@id\":\"https:\/\/piecesalpinea110.com\/fr\/produit\/deflecteurs-air-pare-brise-a110\/#primaryimage\",\"url\":\"https:\/\/piecesalpinea110.com\/wp-content\/uploads\/2023\/11\/2023-10-07_194653.jpg\",\"contentUrl\":\"https:\/\/piecesalpinea110.com\/wp-content\/uploads\/2023\/11\/2023-10-07_194653.jpg\",\"width\":200,\"height\":200},{\"@type\":\"BreadcrumbList\",\"@id\":\"https:\/\/piecesalpinea110.com\/fr\/produit\/deflecteurs-air-pare-brise-a110\/#breadcrumb\",\"itemListElement\":[{\"@type\":\"ListItem\",\"position\":1,\"name\":\"Home\",\"item\":\"https:\/\/piecesalpinea110.com\/fr\/\"},{\"@type\":\"ListItem\",\"position\":2,\"name\":\"Boutique\",\"item\":\"https:\/\/piecesalpinea110.com\/fr\/boutique\/\"},{\"@type\":\"ListItem\",\"position\":3,\"name\":\"D\u00e9flecteurs air pare-brise, A110\"}]},{\"@type\":\"WebSite\",\"@id\":\"https:\/\/piecesalpinea110.com\/#website\",\"url\":\"https:\/\/piecesalpinea110.com\/\",\"name\":\"Pieces Alpine A110\",\"description\":\"Pieces for Alpine A110\",\"potentialAction\":[{\"@type\":\"SearchAction\",\"target\":{\"@type\":\"EntryPoint\",\"urlTemplate\":\"https:\/\/piecesalpinea110.com\/?s={search_term_string}\"},\"query-input\":{\"@type\":\"PropertyValueSpecification\",\"valueRequired\":true,\"valueName\":\"search_term_string\"}}],\"inLanguage\":\"fr-FR\"}]}<\/script>\n<!-- \/ Yoast SEO plugin. -->","yoast_head_json":{"title":"D\u00e9flecteurs air pare-brise, A110 - Pieces Alpine A110","robots":{"index":"index","follow":"follow","max-snippet":"max-snippet:-1","max-image-preview":"max-image-preview:large","max-video-preview":"max-video-preview:-1"},"canonical":"https:\/\/piecesalpinea110.com\/fr\/produit\/deflecteurs-air-pare-brise-a110\/","og_locale":"fr_FR","og_type":"article","og_title":"D\u00e9flecteurs air pare-brise, A110 - Pieces Alpine A110","og_description":"Reference: DEFLAIRPB Jeu de 2 d\u00e9flecteurs d&rsquo;air pour le pare-brise, fix\u00e9s sur le tableau de bord Premier mod\u00e8le, long. approx. 44 cm chaque Compatible avec: Alpine A110 Fasa (corresp. \u00e0 ref 60 00 005 249), french A110 first model (corresp. \u00e0 ref 60 00 000 828\/9) Description: Stock d&rsquo;origine FASA Quantit\u00e9 limit\u00e9e Contient: 2 d\u00e9flecteurs","og_url":"https:\/\/piecesalpinea110.com\/fr\/produit\/deflecteurs-air-pare-brise-a110\/","og_site_name":"Pieces Alpine A110","article_modified_time":"2023-11-05T19:38:36+00:00","og_image":[{"width":200,"height":200,"url":"https:\/\/piecesalpinea110.com\/wp-content\/uploads\/2023\/11\/2023-10-07_194653.jpg","type":"image\/jpeg"}],"twitter_card":"summary_large_image","schema":{"@context":"https:\/\/schema.org","@graph":[{"@type":"WebPage","@id":"https:\/\/piecesalpinea110.com\/fr\/produit\/deflecteurs-air-pare-brise-a110\/","url":"https:\/\/piecesalpinea110.com\/fr\/produit\/deflecteurs-air-pare-brise-a110\/","name":"D\u00e9flecteurs air pare-brise, A110 - Pieces Alpine A110","isPartOf":{"@id":"https:\/\/piecesalpinea110.com\/#website"},"primaryImageOfPage":{"@id":"https:\/\/piecesalpinea110.com\/fr\/produit\/deflecteurs-air-pare-brise-a110\/#primaryimage"},"image":{"@id":"https:\/\/piecesalpinea110.com\/fr\/produit\/deflecteurs-air-pare-brise-a110\/#primaryimage"},"thumbnailUrl":"https:\/\/piecesalpinea110.com\/wp-content\/uploads\/2023\/11\/2023-10-07_194653.jpg","datePublished":"2023-11-05T18:34:55+00:00","dateModified":"2023-11-05T19:38:36+00:00","breadcrumb":{"@id":"https:\/\/piecesalpinea110.com\/fr\/produit\/deflecteurs-air-pare-brise-a110\/#breadcrumb"},"inLanguage":"fr-FR","potentialAction":[{"@type":"ReadAction","target":["https:\/\/piecesalpinea110.com\/fr\/produit\/deflecteurs-air-pare-brise-a110\/"]}]},{"@type":"ImageObject","inLanguage":"fr-FR","@id":"https:\/\/piecesalpinea110.com\/fr\/produit\/deflecteurs-air-pare-brise-a110\/#primaryimage","url":"https:\/\/piecesalpinea110.com\/wp-content\/uploads\/2023\/11\/2023-10-07_194653.jpg","contentUrl":"https:\/\/piecesalpinea110.com\/wp-content\/uploads\/2023\/11\/2023-10-07_194653.jpg","width":200,"height":200},{"@type":"BreadcrumbList","@id":"https:\/\/piecesalpinea110.com\/fr\/produit\/deflecteurs-air-pare-brise-a110\/#breadcrumb","itemListElement":[{"@type":"ListItem","position":1,"name":"Home","item":"https:\/\/piecesalpinea110.com\/fr\/"},{"@type":"ListItem","position":2,"name":"Boutique","item":"https:\/\/piecesalpinea110.com\/fr\/boutique\/"},{"@type":"ListItem","position":3,"name":"D\u00e9flecteurs air pare-brise, A110"}]},{"@type":"WebSite","@id":"https:\/\/piecesalpinea110.com\/#website","url":"https:\/\/piecesalpinea110.com\/","name":"Pieces Alpine A110","description":"Pieces for Alpine A110","potentialAction":[{"@type":"SearchAction","target":{"@type":"EntryPoint","urlTemplate":"https:\/\/piecesalpinea110.com\/?s={search_term_string}"},"query-input":{"@type":"PropertyValueSpecification","valueRequired":true,"valueName":"search_term_string"}}],"inLanguage":"fr-FR"}]}},"_links":{"self":[{"href":"https:\/\/piecesalpinea110.com\/fr\/wp-json\/wp\/v2\/product\/9638","targetHints":{"allow":["GET"]}}],"collection":[{"href":"https:\/\/piecesalpinea110.com\/fr\/wp-json\/wp\/v2\/product"}],"about":[{"href":"https:\/\/piecesalpinea110.com\/fr\/wp-json\/wp\/v2\/types\/product"}],"wp:featuredmedia":[{"embeddable":true,"href":"https:\/\/piecesalpinea110.com\/fr\/wp-json\/wp\/v2\/media\/9640"}],"wp:attachment":[{"href":"https:\/\/piecesalpinea110.com\/fr\/wp-json\/wp\/v2\/media?parent=9638"}],"wp:term":[{"taxonomy":"product_brand","embeddable":true,"href":"https:\/\/piecesalpinea110.com\/fr\/wp-json\/wp\/v2\/product_brand?post=9638"},{"taxonomy":"product_cat","embeddable":true,"href":"https:\/\/piecesalpinea110.com\/fr\/wp-json\/wp\/v2\/product_cat?post=9638"},{"taxonomy":"product_tag","embeddable":true,"href":"https:\/\/piecesalpinea110.com\/fr\/wp-json\/wp\/v2\/product_tag?post=9638"}],"curies":[{"name":"wp","href":"https:\/\/api.w.org\/{rel}","templated":true}]}}