{"id":9684,"date":"2023-11-13T15:23:05","date_gmt":"2023-11-13T14:23:06","guid":{"rendered":"https:\/\/piecesalpinea110.com\/?post_type=product&#038;p=9684"},"modified":"2023-11-13T21:26:49","modified_gmt":"2023-11-13T20:26:49","slug":"pompe-essence-electrique-v6-gtt","status":"publish","type":"product","link":"https:\/\/piecesalpinea110.com\/fr\/produit\/pompe-essence-electrique-v6-gtt\/","title":{"rendered":"Pompe essence \u00e9lectrique V6 GTT"},"content":{"rendered":"<p><strong>Reference<\/strong>: WALBFP606<br \/>\nPompe 12V ext\u00e9rieure au r\u00e9servoir, pour essence jusqu&rsquo;\u00e0 E10<\/p>\n<p><strong>Correspond \u00e0<\/strong>:<br \/>\nBosch 0580464044, 0580464025, 0580464027&#8230;<br \/>\nRenault 7700260678, 7700267774<br \/>\nPour Renault Alpine V6 GTT D501 \/ D502 &#038; A610 D503, Renault 25 2.5i turbo<\/p>\n<p><strong>Description:<\/strong><\/p>\n<ul>\n<li>Connections : IN 12mm, OUT embout banjo 12&#215;1.5 ou adaptateur Volvo<\/li>\n<li>D\u00e9bit (max) 220 Ltr\/Hr<\/li>\n<li>D\u00e9bit @ 3 Bar (44psi) 186 Ltr\/Hr<\/li>\n<li>Distance au r\u00e9servoir 0,6 m<\/li>\n<li>N\u00e9cessite un pr\u00e9-filtre pour \u00e9viter toute contamination<\/li>\n<\/ul>\n","protected":false},"excerpt":{"rendered":"<p>Reference: WALBFP606 Pompe 12V ext\u00e9rieure au r\u00e9servoir, pour essence jusqu&rsquo;\u00e0 E10 Correspond \u00e0: Bosch 0580464044, 0580464025, 0580464027&#8230; Renault 7700260678, 7700267774 Pour Renault Alpine V6 GTT D501 \/ D502 &#038; A610 D503, Renault 25 2.5i turbo Description: Connections : IN 12mm, OUT embout banjo 12&#215;1.5 ou adaptateur Volvo D\u00e9bit (max) 220 Ltr\/Hr D\u00e9bit @ 3 Bar [&hellip;]<\/p>\n","protected":false},"featured_media":9689,"template":"","meta":{"_et_pb_use_builder":"","_et_pb_old_content":"","_et_gb_content_width":"","_exactmetrics_skip_tracking":false,"_exactmetrics_sitenote_active":false,"_exactmetrics_sitenote_note":"","_exactmetrics_sitenote_category":0},"product_brand":[],"product_cat":[141,87,248,160],"product_tag":[],"class_list":{"0":"post-9684","1":"product","2":"type-product","3":"status-publish","4":"has-post-thumbnail","6":"product_cat-categories","7":"product_cat-derniers-ajouts","8":"product_cat-glencoe-fr","9":"product_cat-moteur-et-accessoires","11":"first","12":"instock","13":"taxable","14":"shipping-taxable","15":"purchasable","16":"product-type-simple"},"yoast_head":"<!-- This site is optimized with the Yoast SEO plugin v27.2 - https:\/\/yoast.com\/product\/yoast-seo-wordpress\/ -->\n<title>Pompe essence \u00e9lectrique V6 GTT - Pieces Alpine A110<\/title>\n<meta name=\"robots\" content=\"index, follow, max-snippet:-1, max-image-preview:large, max-video-preview:-1\" \/>\n<link rel=\"canonical\" href=\"https:\/\/piecesalpinea110.com\/fr\/produit\/pompe-essence-electrique-v6-gtt\/\" \/>\n<meta property=\"og:locale\" content=\"fr_FR\" \/>\n<meta property=\"og:type\" content=\"article\" \/>\n<meta property=\"og:title\" content=\"Pompe essence \u00e9lectrique V6 GTT - Pieces Alpine A110\" \/>\n<meta property=\"og:description\" content=\"Reference: WALBFP606 Pompe 12V ext\u00e9rieure au r\u00e9servoir, pour essence jusqu&rsquo;\u00e0 E10 Correspond \u00e0: Bosch 0580464044, 0580464025, 0580464027&#8230; Renault 7700260678, 7700267774 Pour Renault Alpine V6 GTT D501 \/ D502 &#038; A610 D503, Renault 25 2.5i turbo Description: Connections : IN 12mm, OUT embout banjo 12&#215;1.5 ou adaptateur Volvo D\u00e9bit (max) 220 Ltr\/Hr D\u00e9bit @ 3 Bar [&hellip;]\" \/>\n<meta property=\"og:url\" content=\"https:\/\/piecesalpinea110.com\/fr\/produit\/pompe-essence-electrique-v6-gtt\/\" \/>\n<meta property=\"og:site_name\" content=\"Pieces Alpine A110\" \/>\n<meta property=\"article:modified_time\" content=\"2023-11-13T20:26:49+00:00\" \/>\n<meta property=\"og:image\" content=\"https:\/\/piecesalpinea110.com\/wp-content\/uploads\/2023\/11\/2023-11-13_155722.jpg\" \/>\n\t<meta property=\"og:image:width\" content=\"200\" \/>\n\t<meta property=\"og:image:height\" content=\"200\" \/>\n\t<meta property=\"og:image:type\" content=\"image\/jpeg\" \/>\n<meta name=\"twitter:card\" content=\"summary_large_image\" \/>\n<meta name=\"twitter:label1\" content=\"Dur\u00e9e de lecture estim\u00e9e\" \/>\n\t<meta name=\"twitter:data1\" content=\"1 minute\" \/>\n<script type=\"application\/ld+json\" class=\"yoast-schema-graph\">{\"@context\":\"https:\/\/schema.org\",\"@graph\":[{\"@type\":\"WebPage\",\"@id\":\"https:\/\/piecesalpinea110.com\/fr\/produit\/pompe-essence-electrique-v6-gtt\/\",\"url\":\"https:\/\/piecesalpinea110.com\/fr\/produit\/pompe-essence-electrique-v6-gtt\/\",\"name\":\"Pompe essence \u00e9lectrique V6 GTT - Pieces Alpine A110\",\"isPartOf\":{\"@id\":\"https:\/\/piecesalpinea110.com\/#website\"},\"primaryImageOfPage\":{\"@id\":\"https:\/\/piecesalpinea110.com\/fr\/produit\/pompe-essence-electrique-v6-gtt\/#primaryimage\"},\"image\":{\"@id\":\"https:\/\/piecesalpinea110.com\/fr\/produit\/pompe-essence-electrique-v6-gtt\/#primaryimage\"},\"thumbnailUrl\":\"https:\/\/piecesalpinea110.com\/wp-content\/uploads\/2023\/11\/2023-11-13_155722.jpg\",\"datePublished\":\"2023-11-13T14:23:06+00:00\",\"dateModified\":\"2023-11-13T20:26:49+00:00\",\"breadcrumb\":{\"@id\":\"https:\/\/piecesalpinea110.com\/fr\/produit\/pompe-essence-electrique-v6-gtt\/#breadcrumb\"},\"inLanguage\":\"fr-FR\",\"potentialAction\":[{\"@type\":\"ReadAction\",\"target\":[\"https:\/\/piecesalpinea110.com\/fr\/produit\/pompe-essence-electrique-v6-gtt\/\"]}]},{\"@type\":\"ImageObject\",\"inLanguage\":\"fr-FR\",\"@id\":\"https:\/\/piecesalpinea110.com\/fr\/produit\/pompe-essence-electrique-v6-gtt\/#primaryimage\",\"url\":\"https:\/\/piecesalpinea110.com\/wp-content\/uploads\/2023\/11\/2023-11-13_155722.jpg\",\"contentUrl\":\"https:\/\/piecesalpinea110.com\/wp-content\/uploads\/2023\/11\/2023-11-13_155722.jpg\",\"width\":200,\"height\":200},{\"@type\":\"BreadcrumbList\",\"@id\":\"https:\/\/piecesalpinea110.com\/fr\/produit\/pompe-essence-electrique-v6-gtt\/#breadcrumb\",\"itemListElement\":[{\"@type\":\"ListItem\",\"position\":1,\"name\":\"Home\",\"item\":\"https:\/\/piecesalpinea110.com\/fr\/\"},{\"@type\":\"ListItem\",\"position\":2,\"name\":\"Boutique\",\"item\":\"https:\/\/piecesalpinea110.com\/fr\/boutique\/\"},{\"@type\":\"ListItem\",\"position\":3,\"name\":\"Pompe essence \u00e9lectrique V6 GTT\"}]},{\"@type\":\"WebSite\",\"@id\":\"https:\/\/piecesalpinea110.com\/#website\",\"url\":\"https:\/\/piecesalpinea110.com\/\",\"name\":\"Pieces Alpine A110\",\"description\":\"Pieces for Alpine A110\",\"potentialAction\":[{\"@type\":\"SearchAction\",\"target\":{\"@type\":\"EntryPoint\",\"urlTemplate\":\"https:\/\/piecesalpinea110.com\/?s={search_term_string}\"},\"query-input\":{\"@type\":\"PropertyValueSpecification\",\"valueRequired\":true,\"valueName\":\"search_term_string\"}}],\"inLanguage\":\"fr-FR\"}]}<\/script>\n<!-- \/ Yoast SEO plugin. -->","yoast_head_json":{"title":"Pompe essence \u00e9lectrique V6 GTT - Pieces Alpine A110","robots":{"index":"index","follow":"follow","max-snippet":"max-snippet:-1","max-image-preview":"max-image-preview:large","max-video-preview":"max-video-preview:-1"},"canonical":"https:\/\/piecesalpinea110.com\/fr\/produit\/pompe-essence-electrique-v6-gtt\/","og_locale":"fr_FR","og_type":"article","og_title":"Pompe essence \u00e9lectrique V6 GTT - Pieces Alpine A110","og_description":"Reference: WALBFP606 Pompe 12V ext\u00e9rieure au r\u00e9servoir, pour essence jusqu&rsquo;\u00e0 E10 Correspond \u00e0: Bosch 0580464044, 0580464025, 0580464027&#8230; Renault 7700260678, 7700267774 Pour Renault Alpine V6 GTT D501 \/ D502 &#038; A610 D503, Renault 25 2.5i turbo Description: Connections : IN 12mm, OUT embout banjo 12&#215;1.5 ou adaptateur Volvo D\u00e9bit (max) 220 Ltr\/Hr D\u00e9bit @ 3 Bar [&hellip;]","og_url":"https:\/\/piecesalpinea110.com\/fr\/produit\/pompe-essence-electrique-v6-gtt\/","og_site_name":"Pieces Alpine A110","article_modified_time":"2023-11-13T20:26:49+00:00","og_image":[{"width":200,"height":200,"url":"https:\/\/piecesalpinea110.com\/wp-content\/uploads\/2023\/11\/2023-11-13_155722.jpg","type":"image\/jpeg"}],"twitter_card":"summary_large_image","twitter_misc":{"Dur\u00e9e de lecture estim\u00e9e":"1 minute"},"schema":{"@context":"https:\/\/schema.org","@graph":[{"@type":"WebPage","@id":"https:\/\/piecesalpinea110.com\/fr\/produit\/pompe-essence-electrique-v6-gtt\/","url":"https:\/\/piecesalpinea110.com\/fr\/produit\/pompe-essence-electrique-v6-gtt\/","name":"Pompe essence \u00e9lectrique V6 GTT - Pieces Alpine A110","isPartOf":{"@id":"https:\/\/piecesalpinea110.com\/#website"},"primaryImageOfPage":{"@id":"https:\/\/piecesalpinea110.com\/fr\/produit\/pompe-essence-electrique-v6-gtt\/#primaryimage"},"image":{"@id":"https:\/\/piecesalpinea110.com\/fr\/produit\/pompe-essence-electrique-v6-gtt\/#primaryimage"},"thumbnailUrl":"https:\/\/piecesalpinea110.com\/wp-content\/uploads\/2023\/11\/2023-11-13_155722.jpg","datePublished":"2023-11-13T14:23:06+00:00","dateModified":"2023-11-13T20:26:49+00:00","breadcrumb":{"@id":"https:\/\/piecesalpinea110.com\/fr\/produit\/pompe-essence-electrique-v6-gtt\/#breadcrumb"},"inLanguage":"fr-FR","potentialAction":[{"@type":"ReadAction","target":["https:\/\/piecesalpinea110.com\/fr\/produit\/pompe-essence-electrique-v6-gtt\/"]}]},{"@type":"ImageObject","inLanguage":"fr-FR","@id":"https:\/\/piecesalpinea110.com\/fr\/produit\/pompe-essence-electrique-v6-gtt\/#primaryimage","url":"https:\/\/piecesalpinea110.com\/wp-content\/uploads\/2023\/11\/2023-11-13_155722.jpg","contentUrl":"https:\/\/piecesalpinea110.com\/wp-content\/uploads\/2023\/11\/2023-11-13_155722.jpg","width":200,"height":200},{"@type":"BreadcrumbList","@id":"https:\/\/piecesalpinea110.com\/fr\/produit\/pompe-essence-electrique-v6-gtt\/#breadcrumb","itemListElement":[{"@type":"ListItem","position":1,"name":"Home","item":"https:\/\/piecesalpinea110.com\/fr\/"},{"@type":"ListItem","position":2,"name":"Boutique","item":"https:\/\/piecesalpinea110.com\/fr\/boutique\/"},{"@type":"ListItem","position":3,"name":"Pompe essence \u00e9lectrique V6 GTT"}]},{"@type":"WebSite","@id":"https:\/\/piecesalpinea110.com\/#website","url":"https:\/\/piecesalpinea110.com\/","name":"Pieces Alpine A110","description":"Pieces for Alpine A110","potentialAction":[{"@type":"SearchAction","target":{"@type":"EntryPoint","urlTemplate":"https:\/\/piecesalpinea110.com\/?s={search_term_string}"},"query-input":{"@type":"PropertyValueSpecification","valueRequired":true,"valueName":"search_term_string"}}],"inLanguage":"fr-FR"}]}},"_links":{"self":[{"href":"https:\/\/piecesalpinea110.com\/fr\/wp-json\/wp\/v2\/product\/9684","targetHints":{"allow":["GET"]}}],"collection":[{"href":"https:\/\/piecesalpinea110.com\/fr\/wp-json\/wp\/v2\/product"}],"about":[{"href":"https:\/\/piecesalpinea110.com\/fr\/wp-json\/wp\/v2\/types\/product"}],"wp:featuredmedia":[{"embeddable":true,"href":"https:\/\/piecesalpinea110.com\/fr\/wp-json\/wp\/v2\/media\/9689"}],"wp:attachment":[{"href":"https:\/\/piecesalpinea110.com\/fr\/wp-json\/wp\/v2\/media?parent=9684"}],"wp:term":[{"taxonomy":"product_brand","embeddable":true,"href":"https:\/\/piecesalpinea110.com\/fr\/wp-json\/wp\/v2\/product_brand?post=9684"},{"taxonomy":"product_cat","embeddable":true,"href":"https:\/\/piecesalpinea110.com\/fr\/wp-json\/wp\/v2\/product_cat?post=9684"},{"taxonomy":"product_tag","embeddable":true,"href":"https:\/\/piecesalpinea110.com\/fr\/wp-json\/wp\/v2\/product_tag?post=9684"}],"curies":[{"name":"wp","href":"https:\/\/api.w.org\/{rel}","templated":true}]}}