{"id":9827,"date":"2024-01-18T17:11:36","date_gmt":"2024-01-18T16:11:37","guid":{"rendered":"https:\/\/piecesalpinea110.com\/?post_type=product&#038;p=9827"},"modified":"2024-01-18T17:53:28","modified_gmt":"2024-01-18T16:53:28","slug":"rondelle-amortisseur-arr-r8g-a110","status":"publish","type":"product","link":"https:\/\/piecesalpinea110.com\/fr\/produit\/rondelle-amortisseur-arr-r8g-a110\/","title":{"rendered":"Rondelle amortisseur ARR R8G \/ A110"},"content":{"rendered":"<p><strong>Reference:\u00a0<\/strong>RONDAMOAR<br \/>\nRondelle specifique pour l&rsquo;ajusment de la verticalit\u00e9 de l&rsquo;amortisseur dans la patte<br \/>\n&nbsp;<br \/>\n<strong>Compatible avec les mod\u00e8les suivants:<\/strong><\/p>\n<li>Renault 8 Gordini avec double amortisseurs arri\u00e8res<\/li>\n<li>Alpine A110 1100 \u00e0 1600S avec trompettes<\/li>\n<p>&nbsp;<br \/>\n<strong>Description:<\/strong><\/p>\n<li>Copie de ref 06 08 388 500<\/li>\n<li>Fabriqu\u00e9 en acier protection zingu\u00e9e<\/li>\n<li>Epaisseur 7 mm<\/li>\n<p>&nbsp;<\/p>\n<p>*Prix pour 1 pi\u00e8ce<\/p>\n","protected":false},"excerpt":{"rendered":"<p>Reference:\u00a0RONDAMOAR Rondelle specifique pour l&rsquo;ajusment de la verticalit\u00e9 de l&rsquo;amortisseur dans la patte &nbsp; Compatible avec les mod\u00e8les suivants: Renault 8 Gordini avec double amortisseurs arri\u00e8res Alpine A110 1100 \u00e0 1600S avec trompettes &nbsp; Description: Copie de ref 06 08 388 500 Fabriqu\u00e9 en acier protection zingu\u00e9e Epaisseur 7 mm &nbsp; *Prix pour 1 pi\u00e8ce<\/p>\n","protected":false},"featured_media":9829,"template":"","meta":{"_et_pb_use_builder":"","_et_pb_old_content":"","_et_gb_content_width":"","_exactmetrics_skip_tracking":false,"_exactmetrics_sitenote_active":false,"_exactmetrics_sitenote_note":"","_exactmetrics_sitenote_category":0},"product_brand":[],"product_cat":[64],"product_tag":[],"class_list":{"0":"post-9827","1":"product","2":"type-product","3":"status-publish","4":"has-post-thumbnail","6":"product_cat-uncategorized-fr","8":"first","9":"instock","10":"taxable","11":"shipping-taxable","12":"purchasable","13":"product-type-simple"},"yoast_head":"<!-- This site is optimized with the Yoast SEO plugin v27.2 - https:\/\/yoast.com\/product\/yoast-seo-wordpress\/ -->\n<title>Rondelle amortisseur ARR R8G \/ A110 - Pieces Alpine A110<\/title>\n<meta name=\"robots\" content=\"index, follow, max-snippet:-1, max-image-preview:large, max-video-preview:-1\" \/>\n<link rel=\"canonical\" href=\"https:\/\/piecesalpinea110.com\/fr\/produit\/rondelle-amortisseur-arr-r8g-a110\/\" \/>\n<meta property=\"og:locale\" content=\"fr_FR\" \/>\n<meta property=\"og:type\" content=\"article\" \/>\n<meta property=\"og:title\" content=\"Rondelle amortisseur ARR R8G \/ A110 - Pieces Alpine A110\" \/>\n<meta property=\"og:description\" content=\"Reference:\u00a0RONDAMOAR Rondelle specifique pour l&rsquo;ajusment de la verticalit\u00e9 de l&rsquo;amortisseur dans la patte &nbsp; Compatible avec les mod\u00e8les suivants: Renault 8 Gordini avec double amortisseurs arri\u00e8res Alpine A110 1100 \u00e0 1600S avec trompettes &nbsp; Description: Copie de ref 06 08 388 500 Fabriqu\u00e9 en acier protection zingu\u00e9e Epaisseur 7 mm &nbsp; *Prix pour 1 pi\u00e8ce\" \/>\n<meta property=\"og:url\" content=\"https:\/\/piecesalpinea110.com\/fr\/produit\/rondelle-amortisseur-arr-r8g-a110\/\" \/>\n<meta property=\"og:site_name\" content=\"Pieces Alpine A110\" \/>\n<meta property=\"article:modified_time\" content=\"2024-01-18T16:53:28+00:00\" \/>\n<meta property=\"og:image\" content=\"https:\/\/piecesalpinea110.com\/wp-content\/uploads\/2024\/01\/2024-01-18_162940.jpg\" \/>\n\t<meta property=\"og:image:width\" content=\"200\" \/>\n\t<meta property=\"og:image:height\" content=\"200\" \/>\n\t<meta property=\"og:image:type\" content=\"image\/jpeg\" \/>\n<meta name=\"twitter:card\" content=\"summary_large_image\" \/>\n<script type=\"application\/ld+json\" class=\"yoast-schema-graph\">{\"@context\":\"https:\/\/schema.org\",\"@graph\":[{\"@type\":\"WebPage\",\"@id\":\"https:\/\/piecesalpinea110.com\/fr\/produit\/rondelle-amortisseur-arr-r8g-a110\/\",\"url\":\"https:\/\/piecesalpinea110.com\/fr\/produit\/rondelle-amortisseur-arr-r8g-a110\/\",\"name\":\"Rondelle amortisseur ARR R8G \/ A110 - Pieces Alpine A110\",\"isPartOf\":{\"@id\":\"https:\/\/piecesalpinea110.com\/#website\"},\"primaryImageOfPage\":{\"@id\":\"https:\/\/piecesalpinea110.com\/fr\/produit\/rondelle-amortisseur-arr-r8g-a110\/#primaryimage\"},\"image\":{\"@id\":\"https:\/\/piecesalpinea110.com\/fr\/produit\/rondelle-amortisseur-arr-r8g-a110\/#primaryimage\"},\"thumbnailUrl\":\"https:\/\/piecesalpinea110.com\/wp-content\/uploads\/2024\/01\/2024-01-18_162940.jpg\",\"datePublished\":\"2024-01-18T16:11:37+00:00\",\"dateModified\":\"2024-01-18T16:53:28+00:00\",\"breadcrumb\":{\"@id\":\"https:\/\/piecesalpinea110.com\/fr\/produit\/rondelle-amortisseur-arr-r8g-a110\/#breadcrumb\"},\"inLanguage\":\"fr-FR\",\"potentialAction\":[{\"@type\":\"ReadAction\",\"target\":[\"https:\/\/piecesalpinea110.com\/fr\/produit\/rondelle-amortisseur-arr-r8g-a110\/\"]}]},{\"@type\":\"ImageObject\",\"inLanguage\":\"fr-FR\",\"@id\":\"https:\/\/piecesalpinea110.com\/fr\/produit\/rondelle-amortisseur-arr-r8g-a110\/#primaryimage\",\"url\":\"https:\/\/piecesalpinea110.com\/wp-content\/uploads\/2024\/01\/2024-01-18_162940.jpg\",\"contentUrl\":\"https:\/\/piecesalpinea110.com\/wp-content\/uploads\/2024\/01\/2024-01-18_162940.jpg\",\"width\":200,\"height\":200},{\"@type\":\"BreadcrumbList\",\"@id\":\"https:\/\/piecesalpinea110.com\/fr\/produit\/rondelle-amortisseur-arr-r8g-a110\/#breadcrumb\",\"itemListElement\":[{\"@type\":\"ListItem\",\"position\":1,\"name\":\"Home\",\"item\":\"https:\/\/piecesalpinea110.com\/fr\/\"},{\"@type\":\"ListItem\",\"position\":2,\"name\":\"Boutique\",\"item\":\"https:\/\/piecesalpinea110.com\/fr\/boutique\/\"},{\"@type\":\"ListItem\",\"position\":3,\"name\":\"Rondelle amortisseur ARR R8G \/ A110\"}]},{\"@type\":\"WebSite\",\"@id\":\"https:\/\/piecesalpinea110.com\/#website\",\"url\":\"https:\/\/piecesalpinea110.com\/\",\"name\":\"Pieces Alpine A110\",\"description\":\"Pieces for Alpine A110\",\"potentialAction\":[{\"@type\":\"SearchAction\",\"target\":{\"@type\":\"EntryPoint\",\"urlTemplate\":\"https:\/\/piecesalpinea110.com\/?s={search_term_string}\"},\"query-input\":{\"@type\":\"PropertyValueSpecification\",\"valueRequired\":true,\"valueName\":\"search_term_string\"}}],\"inLanguage\":\"fr-FR\"}]}<\/script>\n<!-- \/ Yoast SEO plugin. -->","yoast_head_json":{"title":"Rondelle amortisseur ARR R8G \/ A110 - Pieces Alpine A110","robots":{"index":"index","follow":"follow","max-snippet":"max-snippet:-1","max-image-preview":"max-image-preview:large","max-video-preview":"max-video-preview:-1"},"canonical":"https:\/\/piecesalpinea110.com\/fr\/produit\/rondelle-amortisseur-arr-r8g-a110\/","og_locale":"fr_FR","og_type":"article","og_title":"Rondelle amortisseur ARR R8G \/ A110 - Pieces Alpine A110","og_description":"Reference:\u00a0RONDAMOAR Rondelle specifique pour l&rsquo;ajusment de la verticalit\u00e9 de l&rsquo;amortisseur dans la patte &nbsp; Compatible avec les mod\u00e8les suivants: Renault 8 Gordini avec double amortisseurs arri\u00e8res Alpine A110 1100 \u00e0 1600S avec trompettes &nbsp; Description: Copie de ref 06 08 388 500 Fabriqu\u00e9 en acier protection zingu\u00e9e Epaisseur 7 mm &nbsp; *Prix pour 1 pi\u00e8ce","og_url":"https:\/\/piecesalpinea110.com\/fr\/produit\/rondelle-amortisseur-arr-r8g-a110\/","og_site_name":"Pieces Alpine A110","article_modified_time":"2024-01-18T16:53:28+00:00","og_image":[{"width":200,"height":200,"url":"https:\/\/piecesalpinea110.com\/wp-content\/uploads\/2024\/01\/2024-01-18_162940.jpg","type":"image\/jpeg"}],"twitter_card":"summary_large_image","schema":{"@context":"https:\/\/schema.org","@graph":[{"@type":"WebPage","@id":"https:\/\/piecesalpinea110.com\/fr\/produit\/rondelle-amortisseur-arr-r8g-a110\/","url":"https:\/\/piecesalpinea110.com\/fr\/produit\/rondelle-amortisseur-arr-r8g-a110\/","name":"Rondelle amortisseur ARR R8G \/ A110 - Pieces Alpine A110","isPartOf":{"@id":"https:\/\/piecesalpinea110.com\/#website"},"primaryImageOfPage":{"@id":"https:\/\/piecesalpinea110.com\/fr\/produit\/rondelle-amortisseur-arr-r8g-a110\/#primaryimage"},"image":{"@id":"https:\/\/piecesalpinea110.com\/fr\/produit\/rondelle-amortisseur-arr-r8g-a110\/#primaryimage"},"thumbnailUrl":"https:\/\/piecesalpinea110.com\/wp-content\/uploads\/2024\/01\/2024-01-18_162940.jpg","datePublished":"2024-01-18T16:11:37+00:00","dateModified":"2024-01-18T16:53:28+00:00","breadcrumb":{"@id":"https:\/\/piecesalpinea110.com\/fr\/produit\/rondelle-amortisseur-arr-r8g-a110\/#breadcrumb"},"inLanguage":"fr-FR","potentialAction":[{"@type":"ReadAction","target":["https:\/\/piecesalpinea110.com\/fr\/produit\/rondelle-amortisseur-arr-r8g-a110\/"]}]},{"@type":"ImageObject","inLanguage":"fr-FR","@id":"https:\/\/piecesalpinea110.com\/fr\/produit\/rondelle-amortisseur-arr-r8g-a110\/#primaryimage","url":"https:\/\/piecesalpinea110.com\/wp-content\/uploads\/2024\/01\/2024-01-18_162940.jpg","contentUrl":"https:\/\/piecesalpinea110.com\/wp-content\/uploads\/2024\/01\/2024-01-18_162940.jpg","width":200,"height":200},{"@type":"BreadcrumbList","@id":"https:\/\/piecesalpinea110.com\/fr\/produit\/rondelle-amortisseur-arr-r8g-a110\/#breadcrumb","itemListElement":[{"@type":"ListItem","position":1,"name":"Home","item":"https:\/\/piecesalpinea110.com\/fr\/"},{"@type":"ListItem","position":2,"name":"Boutique","item":"https:\/\/piecesalpinea110.com\/fr\/boutique\/"},{"@type":"ListItem","position":3,"name":"Rondelle amortisseur ARR R8G \/ A110"}]},{"@type":"WebSite","@id":"https:\/\/piecesalpinea110.com\/#website","url":"https:\/\/piecesalpinea110.com\/","name":"Pieces Alpine A110","description":"Pieces for Alpine A110","potentialAction":[{"@type":"SearchAction","target":{"@type":"EntryPoint","urlTemplate":"https:\/\/piecesalpinea110.com\/?s={search_term_string}"},"query-input":{"@type":"PropertyValueSpecification","valueRequired":true,"valueName":"search_term_string"}}],"inLanguage":"fr-FR"}]}},"_links":{"self":[{"href":"https:\/\/piecesalpinea110.com\/fr\/wp-json\/wp\/v2\/product\/9827","targetHints":{"allow":["GET"]}}],"collection":[{"href":"https:\/\/piecesalpinea110.com\/fr\/wp-json\/wp\/v2\/product"}],"about":[{"href":"https:\/\/piecesalpinea110.com\/fr\/wp-json\/wp\/v2\/types\/product"}],"wp:featuredmedia":[{"embeddable":true,"href":"https:\/\/piecesalpinea110.com\/fr\/wp-json\/wp\/v2\/media\/9829"}],"wp:attachment":[{"href":"https:\/\/piecesalpinea110.com\/fr\/wp-json\/wp\/v2\/media?parent=9827"}],"wp:term":[{"taxonomy":"product_brand","embeddable":true,"href":"https:\/\/piecesalpinea110.com\/fr\/wp-json\/wp\/v2\/product_brand?post=9827"},{"taxonomy":"product_cat","embeddable":true,"href":"https:\/\/piecesalpinea110.com\/fr\/wp-json\/wp\/v2\/product_cat?post=9827"},{"taxonomy":"product_tag","embeddable":true,"href":"https:\/\/piecesalpinea110.com\/fr\/wp-json\/wp\/v2\/product_tag?post=9827"}],"curies":[{"name":"wp","href":"https:\/\/api.w.org\/{rel}","templated":true}]}}