{"id":9997,"date":"2024-04-29T18:54:10","date_gmt":"2024-04-29T17:54:11","guid":{"rendered":"https:\/\/piecesalpinea110.com\/?post_type=product&#038;p=9997"},"modified":"2024-04-29T19:24:56","modified_gmt":"2024-04-29T18:24:56","slug":"axe-verrouillage-capot-av-a110","status":"publish","type":"product","link":"https:\/\/piecesalpinea110.com\/fr\/produit\/axe-verrouillage-capot-av-a110\/","title":{"rendered":"Axe verrouillage capot AV, A110"},"content":{"rendered":"<div class=\"portfolio-item-desc\">\n<div class=\"portfolio-item-desc-inner \" data-collapse-at=\"150\">\n<p><strong>Reference:\u00a0<\/strong>AXEVERRCAPAV<\/p>\n<ul>\n<li>Partie du m\u00e9canisme de verrouillage de capot, boulonn\u00e9 sur le capot AV<\/li>\n<li>Usin\u00e9 dans de l&rsquo;acier 42CrMo4, filetage M10<\/li>\n<li>Protection anti-rouille (bruni)<\/li>\n<li>Copie de la pi\u00e8ce d&rsquo;origine<\/li>\n<\/ul>\n<p><strong>Compatible avec les mod\u00e8les suivants:<\/strong><\/p>\n<ul>\n<li>Alpine A110<\/li>\n<\/ul>\n<p>*Prix pour une pi\u00e8ce<\/p>\n<\/div>\n<\/div>\n","protected":false},"excerpt":{"rendered":"<p>Reference:\u00a0AXEVERRCAPAV Partie du m\u00e9canisme de verrouillage de capot, boulonn\u00e9 sur le capot AV Usin\u00e9 dans de l&rsquo;acier 42CrMo4, filetage M10 Protection anti-rouille (bruni) Copie de la pi\u00e8ce d&rsquo;origine Compatible avec les mod\u00e8les suivants: Alpine A110 *Prix pour une pi\u00e8ce<\/p>\n","protected":false},"featured_media":9999,"template":"","meta":{"_et_pb_use_builder":"","_et_pb_old_content":"","_et_gb_content_width":"","_exactmetrics_skip_tracking":false,"_exactmetrics_sitenote_active":false,"_exactmetrics_sitenote_note":"","_exactmetrics_sitenote_category":0},"product_brand":[],"product_cat":[45,58],"product_tag":[],"class_list":{"0":"post-9997","1":"product","2":"type-product","3":"status-publish","4":"has-post-thumbnail","6":"product_cat-carrosserie","7":"product_cat-produits-exclusifs","9":"first","10":"instock","11":"taxable","12":"shipping-taxable","13":"purchasable","14":"product-type-simple"},"yoast_head":"<!-- This site is optimized with the Yoast SEO plugin v27.2 - https:\/\/yoast.com\/product\/yoast-seo-wordpress\/ -->\n<title>Axe verrouillage capot AV, A110 - Pieces Alpine A110<\/title>\n<meta name=\"robots\" content=\"index, follow, max-snippet:-1, max-image-preview:large, max-video-preview:-1\" \/>\n<link rel=\"canonical\" href=\"https:\/\/piecesalpinea110.com\/fr\/produit\/axe-verrouillage-capot-av-a110\/\" \/>\n<meta property=\"og:locale\" content=\"fr_FR\" \/>\n<meta property=\"og:type\" content=\"article\" \/>\n<meta property=\"og:title\" content=\"Axe verrouillage capot AV, A110 - Pieces Alpine A110\" \/>\n<meta property=\"og:description\" content=\"Reference:\u00a0AXEVERRCAPAV Partie du m\u00e9canisme de verrouillage de capot, boulonn\u00e9 sur le capot AV Usin\u00e9 dans de l&rsquo;acier 42CrMo4, filetage M10 Protection anti-rouille (bruni) Copie de la pi\u00e8ce d&rsquo;origine Compatible avec les mod\u00e8les suivants: Alpine A110 *Prix pour une pi\u00e8ce\" \/>\n<meta property=\"og:url\" content=\"https:\/\/piecesalpinea110.com\/fr\/produit\/axe-verrouillage-capot-av-a110\/\" \/>\n<meta property=\"og:site_name\" content=\"Pieces Alpine A110\" \/>\n<meta property=\"article:modified_time\" content=\"2024-04-29T18:24:56+00:00\" \/>\n<meta property=\"og:image\" content=\"https:\/\/piecesalpinea110.com\/wp-content\/uploads\/2024\/04\/2024-04-29_164151.png\" \/>\n\t<meta property=\"og:image:width\" content=\"200\" \/>\n\t<meta property=\"og:image:height\" content=\"200\" \/>\n\t<meta property=\"og:image:type\" content=\"image\/png\" \/>\n<meta name=\"twitter:card\" content=\"summary_large_image\" \/>\n<script type=\"application\/ld+json\" class=\"yoast-schema-graph\">{\"@context\":\"https:\/\/schema.org\",\"@graph\":[{\"@type\":\"WebPage\",\"@id\":\"https:\/\/piecesalpinea110.com\/fr\/produit\/axe-verrouillage-capot-av-a110\/\",\"url\":\"https:\/\/piecesalpinea110.com\/fr\/produit\/axe-verrouillage-capot-av-a110\/\",\"name\":\"Axe verrouillage capot AV, A110 - Pieces Alpine A110\",\"isPartOf\":{\"@id\":\"https:\/\/piecesalpinea110.com\/#website\"},\"primaryImageOfPage\":{\"@id\":\"https:\/\/piecesalpinea110.com\/fr\/produit\/axe-verrouillage-capot-av-a110\/#primaryimage\"},\"image\":{\"@id\":\"https:\/\/piecesalpinea110.com\/fr\/produit\/axe-verrouillage-capot-av-a110\/#primaryimage\"},\"thumbnailUrl\":\"https:\/\/piecesalpinea110.com\/wp-content\/uploads\/2024\/04\/2024-04-29_164151.png\",\"datePublished\":\"2024-04-29T17:54:11+00:00\",\"dateModified\":\"2024-04-29T18:24:56+00:00\",\"breadcrumb\":{\"@id\":\"https:\/\/piecesalpinea110.com\/fr\/produit\/axe-verrouillage-capot-av-a110\/#breadcrumb\"},\"inLanguage\":\"fr-FR\",\"potentialAction\":[{\"@type\":\"ReadAction\",\"target\":[\"https:\/\/piecesalpinea110.com\/fr\/produit\/axe-verrouillage-capot-av-a110\/\"]}]},{\"@type\":\"ImageObject\",\"inLanguage\":\"fr-FR\",\"@id\":\"https:\/\/piecesalpinea110.com\/fr\/produit\/axe-verrouillage-capot-av-a110\/#primaryimage\",\"url\":\"https:\/\/piecesalpinea110.com\/wp-content\/uploads\/2024\/04\/2024-04-29_164151.png\",\"contentUrl\":\"https:\/\/piecesalpinea110.com\/wp-content\/uploads\/2024\/04\/2024-04-29_164151.png\",\"width\":200,\"height\":200},{\"@type\":\"BreadcrumbList\",\"@id\":\"https:\/\/piecesalpinea110.com\/fr\/produit\/axe-verrouillage-capot-av-a110\/#breadcrumb\",\"itemListElement\":[{\"@type\":\"ListItem\",\"position\":1,\"name\":\"Home\",\"item\":\"https:\/\/piecesalpinea110.com\/fr\/\"},{\"@type\":\"ListItem\",\"position\":2,\"name\":\"Boutique\",\"item\":\"https:\/\/piecesalpinea110.com\/fr\/boutique\/\"},{\"@type\":\"ListItem\",\"position\":3,\"name\":\"Axe verrouillage capot AV, A110\"}]},{\"@type\":\"WebSite\",\"@id\":\"https:\/\/piecesalpinea110.com\/#website\",\"url\":\"https:\/\/piecesalpinea110.com\/\",\"name\":\"Pieces Alpine A110\",\"description\":\"Pieces for Alpine A110\",\"potentialAction\":[{\"@type\":\"SearchAction\",\"target\":{\"@type\":\"EntryPoint\",\"urlTemplate\":\"https:\/\/piecesalpinea110.com\/?s={search_term_string}\"},\"query-input\":{\"@type\":\"PropertyValueSpecification\",\"valueRequired\":true,\"valueName\":\"search_term_string\"}}],\"inLanguage\":\"fr-FR\"}]}<\/script>\n<!-- \/ Yoast SEO plugin. -->","yoast_head_json":{"title":"Axe verrouillage capot AV, A110 - Pieces Alpine A110","robots":{"index":"index","follow":"follow","max-snippet":"max-snippet:-1","max-image-preview":"max-image-preview:large","max-video-preview":"max-video-preview:-1"},"canonical":"https:\/\/piecesalpinea110.com\/fr\/produit\/axe-verrouillage-capot-av-a110\/","og_locale":"fr_FR","og_type":"article","og_title":"Axe verrouillage capot AV, A110 - Pieces Alpine A110","og_description":"Reference:\u00a0AXEVERRCAPAV Partie du m\u00e9canisme de verrouillage de capot, boulonn\u00e9 sur le capot AV Usin\u00e9 dans de l&rsquo;acier 42CrMo4, filetage M10 Protection anti-rouille (bruni) Copie de la pi\u00e8ce d&rsquo;origine Compatible avec les mod\u00e8les suivants: Alpine A110 *Prix pour une pi\u00e8ce","og_url":"https:\/\/piecesalpinea110.com\/fr\/produit\/axe-verrouillage-capot-av-a110\/","og_site_name":"Pieces Alpine A110","article_modified_time":"2024-04-29T18:24:56+00:00","og_image":[{"width":200,"height":200,"url":"https:\/\/piecesalpinea110.com\/wp-content\/uploads\/2024\/04\/2024-04-29_164151.png","type":"image\/png"}],"twitter_card":"summary_large_image","schema":{"@context":"https:\/\/schema.org","@graph":[{"@type":"WebPage","@id":"https:\/\/piecesalpinea110.com\/fr\/produit\/axe-verrouillage-capot-av-a110\/","url":"https:\/\/piecesalpinea110.com\/fr\/produit\/axe-verrouillage-capot-av-a110\/","name":"Axe verrouillage capot AV, A110 - Pieces Alpine A110","isPartOf":{"@id":"https:\/\/piecesalpinea110.com\/#website"},"primaryImageOfPage":{"@id":"https:\/\/piecesalpinea110.com\/fr\/produit\/axe-verrouillage-capot-av-a110\/#primaryimage"},"image":{"@id":"https:\/\/piecesalpinea110.com\/fr\/produit\/axe-verrouillage-capot-av-a110\/#primaryimage"},"thumbnailUrl":"https:\/\/piecesalpinea110.com\/wp-content\/uploads\/2024\/04\/2024-04-29_164151.png","datePublished":"2024-04-29T17:54:11+00:00","dateModified":"2024-04-29T18:24:56+00:00","breadcrumb":{"@id":"https:\/\/piecesalpinea110.com\/fr\/produit\/axe-verrouillage-capot-av-a110\/#breadcrumb"},"inLanguage":"fr-FR","potentialAction":[{"@type":"ReadAction","target":["https:\/\/piecesalpinea110.com\/fr\/produit\/axe-verrouillage-capot-av-a110\/"]}]},{"@type":"ImageObject","inLanguage":"fr-FR","@id":"https:\/\/piecesalpinea110.com\/fr\/produit\/axe-verrouillage-capot-av-a110\/#primaryimage","url":"https:\/\/piecesalpinea110.com\/wp-content\/uploads\/2024\/04\/2024-04-29_164151.png","contentUrl":"https:\/\/piecesalpinea110.com\/wp-content\/uploads\/2024\/04\/2024-04-29_164151.png","width":200,"height":200},{"@type":"BreadcrumbList","@id":"https:\/\/piecesalpinea110.com\/fr\/produit\/axe-verrouillage-capot-av-a110\/#breadcrumb","itemListElement":[{"@type":"ListItem","position":1,"name":"Home","item":"https:\/\/piecesalpinea110.com\/fr\/"},{"@type":"ListItem","position":2,"name":"Boutique","item":"https:\/\/piecesalpinea110.com\/fr\/boutique\/"},{"@type":"ListItem","position":3,"name":"Axe verrouillage capot AV, A110"}]},{"@type":"WebSite","@id":"https:\/\/piecesalpinea110.com\/#website","url":"https:\/\/piecesalpinea110.com\/","name":"Pieces Alpine A110","description":"Pieces for Alpine A110","potentialAction":[{"@type":"SearchAction","target":{"@type":"EntryPoint","urlTemplate":"https:\/\/piecesalpinea110.com\/?s={search_term_string}"},"query-input":{"@type":"PropertyValueSpecification","valueRequired":true,"valueName":"search_term_string"}}],"inLanguage":"fr-FR"}]}},"_links":{"self":[{"href":"https:\/\/piecesalpinea110.com\/fr\/wp-json\/wp\/v2\/product\/9997","targetHints":{"allow":["GET"]}}],"collection":[{"href":"https:\/\/piecesalpinea110.com\/fr\/wp-json\/wp\/v2\/product"}],"about":[{"href":"https:\/\/piecesalpinea110.com\/fr\/wp-json\/wp\/v2\/types\/product"}],"wp:featuredmedia":[{"embeddable":true,"href":"https:\/\/piecesalpinea110.com\/fr\/wp-json\/wp\/v2\/media\/9999"}],"wp:attachment":[{"href":"https:\/\/piecesalpinea110.com\/fr\/wp-json\/wp\/v2\/media?parent=9997"}],"wp:term":[{"taxonomy":"product_brand","embeddable":true,"href":"https:\/\/piecesalpinea110.com\/fr\/wp-json\/wp\/v2\/product_brand?post=9997"},{"taxonomy":"product_cat","embeddable":true,"href":"https:\/\/piecesalpinea110.com\/fr\/wp-json\/wp\/v2\/product_cat?post=9997"},{"taxonomy":"product_tag","embeddable":true,"href":"https:\/\/piecesalpinea110.com\/fr\/wp-json\/wp\/v2\/product_tag?post=9997"}],"curies":[{"name":"wp","href":"https:\/\/api.w.org\/{rel}","templated":true}]}}